{"id":10,"date":"2013-01-15T04:24:09","date_gmt":"2013-01-15T04:24:09","guid":{"rendered":"http:\/\/accidentvalues.com\/?page_id=10"},"modified":"2019-12-03T11:52:17","modified_gmt":"2019-12-03T16:52:17","slug":"info","status":"publish","type":"page","link":"https:\/\/accidentvalues.com\/es\/info\/","title":{"rendered":"Informaci\u00f3n"},"content":{"rendered":"<p>Para aprender m\u00e1s sobre el valor de un accidente de auto o litigios. Simplemente apunte para ver los art\u00edculos de abajo. Usted tambi\u00e9n puede obtener informaci\u00f3n adicional de abogados de accidente automovil\u00edsticos y compa\u00f1\u00edas de seguro. Es nuestra meta ser su fuente de informaci\u00f3n si usted ha estado envuelto en un accidente de auto o camioneta.<\/p>\n\n<div id=\"szbl-page-accordion-tree-list\">\n\t\n\t\t<h2><a href=\"https:\/\/accidentvalues.com\/es\/info\/calculate\/\">Calcule<\/a><\/h2>\n\t<div>\n\t\t<ul>\n\t\t\t\t\t\t<li class=\"page_item\"><a href=\"https:\/\/accidentvalues.com\/es\/info\/calculate\/calculators-uses-values\/\">El Uso De La Calculadora Y Valores<\/a><\/li>\n\n\t\t\t\t\t\t<li class=\"page_item\"><a href=\"https:\/\/accidentvalues.com\/es\/info\/calculate\/value\/\">Valor<\/a><\/li>\n\n\t\t\t\t\t\t<li class=\"page_item\"><a href=\"https:\/\/accidentvalues.com\/es\/info\/calculate\/medical-expenses\/\">Gastos M\u00e9dicos<\/a><\/li>\n\n\t\t\t\t\t\t<li class=\"page_item\"><a href=\"https:\/\/accidentvalues.com\/es\/info\/calculate\/lost-wages\/\">P\u00e9rdida de Salarios<\/a><\/li>\n\n\t\t\t\t\t\t<li class=\"page_item\"><a href=\"https:\/\/accidentvalues.com\/es\/info\/calculate\/property-damage\/\">Da\u00f1o de Propiedad<\/a><\/li>\n\n\t\t\t\t\t\t<li class=\"page_item\"><a href=\"https:\/\/accidentvalues.com\/es\/info\/calculate\/non-economic-damages\/\">Da\u00f1os No Econ\u00f3micos<\/a><\/li>\n\n\t\t\t\t\t<\/ul>\n\t<\/div>\n\t\t<h2><a href=\"https:\/\/accidentvalues.com\/es\/info\/settlements\/\">Acuerdo<\/a><\/h2>\n\t<div>\n\t\t<ul>\n\t\t\t\t\t\t<li class=\"page_item\"><a href=\"https:\/\/accidentvalues.com\/es\/info\/settlements\/tips-to-get-more-money\/\">4 Consejos Para Conseguir Mas Dinero Para Su Auto<\/a><\/li>\n\n\t\t\t\t\t\t<li class=\"page_item\"><a href=\"https:\/\/accidentvalues.com\/es\/info\/settlements\/fault-drunk-driving\/\">Probar Causa En Un Accidente De Un Conductor Ebrio<\/a><\/li>\n\n\t\t\t\t\t\t<li class=\"page_item\"><a href=\"https:\/\/accidentvalues.com\/es\/info\/settlements\/adjusters-formulas\/\">F\u00f3rmulas De Ajustadores<\/a><\/li>\n\n\t\t\t\t\t\t<li class=\"page_item\"><a href=\"https:\/\/accidentvalues.com\/es\/info\/settlements\/police-report-increase-case-value\/\">Someter Un Reporte De La Polic\u00eda Puede Aumentar El Valor De Su Caso<\/a><\/li>\n\n\t\t\t\t\t\t<li class=\"page_item\"><a href=\"https:\/\/accidentvalues.com\/es\/info\/settlements\/10-costly-mistakes\/\">10 Errores Constantes Que Arruinan Su Caso<\/a><\/li>\n\n\t\t\t\t\t\t<li class=\"page_item\"><a href=\"https:\/\/accidentvalues.com\/es\/info\/settlements\/taxation\/\">Impuestos<\/a><\/li>\n\n\t\t\t\t\t<\/ul>\n\t<\/div>\n\t\t<h2><a href=\"https:\/\/accidentvalues.com\/es\/info\/cases\/\">Casos<\/a><\/h2>\n\t<div>\n\t\t<ul>\n\t\t\t\t\t\t<li class=\"page_item\"><a href=\"https:\/\/accidentvalues.com\/es\/info\/cases\/get-more-money-for-your-car-accident-case\/\">Obtenga la Mayor Cantidad de Dinero en su Caso de Accidente de Auto<\/a><\/li>\n\n\t\t\t\t\t\t<li class=\"page_item\"><a href=\"https:\/\/accidentvalues.com\/es\/info\/cases\/10-car-accident-facts\/\">10 Verdades en Accidentes de Auto<\/a><\/li>\n\n\t\t\t\t\t\t<li class=\"page_item\"><a href=\"https:\/\/accidentvalues.com\/es\/info\/cases\/settle-or-trial\/\">Llegar a un Acuerdo o Ir a Juicio<\/a><\/li>\n\n\t\t\t\t\t\t<li class=\"page_item\"><a href=\"https:\/\/accidentvalues.com\/es\/info\/cases\/contributory-vs-comparative-negligence\/\">Contributario Vs Negligencia Comparativa<\/a><\/li>\n\n\t\t\t\t\t\t<li class=\"page_item\"><a href=\"https:\/\/accidentvalues.com\/es\/info\/cases\/statutes-of-limitations\/\">Estatuto de Limitaciones<\/a><\/li>\n\n\t\t\t\t\t\t<li class=\"page_item\"><a href=\"https:\/\/accidentvalues.com\/es\/info\/cases\/settling-court\/\">Llegar a un Acuerdo antes de ir a Corte<\/a><\/li>\n\n\t\t\t\t\t\t<li class=\"page_item\"><a href=\"https:\/\/accidentvalues.com\/es\/info\/cases\/who-else-is-liable\/\">Las 5 Cosas Mas Comunes En 3ras Partes Que Tambi\u00e9n Puedan Ser Sujetas En Su Caso<\/a><\/li>\n\n\t\t\t\t\t<\/ul>\n\t<\/div>\n\t\t<h2><a href=\"https:\/\/accidentvalues.com\/es\/info\/insurance\/\">Seguro<\/a><\/h2>\n\t<div>\n\t\t<ul>\n\t\t\t\t\t\t<li class=\"page_item\"><a href=\"https:\/\/accidentvalues.com\/es\/info\/insurance\/uninsured-motorist-coverage\/\">Cubierta de Automovilista Sin Seguro & Sub Asegurado<\/a><\/li>\n\n\t\t\t\t\t\t<li class=\"page_item\"><a href=\"https:\/\/accidentvalues.com\/es\/info\/insurance\/beat-colossus\/\">Prot\u00e9jase de Colossus- El Opositor Mas Grande en Su Caso<\/a><\/li>\n\n\t\t\t\t\t\t<li class=\"page_item\"><a href=\"https:\/\/accidentvalues.com\/es\/info\/insurance\/commercial-auto-insurance\/\">Seguro de Autom\u00f3vil Comercial<\/a><\/li>\n\n\t\t\t\t\t\t<li class=\"page_item\"><a href=\"https:\/\/accidentvalues.com\/es\/info\/insurance\/accident-related-fraud\/\">Accidentes Relacionados con Fraude<\/a><\/li>\n\n\t\t\t\t\t\t<li class=\"page_item\"><a href=\"https:\/\/accidentvalues.com\/es\/info\/insurance\/l-automated-cars-insurance\/\">\u00bfAutos Automatizados Hacen las Compa\u00f1\u00edas de Seguro de Auto Obsoletas?<\/a><\/li>\n\n\t\t\t\t\t\t<li class=\"page_item\"><a href=\"https:\/\/accidentvalues.com\/es\/info\/insurance\/personal-injury-protection-pip\/\">Protecci\u00f3n de Lesi\u00f3n Personal \u2013 (PIP)<\/a><\/li>\n\n\t\t\t\t\t\t<li class=\"page_item\"><a href=\"https:\/\/accidentvalues.com\/es\/info\/insurance\/med-pay\/\">Med Pay<\/a><\/li>\n\n\t\t\t\t\t\t<li class=\"page_item\"><a href=\"https:\/\/accidentvalues.com\/es\/info\/insurance\/biggest-car-insurance-companies\/\">Las Compa\u00f1\u00edas de Seguro de Auto Mas Grandes<\/a><\/li>\n\n\t\t\t\t\t<\/ul>\n\t<\/div>\n\t\t<h2><a href=\"https:\/\/accidentvalues.com\/es\/info\/other-topics\/\">Other Topics<\/a><\/h2>\n\t<div>\n\t\t<ul>\n\t\t\t\t\t\t<li class=\"page_item\"><a href=\"https:\/\/accidentvalues.com\/es\/info\/other-topics\/collateral-source-rule\/\">Regla de Fuente Colateral<\/a><\/li>\n\n\t\t\t\t\t\t<li class=\"page_item\"><a href=\"https:\/\/accidentvalues.com\/es\/info\/other-topics\/doctors-after-accident\/\">Doctores que usted tendr\u00e1 que ver  luego de su accidente de auto<\/a><\/li>\n\n\t\t\t\t\t<\/ul>\n\t<\/div>\n\t\t<h2><a href=\"https:\/\/accidentvalues.com\/es\/info\/maryland\/\">Maryland<\/a><\/h2>\n\t<div>\n\t\t<ul>\n\t\t\t\t\t\t<li class=\"page_item\"><a href=\"https:\/\/accidentvalues.com\/es\/info\/maryland\/other-factors-effecting-value\/\">Otros Factores que Afectan El Valor<\/a><\/li>\n\n\t\t\t\t\t\t<li class=\"page_item\"><a href=\"https:\/\/accidentvalues.com\/es\/info\/maryland\/cap-on-damages\/\">Capa en Da\u00f1os<\/a><\/li>\n\n\t\t\t\t\t\t<li class=\"page_item\"><a href=\"https:\/\/accidentvalues.com\/es\/info\/maryland\/lawyers\/\">Abogados<\/a><\/li>\n\n\t\t\t\t\t<\/ul>\n\t<\/div>\n\t\t<h2><a href=\"https:\/\/accidentvalues.com\/es\/info\/truck-accidents\/\">Accidentes de Cami\u00f3n<\/a><\/h2>\n\t<div>\n\t\t<ul>\n\t\t\t\t\t\t<li class=\"page_item\"><a href=\"https:\/\/accidentvalues.com\/es\/info\/truck-accidents\/4-common-reasons-heavy-truck-accidents\/\">4 Razones m\u00e1s Comunes para Accidentes de Camiones Pesados<\/a><\/li>\n\n\t\t\t\t\t\t<li class=\"page_item\"><a href=\"https:\/\/accidentvalues.com\/es\/info\/truck-accidents\/hours-of-service-truck-regulations\/\">Regulaci\u00f3n de la Camiones-Hora-Servicio - Julio 2013<\/a><\/li>\n\n\t\t\t\t\t\t<li class=\"page_item\"><a href=\"https:\/\/accidentvalues.com\/es\/info\/truck-accidents\/10-truck-accident-facts\/\">10 Verdades En Accidentes De Auto<\/a><\/li>\n\n\t\t\t\t\t\t<li class=\"page_item\"><a href=\"https:\/\/accidentvalues.com\/es\/info\/truck-accidents\/third-party-claims\/\">Reclamos de Terceras Partes<\/a><\/li>\n\n\t\t\t\t\t<\/ul>\n\t<\/div>\n\t\t<h2><a href=\"https:\/\/accidentvalues.com\/es\/info\/crash-types\/\">Tipos de Choques<\/a><\/h2>\n\t<div>\n\t\t<ul>\n\t\t\t\t\t\t<li class=\"page_item\"><a href=\"https:\/\/accidentvalues.com\/es\/info\/crash-types\/roll\/\">Roll-over<\/a><\/li>\n\n\t\t\t\t\t\t<li class=\"page_item\"><a href=\"https:\/\/accidentvalues.com\/es\/info\/crash-types\/hit-run\/\">Pegada y Huida<\/a><\/li>\n\n\t\t\t\t\t\t<li class=\"page_item\"><a href=\"https:\/\/accidentvalues.com\/es\/info\/crash-types\/rear-impact\/\">Impacto Trasero<\/a><\/li>\n\n\t\t\t\t\t\t<li class=\"page_item\"><a href=\"https:\/\/accidentvalues.com\/es\/info\/crash-types\/head-collision\/\">Choque -Frontal<\/a><\/li>\n\n\t\t\t\t\t\t<li class=\"page_item\"><a href=\"https:\/\/accidentvalues.com\/es\/info\/crash-types\/side-impact-collisions\/\">Colisiones de Imparto por el Lado<\/a><\/li>\n\n\t\t\t\t\t<\/ul>\n\t<\/div>\n\t\t\n<\/div>\n","protected":false},"excerpt":{"rendered":"<p>Para aprender m\u00e1s sobre el valor de un accidente de auto o litigios. Simplemente apunte para ver los art\u00edculos de abajo. Usted tambi\u00e9n puede obtener informaci\u00f3n adicional de abogados de accidente automovil\u00edsticos y compa\u00f1\u00edas de seguro. Es nuestra meta ser su fuente de informaci\u00f3n si usted ha estado envuelto en un accidente de auto o [&hellip;]<\/p>\n","protected":false},"author":1,"featured_media":0,"parent":0,"menu_order":0,"comment_status":"open","ping_status":"open","template":"","meta":{"footnotes":""},"class_list":["post-10","page","type-page","status-publish","hentry"],"yoast_head":"<!-- This site is optimized with the Yoast SEO plugin v27.4 - https:\/\/yoast.com\/product\/yoast-seo-wordpress\/ -->\n<title>Informaci\u00f3n - AccidentValues.com Espa\u00f1ol<\/title>\n<meta name=\"robots\" content=\"index, follow, max-snippet:-1, max-image-preview:large, max-video-preview:-1\" \/>\n<link rel=\"canonical\" href=\"https:\/\/accidentvalues.com\/es\/info\/\" \/>\n<meta property=\"og:locale\" content=\"en_US\" \/>\n<meta property=\"og:type\" content=\"article\" \/>\n<meta property=\"og:title\" content=\"Informaci\u00f3n - AccidentValues.com Espa\u00f1ol\" \/>\n<meta property=\"og:description\" content=\"Para aprender m\u00e1s sobre el valor de un accidente de auto o litigios. Simplemente apunte para ver los art\u00edculos de abajo. Usted tambi\u00e9n puede obtener informaci\u00f3n adicional de abogados de accidente automovil\u00edsticos y compa\u00f1\u00edas de seguro. Es nuestra meta ser su fuente de informaci\u00f3n si usted ha estado envuelto en un accidente de auto o [&hellip;]\" \/>\n<meta property=\"og:url\" content=\"https:\/\/accidentvalues.com\/es\/info\/\" \/>\n<meta property=\"og:site_name\" content=\"AccidentValues.com Espa\u00f1ol\" \/>\n<meta property=\"article:modified_time\" content=\"2019-12-03T16:52:17+00:00\" \/>\n<meta name=\"twitter:card\" content=\"summary_large_image\" \/>\n<script type=\"application\/ld+json\" class=\"yoast-schema-graph\">{\"@context\":\"https:\\\/\\\/schema.org\",\"@graph\":[{\"@type\":\"WebPage\",\"@id\":\"https:\\\/\\\/accidentvalues.com\\\/es\\\/info\\\/\",\"url\":\"https:\\\/\\\/accidentvalues.com\\\/es\\\/info\\\/\",\"name\":\"Informaci\u00f3n - AccidentValues.com Espa\u00f1ol\",\"isPartOf\":{\"@id\":\"https:\\\/\\\/accidentvalues.com\\\/es\\\/#website\"},\"datePublished\":\"2013-01-15T04:24:09+00:00\",\"dateModified\":\"2019-12-03T16:52:17+00:00\",\"breadcrumb\":{\"@id\":\"https:\\\/\\\/accidentvalues.com\\\/es\\\/info\\\/#breadcrumb\"},\"inLanguage\":\"en-US\",\"potentialAction\":[{\"@type\":\"ReadAction\",\"target\":[\"https:\\\/\\\/accidentvalues.com\\\/es\\\/info\\\/\"]}]},{\"@type\":\"BreadcrumbList\",\"@id\":\"https:\\\/\\\/accidentvalues.com\\\/es\\\/info\\\/#breadcrumb\",\"itemListElement\":[{\"@type\":\"ListItem\",\"position\":1,\"name\":\"Home\",\"item\":\"https:\\\/\\\/accidentvalues.com\\\/es\\\/\"},{\"@type\":\"ListItem\",\"position\":2,\"name\":\"Informaci\u00f3n\"}]},{\"@type\":\"WebSite\",\"@id\":\"https:\\\/\\\/accidentvalues.com\\\/es\\\/#website\",\"url\":\"https:\\\/\\\/accidentvalues.com\\\/es\\\/\",\"name\":\"AccidentValues.com Espa\u00f1ol\",\"description\":\"Calculate the Value of a Car or Truck Accident Claim\",\"potentialAction\":[{\"@type\":\"SearchAction\",\"target\":{\"@type\":\"EntryPoint\",\"urlTemplate\":\"https:\\\/\\\/accidentvalues.com\\\/es\\\/?s={search_term_string}\"},\"query-input\":{\"@type\":\"PropertyValueSpecification\",\"valueRequired\":true,\"valueName\":\"search_term_string\"}}],\"inLanguage\":\"en-US\"}]}<\/script>\n<!-- \/ Yoast SEO plugin. -->","yoast_head_json":{"title":"Informaci\u00f3n - AccidentValues.com Espa\u00f1ol","robots":{"index":"index","follow":"follow","max-snippet":"max-snippet:-1","max-image-preview":"max-image-preview:large","max-video-preview":"max-video-preview:-1"},"canonical":"https:\/\/accidentvalues.com\/es\/info\/","og_locale":"en_US","og_type":"article","og_title":"Informaci\u00f3n - AccidentValues.com Espa\u00f1ol","og_description":"Para aprender m\u00e1s sobre el valor de un accidente de auto o litigios. Simplemente apunte para ver los art\u00edculos de abajo. Usted tambi\u00e9n puede obtener informaci\u00f3n adicional de abogados de accidente automovil\u00edsticos y compa\u00f1\u00edas de seguro. Es nuestra meta ser su fuente de informaci\u00f3n si usted ha estado envuelto en un accidente de auto o [&hellip;]","og_url":"https:\/\/accidentvalues.com\/es\/info\/","og_site_name":"AccidentValues.com Espa\u00f1ol","article_modified_time":"2019-12-03T16:52:17+00:00","twitter_card":"summary_large_image","schema":{"@context":"https:\/\/schema.org","@graph":[{"@type":"WebPage","@id":"https:\/\/accidentvalues.com\/es\/info\/","url":"https:\/\/accidentvalues.com\/es\/info\/","name":"Informaci\u00f3n - AccidentValues.com Espa\u00f1ol","isPartOf":{"@id":"https:\/\/accidentvalues.com\/es\/#website"},"datePublished":"2013-01-15T04:24:09+00:00","dateModified":"2019-12-03T16:52:17+00:00","breadcrumb":{"@id":"https:\/\/accidentvalues.com\/es\/info\/#breadcrumb"},"inLanguage":"en-US","potentialAction":[{"@type":"ReadAction","target":["https:\/\/accidentvalues.com\/es\/info\/"]}]},{"@type":"BreadcrumbList","@id":"https:\/\/accidentvalues.com\/es\/info\/#breadcrumb","itemListElement":[{"@type":"ListItem","position":1,"name":"Home","item":"https:\/\/accidentvalues.com\/es\/"},{"@type":"ListItem","position":2,"name":"Informaci\u00f3n"}]},{"@type":"WebSite","@id":"https:\/\/accidentvalues.com\/es\/#website","url":"https:\/\/accidentvalues.com\/es\/","name":"AccidentValues.com Espa\u00f1ol","description":"Calculate the Value of a Car or Truck Accident Claim","potentialAction":[{"@type":"SearchAction","target":{"@type":"EntryPoint","urlTemplate":"https:\/\/accidentvalues.com\/es\/?s={search_term_string}"},"query-input":{"@type":"PropertyValueSpecification","valueRequired":true,"valueName":"search_term_string"}}],"inLanguage":"en-US"}]}},"_links":{"self":[{"href":"https:\/\/accidentvalues.com\/es\/wp-json\/wp\/v2\/pages\/10","targetHints":{"allow":["GET"]}}],"collection":[{"href":"https:\/\/accidentvalues.com\/es\/wp-json\/wp\/v2\/pages"}],"about":[{"href":"https:\/\/accidentvalues.com\/es\/wp-json\/wp\/v2\/types\/page"}],"author":[{"embeddable":true,"href":"https:\/\/accidentvalues.com\/es\/wp-json\/wp\/v2\/users\/1"}],"replies":[{"embeddable":true,"href":"https:\/\/accidentvalues.com\/es\/wp-json\/wp\/v2\/comments?post=10"}],"version-history":[{"count":6,"href":"https:\/\/accidentvalues.com\/es\/wp-json\/wp\/v2\/pages\/10\/revisions"}],"predecessor-version":[{"id":511,"href":"https:\/\/accidentvalues.com\/es\/wp-json\/wp\/v2\/pages\/10\/revisions\/511"}],"wp:attachment":[{"href":"https:\/\/accidentvalues.com\/es\/wp-json\/wp\/v2\/media?parent=10"}],"curies":[{"name":"wp","href":"https:\/\/api.w.org\/{rel}","templated":true}]}}