{"id":155,"date":"2013-08-10T10:44:46","date_gmt":"2013-08-10T14:44:46","guid":{"rendered":"http:\/\/accidentvalues.com\/?page_id=155"},"modified":"2019-11-25T15:56:41","modified_gmt":"2019-11-25T20:56:41","slug":"statutes-of-limitations","status":"publish","type":"page","link":"https:\/\/accidentvalues.com\/es\/info\/cases\/statutes-of-limitations\/","title":{"rendered":"Estatuto de Limitaciones"},"content":{"rendered":"<h2>Demandas en Maryland<\/h2>\n<p>Si usted se lesiono por negligencia de otra persona, es importante que usted act\u00fae r\u00e1pidamente. Usted ha escuchado esto de otros abogados. \u00bfPor qu\u00e9? Si usted no tiene la opci\u00f3n de someter una demanda, la compa\u00f1\u00eda de seguro no le pagara nada. En Maryland, una demanda est\u00e1 sujeta a un estatuto de limitaciones. Si usted no somete entre el tiempo del estatuto, usted se puede encontrar incapaz de encontrar remedio legal. Sin remedio legar, no acuerdo.<\/p>\n<h3>Menores<\/h3>\n<p>\u00bfQu\u00e9 es el estatuto de limitaciones en base a traer menores en accidentes en Maryland?<\/p>\n<p>Para casi todas las acciones civiles en Maryland, usted tiene solo tres a\u00f1os para someter la querella, el primer paso es en una demanda. Md. Code, Cts, &amp; Jud. Proc. \u00a7 5-101. Hay algunas acciones civiles que tiene sus propias, tiempo l\u00edmite especifico, casi todas las lesiones caen en esta categor\u00eda. En el momento que usted descubre su lesi\u00f3n ah\u00ed comienza un total de un periodo de tres a\u00f1os. Adicional, los menores le dan la oportunidad de someter el reclamo hasta un periodo de tres a\u00f1os seguido de su cumplea\u00f1os n\u00famero 18, aunque la lesi\u00f3n haya ocurrido a\u00f1os antes.<\/p>\n<h3>Propiedad<\/h3>\n<p>Como cualquier acuerdo civil, las lesiones como resultado de mejoras a la propiedad deben de ser sometidos entre los tres a\u00f1os de la lesi\u00f3n, las mejoras a la casa o negocio no necesitan ser nuevas para cualificar, Usted puede someter una demanda en contra del sue\u00f1o de una propiedad y puede esperar hasta 20 a\u00f1os para eso, y usted puede incluir al arquitecto, el contratista y el ingeniero si es hasta 10 a\u00f1os. MD, Code, Cts &amp; Jud. Proc. \u00a7 5-108<\/p>\n<h3>Excepciones y Avisos<\/h3>\n<p>Aun el tiempo de tres a\u00f1os para tomar acci\u00f3n en las acciones civiles, si usted planea someter un reclamo por ataque, usted tiene solo un a\u00f1o para cometer una querella. Md. Code, Cts.&amp; Jud. Proc. \u00a7 5-105. Mas corto ser\u00eda el estatuto de limitaciones de 30 d\u00edas si su caso es despedido por otra corte (en otro estado o una corte federal) por falta de jurisdicci\u00f3n. Md. Rule 2-101. Si usted mueve su caso a el sistema de corte en Maryland, usted debe de actuar r\u00e1pidamente.<\/p>\n<p>Ocasionalmente las lesiones ocurren como resultado de una brecha en el contrato o en garant\u00eda. Amenos que el contrato diga lo contrario, una persona lesionada debe someter en cuatro a\u00f1os despu\u00e9s de que se complete el contrato para someter una querella. Md. Code, Comm. Law \u00a7 2-725.<\/p>\n<p>El estatuto de limitaciones en una mal practica medica es m\u00e1s complicado. Usted tiene cinco a\u00f1os seguidos la fecha que la lesi\u00f3n fue cometida- aunque usted no se haya dado cuenta que la lesi\u00f3n existe- o tres a\u00f1os despu\u00e9s de descubrir la lesi\u00f3n para someter una demanda. Md. Code. Cts. &amp; Jud. Proc. \u00a7 5-109. As\u00ed como cualquier acci\u00f3n civil, menores se les otorga hasta que tienen 21 a\u00f1os de edad por cualquier mal practica medica sufrida mientras ten\u00edan 18 a\u00f1os de edad. Piselli v. 75th Street Medical, 371 Md. 188 (2002).<\/p>\n<p><strong>Para complicar el asunto m\u00e1s, cuando se somete una demanda en contra de varios gobiernos, sus agencias, contratistas para gobiernos o generalmente cualquier cosa que tenga que ver con el gobierno, usted les debe avisar. Esto es la mayor\u00eda de las veces un ano o menos, a veces tan corto como unos cuantos meses Es vital contactar a un abogado lo m\u00e1s pronto posible para asegurarse que usted cumpla con el aviso provisional.\u00a0<\/strong><\/p>\n<h2>Abogados de Accidente en Maryland<\/h2>\n<p>\u201cAnos\u201d parece mucho tiempo para someter un reclamo, ese tiempo se puede ir muy r\u00e1pidamente, y lo mejor es contactar a un abogado tan pronto usted se lesione. Esto no solo le da tiempo a su abogado la oportunidad de revisar su reclamo, esto le permite recibir alivio m\u00e1s pronto.<\/p>\n<p>Para <a title=\"Ask a Maryland accident question\" href=\"http:\/\/accidentvalues.com\/ask\/\">ask a question go here.<\/a><\/p>\n<p>Para <a title=\"Accident Settlement Calculator\" href=\"http:\/\/accidentvalues.com\/calculator\/\">calculate an approximate value of your claim, go here<\/a>.<\/p>\n<p>Para <a title=\"Accident Lawyer Info\" href=\"http:\/\/accidentvalues.com\/lawyer\/\">learn more about Maryland accident lawyers, go here<\/a>.<\/p>\n","protected":false},"excerpt":{"rendered":"<p>Demandas en Maryland Si usted se lesiono por negligencia de otra persona, es importante que usted act\u00fae r\u00e1pidamente. Usted ha escuchado esto de otros abogados. \u00bfPor qu\u00e9? Si usted no tiene la opci\u00f3n de someter una demanda, la compa\u00f1\u00eda de seguro no le pagara nada. En Maryland, una demanda est\u00e1 sujeta a un estatuto de [&hellip;]<\/p>\n","protected":false},"author":1,"featured_media":0,"parent":54,"menu_order":0,"comment_status":"closed","ping_status":"open","template":"","meta":{"footnotes":""},"class_list":["post-155","page","type-page","status-publish","hentry"],"yoast_head":"<!-- This site is optimized with the Yoast SEO plugin v27.4 - https:\/\/yoast.com\/product\/yoast-seo-wordpress\/ -->\n<title>Statute of Limitations for Maryland Accident Cases<\/title>\n<meta name=\"description\" content=\"Generally, the statute of limitations in Maryland accident cases is three years. However, there are numerous exceptions including minors, notice and more.\" \/>\n<meta name=\"robots\" content=\"index, follow, max-snippet:-1, max-image-preview:large, max-video-preview:-1\" \/>\n<link rel=\"canonical\" href=\"https:\/\/accidentvalues.com\/es\/info\/cases\/statutes-of-limitations\/\" \/>\n<meta property=\"og:locale\" content=\"en_US\" \/>\n<meta property=\"og:type\" content=\"article\" \/>\n<meta property=\"og:title\" content=\"Statute of Limitations for Maryland Accident Cases\" \/>\n<meta property=\"og:description\" content=\"Generally, the statute of limitations in Maryland accident cases is three years. However, there are numerous exceptions including minors, notice and more.\" \/>\n<meta property=\"og:url\" content=\"https:\/\/accidentvalues.com\/es\/info\/cases\/statutes-of-limitations\/\" \/>\n<meta property=\"og:site_name\" content=\"AccidentValues.com Espa\u00f1ol\" \/>\n<meta property=\"article:modified_time\" content=\"2019-11-25T20:56:41+00:00\" \/>\n<meta name=\"twitter:card\" content=\"summary_large_image\" \/>\n<meta name=\"twitter:label1\" content=\"Est. reading time\" \/>\n\t<meta name=\"twitter:data1\" content=\"3 minutes\" \/>\n<script type=\"application\/ld+json\" class=\"yoast-schema-graph\">{\"@context\":\"https:\\\/\\\/schema.org\",\"@graph\":[{\"@type\":\"WebPage\",\"@id\":\"https:\\\/\\\/accidentvalues.com\\\/es\\\/info\\\/cases\\\/statutes-of-limitations\\\/\",\"url\":\"https:\\\/\\\/accidentvalues.com\\\/es\\\/info\\\/cases\\\/statutes-of-limitations\\\/\",\"name\":\"Statute of Limitations for Maryland Accident Cases\",\"isPartOf\":{\"@id\":\"https:\\\/\\\/accidentvalues.com\\\/es\\\/#website\"},\"datePublished\":\"2013-08-10T14:44:46+00:00\",\"dateModified\":\"2019-11-25T20:56:41+00:00\",\"description\":\"Generally, the statute of limitations in Maryland accident cases is three years. However, there are numerous exceptions including minors, notice and more.\",\"breadcrumb\":{\"@id\":\"https:\\\/\\\/accidentvalues.com\\\/es\\\/info\\\/cases\\\/statutes-of-limitations\\\/#breadcrumb\"},\"inLanguage\":\"en-US\",\"potentialAction\":[{\"@type\":\"ReadAction\",\"target\":[\"https:\\\/\\\/accidentvalues.com\\\/es\\\/info\\\/cases\\\/statutes-of-limitations\\\/\"]}]},{\"@type\":\"BreadcrumbList\",\"@id\":\"https:\\\/\\\/accidentvalues.com\\\/es\\\/info\\\/cases\\\/statutes-of-limitations\\\/#breadcrumb\",\"itemListElement\":[{\"@type\":\"ListItem\",\"position\":1,\"name\":\"Home\",\"item\":\"https:\\\/\\\/accidentvalues.com\\\/es\\\/\"},{\"@type\":\"ListItem\",\"position\":2,\"name\":\"Informaci\u00f3n\",\"item\":\"https:\\\/\\\/accidentvalues.com\\\/es\\\/info\\\/\"},{\"@type\":\"ListItem\",\"position\":3,\"name\":\"Casos\",\"item\":\"https:\\\/\\\/accidentvalues.com\\\/es\\\/info\\\/cases\\\/\"},{\"@type\":\"ListItem\",\"position\":4,\"name\":\"Estatuto de Limitaciones\"}]},{\"@type\":\"WebSite\",\"@id\":\"https:\\\/\\\/accidentvalues.com\\\/es\\\/#website\",\"url\":\"https:\\\/\\\/accidentvalues.com\\\/es\\\/\",\"name\":\"AccidentValues.com Espa\u00f1ol\",\"description\":\"Calculate the Value of a Car or Truck Accident Claim\",\"potentialAction\":[{\"@type\":\"SearchAction\",\"target\":{\"@type\":\"EntryPoint\",\"urlTemplate\":\"https:\\\/\\\/accidentvalues.com\\\/es\\\/?s={search_term_string}\"},\"query-input\":{\"@type\":\"PropertyValueSpecification\",\"valueRequired\":true,\"valueName\":\"search_term_string\"}}],\"inLanguage\":\"en-US\"}]}<\/script>\n<!-- \/ Yoast SEO plugin. -->","yoast_head_json":{"title":"Statute of Limitations for Maryland Accident Cases","description":"Generally, the statute of limitations in Maryland accident cases is three years. However, there are numerous exceptions including minors, notice and more.","robots":{"index":"index","follow":"follow","max-snippet":"max-snippet:-1","max-image-preview":"max-image-preview:large","max-video-preview":"max-video-preview:-1"},"canonical":"https:\/\/accidentvalues.com\/es\/info\/cases\/statutes-of-limitations\/","og_locale":"en_US","og_type":"article","og_title":"Statute of Limitations for Maryland Accident Cases","og_description":"Generally, the statute of limitations in Maryland accident cases is three years. However, there are numerous exceptions including minors, notice and more.","og_url":"https:\/\/accidentvalues.com\/es\/info\/cases\/statutes-of-limitations\/","og_site_name":"AccidentValues.com Espa\u00f1ol","article_modified_time":"2019-11-25T20:56:41+00:00","twitter_card":"summary_large_image","twitter_misc":{"Est. reading time":"3 minutes"},"schema":{"@context":"https:\/\/schema.org","@graph":[{"@type":"WebPage","@id":"https:\/\/accidentvalues.com\/es\/info\/cases\/statutes-of-limitations\/","url":"https:\/\/accidentvalues.com\/es\/info\/cases\/statutes-of-limitations\/","name":"Statute of Limitations for Maryland Accident Cases","isPartOf":{"@id":"https:\/\/accidentvalues.com\/es\/#website"},"datePublished":"2013-08-10T14:44:46+00:00","dateModified":"2019-11-25T20:56:41+00:00","description":"Generally, the statute of limitations in Maryland accident cases is three years. However, there are numerous exceptions including minors, notice and more.","breadcrumb":{"@id":"https:\/\/accidentvalues.com\/es\/info\/cases\/statutes-of-limitations\/#breadcrumb"},"inLanguage":"en-US","potentialAction":[{"@type":"ReadAction","target":["https:\/\/accidentvalues.com\/es\/info\/cases\/statutes-of-limitations\/"]}]},{"@type":"BreadcrumbList","@id":"https:\/\/accidentvalues.com\/es\/info\/cases\/statutes-of-limitations\/#breadcrumb","itemListElement":[{"@type":"ListItem","position":1,"name":"Home","item":"https:\/\/accidentvalues.com\/es\/"},{"@type":"ListItem","position":2,"name":"Informaci\u00f3n","item":"https:\/\/accidentvalues.com\/es\/info\/"},{"@type":"ListItem","position":3,"name":"Casos","item":"https:\/\/accidentvalues.com\/es\/info\/cases\/"},{"@type":"ListItem","position":4,"name":"Estatuto de Limitaciones"}]},{"@type":"WebSite","@id":"https:\/\/accidentvalues.com\/es\/#website","url":"https:\/\/accidentvalues.com\/es\/","name":"AccidentValues.com Espa\u00f1ol","description":"Calculate the Value of a Car or Truck Accident Claim","potentialAction":[{"@type":"SearchAction","target":{"@type":"EntryPoint","urlTemplate":"https:\/\/accidentvalues.com\/es\/?s={search_term_string}"},"query-input":{"@type":"PropertyValueSpecification","valueRequired":true,"valueName":"search_term_string"}}],"inLanguage":"en-US"}]}},"_links":{"self":[{"href":"https:\/\/accidentvalues.com\/es\/wp-json\/wp\/v2\/pages\/155","targetHints":{"allow":["GET"]}}],"collection":[{"href":"https:\/\/accidentvalues.com\/es\/wp-json\/wp\/v2\/pages"}],"about":[{"href":"https:\/\/accidentvalues.com\/es\/wp-json\/wp\/v2\/types\/page"}],"author":[{"embeddable":true,"href":"https:\/\/accidentvalues.com\/es\/wp-json\/wp\/v2\/users\/1"}],"replies":[{"embeddable":true,"href":"https:\/\/accidentvalues.com\/es\/wp-json\/wp\/v2\/comments?post=155"}],"version-history":[{"count":3,"href":"https:\/\/accidentvalues.com\/es\/wp-json\/wp\/v2\/pages\/155\/revisions"}],"predecessor-version":[{"id":547,"href":"https:\/\/accidentvalues.com\/es\/wp-json\/wp\/v2\/pages\/155\/revisions\/547"}],"up":[{"embeddable":true,"href":"https:\/\/accidentvalues.com\/es\/wp-json\/wp\/v2\/pages\/54"}],"wp:attachment":[{"href":"https:\/\/accidentvalues.com\/es\/wp-json\/wp\/v2\/media?parent=155"}],"curies":[{"name":"wp","href":"https:\/\/api.w.org\/{rel}","templated":true}]}}