{"id":158,"date":"2013-08-11T12:54:17","date_gmt":"2013-08-11T16:54:17","guid":{"rendered":"http:\/\/accidentvalues.com\/?page_id=158"},"modified":"2019-11-26T14:48:08","modified_gmt":"2019-11-26T19:48:08","slug":"personal-injury-protection-pip","status":"publish","type":"page","link":"https:\/\/accidentvalues.com\/es\/info\/insurance\/personal-injury-protection-pip\/","title":{"rendered":"Protecci\u00f3n de Lesi\u00f3n Personal \u2013 (PIP)"},"content":{"rendered":"<p>Protecci\u00f3n de lesi\u00f3n personal (PIP) es un componente que requiere la compa\u00f1\u00eda de seguro en muchos estados. En Maryland, PIP se requiere para todos los veh\u00edculos a menos que el due\u00f1o del veh\u00edculo lo renuncie. Md. Code, Ins. \u00a7 19-505. Este formulario de la compa\u00f1\u00eda de seguro se le llama casi siempre cubierta de la compa\u00f1\u00eda de seguro de \u201cno- culpabilidad\u201d, provee protecci\u00f3n sin importar cual conductor haya causado el accidente como resultado de una lesi\u00f3n. La cubierta de PIP se conoce como la cubierta de la compa\u00f1\u00eda de seguro de la primera- parte. Esto es una simplificaci\u00f3n, pero se puede pensar que PIP: pagada por la p\u00f3liza de su compa\u00f1\u00eda de seguro hacia usted, sin importar la culpabilidad. Si usted se encuentra en un accidente de auto y el otro conductor no tiene suficiente seguro para proveer por sus lesiones, su seguro, piense PIP, le ofrecer\u00e1 a usted y su pasajero alguna cubierta.<\/p>\n<p>En Maryland, el seguro de PIP le cubre no solo al propietario del veh\u00edculo, pero tambi\u00e9n al conductor que se le ha dado permiso para operar el veh\u00edculo. Md. Code Ann., Ins. \u00a7 19-505(a)(1) Tambi\u00e9n incluye si hay pasajeros dentro del veh\u00edculo asegurado como alg\u00fan peat\u00f3n golpeado por el veh\u00edculo. Md. Code Ann., Ins. \u00a7 19-505(a)(2)<\/p>\n<p>Tan siquiera hay provisiones para el lesionado estando dentro, dentro o el veh\u00edculo existente operado por un animas o poder muscular. Md. Code Ann., Ins. \u00a7 19-505-(a)(3) (Esto excelentes noticias si usted es un Amish o se relaciona con los Flinstones. De otra manera, esto puede no aplicarle a usted.)<\/p>\n<p>PIP cubre m\u00e9dicos, hospitales y gastos de incapacidad para cualquiera que se halla lesionado en el veh\u00edculo, o peat\u00f3n fuera del autom\u00f3vil. Md. Code Ann., Ins. \u00a7 19-505(b). Esto incluye cuentas medicas hasta 85 por ciento de perdida en salario a $2,500- a menos que la p\u00f3liza de seguro compre una p\u00f3liza proveyendo una cubierta m\u00e1s amplia. Si no se renuncia al PIP, $2500 es el m\u00ednimo en cubierta. Un individuo lesionado tambi\u00e9n puede ser que reclame perdida en salario si esa persona estaba empleada en el momento del accidente; la p\u00f3liza no le cubrir\u00e1 salario potencialmente perdido por lesiones. Md. Code Ann., Ins. \u00a7 19-505(b)(2)(ii). Como muchos reclamos civiles, cualquier reclamo por cuentas medicas o perdida en salario debe someterse entre los 3 a\u00f1os luego del accidente. Md. Code Ann. Ins. \u00a7 19-505(b)(3)<\/p>\n<p>Contrario, muchos estados que requieren seguro en PIP, Maryland ofrece a sus conductores la oportunidad de renunciar expresamente al PIP. Md. Code Ann., Ins \u00a7 19-506. Antes que la cubierta pueda ser renunciada, la compa\u00f1\u00eda de seguro debe proveer a la compa\u00f1\u00eda de seguro un completa divulgaci\u00f3n n de la cubierta, como se requiere por Md. Code Ann., Ins. \u00a7 19-506(d)(3). Esta informaci\u00f3n, as\u00ed como la renuncia, se puede incluir en el contrato de la aseguranza. Md. Code Ann., \u00a7 19-506-(d). La renuncia no solo aplica a el seguro del conductor, si no a alg\u00fan otro conductor autorizado y alg\u00fan miembro de la familia que viva en el hogar de la persona asegurada que tenga m\u00e1s de 16 a\u00f1os de edad. Md. Code Ann., Ins. \u00a7 19-506(b)(2).<\/p>\n<p>Mientras que la compa\u00f1\u00eda de seguro no se niegue a asegurar a un individuo porque \u00e9l ni quiera renunciar a la cubierta de PIP, hay circunstancias particulares donde la compa\u00f1\u00eda de seguro puede escoger no extender la cubierta de PIP a un conductor basado en su registro de conducir. Md. Code Ann., Ins. \u00a7\u00a7 19- 506(f) &amp; 27- 609. La compa\u00f1\u00eda de segura puede proveer cubierta a un hogar, pero puede espec\u00edficamente negar toda cubierta, incluyendo PIP, si un individuo en ese hogar est\u00e1 operando ese veh\u00edculo, aunque el pasajero normalmente estar\u00e1 protegido.<\/p>\n<p>Renunciar es una opci\u00f3n para ahorrarle dinero al asegurado. De cualquier manera, renunciar al PIP no es recomendable. Hay requisitos, bajo la ley de Maryland, que dictan cu\u00e1n grande debe de ser la divulgaci\u00f3n del PIP. Siempre que se los legisladores tienen que reforzar a las compa\u00f1\u00edas de seguro tomar ese tipo de medidas, las probabilidades son que tengas en beneficio de esconderlo y usted tiene el beneficio de saber sobre ello.<\/p>\n<p>El prop\u00f3sito de la protecci\u00f3n de lesi\u00f3n personal (PIP), es un sentido fundamental, es para que el asegurado le paguen beneficios r\u00e1pidamente sin tener que lidiar con litigaci\u00f3n.<\/p>\n","protected":false},"excerpt":{"rendered":"<p>Protecci\u00f3n de lesi\u00f3n personal (PIP) es un componente que requiere la compa\u00f1\u00eda de seguro en muchos estados. En Maryland, PIP se requiere para todos los veh\u00edculos a menos que el due\u00f1o del veh\u00edculo lo renuncie. Md. Code, Ins. \u00a7 19-505. Este formulario de la compa\u00f1\u00eda de seguro se le llama casi siempre cubierta de la [&hellip;]<\/p>\n","protected":false},"author":1,"featured_media":0,"parent":57,"menu_order":0,"comment_status":"closed","ping_status":"open","template":"","meta":{"footnotes":""},"class_list":["post-158","page","type-page","status-publish","hentry"],"yoast_head":"<!-- This site is optimized with the Yoast SEO plugin v27.3 - https:\/\/yoast.com\/product\/yoast-seo-wordpress\/ -->\n<title>Personal Injury Protection - PIP<\/title>\n<meta name=\"description\" content=\"Answers the question: What is personal injury protection or PIP? Use the calculator to determine the approximate overall value of the claim.\" \/>\n<meta name=\"robots\" content=\"index, follow, max-snippet:-1, max-image-preview:large, max-video-preview:-1\" \/>\n<link rel=\"canonical\" href=\"https:\/\/accidentvalues.com\/es\/info\/insurance\/personal-injury-protection-pip\/\" \/>\n<meta property=\"og:locale\" content=\"en_US\" \/>\n<meta property=\"og:type\" content=\"article\" \/>\n<meta property=\"og:title\" content=\"Personal Injury Protection - PIP\" \/>\n<meta property=\"og:description\" content=\"Answers the question: What is personal injury protection or PIP? Use the calculator to determine the approximate overall value of the claim.\" \/>\n<meta property=\"og:url\" content=\"https:\/\/accidentvalues.com\/es\/info\/insurance\/personal-injury-protection-pip\/\" \/>\n<meta property=\"og:site_name\" content=\"AccidentValues.com Espa\u00f1ol\" \/>\n<meta property=\"article:modified_time\" content=\"2019-11-26T19:48:08+00:00\" \/>\n<meta name=\"twitter:card\" content=\"summary_large_image\" \/>\n<meta name=\"twitter:label1\" content=\"Est. reading time\" \/>\n\t<meta name=\"twitter:data1\" content=\"4 minutes\" \/>\n<script type=\"application\/ld+json\" class=\"yoast-schema-graph\">{\"@context\":\"https:\\\/\\\/schema.org\",\"@graph\":[{\"@type\":\"WebPage\",\"@id\":\"https:\\\/\\\/accidentvalues.com\\\/es\\\/info\\\/insurance\\\/personal-injury-protection-pip\\\/\",\"url\":\"https:\\\/\\\/accidentvalues.com\\\/es\\\/info\\\/insurance\\\/personal-injury-protection-pip\\\/\",\"name\":\"Personal Injury Protection - PIP\",\"isPartOf\":{\"@id\":\"https:\\\/\\\/accidentvalues.com\\\/es\\\/#website\"},\"datePublished\":\"2013-08-11T16:54:17+00:00\",\"dateModified\":\"2019-11-26T19:48:08+00:00\",\"description\":\"Answers the question: What is personal injury protection or PIP? Use the calculator to determine the approximate overall value of the claim.\",\"breadcrumb\":{\"@id\":\"https:\\\/\\\/accidentvalues.com\\\/es\\\/info\\\/insurance\\\/personal-injury-protection-pip\\\/#breadcrumb\"},\"inLanguage\":\"en-US\",\"potentialAction\":[{\"@type\":\"ReadAction\",\"target\":[\"https:\\\/\\\/accidentvalues.com\\\/es\\\/info\\\/insurance\\\/personal-injury-protection-pip\\\/\"]}]},{\"@type\":\"BreadcrumbList\",\"@id\":\"https:\\\/\\\/accidentvalues.com\\\/es\\\/info\\\/insurance\\\/personal-injury-protection-pip\\\/#breadcrumb\",\"itemListElement\":[{\"@type\":\"ListItem\",\"position\":1,\"name\":\"Home\",\"item\":\"https:\\\/\\\/accidentvalues.com\\\/es\\\/\"},{\"@type\":\"ListItem\",\"position\":2,\"name\":\"Informaci\u00f3n\",\"item\":\"https:\\\/\\\/accidentvalues.com\\\/es\\\/info\\\/\"},{\"@type\":\"ListItem\",\"position\":3,\"name\":\"Seguro\",\"item\":\"https:\\\/\\\/accidentvalues.com\\\/es\\\/info\\\/insurance\\\/\"},{\"@type\":\"ListItem\",\"position\":4,\"name\":\"Protecci\u00f3n de Lesi\u00f3n Personal \u2013 (PIP)\"}]},{\"@type\":\"WebSite\",\"@id\":\"https:\\\/\\\/accidentvalues.com\\\/es\\\/#website\",\"url\":\"https:\\\/\\\/accidentvalues.com\\\/es\\\/\",\"name\":\"AccidentValues.com Espa\u00f1ol\",\"description\":\"Calculate the Value of a Car or Truck Accident Claim\",\"potentialAction\":[{\"@type\":\"SearchAction\",\"target\":{\"@type\":\"EntryPoint\",\"urlTemplate\":\"https:\\\/\\\/accidentvalues.com\\\/es\\\/?s={search_term_string}\"},\"query-input\":{\"@type\":\"PropertyValueSpecification\",\"valueRequired\":true,\"valueName\":\"search_term_string\"}}],\"inLanguage\":\"en-US\"}]}<\/script>\n<!-- \/ Yoast SEO plugin. -->","yoast_head_json":{"title":"Personal Injury Protection - PIP","description":"Answers the question: What is personal injury protection or PIP? Use the calculator to determine the approximate overall value of the claim.","robots":{"index":"index","follow":"follow","max-snippet":"max-snippet:-1","max-image-preview":"max-image-preview:large","max-video-preview":"max-video-preview:-1"},"canonical":"https:\/\/accidentvalues.com\/es\/info\/insurance\/personal-injury-protection-pip\/","og_locale":"en_US","og_type":"article","og_title":"Personal Injury Protection - PIP","og_description":"Answers the question: What is personal injury protection or PIP? Use the calculator to determine the approximate overall value of the claim.","og_url":"https:\/\/accidentvalues.com\/es\/info\/insurance\/personal-injury-protection-pip\/","og_site_name":"AccidentValues.com Espa\u00f1ol","article_modified_time":"2019-11-26T19:48:08+00:00","twitter_card":"summary_large_image","twitter_misc":{"Est. reading time":"4 minutes"},"schema":{"@context":"https:\/\/schema.org","@graph":[{"@type":"WebPage","@id":"https:\/\/accidentvalues.com\/es\/info\/insurance\/personal-injury-protection-pip\/","url":"https:\/\/accidentvalues.com\/es\/info\/insurance\/personal-injury-protection-pip\/","name":"Personal Injury Protection - PIP","isPartOf":{"@id":"https:\/\/accidentvalues.com\/es\/#website"},"datePublished":"2013-08-11T16:54:17+00:00","dateModified":"2019-11-26T19:48:08+00:00","description":"Answers the question: What is personal injury protection or PIP? Use the calculator to determine the approximate overall value of the claim.","breadcrumb":{"@id":"https:\/\/accidentvalues.com\/es\/info\/insurance\/personal-injury-protection-pip\/#breadcrumb"},"inLanguage":"en-US","potentialAction":[{"@type":"ReadAction","target":["https:\/\/accidentvalues.com\/es\/info\/insurance\/personal-injury-protection-pip\/"]}]},{"@type":"BreadcrumbList","@id":"https:\/\/accidentvalues.com\/es\/info\/insurance\/personal-injury-protection-pip\/#breadcrumb","itemListElement":[{"@type":"ListItem","position":1,"name":"Home","item":"https:\/\/accidentvalues.com\/es\/"},{"@type":"ListItem","position":2,"name":"Informaci\u00f3n","item":"https:\/\/accidentvalues.com\/es\/info\/"},{"@type":"ListItem","position":3,"name":"Seguro","item":"https:\/\/accidentvalues.com\/es\/info\/insurance\/"},{"@type":"ListItem","position":4,"name":"Protecci\u00f3n de Lesi\u00f3n Personal \u2013 (PIP)"}]},{"@type":"WebSite","@id":"https:\/\/accidentvalues.com\/es\/#website","url":"https:\/\/accidentvalues.com\/es\/","name":"AccidentValues.com Espa\u00f1ol","description":"Calculate the Value of a Car or Truck Accident Claim","potentialAction":[{"@type":"SearchAction","target":{"@type":"EntryPoint","urlTemplate":"https:\/\/accidentvalues.com\/es\/?s={search_term_string}"},"query-input":{"@type":"PropertyValueSpecification","valueRequired":true,"valueName":"search_term_string"}}],"inLanguage":"en-US"}]}},"_links":{"self":[{"href":"https:\/\/accidentvalues.com\/es\/wp-json\/wp\/v2\/pages\/158","targetHints":{"allow":["GET"]}}],"collection":[{"href":"https:\/\/accidentvalues.com\/es\/wp-json\/wp\/v2\/pages"}],"about":[{"href":"https:\/\/accidentvalues.com\/es\/wp-json\/wp\/v2\/types\/page"}],"author":[{"embeddable":true,"href":"https:\/\/accidentvalues.com\/es\/wp-json\/wp\/v2\/users\/1"}],"replies":[{"embeddable":true,"href":"https:\/\/accidentvalues.com\/es\/wp-json\/wp\/v2\/comments?post=158"}],"version-history":[{"count":2,"href":"https:\/\/accidentvalues.com\/es\/wp-json\/wp\/v2\/pages\/158\/revisions"}],"predecessor-version":[{"id":569,"href":"https:\/\/accidentvalues.com\/es\/wp-json\/wp\/v2\/pages\/158\/revisions\/569"}],"up":[{"embeddable":true,"href":"https:\/\/accidentvalues.com\/es\/wp-json\/wp\/v2\/pages\/57"}],"wp:attachment":[{"href":"https:\/\/accidentvalues.com\/es\/wp-json\/wp\/v2\/media?parent=158"}],"curies":[{"name":"wp","href":"https:\/\/api.w.org\/{rel}","templated":true}]}}