{"id":161,"date":"2013-08-14T10:43:03","date_gmt":"2013-08-14T14:43:03","guid":{"rendered":"http:\/\/accidentvalues.com\/?page_id=161"},"modified":"2019-11-26T15:01:14","modified_gmt":"2019-11-26T20:01:14","slug":"med-pay","status":"publish","type":"page","link":"https:\/\/accidentvalues.com\/es\/info\/insurance\/med-pay\/","title":{"rendered":"Med Pay"},"content":{"rendered":"<p>Med Pay (Provisi\u00f3n de Pagos M\u00e9dicos) es un componente de p\u00f3liza de autom\u00f3vil en un sinn\u00famero de estados, que provee al conductor y el pasajero en el veh\u00edculo el pago de cuentas medicas en caso de que haya un accidente. Al contrario, hay muchas otras formas de compa\u00f1\u00edas de autom\u00f3vil, pago medico cubre sin importar qui\u00e9n sea el culpable. J.G. Pouros, \u201cMedical Payment Provision of the Automobile Insurance Policy,\u201d 52 Marquette L. Rev. 445 (1969)<\/p>\n<p>Para algunos estados, como Virginia, pago medico es mandatorio por estatuto, pero Maryland, es meramente opcional. Virginia Code \u00a738.2- 124(B), 38.2-2201; Wu v. MAMSI Life &amp; Health Ins. Co., 256 F.R.D. 158 (D. Md. 2008). Maryland tiene unos requisitos por estatuto relacionados a la cubierta de\u00a0<a title=\"Personal Injury Protection - PIP\" href=\"http:\/\/accidentvalues.com\/info\/insurance\/personal-injury-protection-pip\/\">Personal Injury Protection (PIP) coverage<\/a>, que lleva alguna similar a pago m\u00e9dico, como tambi\u00e9n provee a cualquier persona lesionada en un accidente. Contrario a pago m\u00e9dico, PIP por igual cubre perdida en salario. Aun que PIP pueda ser renunciado, el mismo provee perdida en salario por la lesi\u00f3n, pero pago medico puede ser que no.<\/p>\n<p>Med-pay es opcional, voluntariamente incluido en la p\u00f3liza de la compa\u00f1\u00eda de seguro. La exclusi\u00f3n de med-pay requiere ning\u00fan aviso especial, pero si requieren protecci\u00f3n de lesi\u00f3n personal. PIP, porque es requisito por estatuto, requiere una extensi\u00f3n por escrito si el individuo asegurado escoge no tener ning\u00fan tipo de cubierta en su p\u00f3liza. Md. Code, Ins. \u00a7 19- 505. Adicional, ya que es no reglamentada, no hay ning\u00fan estado que requiere el m\u00ednimo, permitiendo al conductor y al seguro fijar el nivel en la cubierta.<\/p>\n<p>Mientras es m\u00e1s flexible en el nivel de cubierta, y consecuentemente el precio de la p\u00f3liza, un due\u00f1o de un veh\u00edculo asegurado debe de saber que la falta de regulaci\u00f3n de estatuto concede m\u00e1s flexibilidad a la compa\u00f1\u00eda de seguro por igual. Las compa\u00f1\u00edas de seguro puede que inserten provisiones en una p\u00f3liza requiriendo el rembolso de cualquier pago hecho por parte del due\u00f1o del seguro.<\/p>\n<p>Tambi\u00e9n, al contrario de PIP, med- pay no ofrece al demandante en Maryland la oportunidad de \u201csumergirse\u201d en el acuerdo de la compa\u00f1\u00eda de seguro. Mientras que en otros estados puede ser posible que el demandante que no solo reciba un premio por cuentas medicas por ambos su propio seguro por medio de la p\u00f3liza de med- pay, \u00e9l se puede recuperar por los mismos gastos por medio de un acuerdo. Como la corte anota en Wu, una provisi\u00f3n en el c\u00f3digo de seguro de Maryland previene este tipo de recompensa doble por la p\u00f3liza de pago m\u00e9dico. Wu, 256 F.R.D. At 168; \u00a7 Md. Code Ann., Ins. \u00a715-1207.<\/p>\n<p>Lo que med- pay puede proveer, de cualquier manera, es un nivel de seguridad a\u00f1adido a cualquiera dentro de veh\u00edculo del individuo asegurado. Mientras el m\u00ednimo desnudo de estatuto requiere seguro de PIP de $2,500, cuentas medicas pueden ser f\u00e1cilmente subir por encima a esta cantidad y a la p\u00f3liza de med-pay puede ayudar a cubrir todas o parte de la diferencia.<\/p>\n","protected":false},"excerpt":{"rendered":"<p>Med Pay (Provisi\u00f3n de Pagos M\u00e9dicos) es un componente de p\u00f3liza de autom\u00f3vil en un sinn\u00famero de estados, que provee al conductor y el pasajero en el veh\u00edculo el pago de cuentas medicas en caso de que haya un accidente. Al contrario, hay muchas otras formas de compa\u00f1\u00edas de autom\u00f3vil, pago medico cubre sin importar [&hellip;]<\/p>\n","protected":false},"author":1,"featured_media":0,"parent":57,"menu_order":0,"comment_status":"closed","ping_status":"open","template":"","meta":{"footnotes":""},"class_list":["post-161","page","type-page","status-publish","hentry"],"yoast_head":"<!-- This site is optimized with the Yoast SEO plugin v27.3 - https:\/\/yoast.com\/product\/yoast-seo-wordpress\/ -->\n<title>Med Pay Provisions of Motor Vehicle Insurance<\/title>\n<meta name=\"description\" content=\"Find out about med pay provisions of automobile insurance policies. Calculate the value of your motor vehicle accident case with the calculator.\" \/>\n<meta name=\"robots\" content=\"index, follow, max-snippet:-1, max-image-preview:large, max-video-preview:-1\" \/>\n<link rel=\"canonical\" href=\"https:\/\/accidentvalues.com\/es\/info\/insurance\/med-pay\/\" \/>\n<meta property=\"og:locale\" content=\"en_US\" \/>\n<meta property=\"og:type\" content=\"article\" \/>\n<meta property=\"og:title\" content=\"Med Pay Provisions of Motor Vehicle Insurance\" \/>\n<meta property=\"og:description\" content=\"Find out about med pay provisions of automobile insurance policies. Calculate the value of your motor vehicle accident case with the calculator.\" \/>\n<meta property=\"og:url\" content=\"https:\/\/accidentvalues.com\/es\/info\/insurance\/med-pay\/\" \/>\n<meta property=\"og:site_name\" content=\"AccidentValues.com Espa\u00f1ol\" \/>\n<meta property=\"article:modified_time\" content=\"2019-11-26T20:01:14+00:00\" \/>\n<meta name=\"twitter:card\" content=\"summary_large_image\" \/>\n<meta name=\"twitter:label1\" content=\"Est. reading time\" \/>\n\t<meta name=\"twitter:data1\" content=\"3 minutes\" \/>\n<script type=\"application\/ld+json\" class=\"yoast-schema-graph\">{\"@context\":\"https:\\\/\\\/schema.org\",\"@graph\":[{\"@type\":\"WebPage\",\"@id\":\"https:\\\/\\\/accidentvalues.com\\\/es\\\/info\\\/insurance\\\/med-pay\\\/\",\"url\":\"https:\\\/\\\/accidentvalues.com\\\/es\\\/info\\\/insurance\\\/med-pay\\\/\",\"name\":\"Med Pay Provisions of Motor Vehicle Insurance\",\"isPartOf\":{\"@id\":\"https:\\\/\\\/accidentvalues.com\\\/es\\\/#website\"},\"datePublished\":\"2013-08-14T14:43:03+00:00\",\"dateModified\":\"2019-11-26T20:01:14+00:00\",\"description\":\"Find out about med pay provisions of automobile insurance policies. Calculate the value of your motor vehicle accident case with the calculator.\",\"breadcrumb\":{\"@id\":\"https:\\\/\\\/accidentvalues.com\\\/es\\\/info\\\/insurance\\\/med-pay\\\/#breadcrumb\"},\"inLanguage\":\"en-US\",\"potentialAction\":[{\"@type\":\"ReadAction\",\"target\":[\"https:\\\/\\\/accidentvalues.com\\\/es\\\/info\\\/insurance\\\/med-pay\\\/\"]}]},{\"@type\":\"BreadcrumbList\",\"@id\":\"https:\\\/\\\/accidentvalues.com\\\/es\\\/info\\\/insurance\\\/med-pay\\\/#breadcrumb\",\"itemListElement\":[{\"@type\":\"ListItem\",\"position\":1,\"name\":\"Home\",\"item\":\"https:\\\/\\\/accidentvalues.com\\\/es\\\/\"},{\"@type\":\"ListItem\",\"position\":2,\"name\":\"Informaci\u00f3n\",\"item\":\"https:\\\/\\\/accidentvalues.com\\\/es\\\/info\\\/\"},{\"@type\":\"ListItem\",\"position\":3,\"name\":\"Seguro\",\"item\":\"https:\\\/\\\/accidentvalues.com\\\/es\\\/info\\\/insurance\\\/\"},{\"@type\":\"ListItem\",\"position\":4,\"name\":\"Med Pay\"}]},{\"@type\":\"WebSite\",\"@id\":\"https:\\\/\\\/accidentvalues.com\\\/es\\\/#website\",\"url\":\"https:\\\/\\\/accidentvalues.com\\\/es\\\/\",\"name\":\"AccidentValues.com Espa\u00f1ol\",\"description\":\"Calculate the Value of a Car or Truck Accident Claim\",\"potentialAction\":[{\"@type\":\"SearchAction\",\"target\":{\"@type\":\"EntryPoint\",\"urlTemplate\":\"https:\\\/\\\/accidentvalues.com\\\/es\\\/?s={search_term_string}\"},\"query-input\":{\"@type\":\"PropertyValueSpecification\",\"valueRequired\":true,\"valueName\":\"search_term_string\"}}],\"inLanguage\":\"en-US\"}]}<\/script>\n<!-- \/ Yoast SEO plugin. -->","yoast_head_json":{"title":"Med Pay Provisions of Motor Vehicle Insurance","description":"Find out about med pay provisions of automobile insurance policies. Calculate the value of your motor vehicle accident case with the calculator.","robots":{"index":"index","follow":"follow","max-snippet":"max-snippet:-1","max-image-preview":"max-image-preview:large","max-video-preview":"max-video-preview:-1"},"canonical":"https:\/\/accidentvalues.com\/es\/info\/insurance\/med-pay\/","og_locale":"en_US","og_type":"article","og_title":"Med Pay Provisions of Motor Vehicle Insurance","og_description":"Find out about med pay provisions of automobile insurance policies. Calculate the value of your motor vehicle accident case with the calculator.","og_url":"https:\/\/accidentvalues.com\/es\/info\/insurance\/med-pay\/","og_site_name":"AccidentValues.com Espa\u00f1ol","article_modified_time":"2019-11-26T20:01:14+00:00","twitter_card":"summary_large_image","twitter_misc":{"Est. reading time":"3 minutes"},"schema":{"@context":"https:\/\/schema.org","@graph":[{"@type":"WebPage","@id":"https:\/\/accidentvalues.com\/es\/info\/insurance\/med-pay\/","url":"https:\/\/accidentvalues.com\/es\/info\/insurance\/med-pay\/","name":"Med Pay Provisions of Motor Vehicle Insurance","isPartOf":{"@id":"https:\/\/accidentvalues.com\/es\/#website"},"datePublished":"2013-08-14T14:43:03+00:00","dateModified":"2019-11-26T20:01:14+00:00","description":"Find out about med pay provisions of automobile insurance policies. Calculate the value of your motor vehicle accident case with the calculator.","breadcrumb":{"@id":"https:\/\/accidentvalues.com\/es\/info\/insurance\/med-pay\/#breadcrumb"},"inLanguage":"en-US","potentialAction":[{"@type":"ReadAction","target":["https:\/\/accidentvalues.com\/es\/info\/insurance\/med-pay\/"]}]},{"@type":"BreadcrumbList","@id":"https:\/\/accidentvalues.com\/es\/info\/insurance\/med-pay\/#breadcrumb","itemListElement":[{"@type":"ListItem","position":1,"name":"Home","item":"https:\/\/accidentvalues.com\/es\/"},{"@type":"ListItem","position":2,"name":"Informaci\u00f3n","item":"https:\/\/accidentvalues.com\/es\/info\/"},{"@type":"ListItem","position":3,"name":"Seguro","item":"https:\/\/accidentvalues.com\/es\/info\/insurance\/"},{"@type":"ListItem","position":4,"name":"Med Pay"}]},{"@type":"WebSite","@id":"https:\/\/accidentvalues.com\/es\/#website","url":"https:\/\/accidentvalues.com\/es\/","name":"AccidentValues.com Espa\u00f1ol","description":"Calculate the Value of a Car or Truck Accident Claim","potentialAction":[{"@type":"SearchAction","target":{"@type":"EntryPoint","urlTemplate":"https:\/\/accidentvalues.com\/es\/?s={search_term_string}"},"query-input":{"@type":"PropertyValueSpecification","valueRequired":true,"valueName":"search_term_string"}}],"inLanguage":"en-US"}]}},"_links":{"self":[{"href":"https:\/\/accidentvalues.com\/es\/wp-json\/wp\/v2\/pages\/161","targetHints":{"allow":["GET"]}}],"collection":[{"href":"https:\/\/accidentvalues.com\/es\/wp-json\/wp\/v2\/pages"}],"about":[{"href":"https:\/\/accidentvalues.com\/es\/wp-json\/wp\/v2\/types\/page"}],"author":[{"embeddable":true,"href":"https:\/\/accidentvalues.com\/es\/wp-json\/wp\/v2\/users\/1"}],"replies":[{"embeddable":true,"href":"https:\/\/accidentvalues.com\/es\/wp-json\/wp\/v2\/comments?post=161"}],"version-history":[{"count":3,"href":"https:\/\/accidentvalues.com\/es\/wp-json\/wp\/v2\/pages\/161\/revisions"}],"predecessor-version":[{"id":571,"href":"https:\/\/accidentvalues.com\/es\/wp-json\/wp\/v2\/pages\/161\/revisions\/571"}],"up":[{"embeddable":true,"href":"https:\/\/accidentvalues.com\/es\/wp-json\/wp\/v2\/pages\/57"}],"wp:attachment":[{"href":"https:\/\/accidentvalues.com\/es\/wp-json\/wp\/v2\/media?parent=161"}],"curies":[{"name":"wp","href":"https:\/\/api.w.org\/{rel}","templated":true}]}}