{"id":165,"date":"2013-09-11T19:53:15","date_gmt":"2013-09-11T23:53:15","guid":{"rendered":"http:\/\/accidentvalues.com\/?page_id=165"},"modified":"2019-11-26T16:21:27","modified_gmt":"2019-11-26T21:21:27","slug":"cap-on-damages","status":"publish","type":"page","link":"https:\/\/accidentvalues.com\/es\/info\/maryland\/cap-on-damages\/","title":{"rendered":"Capa en Da\u00f1os"},"content":{"rendered":"<h2>Historial de La Capa en Da\u00f1os No Econ\u00f3micos<\/h2>\n<p>Com\u00fanmente se refiere esto como \u201cla capa\u201d en Maryland, por ley, hay una cantidad m\u00e1xima por la cual un lesionado puede recibir por danos \u201cno econ\u00f3micos\u201d. La capa se aplica solo a los da\u00f1os no econ\u00f3micos en litigaci\u00f3n de da\u00f1os en lesi\u00f3n personal como negligencia o accidentes. Da\u00f1os actuales, como cuentas medicas o gastos futuros estimados como resultado de una lesi\u00f3n, son solo limitados por su cantidad actual o estimada no son legalmente obligatorios. Tan siquiera da\u00f1os punitivos se aceptan por excluidos por esta limitaci\u00f3n de estatuto. Como sea, dolor y sufrimiento, inconveniente, perdida de consorcio, y desfiguramiento son todos sujetos a una capa monetaria especifica. Md. Code Ann. Cts. &amp; Jud. Proc. 11-108.<\/p>\n<p>Porque la capa tiene un historial de casi tres d\u00e9cadas, acciones de lesione personales son sujeta a un m\u00e1ximo diferente dependiendo de la causa de acci\u00f3n- el punto en el cual el paciente se da cuenta de la lesi\u00f3n- presentarse. Una capa de $350,000 a causas de acci\u00f3n saliendo despu\u00e9s del 1 de julio de 1986 y que ha aumentado a $500,000 a causas de acci\u00f3n saliendo de o luego del 1 de octubre de 1994. La capa ha aumentado $15,000 en octubre 1 ano desde Md. Code Ann. Cts. &amp; Jud. Proc. SEC 11-108. Este tiempo es la llave para determinar no solo la cantidad de la capa, pero si la capa aplica en lo absoluto; tan solo parte de la acci\u00f3n perjudicial por un m\u00e9dico practicante acurre antes del 1 de julio de 1986, el reclamo completo no est\u00e1 sujeto a la capa. DiLeo v. Nugent, 88 Md.App. 59 (1991).<\/p>\n<p>La capa fue, como muchas en E.U., dise\u00f1ada para combatir la cantidad de aumento en da\u00f1os no econ\u00f3micos en los premios, que ha aumentado 300 por ciento en la naci\u00f3n desde el 1960s hasta los 1980s. Daniel Fisher, Maryland damages Cap Survives in Horrific Drowning Case, Forbes, September 24, 2010 (disponible en <a href=\"http:\/\/www.forbes.com\/sites\/danielfisher\/2010\/09\/24\/maryland-damages-cap-survives-in-horrific-drowning-case\/\">www.forbes.com\/sites\/danielfisher\/2010\/09\/24\/maryland-damages-cap-survives-in-horrific-drowning-case\/<\/a>) Such awards began topping $1 million by the 1990s. See Fisher.<\/p>\n<h2>Cuando la Capa Aplica<\/h2>\n<p>A pesar que esta capa aplica a los da\u00f1os no econ\u00f3micos en todas las formas de leyes de agravio, la Corte de Apelaciones ha enfatizado es continuamente aplicable a acciones de negligencia. En el 2010 acci\u00f3n de negligencia de muerte err\u00f3nea, la Corte retiene la capa que sea apropiada, sin importar sobre una exenci\u00f3n arbitraria. Lockshin v. Semsker, 412 Md. 257 (2010). Aunque la acci\u00f3n se halla tra\u00eddo a las cortes federales, si la lesi\u00f3n ocurri\u00f3 en Maryland, la capa de estatuto sigue aplicando. Lawson v. U.S., 454 F.Supp.2d 373 (D. Md. 2006).<\/p>\n<p>Argumentos de apoyo y lo opuesto a estas limitaciones en danos no econ\u00f3micos continuaran. La capa sali\u00f3 bajo un examen cuidadoso durante y despu\u00e9s la Corte de Apelaciones escuchara un caso de un ni\u00f1o ahogado en una piscina, el tema del art\u00edculo en Forbes refiri\u00e9ndose arriba. DRD Pool v. Freed, 416 Md. 46 (2010). La Corte de Apelaci\u00f3n niega la consideraci\u00f3n el argumento del demandante que la capa es inconstitucional, nada que el jurado siga permitiendo la oportunidad los hechos que llevan peso, y esto no priva a los ciudadanos al derecho de tener un juicio con jurado.<\/p>\n<p>Grupos como la Asociaci\u00f3n Americana de Reforma de Acci\u00f3n en Delito que buscan reducir la capa en los da\u00f1os no econ\u00f3micos a $250,000. Ellos argumentan que el premio es arbitrario y juzga la falta de objetividad puesto a la naturaleza emocional del sujeto. Disponible en http:\/\/www.atra.org\/issues\/noneconomic-damages-reform. Este debate probablemente continuar\u00e1, pero se dejar\u00e1 a la legislatura y el sistema judicial determinar cu\u00e1l posici\u00f3n prevalecer\u00e1 al final.<\/p>\n<h2>La Capa Podr\u00eda Ser Insuficiente<\/h2>\n<p>Aunque la cantidad del premio pueda ser muy alta para algunos, es importante recordar cuando los n\u00fameros grandes aplican. Las lesiones envueltas frecuentemente envuelven muerte, perdida permanente de varias habilidades de vida, y otras causas irreparables por causa de la otra parte. En todas las circunstancias, si la capa ha sido aplicada, la otra parte se ha encontrado completamente culpable. Si usted ha estado en un horrible accidente de auto causando que su vida haya cambiado para siempre, usted pueda ver la capa baja.<\/p>\n<p>Casos de capa son relativamente raros. Son tan raros, por cierto, que la\u00a0<a title=\"Accident Value Calculator\" href=\"http:\/\/accidentvalues.com\/calculator\/\">our accident calculator<\/a> no toma la capa dentro la cuenta. Adem\u00e1s, los jurados pueden otorgar cualquier premio ellos vean que se ajuste. Los da\u00f1os premiados a la parte lesionada por el jurado se reducen luego del hecho para cumplir con la capa.<\/p>\n","protected":false},"excerpt":{"rendered":"<p>Historial de La Capa en Da\u00f1os No Econ\u00f3micos Com\u00fanmente se refiere esto como \u201cla capa\u201d en Maryland, por ley, hay una cantidad m\u00e1xima por la cual un lesionado puede recibir por danos \u201cno econ\u00f3micos\u201d. La capa se aplica solo a los da\u00f1os no econ\u00f3micos en litigaci\u00f3n de da\u00f1os en lesi\u00f3n personal como negligencia o accidentes. [&hellip;]<\/p>\n","protected":false},"author":1,"featured_media":0,"parent":69,"menu_order":0,"comment_status":"closed","ping_status":"open","template":"","meta":{"footnotes":""},"class_list":["post-165","page","type-page","status-publish","hentry"],"yoast_head":"<!-- This site is optimized with the Yoast SEO plugin v27.3 - https:\/\/yoast.com\/product\/yoast-seo-wordpress\/ -->\n<title>Cap on Noneconomic Damages in Maryland<\/title>\n<meta name=\"description\" content=\"An injured party in an accident case or a malpractice action may be subject to the cap, or maximum amount, on noneconomic damages. Article has details on it\" \/>\n<meta name=\"robots\" content=\"index, follow, max-snippet:-1, max-image-preview:large, max-video-preview:-1\" \/>\n<link rel=\"canonical\" href=\"https:\/\/accidentvalues.com\/es\/info\/maryland\/cap-on-damages\/\" \/>\n<meta property=\"og:locale\" content=\"en_US\" \/>\n<meta property=\"og:type\" content=\"article\" \/>\n<meta property=\"og:title\" content=\"Cap on Noneconomic Damages in Maryland\" \/>\n<meta property=\"og:description\" content=\"An injured party in an accident case or a malpractice action may be subject to the cap, or maximum amount, on noneconomic damages. Article has details on it\" \/>\n<meta property=\"og:url\" content=\"https:\/\/accidentvalues.com\/es\/info\/maryland\/cap-on-damages\/\" \/>\n<meta property=\"og:site_name\" content=\"AccidentValues.com Espa\u00f1ol\" \/>\n<meta property=\"article:modified_time\" content=\"2019-11-26T21:21:27+00:00\" \/>\n<meta name=\"twitter:card\" content=\"summary_large_image\" \/>\n<meta name=\"twitter:label1\" content=\"Est. reading time\" \/>\n\t<meta name=\"twitter:data1\" content=\"4 minutes\" \/>\n<script type=\"application\/ld+json\" class=\"yoast-schema-graph\">{\"@context\":\"https:\\\/\\\/schema.org\",\"@graph\":[{\"@type\":\"WebPage\",\"@id\":\"https:\\\/\\\/accidentvalues.com\\\/es\\\/info\\\/maryland\\\/cap-on-damages\\\/\",\"url\":\"https:\\\/\\\/accidentvalues.com\\\/es\\\/info\\\/maryland\\\/cap-on-damages\\\/\",\"name\":\"Cap on Noneconomic Damages in Maryland\",\"isPartOf\":{\"@id\":\"https:\\\/\\\/accidentvalues.com\\\/es\\\/#website\"},\"datePublished\":\"2013-09-11T23:53:15+00:00\",\"dateModified\":\"2019-11-26T21:21:27+00:00\",\"description\":\"An injured party in an accident case or a malpractice action may be subject to the cap, or maximum amount, on noneconomic damages. Article has details on it\",\"breadcrumb\":{\"@id\":\"https:\\\/\\\/accidentvalues.com\\\/es\\\/info\\\/maryland\\\/cap-on-damages\\\/#breadcrumb\"},\"inLanguage\":\"en-US\",\"potentialAction\":[{\"@type\":\"ReadAction\",\"target\":[\"https:\\\/\\\/accidentvalues.com\\\/es\\\/info\\\/maryland\\\/cap-on-damages\\\/\"]}]},{\"@type\":\"BreadcrumbList\",\"@id\":\"https:\\\/\\\/accidentvalues.com\\\/es\\\/info\\\/maryland\\\/cap-on-damages\\\/#breadcrumb\",\"itemListElement\":[{\"@type\":\"ListItem\",\"position\":1,\"name\":\"Home\",\"item\":\"https:\\\/\\\/accidentvalues.com\\\/es\\\/\"},{\"@type\":\"ListItem\",\"position\":2,\"name\":\"Informaci\u00f3n\",\"item\":\"https:\\\/\\\/accidentvalues.com\\\/es\\\/info\\\/\"},{\"@type\":\"ListItem\",\"position\":3,\"name\":\"Maryland\",\"item\":\"https:\\\/\\\/accidentvalues.com\\\/es\\\/info\\\/maryland\\\/\"},{\"@type\":\"ListItem\",\"position\":4,\"name\":\"Capa en Da\u00f1os\"}]},{\"@type\":\"WebSite\",\"@id\":\"https:\\\/\\\/accidentvalues.com\\\/es\\\/#website\",\"url\":\"https:\\\/\\\/accidentvalues.com\\\/es\\\/\",\"name\":\"AccidentValues.com Espa\u00f1ol\",\"description\":\"Calculate the Value of a Car or Truck Accident Claim\",\"potentialAction\":[{\"@type\":\"SearchAction\",\"target\":{\"@type\":\"EntryPoint\",\"urlTemplate\":\"https:\\\/\\\/accidentvalues.com\\\/es\\\/?s={search_term_string}\"},\"query-input\":{\"@type\":\"PropertyValueSpecification\",\"valueRequired\":true,\"valueName\":\"search_term_string\"}}],\"inLanguage\":\"en-US\"}]}<\/script>\n<!-- \/ Yoast SEO plugin. -->","yoast_head_json":{"title":"Cap on Noneconomic Damages in Maryland","description":"An injured party in an accident case or a malpractice action may be subject to the cap, or maximum amount, on noneconomic damages. Article has details on it","robots":{"index":"index","follow":"follow","max-snippet":"max-snippet:-1","max-image-preview":"max-image-preview:large","max-video-preview":"max-video-preview:-1"},"canonical":"https:\/\/accidentvalues.com\/es\/info\/maryland\/cap-on-damages\/","og_locale":"en_US","og_type":"article","og_title":"Cap on Noneconomic Damages in Maryland","og_description":"An injured party in an accident case or a malpractice action may be subject to the cap, or maximum amount, on noneconomic damages. Article has details on it","og_url":"https:\/\/accidentvalues.com\/es\/info\/maryland\/cap-on-damages\/","og_site_name":"AccidentValues.com Espa\u00f1ol","article_modified_time":"2019-11-26T21:21:27+00:00","twitter_card":"summary_large_image","twitter_misc":{"Est. reading time":"4 minutes"},"schema":{"@context":"https:\/\/schema.org","@graph":[{"@type":"WebPage","@id":"https:\/\/accidentvalues.com\/es\/info\/maryland\/cap-on-damages\/","url":"https:\/\/accidentvalues.com\/es\/info\/maryland\/cap-on-damages\/","name":"Cap on Noneconomic Damages in Maryland","isPartOf":{"@id":"https:\/\/accidentvalues.com\/es\/#website"},"datePublished":"2013-09-11T23:53:15+00:00","dateModified":"2019-11-26T21:21:27+00:00","description":"An injured party in an accident case or a malpractice action may be subject to the cap, or maximum amount, on noneconomic damages. Article has details on it","breadcrumb":{"@id":"https:\/\/accidentvalues.com\/es\/info\/maryland\/cap-on-damages\/#breadcrumb"},"inLanguage":"en-US","potentialAction":[{"@type":"ReadAction","target":["https:\/\/accidentvalues.com\/es\/info\/maryland\/cap-on-damages\/"]}]},{"@type":"BreadcrumbList","@id":"https:\/\/accidentvalues.com\/es\/info\/maryland\/cap-on-damages\/#breadcrumb","itemListElement":[{"@type":"ListItem","position":1,"name":"Home","item":"https:\/\/accidentvalues.com\/es\/"},{"@type":"ListItem","position":2,"name":"Informaci\u00f3n","item":"https:\/\/accidentvalues.com\/es\/info\/"},{"@type":"ListItem","position":3,"name":"Maryland","item":"https:\/\/accidentvalues.com\/es\/info\/maryland\/"},{"@type":"ListItem","position":4,"name":"Capa en Da\u00f1os"}]},{"@type":"WebSite","@id":"https:\/\/accidentvalues.com\/es\/#website","url":"https:\/\/accidentvalues.com\/es\/","name":"AccidentValues.com Espa\u00f1ol","description":"Calculate the Value of a Car or Truck Accident Claim","potentialAction":[{"@type":"SearchAction","target":{"@type":"EntryPoint","urlTemplate":"https:\/\/accidentvalues.com\/es\/?s={search_term_string}"},"query-input":{"@type":"PropertyValueSpecification","valueRequired":true,"valueName":"search_term_string"}}],"inLanguage":"en-US"}]}},"_links":{"self":[{"href":"https:\/\/accidentvalues.com\/es\/wp-json\/wp\/v2\/pages\/165","targetHints":{"allow":["GET"]}}],"collection":[{"href":"https:\/\/accidentvalues.com\/es\/wp-json\/wp\/v2\/pages"}],"about":[{"href":"https:\/\/accidentvalues.com\/es\/wp-json\/wp\/v2\/types\/page"}],"author":[{"embeddable":true,"href":"https:\/\/accidentvalues.com\/es\/wp-json\/wp\/v2\/users\/1"}],"replies":[{"embeddable":true,"href":"https:\/\/accidentvalues.com\/es\/wp-json\/wp\/v2\/comments?post=165"}],"version-history":[{"count":5,"href":"https:\/\/accidentvalues.com\/es\/wp-json\/wp\/v2\/pages\/165\/revisions"}],"predecessor-version":[{"id":581,"href":"https:\/\/accidentvalues.com\/es\/wp-json\/wp\/v2\/pages\/165\/revisions\/581"}],"up":[{"embeddable":true,"href":"https:\/\/accidentvalues.com\/es\/wp-json\/wp\/v2\/pages\/69"}],"wp:attachment":[{"href":"https:\/\/accidentvalues.com\/es\/wp-json\/wp\/v2\/media?parent=165"}],"curies":[{"name":"wp","href":"https:\/\/api.w.org\/{rel}","templated":true}]}}