{"id":193,"date":"2014-02-23T16:19:00","date_gmt":"2014-02-23T21:19:00","guid":{"rendered":"http:\/\/accidentvalues.com\/?page_id=193"},"modified":"2019-11-25T16:00:16","modified_gmt":"2019-11-25T21:00:16","slug":"settling-court","status":"publish","type":"page","link":"https:\/\/accidentvalues.com\/es\/info\/cases\/settling-court\/","title":{"rendered":"Llegar a un Acuerdo antes de ir a Corte"},"content":{"rendered":"<p>Esos que se involucran en un caso de lesi\u00f3n personal, as\u00ed sea un accidente de auto, accidente de camioneta, usualmente tienen preguntas acerca llegar a un acuerdo.<\/p>\n<blockquote><p>\u2022 \u00bfCu\u00e1ndo usted debe de llegar a acuerdo frente a la corte?<br \/>\n\u2022 \u00bfEs mejor llegar a un acuerdo con la compa\u00f1\u00eda de seguro o debe de conseguir un abogado?<br \/>\n\u2022 \u00bfQu\u00e9 significa llegar a un acuerdo con la compa\u00f1\u00eda de seguro?<br \/>\n\u2022 \u00bfSi llego a un acuerdo con la compa\u00f1\u00eda de seguro, puedo colectar dinero?<\/p><\/blockquote>\n<p>La televisi\u00f3n hace que parezca que los abogados pasan la mayor parte de su vida en corte. De cualquier manera, la mayor\u00eda de los casos civiles llegan a un acuerdo si el drama de la sala de corte. Para poner esto en una perspectiva, en 2008, el porcentaje nacional de casos nacionales que fueron a juicio fue 1.4%.[1]-<\/p>\n<p>Los litigios civiles son costosos. Litigios civiles es extremadamente costoso cuando va a juicio. Puesto a expedientes civiles con mucha multitud a trav\u00e9s del estado, los litigios tambi\u00e9n pueden ser un proceso muy la. Desde la fecha que la queja se halla sometido, hasta la fecha que el caso se halla probado, un caso civil puede tardarse algunos meses o algunos a\u00f1os. Durante este tiempo varios cargos se pueden acumular entre las diferentes partes envueltas. El costo forma parte de la ecuaci\u00f3n. Y es simplemente la ecuaci\u00f3n la que determina si el caso debe llegar a un acuerdo o deber\u00eda ir a juicio.<\/p>\n<blockquote><p>\u2022 \u00bfCu\u00e1l es la oportunidad de \u00e9xito?<br \/>\n\u2022 \u00bfCu\u00e1l es el tiempo envuelto?<br \/>\n\u2022 \u00bfCu\u00e1l es el costo envuelto?<\/p><\/blockquote>\n<p>Cada una de estas preguntas debe de ser contestada como para ir a juicio hasta como para llegar a acuerdos. La oportunidad del \u00e9xito es lo que usted puede pensar al igual que su abogado. El tiempo envuelto tambi\u00e9n es usualmente basado en las experiencias previas del abogado de lesi\u00f3n personal. El costo puede ser estimado puede ser estimado. Siempre estime conservativamente y que nunca se le olviden los fijos de abogado. Que no se les olvide el tiempo gastado para ir a juicio por usted. \u00bfUsted ha perdido tiempo del trabajo en juicio o prepar\u00e1ndose? \u00bfCu\u00e1l es el costo emocional?<\/p>\n<p>Los jueces frecuentemente fomentan a los litigantes en un caso que traten de llegar a un acuerdo que resuelva su disputa antes de ir a juicio. Algunas veces, habr\u00e1 alternativas de resoluci\u00f3n mandatarias. En particular, casi todas las cortes fomentan que usen el modo de mediaci\u00f3n, arbitraje, y otras formas de ADR. El punto es la resoluci\u00f3n temprana de una disputa sin la necesidad de ir a juicio o otros procedimientos en corte. [2] Como resultado, litigantes casi siempre deciden resolver una demanda civil como lo que se conoce como un \u201cacuerdo\u201d. Un \u201cacuerdo\u201d es un contrato entre las dos partes involucradas, en la que las partes est\u00e1n de acuerdo en c\u00f3mo resolver la disputa. El acuerdo casi siempre toma la forma de una parte estando de acuerdo en pagar a la otra parte una cantidad de dinero en cambio de un acuerdo para tirar la demanda. El acuerdo de pagarle a la otra parte, puede ser estructurado como una suma estructural, o dividida en pagos peri\u00f3dicos por una cantidad de tiempo ya propuesta.<\/p>\n<p>\u00bfDeber\u00eda llegar usted a un acuerdo? Solo un buen abogado de lesi\u00f3n personal le puede contestar. La mayor\u00eda de las veces, la compa\u00f1\u00eda de seguro le ofrecer\u00e1 menos de lo que su caso est\u00e1 valorado. Esta simplemente hecho en el DNA de la compa\u00f1\u00eda de seguro.<\/p>\n<p>\u00bfDeber\u00eda buscar un abogado? Les decimos \u201csi siempre, en todo accidente de auto u otro caso de lesi\u00f3n personal\u201d. Pero otra vez, somos partidistas. Somo abogados de lesi\u00f3n personal. Por lo dicho, hable con alg\u00fan abogado de lesi\u00f3n. Ya que usted habla con un ajustador de la compa\u00f1\u00eda de seguro. Por supuesto debe de ver las dos caras de la moneda.<\/p>\n<p>Muchas veces, los acuerdos ejecutan los futuros derechos a compensaci\u00f3n. Solo por esa raz\u00f3n debe de ser suficiente hablar con un abogado.<\/p>\n<div>\n<hr align=\"left\" size=\"1\" width=\"33%\" \/>\n<div>\n<p>[1] The Honorable Susan K. Gauvey, Heather R. Pruger, <span style=\"text-decoration: underline;\">Trials, Verdicts and Mediation in Maryland&#8217;s U.S. District Court<\/span>, Md. B.J., July\/August 2010, at 52, 53<\/p>\n<\/div>\n<div>\n<p>[2] <i>Civil Cases<\/i>, USCOURTS.GOV, <a href=\"http:\/\/www.uscourts.gov\/FederalCourts\/UnderstandingtheFederalCourts\/HowCourtsWork\/CivilCases.aspx\">http:\/\/www.uscourts.gov\/FederalCourts\/UnderstandingtheFederalCourts\/HowCourtsWork\/CivilCases.aspx<\/a> (last visited February 15, 2014)<\/p>\n<\/div>\n<\/div>\n","protected":false},"excerpt":{"rendered":"<p>Esos que se involucran en un caso de lesi\u00f3n personal, as\u00ed sea un accidente de auto, accidente de camioneta, usualmente tienen preguntas acerca llegar a un acuerdo. \u2022 \u00bfCu\u00e1ndo usted debe de llegar a acuerdo frente a la corte? \u2022 \u00bfEs mejor llegar a un acuerdo con la compa\u00f1\u00eda de seguro o debe de conseguir [&hellip;]<\/p>\n","protected":false},"author":1,"featured_media":0,"parent":54,"menu_order":0,"comment_status":"closed","ping_status":"open","template":"","meta":{"footnotes":""},"class_list":["post-193","page","type-page","status-publish","hentry"],"yoast_head":"<!-- This site is optimized with the Yoast SEO plugin v27.3 - https:\/\/yoast.com\/product\/yoast-seo-wordpress\/ -->\n<title>Llegar a un Acuerdo antes de ir a Corte - AccidentValues.com Espa\u00f1ol<\/title>\n<meta name=\"robots\" content=\"index, follow, max-snippet:-1, max-image-preview:large, max-video-preview:-1\" \/>\n<link rel=\"canonical\" href=\"https:\/\/accidentvalues.com\/es\/info\/cases\/settling-court\/\" \/>\n<meta property=\"og:locale\" content=\"en_US\" \/>\n<meta property=\"og:type\" content=\"article\" \/>\n<meta property=\"og:title\" content=\"Llegar a un Acuerdo antes de ir a Corte - AccidentValues.com Espa\u00f1ol\" \/>\n<meta property=\"og:description\" content=\"Esos que se involucran en un caso de lesi\u00f3n personal, as\u00ed sea un accidente de auto, accidente de camioneta, usualmente tienen preguntas acerca llegar a un acuerdo. \u2022 \u00bfCu\u00e1ndo usted debe de llegar a acuerdo frente a la corte? \u2022 \u00bfEs mejor llegar a un acuerdo con la compa\u00f1\u00eda de seguro o debe de conseguir [&hellip;]\" \/>\n<meta property=\"og:url\" content=\"https:\/\/accidentvalues.com\/es\/info\/cases\/settling-court\/\" \/>\n<meta property=\"og:site_name\" content=\"AccidentValues.com Espa\u00f1ol\" \/>\n<meta property=\"article:modified_time\" content=\"2019-11-25T21:00:16+00:00\" \/>\n<meta name=\"twitter:card\" content=\"summary_large_image\" \/>\n<meta name=\"twitter:label1\" content=\"Est. reading time\" \/>\n\t<meta name=\"twitter:data1\" content=\"4 minutes\" \/>\n<script type=\"application\/ld+json\" class=\"yoast-schema-graph\">{\"@context\":\"https:\\\/\\\/schema.org\",\"@graph\":[{\"@type\":\"WebPage\",\"@id\":\"https:\\\/\\\/accidentvalues.com\\\/es\\\/info\\\/cases\\\/settling-court\\\/\",\"url\":\"https:\\\/\\\/accidentvalues.com\\\/es\\\/info\\\/cases\\\/settling-court\\\/\",\"name\":\"Llegar a un Acuerdo antes de ir a Corte - AccidentValues.com Espa\u00f1ol\",\"isPartOf\":{\"@id\":\"https:\\\/\\\/accidentvalues.com\\\/es\\\/#website\"},\"datePublished\":\"2014-02-23T21:19:00+00:00\",\"dateModified\":\"2019-11-25T21:00:16+00:00\",\"breadcrumb\":{\"@id\":\"https:\\\/\\\/accidentvalues.com\\\/es\\\/info\\\/cases\\\/settling-court\\\/#breadcrumb\"},\"inLanguage\":\"en-US\",\"potentialAction\":[{\"@type\":\"ReadAction\",\"target\":[\"https:\\\/\\\/accidentvalues.com\\\/es\\\/info\\\/cases\\\/settling-court\\\/\"]}]},{\"@type\":\"BreadcrumbList\",\"@id\":\"https:\\\/\\\/accidentvalues.com\\\/es\\\/info\\\/cases\\\/settling-court\\\/#breadcrumb\",\"itemListElement\":[{\"@type\":\"ListItem\",\"position\":1,\"name\":\"Home\",\"item\":\"https:\\\/\\\/accidentvalues.com\\\/es\\\/\"},{\"@type\":\"ListItem\",\"position\":2,\"name\":\"Informaci\u00f3n\",\"item\":\"https:\\\/\\\/accidentvalues.com\\\/es\\\/info\\\/\"},{\"@type\":\"ListItem\",\"position\":3,\"name\":\"Casos\",\"item\":\"https:\\\/\\\/accidentvalues.com\\\/es\\\/info\\\/cases\\\/\"},{\"@type\":\"ListItem\",\"position\":4,\"name\":\"Llegar a un Acuerdo antes de ir a Corte\"}]},{\"@type\":\"WebSite\",\"@id\":\"https:\\\/\\\/accidentvalues.com\\\/es\\\/#website\",\"url\":\"https:\\\/\\\/accidentvalues.com\\\/es\\\/\",\"name\":\"AccidentValues.com Espa\u00f1ol\",\"description\":\"Calculate the Value of a Car or Truck Accident Claim\",\"potentialAction\":[{\"@type\":\"SearchAction\",\"target\":{\"@type\":\"EntryPoint\",\"urlTemplate\":\"https:\\\/\\\/accidentvalues.com\\\/es\\\/?s={search_term_string}\"},\"query-input\":{\"@type\":\"PropertyValueSpecification\",\"valueRequired\":true,\"valueName\":\"search_term_string\"}}],\"inLanguage\":\"en-US\"}]}<\/script>\n<!-- \/ Yoast SEO plugin. -->","yoast_head_json":{"title":"Llegar a un Acuerdo antes de ir a Corte - AccidentValues.com Espa\u00f1ol","robots":{"index":"index","follow":"follow","max-snippet":"max-snippet:-1","max-image-preview":"max-image-preview:large","max-video-preview":"max-video-preview:-1"},"canonical":"https:\/\/accidentvalues.com\/es\/info\/cases\/settling-court\/","og_locale":"en_US","og_type":"article","og_title":"Llegar a un Acuerdo antes de ir a Corte - AccidentValues.com Espa\u00f1ol","og_description":"Esos que se involucran en un caso de lesi\u00f3n personal, as\u00ed sea un accidente de auto, accidente de camioneta, usualmente tienen preguntas acerca llegar a un acuerdo. \u2022 \u00bfCu\u00e1ndo usted debe de llegar a acuerdo frente a la corte? \u2022 \u00bfEs mejor llegar a un acuerdo con la compa\u00f1\u00eda de seguro o debe de conseguir [&hellip;]","og_url":"https:\/\/accidentvalues.com\/es\/info\/cases\/settling-court\/","og_site_name":"AccidentValues.com Espa\u00f1ol","article_modified_time":"2019-11-25T21:00:16+00:00","twitter_card":"summary_large_image","twitter_misc":{"Est. reading time":"4 minutes"},"schema":{"@context":"https:\/\/schema.org","@graph":[{"@type":"WebPage","@id":"https:\/\/accidentvalues.com\/es\/info\/cases\/settling-court\/","url":"https:\/\/accidentvalues.com\/es\/info\/cases\/settling-court\/","name":"Llegar a un Acuerdo antes de ir a Corte - AccidentValues.com Espa\u00f1ol","isPartOf":{"@id":"https:\/\/accidentvalues.com\/es\/#website"},"datePublished":"2014-02-23T21:19:00+00:00","dateModified":"2019-11-25T21:00:16+00:00","breadcrumb":{"@id":"https:\/\/accidentvalues.com\/es\/info\/cases\/settling-court\/#breadcrumb"},"inLanguage":"en-US","potentialAction":[{"@type":"ReadAction","target":["https:\/\/accidentvalues.com\/es\/info\/cases\/settling-court\/"]}]},{"@type":"BreadcrumbList","@id":"https:\/\/accidentvalues.com\/es\/info\/cases\/settling-court\/#breadcrumb","itemListElement":[{"@type":"ListItem","position":1,"name":"Home","item":"https:\/\/accidentvalues.com\/es\/"},{"@type":"ListItem","position":2,"name":"Informaci\u00f3n","item":"https:\/\/accidentvalues.com\/es\/info\/"},{"@type":"ListItem","position":3,"name":"Casos","item":"https:\/\/accidentvalues.com\/es\/info\/cases\/"},{"@type":"ListItem","position":4,"name":"Llegar a un Acuerdo antes de ir a Corte"}]},{"@type":"WebSite","@id":"https:\/\/accidentvalues.com\/es\/#website","url":"https:\/\/accidentvalues.com\/es\/","name":"AccidentValues.com Espa\u00f1ol","description":"Calculate the Value of a Car or Truck Accident Claim","potentialAction":[{"@type":"SearchAction","target":{"@type":"EntryPoint","urlTemplate":"https:\/\/accidentvalues.com\/es\/?s={search_term_string}"},"query-input":{"@type":"PropertyValueSpecification","valueRequired":true,"valueName":"search_term_string"}}],"inLanguage":"en-US"}]}},"_links":{"self":[{"href":"https:\/\/accidentvalues.com\/es\/wp-json\/wp\/v2\/pages\/193","targetHints":{"allow":["GET"]}}],"collection":[{"href":"https:\/\/accidentvalues.com\/es\/wp-json\/wp\/v2\/pages"}],"about":[{"href":"https:\/\/accidentvalues.com\/es\/wp-json\/wp\/v2\/types\/page"}],"author":[{"embeddable":true,"href":"https:\/\/accidentvalues.com\/es\/wp-json\/wp\/v2\/users\/1"}],"replies":[{"embeddable":true,"href":"https:\/\/accidentvalues.com\/es\/wp-json\/wp\/v2\/comments?post=193"}],"version-history":[{"count":3,"href":"https:\/\/accidentvalues.com\/es\/wp-json\/wp\/v2\/pages\/193\/revisions"}],"predecessor-version":[{"id":549,"href":"https:\/\/accidentvalues.com\/es\/wp-json\/wp\/v2\/pages\/193\/revisions\/549"}],"up":[{"embeddable":true,"href":"https:\/\/accidentvalues.com\/es\/wp-json\/wp\/v2\/pages\/54"}],"wp:attachment":[{"href":"https:\/\/accidentvalues.com\/es\/wp-json\/wp\/v2\/media?parent=193"}],"curies":[{"name":"wp","href":"https:\/\/api.w.org\/{rel}","templated":true}]}}