{"id":196,"date":"2014-03-12T23:15:30","date_gmt":"2014-03-13T03:15:30","guid":{"rendered":"http:\/\/accidentvalues.com\/?page_id=196"},"modified":"2019-11-25T14:16:09","modified_gmt":"2019-11-25T19:16:09","slug":"taxation","status":"publish","type":"page","link":"https:\/\/accidentvalues.com\/es\/info\/settlements\/taxation\/","title":{"rendered":"Impuestos"},"content":{"rendered":"<h2>\u00bfAcuerdos legales son sujetos a recaudaci\u00f3n de impuestos?<\/h2>\n<p>Respuesta corta: eso depende<\/p>\n<p>La cantidad de dinero que usted tiene que pagar en impuestos luego de recibir un acuerdo legal depende de los hechos y circunstancias de su caso.[1] Su recuperaci\u00f3n depende de diferentes tipos de da\u00f1os.<\/p>\n<blockquote><p><strong>\u2022 Da\u00f1o existente<\/strong> \u2013 compensa por una lesi\u00f3n probada o perdida [2]<br \/>\n<strong>\u2022 Da\u00f1os de estr\u00e9s emocional<\/strong> \u2013 comienza la reacci\u00f3n mental directa relacionada con la lesi\u00f3n f\u00edsica o enfermedad f\u00edsica [3]<br \/>\n<strong>\u2022 Da\u00f1os punitivos<\/strong> \u2013 est\u00e1 destinado a castigar, premiado cuando el acusado ha actuado con imprudencia, maliciosamente o enga\u00f1o [4]<\/p><\/blockquote>\n<p>&nbsp;<\/p>\n<p><b>Da\u00f1os existentes por lesi\u00f3n f\u00edsica o enfermedad ni tiene impuestos. <\/b>Cuando usted somete sus impuestos con el IRS. Title 26 U.S. Code 104 protege \u201clos da\u00f1os recibidos en una cuenta de lesi\u00f3n personal f\u00edsica o enfermedad f\u00edsica\u201d. [5]<\/p>\n<p>Stress emocional incluyen s\u00edntomas f\u00edsicos como dolores de cabeza, insomnio y desordenes estomacales.[6] Los procedimientos que usted recibe por estr\u00e9s emocional o angustia mental se originan por una lesi\u00f3n f\u00edsica personal o enfermedad f\u00edsica que son tratados de la misma manera que los mismos procedimientos recibidos por lesiones personales f\u00edsicas. [7] Si el estr\u00e9s emocional no es resultado de una lesi\u00f3n directa, esos da\u00f1os deben incluir salario.[8]<\/p>\n<p><strong>Gastos m\u00e9dicos NO tienen impuestos.<\/strong> Deben ser resultado directo de la lesi\u00f3n o enfermedad f\u00edsicas. [9] Tenga en mente, cualquier gasto que se deduce de un impuesto de un a\u00f1o puede que no cuente para los impuestos bajo un acuerdo de desembolsos de a\u00f1os siguientes. [10] La mejor manera es buscar aconsejo de un contable o consejero financiero lo m\u00e1s pronto posible.<\/p>\n<p><strong>Da\u00f1os Punitivos Son Tributos en Mayor Parte de Los Casos,<\/strong> aunque sean relacionados con una lesi\u00f3n f\u00edsica o enfermedad f\u00edsica. [11] Da\u00f1os punitivos est\u00e1n dise\u00f1ados para castigar la parte opuesta por su imprudente comportamiento, y son premiados m\u00e1s all\u00e1 del costo actual, cuentas m\u00e9dicas, da\u00f1os en estr\u00e9s emocional, costos en reparaci\u00f3n de propiedad. [12] Deben de ser reportados como \u201cotro salario\u201d en el formulario 1040. [13]<\/p>\n<p><strong>Cualquier inter\u00e9s en alg\u00fan premio tiene impuesto. [14]<\/strong> Esta considerado \u201cingreso de inter\u00e9s\u201d y debe ser reportado en documento 1040. [15]<\/p>\n<p>C<strong>ompensaci\u00f3n por perdida en salario y perdida de beneficios tiene impuesto en casi todos los casos. [16]<\/strong> Vea la lesi\u00f3n personal y un profesional de impuestos para determinar su responsabilidad de impuesto exacta en la perdida en salario.<\/p>\n<div>\n<p>&nbsp;<\/p>\n<hr align=\"left\" size=\"1\" width=\"33%\" \/>\n<div>\n<p>[1] I.R.S. Publ\u2019n 4345, \u00b6 1 (Rev. 11-2011).<\/p>\n<\/div>\n<div>\n<p>[2] Black\u2019s Law Dictionary (9th ed. 2009).<\/p>\n<\/div>\n<div>\n<p>[3] <i>Id.<\/i><\/p>\n<\/div>\n<div>\n<p>[4] <i>Id.<\/i><\/p>\n<\/div>\n<div>\n<p>[5] 26 U.S.C. \u00a7 104(a)(2) (2014).<\/p>\n<\/div>\n<div>\n<p>[6] I.R.S. Publ\u2019n 525, 29 (Dec. 31, 2013).<\/p>\n<\/div>\n<div>\n<p>[7] I.R.S. Publ\u2019n 4345, <i>supra<\/i> note 1, at \u00b6 5.<\/p>\n<\/div>\n<div>\n<p>[8] <i>Id.<\/i> at \u00b6 6.<\/p>\n<\/div>\n<div>\n<p>[9] I.R.S. Publ\u2019n 525, <i>supra<\/i> note 6, at 29.<\/p>\n<\/div>\n<div>\n<p>[10] I.R.S. Publ\u2019n 4345, <i>supra<\/i> note 1, at \u00b6 4.<\/p>\n<\/div>\n<div>\n<p>[11] I.R.S. Publ\u2019n 525, <i>supra<\/i> note 6, at 29.<\/p>\n<\/div>\n<div>\n<p>[12] Black\u2019s Law Dictionary, <i>supra<\/i> note 2.<\/p>\n<\/div>\n<div>\n<p>[13] I.R.S. Publ\u2019n 4345, <i>supra<\/i> note 1, at \u00b6 12.<\/p>\n<\/div>\n<div>\n<p>[14] I.R.S. Publ\u2019n 525, <i>supra<\/i> note 6, at 29.<\/p>\n<\/div>\n<div>\n<p>[15] I.R.S. Publ\u2019n 4345, <i>supra<\/i> note 1, at \u00b6 11.<\/p>\n<\/div>\n<div>\n<p>[16] I.R.S. Publ\u2019n 525, <i>supra<\/i> note 6, at 29.<\/p>\n<\/div>\n<\/div>\n","protected":false},"excerpt":{"rendered":"<p>\u00bfAcuerdos legales son sujetos a recaudaci\u00f3n de impuestos? Respuesta corta: eso depende La cantidad de dinero que usted tiene que pagar en impuestos luego de recibir un acuerdo legal depende de los hechos y circunstancias de su caso.[1] Su recuperaci\u00f3n depende de diferentes tipos de da\u00f1os. \u2022 Da\u00f1o existente \u2013 compensa por una lesi\u00f3n probada [&hellip;]<\/p>\n","protected":false},"author":1,"featured_media":0,"parent":52,"menu_order":0,"comment_status":"closed","ping_status":"open","template":"","meta":{"footnotes":""},"class_list":["post-196","page","type-page","status-publish","hentry"],"yoast_head":"<!-- This site is optimized with the Yoast SEO plugin v27.3 - https:\/\/yoast.com\/product\/yoast-seo-wordpress\/ -->\n<title>Taxation of Legal Settlements<\/title>\n<meta name=\"description\" content=\"Tries to help answer the question: &quot;Are legal settlements subject to taxes?&quot;\" \/>\n<meta name=\"robots\" content=\"index, follow, max-snippet:-1, max-image-preview:large, max-video-preview:-1\" \/>\n<link rel=\"canonical\" href=\"https:\/\/accidentvalues.com\/es\/info\/settlements\/taxation\/\" \/>\n<meta property=\"og:locale\" content=\"en_US\" \/>\n<meta property=\"og:type\" content=\"article\" \/>\n<meta property=\"og:title\" content=\"Taxation of Legal Settlements\" \/>\n<meta property=\"og:description\" content=\"Tries to help answer the question: &quot;Are legal settlements subject to taxes?&quot;\" \/>\n<meta property=\"og:url\" content=\"https:\/\/accidentvalues.com\/es\/info\/settlements\/taxation\/\" \/>\n<meta property=\"og:site_name\" content=\"AccidentValues.com Espa\u00f1ol\" \/>\n<meta property=\"article:modified_time\" content=\"2019-11-25T19:16:09+00:00\" \/>\n<meta name=\"twitter:card\" content=\"summary_large_image\" \/>\n<meta name=\"twitter:label1\" content=\"Est. reading time\" \/>\n\t<meta name=\"twitter:data1\" content=\"3 minutes\" \/>\n<script type=\"application\/ld+json\" class=\"yoast-schema-graph\">{\"@context\":\"https:\\\/\\\/schema.org\",\"@graph\":[{\"@type\":\"WebPage\",\"@id\":\"https:\\\/\\\/accidentvalues.com\\\/es\\\/info\\\/settlements\\\/taxation\\\/\",\"url\":\"https:\\\/\\\/accidentvalues.com\\\/es\\\/info\\\/settlements\\\/taxation\\\/\",\"name\":\"Taxation of Legal Settlements\",\"isPartOf\":{\"@id\":\"https:\\\/\\\/accidentvalues.com\\\/es\\\/#website\"},\"datePublished\":\"2014-03-13T03:15:30+00:00\",\"dateModified\":\"2019-11-25T19:16:09+00:00\",\"description\":\"Tries to help answer the question: \\\"Are legal settlements subject to taxes?\\\"\",\"breadcrumb\":{\"@id\":\"https:\\\/\\\/accidentvalues.com\\\/es\\\/info\\\/settlements\\\/taxation\\\/#breadcrumb\"},\"inLanguage\":\"en-US\",\"potentialAction\":[{\"@type\":\"ReadAction\",\"target\":[\"https:\\\/\\\/accidentvalues.com\\\/es\\\/info\\\/settlements\\\/taxation\\\/\"]}]},{\"@type\":\"BreadcrumbList\",\"@id\":\"https:\\\/\\\/accidentvalues.com\\\/es\\\/info\\\/settlements\\\/taxation\\\/#breadcrumb\",\"itemListElement\":[{\"@type\":\"ListItem\",\"position\":1,\"name\":\"Home\",\"item\":\"https:\\\/\\\/accidentvalues.com\\\/es\\\/\"},{\"@type\":\"ListItem\",\"position\":2,\"name\":\"Informaci\u00f3n\",\"item\":\"https:\\\/\\\/accidentvalues.com\\\/es\\\/info\\\/\"},{\"@type\":\"ListItem\",\"position\":3,\"name\":\"Acuerdo\",\"item\":\"https:\\\/\\\/accidentvalues.com\\\/es\\\/info\\\/settlements\\\/\"},{\"@type\":\"ListItem\",\"position\":4,\"name\":\"Impuestos\"}]},{\"@type\":\"WebSite\",\"@id\":\"https:\\\/\\\/accidentvalues.com\\\/es\\\/#website\",\"url\":\"https:\\\/\\\/accidentvalues.com\\\/es\\\/\",\"name\":\"AccidentValues.com Espa\u00f1ol\",\"description\":\"Calculate the Value of a Car or Truck Accident Claim\",\"potentialAction\":[{\"@type\":\"SearchAction\",\"target\":{\"@type\":\"EntryPoint\",\"urlTemplate\":\"https:\\\/\\\/accidentvalues.com\\\/es\\\/?s={search_term_string}\"},\"query-input\":{\"@type\":\"PropertyValueSpecification\",\"valueRequired\":true,\"valueName\":\"search_term_string\"}}],\"inLanguage\":\"en-US\"}]}<\/script>\n<!-- \/ Yoast SEO plugin. -->","yoast_head_json":{"title":"Taxation of Legal Settlements","description":"Tries to help answer the question: \"Are legal settlements subject to taxes?\"","robots":{"index":"index","follow":"follow","max-snippet":"max-snippet:-1","max-image-preview":"max-image-preview:large","max-video-preview":"max-video-preview:-1"},"canonical":"https:\/\/accidentvalues.com\/es\/info\/settlements\/taxation\/","og_locale":"en_US","og_type":"article","og_title":"Taxation of Legal Settlements","og_description":"Tries to help answer the question: \"Are legal settlements subject to taxes?\"","og_url":"https:\/\/accidentvalues.com\/es\/info\/settlements\/taxation\/","og_site_name":"AccidentValues.com Espa\u00f1ol","article_modified_time":"2019-11-25T19:16:09+00:00","twitter_card":"summary_large_image","twitter_misc":{"Est. reading time":"3 minutes"},"schema":{"@context":"https:\/\/schema.org","@graph":[{"@type":"WebPage","@id":"https:\/\/accidentvalues.com\/es\/info\/settlements\/taxation\/","url":"https:\/\/accidentvalues.com\/es\/info\/settlements\/taxation\/","name":"Taxation of Legal Settlements","isPartOf":{"@id":"https:\/\/accidentvalues.com\/es\/#website"},"datePublished":"2014-03-13T03:15:30+00:00","dateModified":"2019-11-25T19:16:09+00:00","description":"Tries to help answer the question: \"Are legal settlements subject to taxes?\"","breadcrumb":{"@id":"https:\/\/accidentvalues.com\/es\/info\/settlements\/taxation\/#breadcrumb"},"inLanguage":"en-US","potentialAction":[{"@type":"ReadAction","target":["https:\/\/accidentvalues.com\/es\/info\/settlements\/taxation\/"]}]},{"@type":"BreadcrumbList","@id":"https:\/\/accidentvalues.com\/es\/info\/settlements\/taxation\/#breadcrumb","itemListElement":[{"@type":"ListItem","position":1,"name":"Home","item":"https:\/\/accidentvalues.com\/es\/"},{"@type":"ListItem","position":2,"name":"Informaci\u00f3n","item":"https:\/\/accidentvalues.com\/es\/info\/"},{"@type":"ListItem","position":3,"name":"Acuerdo","item":"https:\/\/accidentvalues.com\/es\/info\/settlements\/"},{"@type":"ListItem","position":4,"name":"Impuestos"}]},{"@type":"WebSite","@id":"https:\/\/accidentvalues.com\/es\/#website","url":"https:\/\/accidentvalues.com\/es\/","name":"AccidentValues.com Espa\u00f1ol","description":"Calculate the Value of a Car or Truck Accident Claim","potentialAction":[{"@type":"SearchAction","target":{"@type":"EntryPoint","urlTemplate":"https:\/\/accidentvalues.com\/es\/?s={search_term_string}"},"query-input":{"@type":"PropertyValueSpecification","valueRequired":true,"valueName":"search_term_string"}}],"inLanguage":"en-US"}]}},"_links":{"self":[{"href":"https:\/\/accidentvalues.com\/es\/wp-json\/wp\/v2\/pages\/196","targetHints":{"allow":["GET"]}}],"collection":[{"href":"https:\/\/accidentvalues.com\/es\/wp-json\/wp\/v2\/pages"}],"about":[{"href":"https:\/\/accidentvalues.com\/es\/wp-json\/wp\/v2\/types\/page"}],"author":[{"embeddable":true,"href":"https:\/\/accidentvalues.com\/es\/wp-json\/wp\/v2\/users\/1"}],"replies":[{"embeddable":true,"href":"https:\/\/accidentvalues.com\/es\/wp-json\/wp\/v2\/comments?post=196"}],"version-history":[{"count":3,"href":"https:\/\/accidentvalues.com\/es\/wp-json\/wp\/v2\/pages\/196\/revisions"}],"predecessor-version":[{"id":537,"href":"https:\/\/accidentvalues.com\/es\/wp-json\/wp\/v2\/pages\/196\/revisions\/537"}],"up":[{"embeddable":true,"href":"https:\/\/accidentvalues.com\/es\/wp-json\/wp\/v2\/pages\/52"}],"wp:attachment":[{"href":"https:\/\/accidentvalues.com\/es\/wp-json\/wp\/v2\/media?parent=196"}],"curies":[{"name":"wp","href":"https:\/\/api.w.org\/{rel}","templated":true}]}}