{"id":2,"date":"2012-12-17T20:21:57","date_gmt":"2012-12-17T20:21:57","guid":{"rendered":"http:\/\/accidentvalues.com\/\/?page_id=2"},"modified":"2019-11-25T11:10:27","modified_gmt":"2019-11-25T16:10:27","slug":"lawyer","status":"publish","type":"page","link":"https:\/\/accidentvalues.com\/es\/lawyer\/","title":{"rendered":"Abogados de Accidentes"},"content":{"rendered":"<h2>Abogados de Accidentes en Baltimore<\/h2>\n<p>Nosotros creamos Valores de Accidente para proveerle un estimado crudo sobre el valor de su caso. Claro, nosotros somos abogados, por eso le damos la negociaci\u00f3n de abogados- el valor de su caso depende de numerosos factores, son muy numeroso para nombrarlos en una sola lista. Un elemento que nuestra calculadora no provee ya que simplemente ser\u00e1 muy especulativo, son problemas geogr\u00e1ficos espec\u00edficos. Una persona que tiene un caso de lesi\u00f3n en accidente en el estado de Maryland no vale lo mismo que en el estado de Georgia. Diferentes condados en el estado de Maryland tienen diferentes valores en promedio. Un caso en el este de Maryland quiz\u00e1 no tenga el mismo valor de un casi de lesi\u00f3n personal en Baltimore.<\/p>\n<h2>Ayud\u00e1ndole a Usted<\/h2>\n<p>Nosotros somos abogados de lesiones personales. Vea la\u00a0 <a href=\"http:\/\/www.warnkenlaw.com\/practice-areas\/personal-injury\/\">baltimore personal injury lawyer page here<\/a> or our <a href=\"http:\/\/www.warnkenlaw.com\/practice-areas\/auto-accidents\/\">car crash page here<\/a>. Nosotros nos enfocamos en proveer compensaci\u00f3n a la persona lesionada por sus lesiones. Nosotros no nos encargamos en reclamos de solo danos de la propiedad. Hay abogados en Baltimore que se enfocan en reclamos por danos o valores diminutos. Nosotros nos enfocamos en lesiones personales.<\/p>\n<h3><em>Abogamos de Lesiones Personales Pelean por la Justicia<\/em><\/h3>\n<p>A nadie le gustan los abogados hasta que se lastiman. Por consiguiente, ellos quieren el m\u00e1s agresivo que puedan conseguir. \u00a1Nosotros peleamos por parte del cliente! Somos parte de un sin n\u00famero de grupos nacionales y organizaciones. Lo que somos y lo que usted debe de estar buscando es por un abogado de accidentes\u2026<\/p>\n<p>&nbsp;<\/p>\n<blockquote><p><strong>Membrec\u00eda en la Asociaci\u00f3n Americana de Justicia, Estado de Asociaci\u00f3n para la Justicia, o Asociaci\u00f3n de Abogados en Juicio:<\/strong> Esto es una buena indicaci\u00f3n que un abogado est\u00e1 dedicado y est\u00e1 al tanto del desarrollo en el campo, los abogados quieren lograr buenos resultados, y el abogado esta solemnemente o solemnemente cerca, enfocado en representar el lesionado. Nosotros somos parte de AAJ y la Asociaci\u00f3n de Justicia de Maryland.<\/p>\n<p><strong>Premios y Elogios:<\/strong> Ning\u00fan premio puede ser comprado- premios solamente son torgados. Esto significa premios \u00fanicos como Fastcase 50 o premios de logros de vida. Tambi\u00e9n puede significar algo como presidente de la Secci\u00f3n del Colegio de Abogados, u otro papel de liderazgo en la profesi\u00f3n. Aun que pueda ser de tema pol\u00edtico algunas en ocasiones. No hay posici\u00f3n que pueda ser comprada.<\/p>\n<p><strong>Comentarios Positivos en L\u00ednea:<\/strong> Esto no significa que tiene que ser un 10 de 10 en cualquier servicio de calificaciones, pero significa un perfil de comentarios positivos. Hay muy buenos abogados de accidentes, pero usted no puede ser tremendo sin tener clientes muy felices. Al final del d\u00eda, nosotros servimos al lesionado. Los clientes deben deben decir que obtuvieron buenos resultados y que hicimos sus vidas un poca m\u00e1s f\u00e1ciles.<\/p>\n<p><strong>Tiene un Seguro de Mal practica:<\/strong> Parece lo b\u00e1sico, pero es vital. Abogados sin un seguro de mal practica est\u00e1n tomando un riesgo innecesario para ellos y sus clientes. Es irresponsable.<\/p>\n<p><strong>Sacar Afuera Informaci\u00f3n de Calidad Para Los Clientes:<\/strong> Educar a los clientes es importante. Abogados de accidente buenos deber\u00edan hac\u00e9rselo m\u00e1s f\u00e1cil a los clientes y encontrar respuestas b\u00e1sicas para sus preguntas.<\/p>\n<p>&nbsp;<\/p><\/blockquote>\n<h2>Contacto<\/h2>\n<p>Finalmente lo sentimos que usted ese en esta p\u00e1gina web. Si usted necesita de nuestros servicios, significa que usted se ha lastimado, probablemente usted este pasando por una compa\u00f1\u00eda aseguradora grande y sin miedo, y usted necesita justicia. Lo sentimos mucho que usted este en esa posici\u00f3n. Pero nos alegramos que nos haya conseguido. Estamos para ayudarle. Si\u00e9ntase libre de <a href=\"http:\/\/www.warnkenlaw.com\/contact\/\">contact us now<\/a>.<\/p>\n<p>&nbsp;<\/p>\n","protected":false},"excerpt":{"rendered":"<p>Abogados de Accidentes en Baltimore Nosotros creamos Valores de Accidente para proveerle un estimado crudo sobre el valor de su caso. Claro, nosotros somos abogados, por eso le damos la negociaci\u00f3n de abogados- el valor de su caso depende de numerosos factores, son muy numeroso para nombrarlos en una sola lista. Un elemento que nuestra [&hellip;]<\/p>\n","protected":false},"author":1,"featured_media":0,"parent":0,"menu_order":0,"comment_status":"open","ping_status":"open","template":"","meta":{"footnotes":""},"class_list":["post-2","page","type-page","status-publish","hentry"],"yoast_head":"<!-- This site is optimized with the Yoast SEO plugin v27.4 - https:\/\/yoast.com\/product\/yoast-seo-wordpress\/ -->\n<title>Abogados de Accidentes - AccidentValues.com Espa\u00f1ol<\/title>\n<meta name=\"description\" content=\"Find the best accident lawyer for your case: look for experienced, aggressive and compassionate representation. We&#039;ll find your accident lawyer for you.\" \/>\n<meta name=\"robots\" content=\"index, follow, max-snippet:-1, max-image-preview:large, max-video-preview:-1\" \/>\n<link rel=\"canonical\" href=\"https:\/\/accidentvalues.com\/es\/lawyer\/\" \/>\n<meta property=\"og:locale\" content=\"en_US\" \/>\n<meta property=\"og:type\" content=\"article\" \/>\n<meta property=\"og:title\" content=\"Abogados de Accidentes - AccidentValues.com Espa\u00f1ol\" \/>\n<meta property=\"og:description\" content=\"Find the best accident lawyer for your case: look for experienced, aggressive and compassionate representation. We&#039;ll find your accident lawyer for you.\" \/>\n<meta property=\"og:url\" content=\"https:\/\/accidentvalues.com\/es\/lawyer\/\" \/>\n<meta property=\"og:site_name\" content=\"AccidentValues.com Espa\u00f1ol\" \/>\n<meta property=\"article:modified_time\" content=\"2019-11-25T16:10:27+00:00\" \/>\n<meta name=\"twitter:card\" content=\"summary_large_image\" \/>\n<meta name=\"twitter:label1\" content=\"Est. reading time\" \/>\n\t<meta name=\"twitter:data1\" content=\"3 minutes\" \/>\n<script type=\"application\/ld+json\" class=\"yoast-schema-graph\">{\"@context\":\"https:\\\/\\\/schema.org\",\"@graph\":[{\"@type\":\"WebPage\",\"@id\":\"https:\\\/\\\/accidentvalues.com\\\/es\\\/lawyer\\\/\",\"url\":\"https:\\\/\\\/accidentvalues.com\\\/es\\\/lawyer\\\/\",\"name\":\"Abogados de Accidentes - AccidentValues.com Espa\u00f1ol\",\"isPartOf\":{\"@id\":\"https:\\\/\\\/accidentvalues.com\\\/es\\\/#website\"},\"datePublished\":\"2012-12-17T20:21:57+00:00\",\"dateModified\":\"2019-11-25T16:10:27+00:00\",\"description\":\"Find the best accident lawyer for your case: look for experienced, aggressive and compassionate representation. We'll find your accident lawyer for you.\",\"breadcrumb\":{\"@id\":\"https:\\\/\\\/accidentvalues.com\\\/es\\\/lawyer\\\/#breadcrumb\"},\"inLanguage\":\"en-US\",\"potentialAction\":[{\"@type\":\"ReadAction\",\"target\":[\"https:\\\/\\\/accidentvalues.com\\\/es\\\/lawyer\\\/\"]}]},{\"@type\":\"BreadcrumbList\",\"@id\":\"https:\\\/\\\/accidentvalues.com\\\/es\\\/lawyer\\\/#breadcrumb\",\"itemListElement\":[{\"@type\":\"ListItem\",\"position\":1,\"name\":\"Home\",\"item\":\"https:\\\/\\\/accidentvalues.com\\\/es\\\/\"},{\"@type\":\"ListItem\",\"position\":2,\"name\":\"Abogados de Accidentes\"}]},{\"@type\":\"WebSite\",\"@id\":\"https:\\\/\\\/accidentvalues.com\\\/es\\\/#website\",\"url\":\"https:\\\/\\\/accidentvalues.com\\\/es\\\/\",\"name\":\"AccidentValues.com Espa\u00f1ol\",\"description\":\"Calculate the Value of a Car or Truck Accident Claim\",\"potentialAction\":[{\"@type\":\"SearchAction\",\"target\":{\"@type\":\"EntryPoint\",\"urlTemplate\":\"https:\\\/\\\/accidentvalues.com\\\/es\\\/?s={search_term_string}\"},\"query-input\":{\"@type\":\"PropertyValueSpecification\",\"valueRequired\":true,\"valueName\":\"search_term_string\"}}],\"inLanguage\":\"en-US\"}]}<\/script>\n<!-- \/ Yoast SEO plugin. -->","yoast_head_json":{"title":"Abogados de Accidentes - AccidentValues.com Espa\u00f1ol","description":"Find the best accident lawyer for your case: look for experienced, aggressive and compassionate representation. We'll find your accident lawyer for you.","robots":{"index":"index","follow":"follow","max-snippet":"max-snippet:-1","max-image-preview":"max-image-preview:large","max-video-preview":"max-video-preview:-1"},"canonical":"https:\/\/accidentvalues.com\/es\/lawyer\/","og_locale":"en_US","og_type":"article","og_title":"Abogados de Accidentes - AccidentValues.com Espa\u00f1ol","og_description":"Find the best accident lawyer for your case: look for experienced, aggressive and compassionate representation. We'll find your accident lawyer for you.","og_url":"https:\/\/accidentvalues.com\/es\/lawyer\/","og_site_name":"AccidentValues.com Espa\u00f1ol","article_modified_time":"2019-11-25T16:10:27+00:00","twitter_card":"summary_large_image","twitter_misc":{"Est. reading time":"3 minutes"},"schema":{"@context":"https:\/\/schema.org","@graph":[{"@type":"WebPage","@id":"https:\/\/accidentvalues.com\/es\/lawyer\/","url":"https:\/\/accidentvalues.com\/es\/lawyer\/","name":"Abogados de Accidentes - AccidentValues.com Espa\u00f1ol","isPartOf":{"@id":"https:\/\/accidentvalues.com\/es\/#website"},"datePublished":"2012-12-17T20:21:57+00:00","dateModified":"2019-11-25T16:10:27+00:00","description":"Find the best accident lawyer for your case: look for experienced, aggressive and compassionate representation. We'll find your accident lawyer for you.","breadcrumb":{"@id":"https:\/\/accidentvalues.com\/es\/lawyer\/#breadcrumb"},"inLanguage":"en-US","potentialAction":[{"@type":"ReadAction","target":["https:\/\/accidentvalues.com\/es\/lawyer\/"]}]},{"@type":"BreadcrumbList","@id":"https:\/\/accidentvalues.com\/es\/lawyer\/#breadcrumb","itemListElement":[{"@type":"ListItem","position":1,"name":"Home","item":"https:\/\/accidentvalues.com\/es\/"},{"@type":"ListItem","position":2,"name":"Abogados de Accidentes"}]},{"@type":"WebSite","@id":"https:\/\/accidentvalues.com\/es\/#website","url":"https:\/\/accidentvalues.com\/es\/","name":"AccidentValues.com Espa\u00f1ol","description":"Calculate the Value of a Car or Truck Accident Claim","potentialAction":[{"@type":"SearchAction","target":{"@type":"EntryPoint","urlTemplate":"https:\/\/accidentvalues.com\/es\/?s={search_term_string}"},"query-input":{"@type":"PropertyValueSpecification","valueRequired":true,"valueName":"search_term_string"}}],"inLanguage":"en-US"}]}},"_links":{"self":[{"href":"https:\/\/accidentvalues.com\/es\/wp-json\/wp\/v2\/pages\/2","targetHints":{"allow":["GET"]}}],"collection":[{"href":"https:\/\/accidentvalues.com\/es\/wp-json\/wp\/v2\/pages"}],"about":[{"href":"https:\/\/accidentvalues.com\/es\/wp-json\/wp\/v2\/types\/page"}],"author":[{"embeddable":true,"href":"https:\/\/accidentvalues.com\/es\/wp-json\/wp\/v2\/users\/1"}],"replies":[{"embeddable":true,"href":"https:\/\/accidentvalues.com\/es\/wp-json\/wp\/v2\/comments?post=2"}],"version-history":[{"count":16,"href":"https:\/\/accidentvalues.com\/es\/wp-json\/wp\/v2\/pages\/2\/revisions"}],"predecessor-version":[{"id":518,"href":"https:\/\/accidentvalues.com\/es\/wp-json\/wp\/v2\/pages\/2\/revisions\/518"}],"wp:attachment":[{"href":"https:\/\/accidentvalues.com\/es\/wp-json\/wp\/v2\/media?parent=2"}],"curies":[{"name":"wp","href":"https:\/\/api.w.org\/{rel}","templated":true}]}}