{"id":210,"date":"2014-06-16T16:35:42","date_gmt":"2014-06-16T20:35:42","guid":{"rendered":"http:\/\/accidentvalues.com\/?page_id=210"},"modified":"2019-12-20T16:29:10","modified_gmt":"2019-12-20T21:29:10","slug":"crash-types","status":"publish","type":"page","link":"https:\/\/accidentvalues.com\/es\/info\/crash-types\/","title":{"rendered":"Tipos de Choques"},"content":{"rendered":"\n<ul id=\"szbl-page-accordion-preview-list\">\n\t\n\t\t<li>\n\t\t<h2>\n\t\t\t<a href=\"https:\/\/accidentvalues.com\/es\/info\/crash-types\/roll\/\">\n\t\t\t\tRoll-over\t\t\t<\/a>\n\t\t<\/h2>\n\t\t<div>\n\t\t\t<p class=\"excerpt\">\n\t\t\t\t<p>\u00bfQu\u00e9 es una colisi\u00f3n de choque por vuelco? Un choque o colisi\u00f3n por vuelco ocurre cuando el carro se vira sobre otro carro bien sea del lado o sobre el techo del carro, La Administraci\u00f3n Nacional de Seguridad de Carreteras-Autopistas ha estimado que 2.1% de los choques en lo USA son por volcaduras. Las volcaduras [&hellip;]<\/p>\n\t\t\t<\/p>\n\t\t\t\n\t\t\t\t\t<\/div>\n\t<\/li>\n\t\t<li>\n\t\t<h2>\n\t\t\t<a href=\"https:\/\/accidentvalues.com\/es\/info\/crash-types\/hit-run\/\">\n\t\t\t\tPegada y Huida\t\t\t<\/a>\n\t\t<\/h2>\n\t\t<div>\n\t\t\t<p class=\"excerpt\">\n\t\t\t\t<p>Un accidente de pegada y huida es un accidente en la cual un conductor deja intencionalmente la escena sin proveer informaci\u00f3n de contacto. Aproximadamente un\u00a011% de los accidentes de trafico envuelven un accidente de pegada y huida, de acuerdo con la Fundaci\u00f3n de AAA para la Seguridad del Tr\u00e1fico. Obligaciones en un Accidente En el [&hellip;]<\/p>\n\t\t\t<\/p>\n\t\t\t\n\t\t\t\t\t<\/div>\n\t<\/li>\n\t\t<li>\n\t\t<h2>\n\t\t\t<a href=\"https:\/\/accidentvalues.com\/es\/info\/crash-types\/rear-impact\/\">\n\t\t\t\tImpacto Trasero\t\t\t<\/a>\n\t\t<\/h2>\n\t\t<div>\n\t\t\t<p class=\"excerpt\">\n\t\t\t\t<p>El valor de la colisiones-traseras El impacto de una colisi\u00f3n trasera ocurre cuando un autom\u00f3vil impacta con la parte frontal a otro autom\u00f3vil por la parte trasera.El impacto puede resultar en da\u00f1os menores desde doblez de la defensa hasta da\u00f1o total de ambos veh\u00edculos. La colisi\u00f3n trasera es el mayor tipo de accidente automovil\u00edsticos, y [&hellip;]<\/p>\n\t\t\t<\/p>\n\t\t\t\n\t\t\t\t\t<\/div>\n\t<\/li>\n\t\t<li>\n\t\t<h2>\n\t\t\t<a href=\"https:\/\/accidentvalues.com\/es\/info\/crash-types\/head-collision\/\">\n\t\t\t\tChoque -Frontal\t\t\t<\/a>\n\t\t<\/h2>\n\t\t<div>\n\t\t\t<p class=\"excerpt\">\n\t\t\t\t<p>\u00bfCu\u00e1nto Vale una Colisi\u00f3n frontal? Los choques frontales son los cimientos de malos accidente. Malos accidentes producen m\u00e1s da\u00f1os. Los da\u00f1os determinan el valor de cada caso. Contrario a la opini\u00f3n p\u00fablica, los abogados no sacan los numero del aire cuando deciden cuanto una demanda judicial. Hay una formula b\u00e1sica. Esa f\u00f3rmula b\u00e1sica tiene numerosas [&hellip;]<\/p>\n\t\t\t<\/p>\n\t\t\t\n\t\t\t\t\t<\/div>\n\t<\/li>\n\t\t<li>\n\t\t<h2>\n\t\t\t<a href=\"https:\/\/accidentvalues.com\/es\/info\/crash-types\/side-impact-collisions\/\">\n\t\t\t\tColisiones de Imparto por el Lado\t\t\t<\/a>\n\t\t<\/h2>\n\t\t<div>\n\t\t\t<p class=\"excerpt\">\n\t\t\t\t<p>\u00bfCu\u00e1nto vale una colisi\u00f3n de impacto por el lado? El valor de una colisi\u00f3n de hueso T o impacto de al lado varia extensamente. El valor de estos accidentes es calculado generalmente de la misma manera que le valor de todos los accidentes de auto. Primero, usted mira las cuentas m\u00e9dicas. Pr\u00f3ximo usted mira la [&hellip;]<\/p>\n\t\t\t<\/p>\n\t\t\t\n\t\t\t\t\t<\/div>\n\t<\/li>\n\t\t\n<\/ul>\n\n\n","protected":false},"excerpt":{"rendered":"","protected":false},"author":1,"featured_media":0,"parent":10,"menu_order":20,"comment_status":"closed","ping_status":"closed","template":"","meta":{"footnotes":""},"class_list":["post-210","page","type-page","status-publish","hentry"],"yoast_head":"<!-- This site is optimized with the Yoast SEO plugin v27.4 - https:\/\/yoast.com\/product\/yoast-seo-wordpress\/ -->\n<title>Tipos de Choques - AccidentValues.com Espa\u00f1ol<\/title>\n<meta name=\"robots\" content=\"index, follow, max-snippet:-1, max-image-preview:large, max-video-preview:-1\" \/>\n<link rel=\"canonical\" href=\"https:\/\/accidentvalues.com\/es\/info\/crash-types\/\" \/>\n<meta property=\"og:locale\" content=\"en_US\" \/>\n<meta property=\"og:type\" content=\"article\" \/>\n<meta property=\"og:title\" content=\"Tipos de Choques - AccidentValues.com Espa\u00f1ol\" \/>\n<meta property=\"og:url\" content=\"https:\/\/accidentvalues.com\/es\/info\/crash-types\/\" \/>\n<meta property=\"og:site_name\" content=\"AccidentValues.com Espa\u00f1ol\" \/>\n<meta property=\"article:modified_time\" content=\"2019-12-20T21:29:10+00:00\" \/>\n<meta name=\"twitter:card\" content=\"summary_large_image\" \/>\n<script type=\"application\/ld+json\" class=\"yoast-schema-graph\">{\"@context\":\"https:\\\/\\\/schema.org\",\"@graph\":[{\"@type\":\"WebPage\",\"@id\":\"https:\\\/\\\/accidentvalues.com\\\/es\\\/info\\\/crash-types\\\/\",\"url\":\"https:\\\/\\\/accidentvalues.com\\\/es\\\/info\\\/crash-types\\\/\",\"name\":\"Tipos de Choques - AccidentValues.com Espa\u00f1ol\",\"isPartOf\":{\"@id\":\"https:\\\/\\\/accidentvalues.com\\\/es\\\/#website\"},\"datePublished\":\"2014-06-16T20:35:42+00:00\",\"dateModified\":\"2019-12-20T21:29:10+00:00\",\"breadcrumb\":{\"@id\":\"https:\\\/\\\/accidentvalues.com\\\/es\\\/info\\\/crash-types\\\/#breadcrumb\"},\"inLanguage\":\"en-US\",\"potentialAction\":[{\"@type\":\"ReadAction\",\"target\":[\"https:\\\/\\\/accidentvalues.com\\\/es\\\/info\\\/crash-types\\\/\"]}]},{\"@type\":\"BreadcrumbList\",\"@id\":\"https:\\\/\\\/accidentvalues.com\\\/es\\\/info\\\/crash-types\\\/#breadcrumb\",\"itemListElement\":[{\"@type\":\"ListItem\",\"position\":1,\"name\":\"Home\",\"item\":\"https:\\\/\\\/accidentvalues.com\\\/es\\\/\"},{\"@type\":\"ListItem\",\"position\":2,\"name\":\"Informaci\u00f3n\",\"item\":\"https:\\\/\\\/accidentvalues.com\\\/es\\\/info\\\/\"},{\"@type\":\"ListItem\",\"position\":3,\"name\":\"Tipos de Choques\"}]},{\"@type\":\"WebSite\",\"@id\":\"https:\\\/\\\/accidentvalues.com\\\/es\\\/#website\",\"url\":\"https:\\\/\\\/accidentvalues.com\\\/es\\\/\",\"name\":\"AccidentValues.com Espa\u00f1ol\",\"description\":\"Calculate the Value of a Car or Truck Accident Claim\",\"potentialAction\":[{\"@type\":\"SearchAction\",\"target\":{\"@type\":\"EntryPoint\",\"urlTemplate\":\"https:\\\/\\\/accidentvalues.com\\\/es\\\/?s={search_term_string}\"},\"query-input\":{\"@type\":\"PropertyValueSpecification\",\"valueRequired\":true,\"valueName\":\"search_term_string\"}}],\"inLanguage\":\"en-US\"}]}<\/script>\n<!-- \/ Yoast SEO plugin. -->","yoast_head_json":{"title":"Tipos de Choques - AccidentValues.com Espa\u00f1ol","robots":{"index":"index","follow":"follow","max-snippet":"max-snippet:-1","max-image-preview":"max-image-preview:large","max-video-preview":"max-video-preview:-1"},"canonical":"https:\/\/accidentvalues.com\/es\/info\/crash-types\/","og_locale":"en_US","og_type":"article","og_title":"Tipos de Choques - AccidentValues.com Espa\u00f1ol","og_url":"https:\/\/accidentvalues.com\/es\/info\/crash-types\/","og_site_name":"AccidentValues.com Espa\u00f1ol","article_modified_time":"2019-12-20T21:29:10+00:00","twitter_card":"summary_large_image","schema":{"@context":"https:\/\/schema.org","@graph":[{"@type":"WebPage","@id":"https:\/\/accidentvalues.com\/es\/info\/crash-types\/","url":"https:\/\/accidentvalues.com\/es\/info\/crash-types\/","name":"Tipos de Choques - AccidentValues.com Espa\u00f1ol","isPartOf":{"@id":"https:\/\/accidentvalues.com\/es\/#website"},"datePublished":"2014-06-16T20:35:42+00:00","dateModified":"2019-12-20T21:29:10+00:00","breadcrumb":{"@id":"https:\/\/accidentvalues.com\/es\/info\/crash-types\/#breadcrumb"},"inLanguage":"en-US","potentialAction":[{"@type":"ReadAction","target":["https:\/\/accidentvalues.com\/es\/info\/crash-types\/"]}]},{"@type":"BreadcrumbList","@id":"https:\/\/accidentvalues.com\/es\/info\/crash-types\/#breadcrumb","itemListElement":[{"@type":"ListItem","position":1,"name":"Home","item":"https:\/\/accidentvalues.com\/es\/"},{"@type":"ListItem","position":2,"name":"Informaci\u00f3n","item":"https:\/\/accidentvalues.com\/es\/info\/"},{"@type":"ListItem","position":3,"name":"Tipos de Choques"}]},{"@type":"WebSite","@id":"https:\/\/accidentvalues.com\/es\/#website","url":"https:\/\/accidentvalues.com\/es\/","name":"AccidentValues.com Espa\u00f1ol","description":"Calculate the Value of a Car or Truck Accident Claim","potentialAction":[{"@type":"SearchAction","target":{"@type":"EntryPoint","urlTemplate":"https:\/\/accidentvalues.com\/es\/?s={search_term_string}"},"query-input":{"@type":"PropertyValueSpecification","valueRequired":true,"valueName":"search_term_string"}}],"inLanguage":"en-US"}]}},"_links":{"self":[{"href":"https:\/\/accidentvalues.com\/es\/wp-json\/wp\/v2\/pages\/210","targetHints":{"allow":["GET"]}}],"collection":[{"href":"https:\/\/accidentvalues.com\/es\/wp-json\/wp\/v2\/pages"}],"about":[{"href":"https:\/\/accidentvalues.com\/es\/wp-json\/wp\/v2\/types\/page"}],"author":[{"embeddable":true,"href":"https:\/\/accidentvalues.com\/es\/wp-json\/wp\/v2\/users\/1"}],"replies":[{"embeddable":true,"href":"https:\/\/accidentvalues.com\/es\/wp-json\/wp\/v2\/comments?post=210"}],"version-history":[{"count":2,"href":"https:\/\/accidentvalues.com\/es\/wp-json\/wp\/v2\/pages\/210\/revisions"}],"predecessor-version":[{"id":665,"href":"https:\/\/accidentvalues.com\/es\/wp-json\/wp\/v2\/pages\/210\/revisions\/665"}],"up":[{"embeddable":true,"href":"https:\/\/accidentvalues.com\/es\/wp-json\/wp\/v2\/pages\/10"}],"wp:attachment":[{"href":"https:\/\/accidentvalues.com\/es\/wp-json\/wp\/v2\/media?parent=210"}],"curies":[{"name":"wp","href":"https:\/\/api.w.org\/{rel}","templated":true}]}}