{"id":216,"date":"2014-06-18T17:15:45","date_gmt":"2014-06-18T21:15:45","guid":{"rendered":"http:\/\/accidentvalues.com\/?page_id=216"},"modified":"2019-11-26T15:07:25","modified_gmt":"2019-11-26T20:07:25","slug":"biggest-car-insurance-companies","status":"publish","type":"page","link":"https:\/\/accidentvalues.com\/es\/info\/insurance\/biggest-car-insurance-companies\/","title":{"rendered":"Las Compa\u00f1\u00edas de Seguro de Auto Mas Grandes"},"content":{"rendered":"<p>En el 2012, el premio neto por la compa\u00f1\u00eda de seguro responsable en los Estados Unidos fue $103,153, 523,000. Para aquellos que tengas problemas con tantas comas o ceros\u2026 eso es m\u00e1s de $100 BILLONES de d\u00f3lares. Esto ser\u00e1 un aumento de un 2.8% en los a\u00f1os previos. En el mismo a\u00f1o, premio neto por solo colisi\u00f3n y aumento comprensivo de seguro es 2.5%, a un asombroso $64,494,066.<\/p>\n<h2>Las 10 Compa\u00f1\u00edas de Seguro Mas Grandes en los Estados Unidos<\/h2>\n<ol>\n<li>State Farm Mutual Automobile Insurance<\/li>\n<li>Allstate Corporation<\/li>\n<li>Berkshire Hathaway (Geico)<\/li>\n<li>Progressive Corporation<\/li>\n<li>Farmers Insurance<\/li>\n<li>USAA Insurance Group<\/li>\n<li>Liberty Mutual<\/li>\n<li>Nationwide Mutual Group<\/li>\n<li>Travelers Companies<\/li>\n<li>American Family Mutual.<\/li>\n<\/ol>\n<p>Fueste:\u00a0 <a href=\"http:\/\/www.iii.org\/facts_statistics\/auto-insurance.html\">Insurance Information Institute<\/a><\/p>\n<p>Con su destacada cuota l\u00edder de mercado de State Farm hasta como $800 millones en publicidad cada ano. Este es el segundo luego de Geico que es $1 bill\u00f3n cada a\u00f1o.\u00a0 Fuente: <a href=\"http:\/\/online.wsj.com\/news\/articles\/SB10001424127887324610504578273680680457830\">Wall Street Journal<\/a><\/p>\n<h2>Cuotas y Mercado Compartido<\/h2>\n<p>Abajo, se encuentra la lista nuevamente, con cada total de cuota directas y mercado compartido.<\/p>\n<ul>\n<li>State Farm\u00a0 &#8211;\u00a0 $32,101,907,000;\u00a0 18.4%<\/li>\n<li>Allstate \u00a0&#8211;\u00a0 $17,478,872,000; \u00a010%.<\/li>\n<li>Berkshire Hathaway (Geico)\u00a0 &#8211;\u00a0 $16,748,872,000;\u00a0 9.6%<\/li>\n<li>Progressive \u00a0&#8211;\u00a0 $14,438,111,000;\u00a0 8.3%<\/li>\n<li>Farmers \u00a0&#8211;\u00a0 $10,279,070,000;\u00a0 5.9%<\/li>\n<li>USAA \u00a0&#8211;\u00a0 $8,447,461,000;\u00a0 4.8%<\/li>\n<li>Liberty Mutual\u00a0 &#8211;\u00a0 $8,263,737,000;\u00a0 4.7%<\/li>\n<li>Nationwide \u00a0&#8211;\u00a0 $7,136,179,000;\u00a0 4.1%<\/li>\n<li>Travelers \u00a0&#8211;\u00a0 $3,393,014,000;\u00a0 1.9.<\/li>\n<li>American Family \u00a0&#8211;\u00a0 $3,300,454,000;\u00a0 1.9%.<\/li>\n<\/ul>\n<h2>\u00bfMi Oferta de Acuerdo es Justa?<\/h2>\n<p>Las primeras diez compa\u00f1\u00edas de seguro de auto hicieron m\u00e1s de $3 millones en cuotas.<br \/>\nLa m\u00e1s grande, State Farm, hizo m\u00e1s de GDP entre los peque\u00f1os estados. Dos gastaron casi dos billones en publicidad combinado.<\/p>\n<p>No estoy seguro que piensa usted, pero cuando una compa\u00f1\u00eda gasta millones o billones en mercadeo y me est\u00e1n regateando por mi acuerdo, me pongo molesto. Pi\u00e9nselo, ellos est\u00e1n mercadeando un productor- recuperaci\u00f3n financiera en el evento algo ocurra. Y este producto en particular que ellos no te quieren hacer llegar. Cuando usted tiene una oferta de acuerdo por parte de la compa\u00f1\u00eda de seguro, usted se tiene que preguntar:<strong> \u00bfMi oferta de acuerdo es justa? \u00bfLa compa\u00f1\u00eda de seguro me ofrece lo que me caso cuenta?<\/strong><\/p>\n<p>Para ver lo que si caso realmente vale, verifique la \u00a0<a href=\"http:\/\/accidentvalues.com\/calculator\/\">car accident calculator<\/a>.<\/p>\n","protected":false},"excerpt":{"rendered":"<p>En el 2012, el premio neto por la compa\u00f1\u00eda de seguro responsable en los Estados Unidos fue $103,153, 523,000. Para aquellos que tengas problemas con tantas comas o ceros\u2026 eso es m\u00e1s de $100 BILLONES de d\u00f3lares. Esto ser\u00e1 un aumento de un 2.8% en los a\u00f1os previos. En el mismo a\u00f1o, premio neto por [&hellip;]<\/p>\n","protected":false},"author":1,"featured_media":0,"parent":57,"menu_order":0,"comment_status":"closed","ping_status":"open","template":"","meta":{"footnotes":""},"class_list":["post-216","page","type-page","status-publish","hentry"],"yoast_head":"<!-- This site is optimized with the Yoast SEO plugin v27.3 - https:\/\/yoast.com\/product\/yoast-seo-wordpress\/ -->\n<title>Biggest Car Insurance Companies<\/title>\n<meta name=\"description\" content=\"The biggest car insurance companies would rather spend on advertising than on paying your claim. This page has stats. See if the insurance co offer is fair\" \/>\n<meta name=\"robots\" content=\"index, follow, max-snippet:-1, max-image-preview:large, max-video-preview:-1\" \/>\n<link rel=\"canonical\" href=\"https:\/\/accidentvalues.com\/es\/info\/insurance\/biggest-car-insurance-companies\/\" \/>\n<meta property=\"og:locale\" content=\"en_US\" \/>\n<meta property=\"og:type\" content=\"article\" \/>\n<meta property=\"og:title\" content=\"Biggest Car Insurance Companies\" \/>\n<meta property=\"og:description\" content=\"The biggest car insurance companies would rather spend on advertising than on paying your claim. This page has stats. See if the insurance co offer is fair\" \/>\n<meta property=\"og:url\" content=\"https:\/\/accidentvalues.com\/es\/info\/insurance\/biggest-car-insurance-companies\/\" \/>\n<meta property=\"og:site_name\" content=\"AccidentValues.com Espa\u00f1ol\" \/>\n<meta property=\"article:modified_time\" content=\"2019-11-26T20:07:25+00:00\" \/>\n<meta name=\"twitter:card\" content=\"summary_large_image\" \/>\n<meta name=\"twitter:label1\" content=\"Est. reading time\" \/>\n\t<meta name=\"twitter:data1\" content=\"2 minutes\" \/>\n<script type=\"application\/ld+json\" class=\"yoast-schema-graph\">{\"@context\":\"https:\\\/\\\/schema.org\",\"@graph\":[{\"@type\":\"WebPage\",\"@id\":\"https:\\\/\\\/accidentvalues.com\\\/es\\\/info\\\/insurance\\\/biggest-car-insurance-companies\\\/\",\"url\":\"https:\\\/\\\/accidentvalues.com\\\/es\\\/info\\\/insurance\\\/biggest-car-insurance-companies\\\/\",\"name\":\"Biggest Car Insurance Companies\",\"isPartOf\":{\"@id\":\"https:\\\/\\\/accidentvalues.com\\\/es\\\/#website\"},\"datePublished\":\"2014-06-18T21:15:45+00:00\",\"dateModified\":\"2019-11-26T20:07:25+00:00\",\"description\":\"The biggest car insurance companies would rather spend on advertising than on paying your claim. This page has stats. See if the insurance co offer is fair\",\"breadcrumb\":{\"@id\":\"https:\\\/\\\/accidentvalues.com\\\/es\\\/info\\\/insurance\\\/biggest-car-insurance-companies\\\/#breadcrumb\"},\"inLanguage\":\"en-US\",\"potentialAction\":[{\"@type\":\"ReadAction\",\"target\":[\"https:\\\/\\\/accidentvalues.com\\\/es\\\/info\\\/insurance\\\/biggest-car-insurance-companies\\\/\"]}]},{\"@type\":\"BreadcrumbList\",\"@id\":\"https:\\\/\\\/accidentvalues.com\\\/es\\\/info\\\/insurance\\\/biggest-car-insurance-companies\\\/#breadcrumb\",\"itemListElement\":[{\"@type\":\"ListItem\",\"position\":1,\"name\":\"Home\",\"item\":\"https:\\\/\\\/accidentvalues.com\\\/es\\\/\"},{\"@type\":\"ListItem\",\"position\":2,\"name\":\"Informaci\u00f3n\",\"item\":\"https:\\\/\\\/accidentvalues.com\\\/es\\\/info\\\/\"},{\"@type\":\"ListItem\",\"position\":3,\"name\":\"Seguro\",\"item\":\"https:\\\/\\\/accidentvalues.com\\\/es\\\/info\\\/insurance\\\/\"},{\"@type\":\"ListItem\",\"position\":4,\"name\":\"Las Compa\u00f1\u00edas de Seguro de Auto Mas Grandes\"}]},{\"@type\":\"WebSite\",\"@id\":\"https:\\\/\\\/accidentvalues.com\\\/es\\\/#website\",\"url\":\"https:\\\/\\\/accidentvalues.com\\\/es\\\/\",\"name\":\"AccidentValues.com Espa\u00f1ol\",\"description\":\"Calculate the Value of a Car or Truck Accident Claim\",\"potentialAction\":[{\"@type\":\"SearchAction\",\"target\":{\"@type\":\"EntryPoint\",\"urlTemplate\":\"https:\\\/\\\/accidentvalues.com\\\/es\\\/?s={search_term_string}\"},\"query-input\":{\"@type\":\"PropertyValueSpecification\",\"valueRequired\":true,\"valueName\":\"search_term_string\"}}],\"inLanguage\":\"en-US\"}]}<\/script>\n<!-- \/ Yoast SEO plugin. -->","yoast_head_json":{"title":"Biggest Car Insurance Companies","description":"The biggest car insurance companies would rather spend on advertising than on paying your claim. This page has stats. See if the insurance co offer is fair","robots":{"index":"index","follow":"follow","max-snippet":"max-snippet:-1","max-image-preview":"max-image-preview:large","max-video-preview":"max-video-preview:-1"},"canonical":"https:\/\/accidentvalues.com\/es\/info\/insurance\/biggest-car-insurance-companies\/","og_locale":"en_US","og_type":"article","og_title":"Biggest Car Insurance Companies","og_description":"The biggest car insurance companies would rather spend on advertising than on paying your claim. This page has stats. See if the insurance co offer is fair","og_url":"https:\/\/accidentvalues.com\/es\/info\/insurance\/biggest-car-insurance-companies\/","og_site_name":"AccidentValues.com Espa\u00f1ol","article_modified_time":"2019-11-26T20:07:25+00:00","twitter_card":"summary_large_image","twitter_misc":{"Est. reading time":"2 minutes"},"schema":{"@context":"https:\/\/schema.org","@graph":[{"@type":"WebPage","@id":"https:\/\/accidentvalues.com\/es\/info\/insurance\/biggest-car-insurance-companies\/","url":"https:\/\/accidentvalues.com\/es\/info\/insurance\/biggest-car-insurance-companies\/","name":"Biggest Car Insurance Companies","isPartOf":{"@id":"https:\/\/accidentvalues.com\/es\/#website"},"datePublished":"2014-06-18T21:15:45+00:00","dateModified":"2019-11-26T20:07:25+00:00","description":"The biggest car insurance companies would rather spend on advertising than on paying your claim. This page has stats. See if the insurance co offer is fair","breadcrumb":{"@id":"https:\/\/accidentvalues.com\/es\/info\/insurance\/biggest-car-insurance-companies\/#breadcrumb"},"inLanguage":"en-US","potentialAction":[{"@type":"ReadAction","target":["https:\/\/accidentvalues.com\/es\/info\/insurance\/biggest-car-insurance-companies\/"]}]},{"@type":"BreadcrumbList","@id":"https:\/\/accidentvalues.com\/es\/info\/insurance\/biggest-car-insurance-companies\/#breadcrumb","itemListElement":[{"@type":"ListItem","position":1,"name":"Home","item":"https:\/\/accidentvalues.com\/es\/"},{"@type":"ListItem","position":2,"name":"Informaci\u00f3n","item":"https:\/\/accidentvalues.com\/es\/info\/"},{"@type":"ListItem","position":3,"name":"Seguro","item":"https:\/\/accidentvalues.com\/es\/info\/insurance\/"},{"@type":"ListItem","position":4,"name":"Las Compa\u00f1\u00edas de Seguro de Auto Mas Grandes"}]},{"@type":"WebSite","@id":"https:\/\/accidentvalues.com\/es\/#website","url":"https:\/\/accidentvalues.com\/es\/","name":"AccidentValues.com Espa\u00f1ol","description":"Calculate the Value of a Car or Truck Accident Claim","potentialAction":[{"@type":"SearchAction","target":{"@type":"EntryPoint","urlTemplate":"https:\/\/accidentvalues.com\/es\/?s={search_term_string}"},"query-input":{"@type":"PropertyValueSpecification","valueRequired":true,"valueName":"search_term_string"}}],"inLanguage":"en-US"}]}},"_links":{"self":[{"href":"https:\/\/accidentvalues.com\/es\/wp-json\/wp\/v2\/pages\/216","targetHints":{"allow":["GET"]}}],"collection":[{"href":"https:\/\/accidentvalues.com\/es\/wp-json\/wp\/v2\/pages"}],"about":[{"href":"https:\/\/accidentvalues.com\/es\/wp-json\/wp\/v2\/types\/page"}],"author":[{"embeddable":true,"href":"https:\/\/accidentvalues.com\/es\/wp-json\/wp\/v2\/users\/1"}],"replies":[{"embeddable":true,"href":"https:\/\/accidentvalues.com\/es\/wp-json\/wp\/v2\/comments?post=216"}],"version-history":[{"count":3,"href":"https:\/\/accidentvalues.com\/es\/wp-json\/wp\/v2\/pages\/216\/revisions"}],"predecessor-version":[{"id":573,"href":"https:\/\/accidentvalues.com\/es\/wp-json\/wp\/v2\/pages\/216\/revisions\/573"}],"up":[{"embeddable":true,"href":"https:\/\/accidentvalues.com\/es\/wp-json\/wp\/v2\/pages\/57"}],"wp:attachment":[{"href":"https:\/\/accidentvalues.com\/es\/wp-json\/wp\/v2\/media?parent=216"}],"curies":[{"name":"wp","href":"https:\/\/api.w.org\/{rel}","templated":true}]}}