{"id":220,"date":"2014-06-20T11:21:25","date_gmt":"2014-06-20T15:21:25","guid":{"rendered":"http:\/\/accidentvalues.com\/?page_id=220"},"modified":"2019-12-02T16:22:20","modified_gmt":"2019-12-02T21:22:20","slug":"head-collision","status":"publish","type":"page","link":"https:\/\/accidentvalues.com\/es\/info\/crash-types\/head-collision\/","title":{"rendered":"Choque -Frontal"},"content":{"rendered":"<h2>\u00bfCu\u00e1nto Vale una Colisi\u00f3n frontal?<\/h2>\n<p>Los choques frontales son los cimientos de malos accidente. Malos accidentes producen m\u00e1s da\u00f1os. Los da\u00f1os determinan el valor de cada caso. Contrario a la opini\u00f3n p\u00fablica, los abogados no sacan los numero del aire cuando deciden cuanto una demanda judicial. Hay una formula b\u00e1sica. Esa f\u00f3rmula b\u00e1sica tiene numerosas variables y algunos casos tiene m\u00e1s peso que otros, otras valen meno. Esos factores forman las bases de la calculadora para hacer los c\u00e1lculos de compensaci\u00f3n por accidentes de carro.<\/p>\n<h2>\u00bfQu\u00e9 es una colisi\u00f3n frontal?<\/h2>\n<p>Una colisi\u00f3n frontal normalmente ocurre cuando el frente de un veh\u00edculo impacta el frente de otro veh\u00edculo o un objeto estacionario. Este tipo de impacto muchas veces ocurre cuando un veh\u00edculo entra dentro de la l\u00ednea de rodaje en v\u00eda contraria del otro veh\u00edculo o invade la l\u00ednea de rodaje del otro veh\u00edculo en direcci\u00f3n equivocada. La<a href=\"http:\/\/www-nrd.nhtsa.dot.gov\/Pubs\/811102.pdf\">effectiveness of seatbelts and air bags<\/a>juegan un papel muy importante para reducir las v\u00edctimas fatales en colisiones frontales, reduciendo el riesgo de fatalidades en un 61% cuando esto tienen puesto la correa de seguridad y el veh\u00edculo est\u00e1 ocupado con bolsas de aire. Penosamente, sin embargo, las colisiones frontales todav\u00eda son responsables de un <a href=\"http:\/\/www.fhwa.dot.gov\/publications\/research\/safety\/humanfac\/04085\/index.cfm\">10 percent of the U.S.\u2019s fatal crashes<\/a>,\u00a0 , aunque en las estad\u00edsticas de USA del a\u00f1o 2005 revelan que ello comprende solo el 2% de todos los choques. Esto es parcialmente debido a\u00a0<a href=\"http:\/\/www-nrd.nhtsa.dot.gov\/Pubs\/811102.pdf\">poor structural engagement<\/a>entre el veh\u00edculo y los afecto en la colisi\u00f3n-choque que ocurre inmediatamente ante del impacto total frontal. En el 2007, hubo <a href=\"http:\/\/www-nrd.nhtsa.dot.gov\/Pubs\/811102.pdf\">11,659 frontal crash fatalities.<\/a><\/p>\n<h2>\u00bfDe qui\u00e9n es la culpa?<\/h2>\n<p>Los conductores que desobedecen las leyes de tr\u00e1fico e impactan el frente otro carro o un objeto estacionario muy posiblemente sea culpable del accidente. Si otro conductor tambi\u00e9n estaba desobedeciendo las leyes de tr\u00e1fico, la culpa sea posiblemente compartida.<\/p>\n<p>Preg\u00fantese as\u00ed mismo estas 5 preguntas cuando trate de determinar la culpa en un accidente de carro:<\/p>\n<blockquote>\n<ol>\n<li>\u00a0\u00bfD\u00f3nde reside la citaci\u00f3n o violaci\u00f3n de la ley de tr\u00e1fico?<\/li>\n<li>\u00bfEstaba yo en la parte trasera o fui impactado por un carro haciendo un viraje hacia la izquierda?<\/li>\n<li>\u00a0\u00bfHizo el conductor alg\u00fan comentario despu\u00e9s del accidente?<\/li>\n<li>\u00a0\u00bfHab\u00eda testigo<\/li>\n<li>\u00a0\u00bfHubo conductores negligentes?<\/li>\n<\/ol>\n<\/blockquote>\n<p>Estas preguntas no son necesariamente determinativas, pero son un punto de partida.<\/p>\n<h2>\u00bfPorque yo estoy lastimado pero mi carro no?<\/h2>\n<p>A menudo el carro sufre da\u00f1os en una colisi\u00f3n frontal; Sin embargo, el aumento de los <a href=\"http:\/\/www.iihs.org\/iihs\/ratings\/ratings-info\/frontal-crash-tests\">occupant compartment, seatbelt, and air bags <\/a>muchas veces permiten que los carros resistan colisiones frontales sin que haya da\u00f1os serios a los ocupantes. Mientras que las correas de seguridad protegen a los pasajeros en sus asientos, minimizando los movimientos. La mayor\u00eda de los carros modernos tambi\u00e9n tienen zonas amortiguamiento o esponjamiento para dispersar la energ\u00eda antes de que llegue a los ocupantes de los compartimientos.<\/p>\n<p>Hay veces, sin embargo, lo opuesto sucede \u2013 el carro no tiene da\u00f1os significativos, pero el conductor o pasajero est\u00e1n lastimados. Esto ocurre a menudo a baja velocidad. Esto puede especialmente malo en accidentes donde las bolsas de aire no se activan. Lesiones en la cabeza, conmociones, latigazo, discos herniados, etc., son, desafortunadamente, de alguna manera son casos comunes en casos como estos. Pegarle a la rueda del gu\u00eda con la cabeza, al panel frontal, o a la ventada del frente o de los lados puede producir serias lesiones.<\/p>\n<h2>\u00bfCu\u00e1les son las lesiones m\u00e1s comunes en los impactos a la cabeza?<\/h2>\n<p><strong>F\u00e9mur\/ Pierna inferior<\/strong><\/p>\n<ul>\n<li>-Ahora que las bolsas de aire son un standard, las lesiones de cabeza y faciales son menos comunes. Sin embargo, \u00a0<a href=\"http:\/\/www.crashedu.org\/articulate\/frontal\/Part7\/player.html\">lower extremity injuries<\/a> ha aumentado.\u00a0 <a href=\"http:\/\/www-nrd.nhtsa.dot.gov\/Pubs\/811578.pdf\">Lower leg injuries and femur fractures<\/a> causados por instrumentos de los paneles y rodilleras se han ido tornando m\u00e1s comunes. En efecto,\u00a0<a href=\"http:\/\/www-nrd.nhtsa.dot.gov\/Pubs\/811578.pdf\">3.5 percent<\/a> de los conductores que usaban la correa de seguridad sufrieron lesiones en la parte baja de la pierna en choques frontales.<\/li>\n<\/ul>\n<p><strong>Torso<\/strong><\/p>\n<ul>\n<li><a href=\"http:\/\/www.crashedu.org\/articulate\/frontal\/Part11\/player.html\">Rib fractures<\/a> son comunes en las colisiones frontales, y de acuerdo con el Centro Nacional para Informaci\u00f3n de la Biotecnolog\u00eda, las <a href=\"http:\/\/www.ncbi.nlm.nih.gov\/pubmed\/1572708\">rib fracture<\/a>costillas indican las distintas posibilidades de lesiones en \u00f3rganos, tales como, h\u00edgado, pulmones, intestinos, y baso. \u00a0 <a href=\"http:\/\/medind.nic.in\/jal\/t12\/i1\/jalt12i1p24.pdf\">Abdominal visceral injury<\/a> son serias amenazas en colisiones frontales, como traumatismo cerrado de veh\u00edculos e impactos de la correa de seguridad pueden producir lesiones internas y ocultar evidencias externas.<\/li>\n<\/ul>\n<p><strong>Cuello<\/strong><\/p>\n<ul>\n<li>-Aunque las lesiones en el cuello son m\u00e1s comunes en las colisiones laterales, casi una tercera parte del total de todas las <a href=\"http:\/\/www.ncbi.nlm.nih.gov\/pubmed\/10688476\">neck injuries <\/a>que\u00a0 ocurren en impactos frontales. El impacto en la colisi\u00f3n de un carro fuerza violentamente a el cuello de moverse para atr\u00e1s y hacia adelante y de lado a lado, causando latigazos.<\/li>\n<\/ul>\n<p><strong>Lesiones Secundarias<\/strong><\/p>\n<ul>\n<li>&#8211; Como resultado de sacudidas producidas por alta fuerzas causadas por una colisi\u00f3n frontal, es com\u00fan que objetos sueltos vuelen en los alrededores del carro a altas velocidades y estos golpeen a los ocupantes. Esto puede causar lesiones que van desde menor y superficiales laceraciones hasta traumatismo cerrado.<\/li>\n<\/ul>\n<h2>\u00bfCu\u00e1nto puedo recibir de compensaci\u00f3n de la compa\u00f1\u00eda de seguro?<\/h2>\n<p>Desafortunadamente, las compa\u00f1\u00edas de seguro utilizan t\u00e1cticas para complicar simple controversia cuando lo envuelve al pago de compensaciones. Dicho esto, hay muchos factores que pueden afectar el valor de un arreglo-acuerdo. Por tal raz\u00f3n, los arreglos-acuerdos para una colisi\u00f3n de bajo impacto, sin que haya lesiones severas, puede ser tan bajo como unos miles de d\u00f3lares o m\u00e1s bajo. Cuando hay gastos medico substanciales, perdidas de salarios, y renta de carro, esa cantidad puede mucho m\u00e1s alto, pudiendo llegar a millones por lesiones catastr\u00f3ficas. Recuerde, nadie que reciba una substancial compensaci\u00f3n por acuerdo o veredicto de un jurado lo har\u00eda de nuevo.<\/p>\n<blockquote><p>Calcule el valor de su accidente de auto: <a href=\"http:\/\/accidentvalues.com\/calculator\/\">http:\/\/accidentvalues.com\/calculator\/<\/a><\/p><\/blockquote>\n<h2>\u00bfQue afecta el valor de un acuerdo-arreglo?<\/h2>\n<p>Hay muchos factores que pueden afectar el valor de un arreglo-acuerdo. Esto incluye:<\/p>\n<p><strong>Da\u00f1os Especiales<\/strong><\/p>\n<ul>\n<li>\u00a0Da\u00f1os especiales pueden dar paso a p\u00e9rdidas econ\u00f3micas. Esto pueden incluir perdida de salarios, perdida de la capacidad de devengar ingreso, gastos m\u00e9dicos, gastos funerarios y de entierro, y da\u00f1o a la propiedad. En la medida que la cantidad por da\u00f1o aumenta, tambi\u00e9n debe de aumentar la cantidad del acuerdo-arreglo.<\/li>\n<li>La cantidad otorgada son m\u00e1s baja cuando hay falta compartida<\/li>\n<li>\u00a0Da\u00f1o Especial = suma de tratamiento m\u00e9dico + suma por perdida de salarios desde el d\u00eda de su lesi\u00f3n + suma del costo por reparaci\u00f3n del carro + suma de todos los gastos de tus bolsillos.<\/li>\n<\/ul>\n<p><strong>Da\u00f1os Generales<\/strong><\/p>\n<ul>\n<li>Da\u00f1os Generales son perdidas de da\u00f1os no-econ\u00f3micos. Estos pueden provenir del dolor f\u00edsico y mental, y sufrimiento, tal como verg\u00fcenza, perdida de reputaci\u00f3n, e incomodidad. Los da\u00f1os generales muchas veces son 1,5 a 5 veces m\u00e1s que los da\u00f1os especiales. Al igual que los da\u00f1os especiales, mientras m\u00e1s permanente y severo sean los da\u00f1os generales, mayor ser\u00e1 el acuerdo-arreglo.<\/li>\n<li>Algunos estados sit\u00faan un tope m\u00e1ximo en los da\u00f1os no econ\u00f3micos en los casos de lesiones personales, mientras que otros estados el tope solo para cierto tipo de lesiones.<\/li>\n<li>\u00a0Da\u00f1os generales = tipo y duraci\u00f3n de dolor y sufrimiento + diagn\u00f3stico y prognosis de estr\u00e9s emocional + perdida de habilidad para ejecutar actividades de valor + perdida de las habilidades sexuales + da\u00f1os punitivos<\/li>\n<\/ul>\n<p>De nuevo, existen mucho otros factores, pero usando la formula arriba mencionada puede ayudar a producir un Estimado de una colisi\u00f3n de frente.<\/p>\n<p>Lea mas en:\u00a0<a href=\"http:\/\/accidentvalues.com\/info\/\">http:\/\/accidentvalues.com\/info\/<\/a><\/p>\n<p>Calcule el valor de su accidente: <a href=\"http:\/\/accidentvalues.com\/calculator\/\">http:\/\/accidentvalues.com\/calculator\/<\/a><\/p>\n","protected":false},"excerpt":{"rendered":"<p>\u00bfCu\u00e1nto Vale una Colisi\u00f3n frontal? Los choques frontales son los cimientos de malos accidente. Malos accidentes producen m\u00e1s da\u00f1os. Los da\u00f1os determinan el valor de cada caso. Contrario a la opini\u00f3n p\u00fablica, los abogados no sacan los numero del aire cuando deciden cuanto una demanda judicial. Hay una formula b\u00e1sica. Esa f\u00f3rmula b\u00e1sica tiene numerosas [&hellip;]<\/p>\n","protected":false},"author":1,"featured_media":0,"parent":210,"menu_order":0,"comment_status":"closed","ping_status":"open","template":"","meta":{"footnotes":""},"class_list":["post-220","page","type-page","status-publish","hentry"],"yoast_head":"<!-- This site is optimized with the Yoast SEO plugin v27.3 - https:\/\/yoast.com\/product\/yoast-seo-wordpress\/ -->\n<title>Choque -Frontal - AccidentValues.com Espa\u00f1ol<\/title>\n<meta name=\"description\" content=\"The AccidentValues.com calculator allows for calculation of the value of injury cases, including head-on collisions\" \/>\n<meta name=\"robots\" content=\"index, follow, max-snippet:-1, max-image-preview:large, max-video-preview:-1\" \/>\n<link rel=\"canonical\" href=\"https:\/\/accidentvalues.com\/es\/info\/crash-types\/head-collision\/\" \/>\n<meta property=\"og:locale\" content=\"en_US\" \/>\n<meta property=\"og:type\" content=\"article\" \/>\n<meta property=\"og:title\" content=\"Choque -Frontal - AccidentValues.com Espa\u00f1ol\" \/>\n<meta property=\"og:description\" content=\"The AccidentValues.com calculator allows for calculation of the value of injury cases, including head-on collisions\" \/>\n<meta property=\"og:url\" content=\"https:\/\/accidentvalues.com\/es\/info\/crash-types\/head-collision\/\" \/>\n<meta property=\"og:site_name\" content=\"AccidentValues.com Espa\u00f1ol\" \/>\n<meta property=\"article:modified_time\" content=\"2019-12-02T21:22:20+00:00\" \/>\n<meta name=\"twitter:card\" content=\"summary_large_image\" \/>\n<meta name=\"twitter:label1\" content=\"Est. reading time\" \/>\n\t<meta name=\"twitter:data1\" content=\"7 minutes\" \/>\n<script type=\"application\/ld+json\" class=\"yoast-schema-graph\">{\"@context\":\"https:\\\/\\\/schema.org\",\"@graph\":[{\"@type\":\"WebPage\",\"@id\":\"https:\\\/\\\/accidentvalues.com\\\/es\\\/info\\\/crash-types\\\/head-collision\\\/\",\"url\":\"https:\\\/\\\/accidentvalues.com\\\/es\\\/info\\\/crash-types\\\/head-collision\\\/\",\"name\":\"Choque -Frontal - AccidentValues.com Espa\u00f1ol\",\"isPartOf\":{\"@id\":\"https:\\\/\\\/accidentvalues.com\\\/es\\\/#website\"},\"datePublished\":\"2014-06-20T15:21:25+00:00\",\"dateModified\":\"2019-12-02T21:22:20+00:00\",\"description\":\"The AccidentValues.com calculator allows for calculation of the value of injury cases, including head-on collisions\",\"breadcrumb\":{\"@id\":\"https:\\\/\\\/accidentvalues.com\\\/es\\\/info\\\/crash-types\\\/head-collision\\\/#breadcrumb\"},\"inLanguage\":\"en-US\",\"potentialAction\":[{\"@type\":\"ReadAction\",\"target\":[\"https:\\\/\\\/accidentvalues.com\\\/es\\\/info\\\/crash-types\\\/head-collision\\\/\"]}]},{\"@type\":\"BreadcrumbList\",\"@id\":\"https:\\\/\\\/accidentvalues.com\\\/es\\\/info\\\/crash-types\\\/head-collision\\\/#breadcrumb\",\"itemListElement\":[{\"@type\":\"ListItem\",\"position\":1,\"name\":\"Home\",\"item\":\"https:\\\/\\\/accidentvalues.com\\\/es\\\/\"},{\"@type\":\"ListItem\",\"position\":2,\"name\":\"Informaci\u00f3n\",\"item\":\"https:\\\/\\\/accidentvalues.com\\\/es\\\/info\\\/\"},{\"@type\":\"ListItem\",\"position\":3,\"name\":\"Tipos de Choques\",\"item\":\"https:\\\/\\\/accidentvalues.com\\\/es\\\/info\\\/crash-types\\\/\"},{\"@type\":\"ListItem\",\"position\":4,\"name\":\"Choque -Frontal\"}]},{\"@type\":\"WebSite\",\"@id\":\"https:\\\/\\\/accidentvalues.com\\\/es\\\/#website\",\"url\":\"https:\\\/\\\/accidentvalues.com\\\/es\\\/\",\"name\":\"AccidentValues.com Espa\u00f1ol\",\"description\":\"Calculate the Value of a Car or Truck Accident Claim\",\"potentialAction\":[{\"@type\":\"SearchAction\",\"target\":{\"@type\":\"EntryPoint\",\"urlTemplate\":\"https:\\\/\\\/accidentvalues.com\\\/es\\\/?s={search_term_string}\"},\"query-input\":{\"@type\":\"PropertyValueSpecification\",\"valueRequired\":true,\"valueName\":\"search_term_string\"}}],\"inLanguage\":\"en-US\"}]}<\/script>\n<!-- \/ Yoast SEO plugin. -->","yoast_head_json":{"title":"Choque -Frontal - AccidentValues.com Espa\u00f1ol","description":"The AccidentValues.com calculator allows for calculation of the value of injury cases, including head-on collisions","robots":{"index":"index","follow":"follow","max-snippet":"max-snippet:-1","max-image-preview":"max-image-preview:large","max-video-preview":"max-video-preview:-1"},"canonical":"https:\/\/accidentvalues.com\/es\/info\/crash-types\/head-collision\/","og_locale":"en_US","og_type":"article","og_title":"Choque -Frontal - AccidentValues.com Espa\u00f1ol","og_description":"The AccidentValues.com calculator allows for calculation of the value of injury cases, including head-on collisions","og_url":"https:\/\/accidentvalues.com\/es\/info\/crash-types\/head-collision\/","og_site_name":"AccidentValues.com Espa\u00f1ol","article_modified_time":"2019-12-02T21:22:20+00:00","twitter_card":"summary_large_image","twitter_misc":{"Est. reading time":"7 minutes"},"schema":{"@context":"https:\/\/schema.org","@graph":[{"@type":"WebPage","@id":"https:\/\/accidentvalues.com\/es\/info\/crash-types\/head-collision\/","url":"https:\/\/accidentvalues.com\/es\/info\/crash-types\/head-collision\/","name":"Choque -Frontal - AccidentValues.com Espa\u00f1ol","isPartOf":{"@id":"https:\/\/accidentvalues.com\/es\/#website"},"datePublished":"2014-06-20T15:21:25+00:00","dateModified":"2019-12-02T21:22:20+00:00","description":"The AccidentValues.com calculator allows for calculation of the value of injury cases, including head-on collisions","breadcrumb":{"@id":"https:\/\/accidentvalues.com\/es\/info\/crash-types\/head-collision\/#breadcrumb"},"inLanguage":"en-US","potentialAction":[{"@type":"ReadAction","target":["https:\/\/accidentvalues.com\/es\/info\/crash-types\/head-collision\/"]}]},{"@type":"BreadcrumbList","@id":"https:\/\/accidentvalues.com\/es\/info\/crash-types\/head-collision\/#breadcrumb","itemListElement":[{"@type":"ListItem","position":1,"name":"Home","item":"https:\/\/accidentvalues.com\/es\/"},{"@type":"ListItem","position":2,"name":"Informaci\u00f3n","item":"https:\/\/accidentvalues.com\/es\/info\/"},{"@type":"ListItem","position":3,"name":"Tipos de Choques","item":"https:\/\/accidentvalues.com\/es\/info\/crash-types\/"},{"@type":"ListItem","position":4,"name":"Choque -Frontal"}]},{"@type":"WebSite","@id":"https:\/\/accidentvalues.com\/es\/#website","url":"https:\/\/accidentvalues.com\/es\/","name":"AccidentValues.com Espa\u00f1ol","description":"Calculate the Value of a Car or Truck Accident Claim","potentialAction":[{"@type":"SearchAction","target":{"@type":"EntryPoint","urlTemplate":"https:\/\/accidentvalues.com\/es\/?s={search_term_string}"},"query-input":{"@type":"PropertyValueSpecification","valueRequired":true,"valueName":"search_term_string"}}],"inLanguage":"en-US"}]}},"_links":{"self":[{"href":"https:\/\/accidentvalues.com\/es\/wp-json\/wp\/v2\/pages\/220","targetHints":{"allow":["GET"]}}],"collection":[{"href":"https:\/\/accidentvalues.com\/es\/wp-json\/wp\/v2\/pages"}],"about":[{"href":"https:\/\/accidentvalues.com\/es\/wp-json\/wp\/v2\/types\/page"}],"author":[{"embeddable":true,"href":"https:\/\/accidentvalues.com\/es\/wp-json\/wp\/v2\/users\/1"}],"replies":[{"embeddable":true,"href":"https:\/\/accidentvalues.com\/es\/wp-json\/wp\/v2\/comments?post=220"}],"version-history":[{"count":17,"href":"https:\/\/accidentvalues.com\/es\/wp-json\/wp\/v2\/pages\/220\/revisions"}],"predecessor-version":[{"id":628,"href":"https:\/\/accidentvalues.com\/es\/wp-json\/wp\/v2\/pages\/220\/revisions\/628"}],"up":[{"embeddable":true,"href":"https:\/\/accidentvalues.com\/es\/wp-json\/wp\/v2\/pages\/210"}],"wp:attachment":[{"href":"https:\/\/accidentvalues.com\/es\/wp-json\/wp\/v2\/media?parent=220"}],"curies":[{"name":"wp","href":"https:\/\/api.w.org\/{rel}","templated":true}]}}