{"id":226,"date":"2014-06-25T00:10:35","date_gmt":"2014-06-25T04:10:35","guid":{"rendered":"http:\/\/accidentvalues.com\/?page_id=226"},"modified":"2019-12-03T11:05:06","modified_gmt":"2019-12-03T16:05:06","slug":"side-impact-collisions","status":"publish","type":"page","link":"https:\/\/accidentvalues.com\/es\/info\/crash-types\/side-impact-collisions\/","title":{"rendered":"Colisiones de Imparto por el Lado"},"content":{"rendered":"<h2>\u00bfCu\u00e1nto vale una colisi\u00f3n de impacto por el lado?<\/h2>\n<p>El valor de una colisi\u00f3n de hueso T o impacto de al lado varia extensamente. El valor de estos accidentes es calculado generalmente de la misma manera que le valor de todos los accidentes de auto. Primero, usted mira las cuentas m\u00e9dicas. Pr\u00f3ximo usted mira la perdida de salario u otros da\u00f1os. Es importante estimar no solo las cuentas medicas actuales, perdida en salario, y otros da\u00f1os, pero tambi\u00e9n todas las futuras perdidas. Estos da\u00f1os son luego multiplicados para determinar los da\u00f1os no econ\u00f3micos (a veces se refiere a dolor y sufrimiento). El \u201cmultiplicador\u201d esta determinado, de hacer alg\u00fan grado, por la severidad del accidente. Accidentes de impacto por el lado son a veces bastante severos.<\/p>\n<h2>\u00bfQu\u00e9 es una colisi\u00f3n de accidente por el lado?<\/h2>\n<p>Una colisi\u00f3n de impacto por el lado acurre <strong>cuando un auto le da por el lado a otro auto.<\/strong> Para prop\u00f3sitos de este art\u00edculo, esto significa que un accidente de auto m\u00faltiple en el cual usted no es culpable. Este tipo de colisi\u00f3n, com\u00fanmente se refiere a \u201cT- bone\u201d o \u201ccolisi\u00f3n de costado\u201d que casi siempre es causado por emerger en el carril de otro veh\u00edculo, sobrepasar una luz roja, o \u201ct-boning\u201d otro auto en una intersecci\u00f3n. De acuerdo con la Administraci\u00f3n Nacional para la Seguridad de Trafico en la Carretera, colisiones de impacto por al lado son las\u00a0<a href=\"http:\/\/www.nhtsa.gov\/search?q=side+impact+fatalities&amp;x=0&amp;y=0\">deadliest for children<\/a>, sobre los pasados 20 a\u00f1os, la causa de muerte por causa de un accidente de impacto por al lado ha <a href=\"http:\/\/www.iihs.org\/iihs\/topics\/t\/vehicle-size-and-weight\/fatalityfacts\/passenger-vehicles\">increased by 20 percent<\/a>, de un 31 por ciento a un 51 por ciento debido a el aumento de viajes a alta velocidad y un numero grande de SUVs. En el 2003, sobre <a href=\"http:\/\/www-nrd.nhtsa.dot.gov\/Pubs\/810748.PDF\">9,000 fatalities<\/a>, 29 por ciento de las fatalidades de todos los ocupantes, fueron por impactos de al lado.<\/p>\n<p>Colisiones por impacto de al lado casi siempre son resultado de da\u00f1o en el auto, las barras de impacto de al lado y las bolsas de aire de al lado.\u00a0<a href=\"http:\/\/www.nhtsa.gov\/Vehicle+Safety\/Test+Procedures\/An+Evaluation+of+Side+Structure+Improvements+in+Response+to+Federal+Motor+Vehicle+Safety+Standard+214\">Side-impact bars<\/a> son barras que est\u00e1n entalladas en las puertas de los veh\u00edculos, formando parte de 6 a 9 pulgadas de un aula protectora alrededor del ocupante. Las bolsas de aire de al lado tambi\u00e9n se emplean para protegerle es una lesi\u00f3n a causa de una colisi\u00f3n de impacto de al lado, infl\u00e1ndose en una fracci\u00f3n de un segundo tan pronto ocurre el impacto. Aun que lo veh\u00edculos no se les requiere que tengan <a href=\"http:\/\/www.safercar.gov\/Vehicle+Shoppers\/Air+Bags\/Side-Impact+Air+Bags\">side airbags<\/a>, , la Administraci\u00f3n Nacional de seguridad en las Carreteras de Trafico estima que de 100 a 1,000 vidas se pueden salvar si todos los veh\u00edculos est\u00e1n equipados con una bolsa de aire de al lado que proteja la cabeza. Las lesiones tambi\u00e9n se disminuir\u00e1n.<\/p>\n<h2>\u00bfCu\u00e1les son las lesiones m\u00e1s comunes de una colisi\u00f3n de impacto por el lado?<\/h2>\n<p><strong>Lesi\u00f3n Traum\u00e1tica en el Cerebro (TBI) o Lesi\u00f3n en la Cabeza<\/strong><\/p>\n<ul>\n<li>\u00a0Accidentes de Veh\u00edculos de motor son la <a href=\"http:\/\/www.cdc.gov\/traumaticbraininjury\/get_the_facts.html\">third overall leading cause of TBI<\/a> un 14 por ciento y la causa de un 26 por ciento de muertes relacionadas con TBI. Un TBI es causa de un chich\u00f3n o penetraci\u00f3n a la cabeza que afecta la funci\u00f3n normal del cerebro. El accidente de auto, TBI puede no ser causado directamente por in golpe en la cabeza (como su cabeza chocando el para brizas) por que la fuerza del accidente puede causar el <a href=\"http:\/\/www.cdc.gov\/TraumaticBrainInjury\/\">brain to collide<\/a> chocar con el hueso interno de el cr\u00e1neo. Rangos severos de TBI desde\u00a0<a href=\"http:\/\/www.cdc.gov\/traumaticbraininjury\/outcomes.html\">mild to severe<\/a>, causando incapacidad en el pensamiento, recuperaci\u00f3n en las sensaciones, funci\u00f3n del lenguaje, y estabilidad emocional. El 75 por ciento de los reportes de conmociones cerebrales (TBI medio), el resultado de TBI severo son deliberaciones cognoscitivas y neurol\u00f3gicas absolutas. Una hospitalizaci\u00f3n por causa de un TBI cuesta m\u00e1s o menos $8,189 por modelada, $14,603 por serias, $16,788 por severas, y $33,537 por TBI cl\u00ednico.<strong> El costo puede variar por tipo de lesi\u00f3n, $20,522 por accidentes de veh\u00edculo de motor.\u00a0<\/strong><\/li>\n<\/ul>\n<p><strong>Trauma en el Pecho\u00a0<\/strong><\/p>\n<ul>\n<li>Contabilidad de accidentes de auto por un \u00a0<a href=\"http:\/\/emedicine.medscape.com\/article\/428723-overview\">70-80 percent<\/a> de lesiones de trauma en el pecho. Casi todas estas lesiones acurren en la pared del pecho, envolviendo el paso restringido de aire y\/0 sangre, que hace que se respire dificultosamente. En casos mas severos de traumas en el pecho, puede haber una lesi\u00f3n directa de pulmones o es\u00f3fago, que impide la respiraci\u00f3n.<\/li>\n<\/ul>\n<p><strong>Costillas Rotas\u00a0<\/strong><\/p>\n<ul>\n<li>\u00a0Una variedad de traumas en el pecho, que le peguen por l lado casi siempre es resultado de costillas rotas. El valor de casos de accidente de costillas rotas puede variar inmensamente. A veces la lesi\u00f3n perdura, a veces se repara r\u00e1pidamente. Lo mas largo que sea el proceso de recuperaci\u00f3n, m\u00e1s altos ser\u00e1n las cuentas medicas y cuentas de terapia. Estos casi siempre producen in acuerdo mas grande.<\/li>\n<\/ul>\n<p><em>\u00a0<\/em><\/p>\n<h2>\u00bfQu\u00e9 me deber\u00eda de ofrecer la compa\u00f1\u00eda de seguro?<\/h2>\n<p>La compa\u00f1\u00eda de seguro le debe de pagar las cuentas medicas y la perdida de salario. Por lo dem\u00e1s, incluyendo dolor y sufrimiento, la compa\u00f1\u00eda de seguro le deber\u00eda de ofrecer que a ellos le parezca. Ellos son una compa\u00f1\u00eda privada en el negocio de hacer dinero, como para los accionistas. A ellos no les importa su lesi\u00f3n. Si ellos est\u00e1n siendo buenos, es por que a ellos le gustar\u00eda llegara un acuerdo y r\u00e1pido. La pregunta no es: \u00bfcu\u00e1l es una buena oferta por parte de la compa\u00f1\u00eda de seguro por m\u00ed caso de accidente de auto?<\/p>\n<p>La pregunta es: que usted debe de aceptar como compensaci\u00f3n de las cuentas, perdida en salario, da\u00f1os, agravios, irritaci\u00f3n, dolor y sufrimiento. Use la calculadora. AccidentsValues le sugiere que no acepte menos sin por lo menos consultar con un abogado. AccidentValues sugiere que consiga un abogado de accidente de auto porque ellos negocian con las compa\u00f1\u00edas de seguro para poder vivir. Ellos saben las peque\u00f1as cosas para negociar casos de accidente de auto. Aun que usted tiene la habilidad de demandar la compa\u00f1\u00eda de seguro, usted casi siempre no lo har\u00e1. La compa\u00f1\u00eda de seguro lo sabe. El abogado demandar\u00e1 si es necesario. Si un abogado dobla la oferta, el tiene mas que la paga de sus fijos.<\/p>\n<p>Lea mas en:\u00a0<a href=\"http:\/\/accidentvalues.com\/info\/\">http:\/\/accidentvalues.com\/info\/<\/a><\/p>\n<p>Calcule el valor de su accidente: <a href=\"http:\/\/accidentvalues.com\/calculator\/\">http:\/\/accidentvalues.com\/calculator\/<\/a><\/p>\n","protected":false},"excerpt":{"rendered":"<p>\u00bfCu\u00e1nto vale una colisi\u00f3n de impacto por el lado? El valor de una colisi\u00f3n de hueso T o impacto de al lado varia extensamente. El valor de estos accidentes es calculado generalmente de la misma manera que le valor de todos los accidentes de auto. Primero, usted mira las cuentas m\u00e9dicas. Pr\u00f3ximo usted mira la [&hellip;]<\/p>\n","protected":false},"author":1,"featured_media":0,"parent":210,"menu_order":0,"comment_status":"closed","ping_status":"open","template":"","meta":{"footnotes":""},"class_list":["post-226","page","type-page","status-publish","hentry"],"yoast_head":"<!-- This site is optimized with the Yoast SEO plugin v27.3 - https:\/\/yoast.com\/product\/yoast-seo-wordpress\/ -->\n<title>Colisiones de Imparto por el Lado - AccidentValues.com Espa\u00f1ol<\/title>\n<meta name=\"description\" content=\"Learn the value of side-impact car accident settlements or cases. Also determine how to maximize the value of side-impact or t-bone crash cases.\" \/>\n<meta name=\"robots\" content=\"index, follow, max-snippet:-1, max-image-preview:large, max-video-preview:-1\" \/>\n<link rel=\"canonical\" href=\"https:\/\/accidentvalues.com\/es\/info\/crash-types\/side-impact-collisions\/\" \/>\n<meta property=\"og:locale\" content=\"en_US\" \/>\n<meta property=\"og:type\" content=\"article\" \/>\n<meta property=\"og:title\" content=\"Colisiones de Imparto por el Lado - AccidentValues.com Espa\u00f1ol\" \/>\n<meta property=\"og:description\" content=\"Learn the value of side-impact car accident settlements or cases. Also determine how to maximize the value of side-impact or t-bone crash cases.\" \/>\n<meta property=\"og:url\" content=\"https:\/\/accidentvalues.com\/es\/info\/crash-types\/side-impact-collisions\/\" \/>\n<meta property=\"og:site_name\" content=\"AccidentValues.com Espa\u00f1ol\" \/>\n<meta property=\"article:modified_time\" content=\"2019-12-03T16:05:06+00:00\" \/>\n<meta name=\"twitter:card\" content=\"summary_large_image\" \/>\n<meta name=\"twitter:label1\" content=\"Est. reading time\" \/>\n\t<meta name=\"twitter:data1\" content=\"6 minutes\" \/>\n<script type=\"application\/ld+json\" class=\"yoast-schema-graph\">{\"@context\":\"https:\\\/\\\/schema.org\",\"@graph\":[{\"@type\":\"WebPage\",\"@id\":\"https:\\\/\\\/accidentvalues.com\\\/es\\\/info\\\/crash-types\\\/side-impact-collisions\\\/\",\"url\":\"https:\\\/\\\/accidentvalues.com\\\/es\\\/info\\\/crash-types\\\/side-impact-collisions\\\/\",\"name\":\"Colisiones de Imparto por el Lado - AccidentValues.com Espa\u00f1ol\",\"isPartOf\":{\"@id\":\"https:\\\/\\\/accidentvalues.com\\\/es\\\/#website\"},\"datePublished\":\"2014-06-25T04:10:35+00:00\",\"dateModified\":\"2019-12-03T16:05:06+00:00\",\"description\":\"Learn the value of side-impact car accident settlements or cases. Also determine how to maximize the value of side-impact or t-bone crash cases.\",\"breadcrumb\":{\"@id\":\"https:\\\/\\\/accidentvalues.com\\\/es\\\/info\\\/crash-types\\\/side-impact-collisions\\\/#breadcrumb\"},\"inLanguage\":\"en-US\",\"potentialAction\":[{\"@type\":\"ReadAction\",\"target\":[\"https:\\\/\\\/accidentvalues.com\\\/es\\\/info\\\/crash-types\\\/side-impact-collisions\\\/\"]}]},{\"@type\":\"BreadcrumbList\",\"@id\":\"https:\\\/\\\/accidentvalues.com\\\/es\\\/info\\\/crash-types\\\/side-impact-collisions\\\/#breadcrumb\",\"itemListElement\":[{\"@type\":\"ListItem\",\"position\":1,\"name\":\"Home\",\"item\":\"https:\\\/\\\/accidentvalues.com\\\/es\\\/\"},{\"@type\":\"ListItem\",\"position\":2,\"name\":\"Informaci\u00f3n\",\"item\":\"https:\\\/\\\/accidentvalues.com\\\/es\\\/info\\\/\"},{\"@type\":\"ListItem\",\"position\":3,\"name\":\"Tipos de Choques\",\"item\":\"https:\\\/\\\/accidentvalues.com\\\/es\\\/info\\\/crash-types\\\/\"},{\"@type\":\"ListItem\",\"position\":4,\"name\":\"Colisiones de Imparto por el Lado\"}]},{\"@type\":\"WebSite\",\"@id\":\"https:\\\/\\\/accidentvalues.com\\\/es\\\/#website\",\"url\":\"https:\\\/\\\/accidentvalues.com\\\/es\\\/\",\"name\":\"AccidentValues.com Espa\u00f1ol\",\"description\":\"Calculate the Value of a Car or Truck Accident Claim\",\"potentialAction\":[{\"@type\":\"SearchAction\",\"target\":{\"@type\":\"EntryPoint\",\"urlTemplate\":\"https:\\\/\\\/accidentvalues.com\\\/es\\\/?s={search_term_string}\"},\"query-input\":{\"@type\":\"PropertyValueSpecification\",\"valueRequired\":true,\"valueName\":\"search_term_string\"}}],\"inLanguage\":\"en-US\"}]}<\/script>\n<!-- \/ Yoast SEO plugin. -->","yoast_head_json":{"title":"Colisiones de Imparto por el Lado - AccidentValues.com Espa\u00f1ol","description":"Learn the value of side-impact car accident settlements or cases. Also determine how to maximize the value of side-impact or t-bone crash cases.","robots":{"index":"index","follow":"follow","max-snippet":"max-snippet:-1","max-image-preview":"max-image-preview:large","max-video-preview":"max-video-preview:-1"},"canonical":"https:\/\/accidentvalues.com\/es\/info\/crash-types\/side-impact-collisions\/","og_locale":"en_US","og_type":"article","og_title":"Colisiones de Imparto por el Lado - AccidentValues.com Espa\u00f1ol","og_description":"Learn the value of side-impact car accident settlements or cases. Also determine how to maximize the value of side-impact or t-bone crash cases.","og_url":"https:\/\/accidentvalues.com\/es\/info\/crash-types\/side-impact-collisions\/","og_site_name":"AccidentValues.com Espa\u00f1ol","article_modified_time":"2019-12-03T16:05:06+00:00","twitter_card":"summary_large_image","twitter_misc":{"Est. reading time":"6 minutes"},"schema":{"@context":"https:\/\/schema.org","@graph":[{"@type":"WebPage","@id":"https:\/\/accidentvalues.com\/es\/info\/crash-types\/side-impact-collisions\/","url":"https:\/\/accidentvalues.com\/es\/info\/crash-types\/side-impact-collisions\/","name":"Colisiones de Imparto por el Lado - AccidentValues.com Espa\u00f1ol","isPartOf":{"@id":"https:\/\/accidentvalues.com\/es\/#website"},"datePublished":"2014-06-25T04:10:35+00:00","dateModified":"2019-12-03T16:05:06+00:00","description":"Learn the value of side-impact car accident settlements or cases. Also determine how to maximize the value of side-impact or t-bone crash cases.","breadcrumb":{"@id":"https:\/\/accidentvalues.com\/es\/info\/crash-types\/side-impact-collisions\/#breadcrumb"},"inLanguage":"en-US","potentialAction":[{"@type":"ReadAction","target":["https:\/\/accidentvalues.com\/es\/info\/crash-types\/side-impact-collisions\/"]}]},{"@type":"BreadcrumbList","@id":"https:\/\/accidentvalues.com\/es\/info\/crash-types\/side-impact-collisions\/#breadcrumb","itemListElement":[{"@type":"ListItem","position":1,"name":"Home","item":"https:\/\/accidentvalues.com\/es\/"},{"@type":"ListItem","position":2,"name":"Informaci\u00f3n","item":"https:\/\/accidentvalues.com\/es\/info\/"},{"@type":"ListItem","position":3,"name":"Tipos de Choques","item":"https:\/\/accidentvalues.com\/es\/info\/crash-types\/"},{"@type":"ListItem","position":4,"name":"Colisiones de Imparto por el Lado"}]},{"@type":"WebSite","@id":"https:\/\/accidentvalues.com\/es\/#website","url":"https:\/\/accidentvalues.com\/es\/","name":"AccidentValues.com Espa\u00f1ol","description":"Calculate the Value of a Car or Truck Accident Claim","potentialAction":[{"@type":"SearchAction","target":{"@type":"EntryPoint","urlTemplate":"https:\/\/accidentvalues.com\/es\/?s={search_term_string}"},"query-input":{"@type":"PropertyValueSpecification","valueRequired":true,"valueName":"search_term_string"}}],"inLanguage":"en-US"}]}},"_links":{"self":[{"href":"https:\/\/accidentvalues.com\/es\/wp-json\/wp\/v2\/pages\/226","targetHints":{"allow":["GET"]}}],"collection":[{"href":"https:\/\/accidentvalues.com\/es\/wp-json\/wp\/v2\/pages"}],"about":[{"href":"https:\/\/accidentvalues.com\/es\/wp-json\/wp\/v2\/types\/page"}],"author":[{"embeddable":true,"href":"https:\/\/accidentvalues.com\/es\/wp-json\/wp\/v2\/users\/1"}],"replies":[{"embeddable":true,"href":"https:\/\/accidentvalues.com\/es\/wp-json\/wp\/v2\/comments?post=226"}],"version-history":[{"count":10,"href":"https:\/\/accidentvalues.com\/es\/wp-json\/wp\/v2\/pages\/226\/revisions"}],"predecessor-version":[{"id":645,"href":"https:\/\/accidentvalues.com\/es\/wp-json\/wp\/v2\/pages\/226\/revisions\/645"}],"up":[{"embeddable":true,"href":"https:\/\/accidentvalues.com\/es\/wp-json\/wp\/v2\/pages\/210"}],"wp:attachment":[{"href":"https:\/\/accidentvalues.com\/es\/wp-json\/wp\/v2\/media?parent=226"}],"curies":[{"name":"wp","href":"https:\/\/api.w.org\/{rel}","templated":true}]}}