{"id":254,"date":"2014-08-08T10:35:18","date_gmt":"2014-08-08T14:35:18","guid":{"rendered":"http:\/\/accidentvalues.com\/?page_id=254"},"modified":"2019-11-25T16:09:29","modified_gmt":"2019-11-25T21:09:29","slug":"who-else-is-liable","status":"publish","type":"page","link":"https:\/\/accidentvalues.com\/es\/info\/cases\/who-else-is-liable\/","title":{"rendered":"Las 5 Cosas Mas Comunes En 3ras Partes Que Tambi\u00e9n Puedan Ser Sujetas En Su Caso"},"content":{"rendered":"<p>&nbsp;<\/p>\n<p style=\"color: #444444;\">Puede haber otra persona sujeta por su accidente aparte de otro conductor.<\/p>\n<h2 style=\"color: #444444;\">Anfitri\u00f3n<\/h2>\n<p style=\"color: #444444;\">Algunos estados tienen anfitriones sociales y\/o compra del trago sujeto. Proveedores de alcohol hasta un conductor cuya consunci\u00f3n de alcohol contribuye a un accidente de auto puede tener responsabilidades legales. Servirles a consumidores menores de edad o consumidores obviamente intoxicados puede provocar alguna deuda. Para poder probar qu\u00e9 el alcohol contribuy\u00f3 a la causa de un accidente, pol\u00edticas de servicio, cuentas de testigos, y cuentas en el \u00e1rea de la barra deben ser investigadas.<\/p>\n<h2>Empleadores<\/h2>\n<p>Empleados, especialmente conductores profesionales, deben ser adecuadamente examinar y investigados para el proceso de contrato para minimizar accidentes de auto. Empleados con DWI previos o convicciones vehiculares, empleados problemas de abuso con alcohol o drogas y empleados con discapacidades f\u00edsicas o mentales que los hace conductores riesgosos deben de ser excluidos de trabajos que envuelvan conducir significantemente. Empleadores deben tambi\u00e9n asegurarse que los conductores que necesiten entrenamiento adicional reciban el entrenamiento necesario para operar trabajo pesando o veh\u00edculos con prop\u00f3sito especializado. Adicional, empleadores que le dan trabajo de mas a los conductores o que causen que ellos ignores los temas de seguridad en la carretera, como leyes del estado o federales, pueden resistir la responsabilidad de naufragio de autom\u00f3vil.<\/p>\n<h2>Problemas Con Mantenimiento De Veh\u00edculos<\/h2>\n<p>El empleador y la tienda de reparo por la tercera parte y facilidades de mantenimiento deben de jugar el papel si el mantenimiento del veh\u00edculo es inadecuado. Si se sospecha falta en el mantenimiento, el veh\u00edculo debe de ser localizado y preservado para proveer evidencia de la falta o reparos inadecuados.<\/p>\n<h2>Pista en Peligro<\/h2>\n<p>Cualquier condici\u00f3n en la carretera puede jugar un papel en su accidente de auto. La falta de barreras medianas, exceso de gravilla, baches serios, o excavaci\u00f3n de carretera pueden afectar la seguridad de la operaci\u00f3n de un veh\u00edculo de motor. Estas condiciones son relacionadas con construcciones de carretera y esfuerzos de mantenimiento. Como, planes de dise\u00f1o y cualquier plan de control de tr\u00e1fico pueden ser responsabilidad del gobierno y contratistas envueltos.<\/p>\n<h2>Responsabilidad de Productos Automotriz<\/h2>\n<p>En cualquier caso, que halla lesiones o muerte envueltas, usted debe considerar si hay presencia de partes peligrosas o defectuosa en el autom\u00f3vil. Si esto es una posibilidad, obtener y preservar el autom\u00f3vil debe ser hecho prontamente despu\u00e9s que el accidente ocurra. Problemas t\u00edpicos envuelven falla de contenido del sistema, falla de asiento hacia atr\u00e1s, protecci\u00f3n de reinvenci\u00f3n, problemas de expulsi\u00f3n, susceptibilidad de incendio, y problemas de tracci\u00f3n y estabilidad. Rendimiento de llantas son com\u00fanmente \u00e1reas que se deben tomar en consideraci\u00f3n.<\/p>\n<p style=\"color: #444444;\">Calcule el valor de su reclamo aqui <a style=\"color: #008ace;\" href=\"http:\/\/accidentvalues.com\/calculator\/\">Car Accident Claim Calculator<\/a>.<\/p>\n","protected":false},"excerpt":{"rendered":"<p>&nbsp; Puede haber otra persona sujeta por su accidente aparte de otro conductor. Anfitri\u00f3n Algunos estados tienen anfitriones sociales y\/o compra del trago sujeto. Proveedores de alcohol hasta un conductor cuya consunci\u00f3n de alcohol contribuye a un accidente de auto puede tener responsabilidades legales. Servirles a consumidores menores de edad o consumidores obviamente intoxicados puede [&hellip;]<\/p>\n","protected":false},"author":1,"featured_media":0,"parent":54,"menu_order":0,"comment_status":"closed","ping_status":"open","template":"","meta":{"footnotes":""},"class_list":["post-254","page","type-page","status-publish","hentry"],"yoast_head":"<!-- This site is optimized with the Yoast SEO plugin v27.3 - https:\/\/yoast.com\/product\/yoast-seo-wordpress\/ -->\n<title>Who Else Might Be Liable for Your Accident?<\/title>\n<meta name=\"description\" content=\"There can be other parties responsible beside the other driver. The driver&#039;s employer, car&#039;s maintenance, road conditions, and more can all factor in.\" \/>\n<meta name=\"robots\" content=\"index, follow, max-snippet:-1, max-image-preview:large, max-video-preview:-1\" \/>\n<link rel=\"canonical\" href=\"https:\/\/accidentvalues.com\/es\/info\/cases\/who-else-is-liable\/\" \/>\n<meta property=\"og:locale\" content=\"en_US\" \/>\n<meta property=\"og:type\" content=\"article\" \/>\n<meta property=\"og:title\" content=\"Who Else Might Be Liable for Your Accident?\" \/>\n<meta property=\"og:description\" content=\"There can be other parties responsible beside the other driver. The driver&#039;s employer, car&#039;s maintenance, road conditions, and more can all factor in.\" \/>\n<meta property=\"og:url\" content=\"https:\/\/accidentvalues.com\/es\/info\/cases\/who-else-is-liable\/\" \/>\n<meta property=\"og:site_name\" content=\"AccidentValues.com Espa\u00f1ol\" \/>\n<meta property=\"article:modified_time\" content=\"2019-11-25T21:09:29+00:00\" \/>\n<meta name=\"twitter:card\" content=\"summary_large_image\" \/>\n<meta name=\"twitter:label1\" content=\"Est. reading time\" \/>\n\t<meta name=\"twitter:data1\" content=\"2 minutes\" \/>\n<script type=\"application\/ld+json\" class=\"yoast-schema-graph\">{\"@context\":\"https:\\\/\\\/schema.org\",\"@graph\":[{\"@type\":\"WebPage\",\"@id\":\"https:\\\/\\\/accidentvalues.com\\\/es\\\/info\\\/cases\\\/who-else-is-liable\\\/\",\"url\":\"https:\\\/\\\/accidentvalues.com\\\/es\\\/info\\\/cases\\\/who-else-is-liable\\\/\",\"name\":\"Who Else Might Be Liable for Your Accident?\",\"isPartOf\":{\"@id\":\"https:\\\/\\\/accidentvalues.com\\\/es\\\/#website\"},\"datePublished\":\"2014-08-08T14:35:18+00:00\",\"dateModified\":\"2019-11-25T21:09:29+00:00\",\"description\":\"There can be other parties responsible beside the other driver. The driver's employer, car's maintenance, road conditions, and more can all factor in.\",\"breadcrumb\":{\"@id\":\"https:\\\/\\\/accidentvalues.com\\\/es\\\/info\\\/cases\\\/who-else-is-liable\\\/#breadcrumb\"},\"inLanguage\":\"en-US\",\"potentialAction\":[{\"@type\":\"ReadAction\",\"target\":[\"https:\\\/\\\/accidentvalues.com\\\/es\\\/info\\\/cases\\\/who-else-is-liable\\\/\"]}]},{\"@type\":\"BreadcrumbList\",\"@id\":\"https:\\\/\\\/accidentvalues.com\\\/es\\\/info\\\/cases\\\/who-else-is-liable\\\/#breadcrumb\",\"itemListElement\":[{\"@type\":\"ListItem\",\"position\":1,\"name\":\"Home\",\"item\":\"https:\\\/\\\/accidentvalues.com\\\/es\\\/\"},{\"@type\":\"ListItem\",\"position\":2,\"name\":\"Informaci\u00f3n\",\"item\":\"https:\\\/\\\/accidentvalues.com\\\/es\\\/info\\\/\"},{\"@type\":\"ListItem\",\"position\":3,\"name\":\"Casos\",\"item\":\"https:\\\/\\\/accidentvalues.com\\\/es\\\/info\\\/cases\\\/\"},{\"@type\":\"ListItem\",\"position\":4,\"name\":\"Las 5 Cosas Mas Comunes En 3ras Partes Que Tambi\u00e9n Puedan Ser Sujetas En Su Caso\"}]},{\"@type\":\"WebSite\",\"@id\":\"https:\\\/\\\/accidentvalues.com\\\/es\\\/#website\",\"url\":\"https:\\\/\\\/accidentvalues.com\\\/es\\\/\",\"name\":\"AccidentValues.com Espa\u00f1ol\",\"description\":\"Calculate the Value of a Car or Truck Accident Claim\",\"potentialAction\":[{\"@type\":\"SearchAction\",\"target\":{\"@type\":\"EntryPoint\",\"urlTemplate\":\"https:\\\/\\\/accidentvalues.com\\\/es\\\/?s={search_term_string}\"},\"query-input\":{\"@type\":\"PropertyValueSpecification\",\"valueRequired\":true,\"valueName\":\"search_term_string\"}}],\"inLanguage\":\"en-US\"}]}<\/script>\n<!-- \/ Yoast SEO plugin. -->","yoast_head_json":{"title":"Who Else Might Be Liable for Your Accident?","description":"There can be other parties responsible beside the other driver. The driver's employer, car's maintenance, road conditions, and more can all factor in.","robots":{"index":"index","follow":"follow","max-snippet":"max-snippet:-1","max-image-preview":"max-image-preview:large","max-video-preview":"max-video-preview:-1"},"canonical":"https:\/\/accidentvalues.com\/es\/info\/cases\/who-else-is-liable\/","og_locale":"en_US","og_type":"article","og_title":"Who Else Might Be Liable for Your Accident?","og_description":"There can be other parties responsible beside the other driver. The driver's employer, car's maintenance, road conditions, and more can all factor in.","og_url":"https:\/\/accidentvalues.com\/es\/info\/cases\/who-else-is-liable\/","og_site_name":"AccidentValues.com Espa\u00f1ol","article_modified_time":"2019-11-25T21:09:29+00:00","twitter_card":"summary_large_image","twitter_misc":{"Est. reading time":"2 minutes"},"schema":{"@context":"https:\/\/schema.org","@graph":[{"@type":"WebPage","@id":"https:\/\/accidentvalues.com\/es\/info\/cases\/who-else-is-liable\/","url":"https:\/\/accidentvalues.com\/es\/info\/cases\/who-else-is-liable\/","name":"Who Else Might Be Liable for Your Accident?","isPartOf":{"@id":"https:\/\/accidentvalues.com\/es\/#website"},"datePublished":"2014-08-08T14:35:18+00:00","dateModified":"2019-11-25T21:09:29+00:00","description":"There can be other parties responsible beside the other driver. The driver's employer, car's maintenance, road conditions, and more can all factor in.","breadcrumb":{"@id":"https:\/\/accidentvalues.com\/es\/info\/cases\/who-else-is-liable\/#breadcrumb"},"inLanguage":"en-US","potentialAction":[{"@type":"ReadAction","target":["https:\/\/accidentvalues.com\/es\/info\/cases\/who-else-is-liable\/"]}]},{"@type":"BreadcrumbList","@id":"https:\/\/accidentvalues.com\/es\/info\/cases\/who-else-is-liable\/#breadcrumb","itemListElement":[{"@type":"ListItem","position":1,"name":"Home","item":"https:\/\/accidentvalues.com\/es\/"},{"@type":"ListItem","position":2,"name":"Informaci\u00f3n","item":"https:\/\/accidentvalues.com\/es\/info\/"},{"@type":"ListItem","position":3,"name":"Casos","item":"https:\/\/accidentvalues.com\/es\/info\/cases\/"},{"@type":"ListItem","position":4,"name":"Las 5 Cosas Mas Comunes En 3ras Partes Que Tambi\u00e9n Puedan Ser Sujetas En Su Caso"}]},{"@type":"WebSite","@id":"https:\/\/accidentvalues.com\/es\/#website","url":"https:\/\/accidentvalues.com\/es\/","name":"AccidentValues.com Espa\u00f1ol","description":"Calculate the Value of a Car or Truck Accident Claim","potentialAction":[{"@type":"SearchAction","target":{"@type":"EntryPoint","urlTemplate":"https:\/\/accidentvalues.com\/es\/?s={search_term_string}"},"query-input":{"@type":"PropertyValueSpecification","valueRequired":true,"valueName":"search_term_string"}}],"inLanguage":"en-US"}]}},"_links":{"self":[{"href":"https:\/\/accidentvalues.com\/es\/wp-json\/wp\/v2\/pages\/254","targetHints":{"allow":["GET"]}}],"collection":[{"href":"https:\/\/accidentvalues.com\/es\/wp-json\/wp\/v2\/pages"}],"about":[{"href":"https:\/\/accidentvalues.com\/es\/wp-json\/wp\/v2\/types\/page"}],"author":[{"embeddable":true,"href":"https:\/\/accidentvalues.com\/es\/wp-json\/wp\/v2\/users\/1"}],"replies":[{"embeddable":true,"href":"https:\/\/accidentvalues.com\/es\/wp-json\/wp\/v2\/comments?post=254"}],"version-history":[{"count":4,"href":"https:\/\/accidentvalues.com\/es\/wp-json\/wp\/v2\/pages\/254\/revisions"}],"predecessor-version":[{"id":552,"href":"https:\/\/accidentvalues.com\/es\/wp-json\/wp\/v2\/pages\/254\/revisions\/552"}],"up":[{"embeddable":true,"href":"https:\/\/accidentvalues.com\/es\/wp-json\/wp\/v2\/pages\/54"}],"wp:attachment":[{"href":"https:\/\/accidentvalues.com\/es\/wp-json\/wp\/v2\/media?parent=254"}],"curies":[{"name":"wp","href":"https:\/\/api.w.org\/{rel}","templated":true}]}}