{"id":258,"date":"2014-08-10T10:06:26","date_gmt":"2014-08-10T14:06:26","guid":{"rendered":"http:\/\/accidentvalues.com\/?page_id=258"},"modified":"2019-11-20T13:35:52","modified_gmt":"2019-11-20T18:35:52","slug":"calculators-uses-values","status":"publish","type":"page","link":"https:\/\/accidentvalues.com\/es\/info\/calculate\/calculators-uses-values\/","title":{"rendered":"El Uso De La Calculadora Y Valores"},"content":{"rendered":"<p>Cuando el yacimiento de Valor De Accidente fue creado, originalmente pensamos que primariamente seria para accidentes de autos y camionetas. Esto hace sentido- la calculadora fue dise\u00f1ada para darle m\u00e1s valor a la pr\u00e1ctica del abogado de accidentes.\u00a0 Fue visto como poder hacer esto era mejor poner primero al visitante. Decirle al visitante lo que \u00e9l o ella realmente quiere saber y solo preocuparse secundariamente del o ella realmente convertirse en un cliente.<\/p>\n<p>Uso De La Calculadora<\/p>\n<p>De cualquier manera, las personas usan la calculadora no solo para accidentes de auto o camioneta, sino para numerosas lesiones personales. Aunque haya sido dise\u00f1ada para accidentes, tambi\u00e9n tiene valor para otras lesiones personales. Por consiguiente, tambi\u00e9n funciona para otras cosas por igual:<\/p>\n<ul>\n<li>Calculadora de Lesi\u00f3n Personal<\/li>\n<li>Calculadora de Lesi\u00f3n<\/li>\n<li>Calculadora de Acuerdo<\/li>\n<li>Calculadora para Ajustador De Seguro<\/li>\n<li>Calculadora para Dolor y Sufrimiento<\/li>\n<\/ul>\n<p>Finalmente, reclamos de lesi\u00f3n personal, casos, acuerdos y demandas generalmente provienen de un punto de vista similar \u2013 compensaci\u00f3n por cuentas m\u00e9dicas, perdida de salario, y dolor y sufrimiento. Esto son factores, pero vamos a llamar estos tres como los principales. Estos existen en accidentes, casos de ca\u00eddas, mal pr\u00e1ctica m\u00e9dica, y responsabilidad local. Un marco de trabajo mental similar se usa por los abogados de lesi\u00f3n personal, sin importar como la lesi\u00f3n haya sido causada. Por tanto, la calculadora tiene otros usos.<\/p>\n<h2><strong>El Valor Asignado por cada Ajustador<\/strong><\/h2>\n<p>El yacimiento ha sido usado por muchas personas que est\u00e1n negociando en contra de os ajustadores de las compa\u00f1\u00edas aseguradoras. Y me parece bien que las personas sepan que los ajustadores de las compa\u00f1\u00edas aseguradoras est\u00e1n ofreciendo lo que el caso realmente vale, ese concepto me pone nervioso siendo un abogado de lesiones personales. Finalmente, como individuo, negociando en contra de una compa\u00f1\u00eda aseguradora sin un abogado es como ir a un campo de pelea con los brazos atados a tu espalda. A menos que usted valla a someter una demanda, tiene sus limitaciones en cuanto negociaci\u00f3n. Si el ajustador no puede llegar a un acuerdo luego le pasa el caso a\u00a0\u00a0 otro ajustador para ver si el otro puede llegar a un acuerdo. Si el caso no se llega a un acuerdo, no hay problema. La compa\u00f1\u00eda de seguro simplemente no pagara. Esperar por usted para que tome alguna acci\u00f3n. El segundo que usted contrate a un abogado que comienza a negociar, el caso probablemente pase a otro ajustados- uno que trate de ablandar las cosas con el abogado en vez de tener a uno que se mofe de la persona lesionada. Una vez el abogado somete una demanda la compa\u00f1\u00eda aseguradora simplemente escoge muchos abogados para ese caso. El sistema ha sido dise\u00f1ado para que este en contra de usted.<\/p>\n<p>As\u00ed, que s\u00ed, me alegra que las personas puedan comenzar teniendo una idea de lo que vale su caso de accidente. Como sea, espero que por igual yo trasporte que teniendo un abogado de accidente o accidente personal es la mejor manera de hacer las cosas. Un caso casi siempre tiene el valor de varios proyectos de c\u00e1lculos si, por cierto, se ha obtenido un abogado. La calculadora de Valor De Accidentes y casi todos los yacimientos hacen el factor de dolor y sufrimiento, as\u00ed como el costo m\u00e9dico. No todos los factores de valor son perdida de salarios, en lo cual es una pieza importante en la ecuaci\u00f3n.<\/p>\n<h3>\u201cCuanto\u201d Depende Del Abogado<\/h3>\n<p>Por favor entienda, correctamente o incorrectamente, cu\u00e1nto vale mi caso es usualmente dos diferentes preguntas. Un caso puede costar X con un buen abogado, y costar Y sin uno,<\/p>\n<p>Valor o \u201ccuanto\u201d depende de la formula del ajustador Dependiendo de la compa\u00f1\u00eda de seguro, este valor puede cambiar por cuanto el abogado lleve a juicios a corte y simplemente por cuanto \u00e9l llegue a acuerdos, Si, muchas compa\u00f1\u00edas de seguro conservan estad\u00edsticas.<\/p>\n","protected":false},"excerpt":{"rendered":"<p>Cuando el yacimiento de Valor De Accidente fue creado, originalmente pensamos que primariamente seria para accidentes de autos y camionetas. Esto hace sentido- la calculadora fue dise\u00f1ada para darle m\u00e1s valor a la pr\u00e1ctica del abogado de accidentes.\u00a0 Fue visto como poder hacer esto era mejor poner primero al visitante. Decirle al visitante lo que [&hellip;]<\/p>\n","protected":false},"author":1,"featured_media":0,"parent":26,"menu_order":0,"comment_status":"closed","ping_status":"open","template":"","meta":{"footnotes":""},"class_list":["post-258","page","type-page","status-publish","hentry"],"yoast_head":"<!-- This site is optimized with the Yoast SEO plugin v27.4 - https:\/\/yoast.com\/product\/yoast-seo-wordpress\/ -->\n<title>El Uso De La Calculadora Y Valores - AccidentValues.com Espa\u00f1ol<\/title>\n<meta name=\"description\" content=\"The calculator at AccidentValues was designed to value accidents. Uses can include all PI cases. Value depends on having the right accident lawyer, though.\" \/>\n<meta name=\"robots\" content=\"index, follow, max-snippet:-1, max-image-preview:large, max-video-preview:-1\" \/>\n<link rel=\"canonical\" href=\"https:\/\/accidentvalues.com\/es\/info\/calculate\/calculators-uses-values\/\" \/>\n<meta property=\"og:locale\" content=\"en_US\" \/>\n<meta property=\"og:type\" content=\"article\" \/>\n<meta property=\"og:title\" content=\"El Uso De La Calculadora Y Valores - AccidentValues.com Espa\u00f1ol\" \/>\n<meta property=\"og:description\" content=\"The calculator at AccidentValues was designed to value accidents. Uses can include all PI cases. Value depends on having the right accident lawyer, though.\" \/>\n<meta property=\"og:url\" content=\"https:\/\/accidentvalues.com\/es\/info\/calculate\/calculators-uses-values\/\" \/>\n<meta property=\"og:site_name\" content=\"AccidentValues.com Espa\u00f1ol\" \/>\n<meta property=\"article:modified_time\" content=\"2019-11-20T18:35:52+00:00\" \/>\n<meta name=\"twitter:card\" content=\"summary_large_image\" \/>\n<meta name=\"twitter:label1\" content=\"Est. reading time\" \/>\n\t<meta name=\"twitter:data1\" content=\"3 minutes\" \/>\n<script type=\"application\/ld+json\" class=\"yoast-schema-graph\">{\"@context\":\"https:\\\/\\\/schema.org\",\"@graph\":[{\"@type\":\"WebPage\",\"@id\":\"https:\\\/\\\/accidentvalues.com\\\/es\\\/info\\\/calculate\\\/calculators-uses-values\\\/\",\"url\":\"https:\\\/\\\/accidentvalues.com\\\/es\\\/info\\\/calculate\\\/calculators-uses-values\\\/\",\"name\":\"El Uso De La Calculadora Y Valores - AccidentValues.com Espa\u00f1ol\",\"isPartOf\":{\"@id\":\"https:\\\/\\\/accidentvalues.com\\\/es\\\/#website\"},\"datePublished\":\"2014-08-10T14:06:26+00:00\",\"dateModified\":\"2019-11-20T18:35:52+00:00\",\"description\":\"The calculator at AccidentValues was designed to value accidents. Uses can include all PI cases. Value depends on having the right accident lawyer, though.\",\"breadcrumb\":{\"@id\":\"https:\\\/\\\/accidentvalues.com\\\/es\\\/info\\\/calculate\\\/calculators-uses-values\\\/#breadcrumb\"},\"inLanguage\":\"en-US\",\"potentialAction\":[{\"@type\":\"ReadAction\",\"target\":[\"https:\\\/\\\/accidentvalues.com\\\/es\\\/info\\\/calculate\\\/calculators-uses-values\\\/\"]}]},{\"@type\":\"BreadcrumbList\",\"@id\":\"https:\\\/\\\/accidentvalues.com\\\/es\\\/info\\\/calculate\\\/calculators-uses-values\\\/#breadcrumb\",\"itemListElement\":[{\"@type\":\"ListItem\",\"position\":1,\"name\":\"Home\",\"item\":\"https:\\\/\\\/accidentvalues.com\\\/es\\\/\"},{\"@type\":\"ListItem\",\"position\":2,\"name\":\"Informaci\u00f3n\",\"item\":\"https:\\\/\\\/accidentvalues.com\\\/es\\\/info\\\/\"},{\"@type\":\"ListItem\",\"position\":3,\"name\":\"Calcule\",\"item\":\"https:\\\/\\\/accidentvalues.com\\\/es\\\/info\\\/calculate\\\/\"},{\"@type\":\"ListItem\",\"position\":4,\"name\":\"El Uso De La Calculadora Y Valores\"}]},{\"@type\":\"WebSite\",\"@id\":\"https:\\\/\\\/accidentvalues.com\\\/es\\\/#website\",\"url\":\"https:\\\/\\\/accidentvalues.com\\\/es\\\/\",\"name\":\"AccidentValues.com Espa\u00f1ol\",\"description\":\"Calculate the Value of a Car or Truck Accident Claim\",\"potentialAction\":[{\"@type\":\"SearchAction\",\"target\":{\"@type\":\"EntryPoint\",\"urlTemplate\":\"https:\\\/\\\/accidentvalues.com\\\/es\\\/?s={search_term_string}\"},\"query-input\":{\"@type\":\"PropertyValueSpecification\",\"valueRequired\":true,\"valueName\":\"search_term_string\"}}],\"inLanguage\":\"en-US\"}]}<\/script>\n<!-- \/ Yoast SEO plugin. -->","yoast_head_json":{"title":"El Uso De La Calculadora Y Valores - AccidentValues.com Espa\u00f1ol","description":"The calculator at AccidentValues was designed to value accidents. Uses can include all PI cases. Value depends on having the right accident lawyer, though.","robots":{"index":"index","follow":"follow","max-snippet":"max-snippet:-1","max-image-preview":"max-image-preview:large","max-video-preview":"max-video-preview:-1"},"canonical":"https:\/\/accidentvalues.com\/es\/info\/calculate\/calculators-uses-values\/","og_locale":"en_US","og_type":"article","og_title":"El Uso De La Calculadora Y Valores - AccidentValues.com Espa\u00f1ol","og_description":"The calculator at AccidentValues was designed to value accidents. Uses can include all PI cases. Value depends on having the right accident lawyer, though.","og_url":"https:\/\/accidentvalues.com\/es\/info\/calculate\/calculators-uses-values\/","og_site_name":"AccidentValues.com Espa\u00f1ol","article_modified_time":"2019-11-20T18:35:52+00:00","twitter_card":"summary_large_image","twitter_misc":{"Est. reading time":"3 minutes"},"schema":{"@context":"https:\/\/schema.org","@graph":[{"@type":"WebPage","@id":"https:\/\/accidentvalues.com\/es\/info\/calculate\/calculators-uses-values\/","url":"https:\/\/accidentvalues.com\/es\/info\/calculate\/calculators-uses-values\/","name":"El Uso De La Calculadora Y Valores - AccidentValues.com Espa\u00f1ol","isPartOf":{"@id":"https:\/\/accidentvalues.com\/es\/#website"},"datePublished":"2014-08-10T14:06:26+00:00","dateModified":"2019-11-20T18:35:52+00:00","description":"The calculator at AccidentValues was designed to value accidents. Uses can include all PI cases. Value depends on having the right accident lawyer, though.","breadcrumb":{"@id":"https:\/\/accidentvalues.com\/es\/info\/calculate\/calculators-uses-values\/#breadcrumb"},"inLanguage":"en-US","potentialAction":[{"@type":"ReadAction","target":["https:\/\/accidentvalues.com\/es\/info\/calculate\/calculators-uses-values\/"]}]},{"@type":"BreadcrumbList","@id":"https:\/\/accidentvalues.com\/es\/info\/calculate\/calculators-uses-values\/#breadcrumb","itemListElement":[{"@type":"ListItem","position":1,"name":"Home","item":"https:\/\/accidentvalues.com\/es\/"},{"@type":"ListItem","position":2,"name":"Informaci\u00f3n","item":"https:\/\/accidentvalues.com\/es\/info\/"},{"@type":"ListItem","position":3,"name":"Calcule","item":"https:\/\/accidentvalues.com\/es\/info\/calculate\/"},{"@type":"ListItem","position":4,"name":"El Uso De La Calculadora Y Valores"}]},{"@type":"WebSite","@id":"https:\/\/accidentvalues.com\/es\/#website","url":"https:\/\/accidentvalues.com\/es\/","name":"AccidentValues.com Espa\u00f1ol","description":"Calculate the Value of a Car or Truck Accident Claim","potentialAction":[{"@type":"SearchAction","target":{"@type":"EntryPoint","urlTemplate":"https:\/\/accidentvalues.com\/es\/?s={search_term_string}"},"query-input":{"@type":"PropertyValueSpecification","valueRequired":true,"valueName":"search_term_string"}}],"inLanguage":"en-US"}]}},"_links":{"self":[{"href":"https:\/\/accidentvalues.com\/es\/wp-json\/wp\/v2\/pages\/258","targetHints":{"allow":["GET"]}}],"collection":[{"href":"https:\/\/accidentvalues.com\/es\/wp-json\/wp\/v2\/pages"}],"about":[{"href":"https:\/\/accidentvalues.com\/es\/wp-json\/wp\/v2\/types\/page"}],"author":[{"embeddable":true,"href":"https:\/\/accidentvalues.com\/es\/wp-json\/wp\/v2\/users\/1"}],"replies":[{"embeddable":true,"href":"https:\/\/accidentvalues.com\/es\/wp-json\/wp\/v2\/comments?post=258"}],"version-history":[{"count":4,"href":"https:\/\/accidentvalues.com\/es\/wp-json\/wp\/v2\/pages\/258\/revisions"}],"predecessor-version":[{"id":494,"href":"https:\/\/accidentvalues.com\/es\/wp-json\/wp\/v2\/pages\/258\/revisions\/494"}],"up":[{"embeddable":true,"href":"https:\/\/accidentvalues.com\/es\/wp-json\/wp\/v2\/pages\/26"}],"wp:attachment":[{"href":"https:\/\/accidentvalues.com\/es\/wp-json\/wp\/v2\/media?parent=258"}],"curies":[{"name":"wp","href":"https:\/\/api.w.org\/{rel}","templated":true}]}}