{"id":26,"date":"2013-01-16T04:20:32","date_gmt":"2013-01-16T04:20:32","guid":{"rendered":"http:\/\/accidentvalues.com\/?page_id=26"},"modified":"2019-12-20T16:27:14","modified_gmt":"2019-12-20T21:27:14","slug":"calculate","status":"publish","type":"page","link":"https:\/\/accidentvalues.com\/es\/info\/calculate\/","title":{"rendered":"Calcule"},"content":{"rendered":"<p>The articles below contain information about how car accident claims are calculated. \u00a0If you have been in a car accident, however, especially a serious one, contact a car accident lawyer. \u00a0It&#8217;s not a time to take matters into your own hands. \u00a0Doing so could easily cost you thousands of dollars. \u00a0In fact, depending on the case, it could cost you tens or hundreds of thousands of dollars.<\/p>\n<p>That said, the articles below are good resources for those interested in learning more about the process of calculating the value of a car accident case.<\/p>\n<p>First, the accident happens. \u00a0Whether major or minor, if you need to know about calculating car accident claims, the accident has been reported to insurance. \u00a0The worse the collision, the sooner and more aggressively the insurance company may try to settle with you. \u00a0Then, fearing you may be getting taken advantage of, or simply knowing the ways of the world, you try to figure out how much the injuries might be worth. \u00a0You come to AccidentValues. \u00a0You use our car accident calculator to determine the value of your claim.<\/p>\n<p>After seeing a rough estimate, you likely decide to find a car accident lawyer. \u00a0We help you find an honest, dependable, top rated lawyer for your case. \u00a0The case is either settled or you file a lawsuit. \u00a0(Or you fil a lawsuit, then the case gets settled.) \u00a0You receive compensation for your damages. \u00a0See the articles below for more specifics.<\/p>\n\n<ul id=\"szbl-page-accordion-preview-list\">\n\t\n\t\t<li>\n\t\t<h2>\n\t\t\t<a href=\"https:\/\/accidentvalues.com\/es\/info\/calculate\/calculators-uses-values\/\">\n\t\t\t\tEl Uso De La Calculadora Y Valores\t\t\t<\/a>\n\t\t<\/h2>\n\t\t<div>\n\t\t\t<p class=\"excerpt\">\n\t\t\t\t<p>Cuando el yacimiento de Valor De Accidente fue creado, originalmente pensamos que primariamente seria para accidentes de autos y camionetas. Esto hace sentido- la calculadora fue dise\u00f1ada para darle m\u00e1s valor a la pr\u00e1ctica del abogado de accidentes.\u00a0 Fue visto como poder hacer esto era mejor poner primero al visitante. Decirle al visitante lo que [&hellip;]<\/p>\n\t\t\t<\/p>\n\t\t\t\n\t\t\t\t\t<\/div>\n\t<\/li>\n\t\t<li>\n\t\t<h2>\n\t\t\t<a href=\"https:\/\/accidentvalues.com\/es\/info\/calculate\/value\/\">\n\t\t\t\tValor\t\t\t<\/a>\n\t\t<\/h2>\n\t\t<div>\n\t\t\t<p class=\"excerpt\">\n\t\t\t\t<p>El Valor de Su Demanda de Accidente Automovil\u00edstico Si usted decide encargarse de su propio acuerdo de su accidente automovil\u00edstico o aceptar los servicios de un abogado, el tiempo llegara que usted deber\u00eda de saber de saber el valor de su caso. Esto es cierto si usted est\u00e1 intentando de llegar a un acuerdo con [&hellip;]<\/p>\n\t\t\t<\/p>\n\t\t\t\n\t\t\t\t\t<\/div>\n\t<\/li>\n\t\t<li>\n\t\t<h2>\n\t\t\t<a href=\"https:\/\/accidentvalues.com\/es\/info\/calculate\/medical-expenses\/\">\n\t\t\t\tGastos M\u00e9dicos\t\t\t<\/a>\n\t\t<\/h2>\n\t\t<div>\n\t\t\t<p class=\"excerpt\">\n\t\t\t\t<p>Example excerpt.<\/p>\n\t\t\t<\/p>\n\t\t\t\n\t\t\t\t\t<\/div>\n\t<\/li>\n\t\t<li>\n\t\t<h2>\n\t\t\t<a href=\"https:\/\/accidentvalues.com\/es\/info\/calculate\/lost-wages\/\">\n\t\t\t\tP\u00e9rdida de Salarios\t\t\t<\/a>\n\t\t<\/h2>\n\t\t<div>\n\t\t\t<p class=\"excerpt\">\n\t\t\t\t<p>P\u00e9rdida de Salario Los empleados individuales que se han lesionado en un accidente automovil\u00edstico seguidamente se les permite recuperar la p\u00e9rdida de salario por un accidente. Probar P\u00e9rdida De Salario Protecci\u00f3n de Lesi\u00f3n Personal (PIP) Casi todas las p\u00f3lizas de seguros de autom\u00f3viles contienen una p\u00f3liza de Protecci\u00f3n de Lesi\u00f3n Personal (PIP). Excepciones notables son [&hellip;]<\/p>\n\t\t\t<\/p>\n\t\t\t\n\t\t\t\t\t<\/div>\n\t<\/li>\n\t\t<li>\n\t\t<h2>\n\t\t\t<a href=\"https:\/\/accidentvalues.com\/es\/info\/calculate\/property-damage\/\">\n\t\t\t\tDa\u00f1o de Propiedad\t\t\t<\/a>\n\t\t<\/h2>\n\t\t<div>\n\t\t\t<p class=\"excerpt\">\n\t\t\t\t<p>Da\u00f1o de Propiedad La mayor\u00eda de los casos en danos en propiedad son manejados en el primer estado del reclamo, y se resuelven r\u00e1pidamente. Rara la vez que hay que llevar estos reclamos a juicio por que la evaluaci\u00f3n es t\u00edpicamente simple, y usualmente hay seguros disponibles para cubrirlos si la responsabilidad est\u00e1 en disputa. [&hellip;]<\/p>\n\t\t\t<\/p>\n\t\t\t\n\t\t\t\t\t<\/div>\n\t<\/li>\n\t\t<li>\n\t\t<h2>\n\t\t\t<a href=\"https:\/\/accidentvalues.com\/es\/info\/calculate\/non-economic-damages\/\">\n\t\t\t\tDa\u00f1os No Econ\u00f3micos\t\t\t<\/a>\n\t\t<\/h2>\n\t\t<div>\n\t\t\t<p class=\"excerpt\">\n\t\t\t\t<p>Da\u00f1os No Econ\u00f3micos Da\u00f1os no econ\u00f3micos son aquellos danos y perdidas que no son f\u00e1ciles de calcular. Usualmente gen\u00e9ricamente cuando se refieren a \u201cda\u00f1o y sufrimiento\u201d, ellos incluyen mucho m\u00e1s. Estos da\u00f1os son subjetivos, y dependen de la experiencia del juez o jurados. Tipos de Da\u00f1os No Econ\u00f3micos En Maryland, t\u00edpicamente a los jurados se [&hellip;]<\/p>\n\t\t\t<\/p>\n\t\t\t\n\t\t\t\t\t<\/div>\n\t<\/li>\n\t\t\n<\/ul>\n\n\n","protected":false},"excerpt":{"rendered":"<p>The articles below contain information about how car accident claims are calculated. \u00a0If you have been in a car accident, however, especially a serious one, contact a car accident lawyer. \u00a0It&#8217;s not a time to take matters into your own hands. \u00a0Doing so could easily cost you thousands of dollars. \u00a0In fact, depending on the [&hellip;]<\/p>\n","protected":false},"author":1,"featured_media":0,"parent":10,"menu_order":0,"comment_status":"open","ping_status":"open","template":"","meta":{"footnotes":""},"class_list":["post-26","page","type-page","status-publish","hentry"],"yoast_head":"<!-- This site is optimized with the Yoast SEO plugin v27.3 - https:\/\/yoast.com\/product\/yoast-seo-wordpress\/ -->\n<title>Calcule - AccidentValues.com Espa\u00f1ol<\/title>\n<meta name=\"robots\" content=\"index, follow, max-snippet:-1, max-image-preview:large, max-video-preview:-1\" \/>\n<link rel=\"canonical\" href=\"https:\/\/accidentvalues.com\/es\/info\/calculate\/\" \/>\n<meta property=\"og:locale\" content=\"en_US\" \/>\n<meta property=\"og:type\" content=\"article\" \/>\n<meta property=\"og:title\" content=\"Calcule - AccidentValues.com Espa\u00f1ol\" \/>\n<meta property=\"og:description\" content=\"The articles below contain information about how car accident claims are calculated. \u00a0If you have been in a car accident, however, especially a serious one, contact a car accident lawyer. \u00a0It&#8217;s not a time to take matters into your own hands. \u00a0Doing so could easily cost you thousands of dollars. \u00a0In fact, depending on the [&hellip;]\" \/>\n<meta property=\"og:url\" content=\"https:\/\/accidentvalues.com\/es\/info\/calculate\/\" \/>\n<meta property=\"og:site_name\" content=\"AccidentValues.com Espa\u00f1ol\" \/>\n<meta property=\"article:modified_time\" content=\"2019-12-20T21:27:14+00:00\" \/>\n<meta name=\"twitter:card\" content=\"summary_large_image\" \/>\n<meta name=\"twitter:label1\" content=\"Est. reading time\" \/>\n\t<meta name=\"twitter:data1\" content=\"1 minute\" \/>\n<script type=\"application\/ld+json\" class=\"yoast-schema-graph\">{\"@context\":\"https:\\\/\\\/schema.org\",\"@graph\":[{\"@type\":\"WebPage\",\"@id\":\"https:\\\/\\\/accidentvalues.com\\\/es\\\/info\\\/calculate\\\/\",\"url\":\"https:\\\/\\\/accidentvalues.com\\\/es\\\/info\\\/calculate\\\/\",\"name\":\"Calcule - AccidentValues.com Espa\u00f1ol\",\"isPartOf\":{\"@id\":\"https:\\\/\\\/accidentvalues.com\\\/es\\\/#website\"},\"datePublished\":\"2013-01-16T04:20:32+00:00\",\"dateModified\":\"2019-12-20T21:27:14+00:00\",\"breadcrumb\":{\"@id\":\"https:\\\/\\\/accidentvalues.com\\\/es\\\/info\\\/calculate\\\/#breadcrumb\"},\"inLanguage\":\"en-US\",\"potentialAction\":[{\"@type\":\"ReadAction\",\"target\":[\"https:\\\/\\\/accidentvalues.com\\\/es\\\/info\\\/calculate\\\/\"]}]},{\"@type\":\"BreadcrumbList\",\"@id\":\"https:\\\/\\\/accidentvalues.com\\\/es\\\/info\\\/calculate\\\/#breadcrumb\",\"itemListElement\":[{\"@type\":\"ListItem\",\"position\":1,\"name\":\"Home\",\"item\":\"https:\\\/\\\/accidentvalues.com\\\/es\\\/\"},{\"@type\":\"ListItem\",\"position\":2,\"name\":\"Informaci\u00f3n\",\"item\":\"https:\\\/\\\/accidentvalues.com\\\/es\\\/info\\\/\"},{\"@type\":\"ListItem\",\"position\":3,\"name\":\"Calcule\"}]},{\"@type\":\"WebSite\",\"@id\":\"https:\\\/\\\/accidentvalues.com\\\/es\\\/#website\",\"url\":\"https:\\\/\\\/accidentvalues.com\\\/es\\\/\",\"name\":\"AccidentValues.com Espa\u00f1ol\",\"description\":\"Calculate the Value of a Car or Truck Accident Claim\",\"potentialAction\":[{\"@type\":\"SearchAction\",\"target\":{\"@type\":\"EntryPoint\",\"urlTemplate\":\"https:\\\/\\\/accidentvalues.com\\\/es\\\/?s={search_term_string}\"},\"query-input\":{\"@type\":\"PropertyValueSpecification\",\"valueRequired\":true,\"valueName\":\"search_term_string\"}}],\"inLanguage\":\"en-US\"}]}<\/script>\n<!-- \/ Yoast SEO plugin. -->","yoast_head_json":{"title":"Calcule - AccidentValues.com Espa\u00f1ol","robots":{"index":"index","follow":"follow","max-snippet":"max-snippet:-1","max-image-preview":"max-image-preview:large","max-video-preview":"max-video-preview:-1"},"canonical":"https:\/\/accidentvalues.com\/es\/info\/calculate\/","og_locale":"en_US","og_type":"article","og_title":"Calcule - AccidentValues.com Espa\u00f1ol","og_description":"The articles below contain information about how car accident claims are calculated. \u00a0If you have been in a car accident, however, especially a serious one, contact a car accident lawyer. \u00a0It&#8217;s not a time to take matters into your own hands. \u00a0Doing so could easily cost you thousands of dollars. \u00a0In fact, depending on the [&hellip;]","og_url":"https:\/\/accidentvalues.com\/es\/info\/calculate\/","og_site_name":"AccidentValues.com Espa\u00f1ol","article_modified_time":"2019-12-20T21:27:14+00:00","twitter_card":"summary_large_image","twitter_misc":{"Est. reading time":"1 minute"},"schema":{"@context":"https:\/\/schema.org","@graph":[{"@type":"WebPage","@id":"https:\/\/accidentvalues.com\/es\/info\/calculate\/","url":"https:\/\/accidentvalues.com\/es\/info\/calculate\/","name":"Calcule - AccidentValues.com Espa\u00f1ol","isPartOf":{"@id":"https:\/\/accidentvalues.com\/es\/#website"},"datePublished":"2013-01-16T04:20:32+00:00","dateModified":"2019-12-20T21:27:14+00:00","breadcrumb":{"@id":"https:\/\/accidentvalues.com\/es\/info\/calculate\/#breadcrumb"},"inLanguage":"en-US","potentialAction":[{"@type":"ReadAction","target":["https:\/\/accidentvalues.com\/es\/info\/calculate\/"]}]},{"@type":"BreadcrumbList","@id":"https:\/\/accidentvalues.com\/es\/info\/calculate\/#breadcrumb","itemListElement":[{"@type":"ListItem","position":1,"name":"Home","item":"https:\/\/accidentvalues.com\/es\/"},{"@type":"ListItem","position":2,"name":"Informaci\u00f3n","item":"https:\/\/accidentvalues.com\/es\/info\/"},{"@type":"ListItem","position":3,"name":"Calcule"}]},{"@type":"WebSite","@id":"https:\/\/accidentvalues.com\/es\/#website","url":"https:\/\/accidentvalues.com\/es\/","name":"AccidentValues.com Espa\u00f1ol","description":"Calculate the Value of a Car or Truck Accident Claim","potentialAction":[{"@type":"SearchAction","target":{"@type":"EntryPoint","urlTemplate":"https:\/\/accidentvalues.com\/es\/?s={search_term_string}"},"query-input":{"@type":"PropertyValueSpecification","valueRequired":true,"valueName":"search_term_string"}}],"inLanguage":"en-US"}]}},"_links":{"self":[{"href":"https:\/\/accidentvalues.com\/es\/wp-json\/wp\/v2\/pages\/26","targetHints":{"allow":["GET"]}}],"collection":[{"href":"https:\/\/accidentvalues.com\/es\/wp-json\/wp\/v2\/pages"}],"about":[{"href":"https:\/\/accidentvalues.com\/es\/wp-json\/wp\/v2\/types\/page"}],"author":[{"embeddable":true,"href":"https:\/\/accidentvalues.com\/es\/wp-json\/wp\/v2\/users\/1"}],"replies":[{"embeddable":true,"href":"https:\/\/accidentvalues.com\/es\/wp-json\/wp\/v2\/comments?post=26"}],"version-history":[{"count":5,"href":"https:\/\/accidentvalues.com\/es\/wp-json\/wp\/v2\/pages\/26\/revisions"}],"predecessor-version":[{"id":661,"href":"https:\/\/accidentvalues.com\/es\/wp-json\/wp\/v2\/pages\/26\/revisions\/661"}],"up":[{"embeddable":true,"href":"https:\/\/accidentvalues.com\/es\/wp-json\/wp\/v2\/pages\/10"}],"wp:attachment":[{"href":"https:\/\/accidentvalues.com\/es\/wp-json\/wp\/v2\/media?parent=26"}],"curies":[{"name":"wp","href":"https:\/\/api.w.org\/{rel}","templated":true}]}}