{"id":260,"date":"2014-08-11T11:58:49","date_gmt":"2014-08-11T15:58:49","guid":{"rendered":"http:\/\/accidentvalues.com\/?page_id=260"},"modified":"2019-11-25T14:58:41","modified_gmt":"2019-11-25T19:58:41","slug":"get-more-money-for-your-car-accident-case","status":"publish","type":"page","link":"https:\/\/accidentvalues.com\/es\/info\/cases\/get-more-money-for-your-car-accident-case\/","title":{"rendered":"Obtenga la Mayor Cantidad de Dinero en su Caso de Accidente de Auto"},"content":{"rendered":"<h2>En El Momento Que Ocurre<\/h2>\n<h3>\nNo se Retire De La Escena<\/h3>\n<p>Aunque debe de mover su carro fuera del tr\u00e1fico cuando sea posible, nunca deje la escena del accidente hasta que sea apropiado hacerlo. Si lo hace, y alguien ha sido lesionado o matado, usted puede recibir serias penalidades criminales por ser un conductor \u201cpega y se da a la fuga\u201d.<\/p>\n<p>(Una excepci\u00f3n seria si usted est\u00e1 en un \u00e1rea desierta y no se siente seguro fuera de su veh\u00edculo, maneje hasta la estaci\u00f3n de polic\u00eda mas cercana y reporte el accidente inmediatamente.)<\/p>\n<h3>Verifique Los Ocupantes Del Veh\u00edculo<\/h3>\n<p>Antes de acezar danos en la propiedad, calmadamente verifique para aseg\u00farense que todos los envueltos en el accidente est\u00e9n bien. Solicite atenci\u00f3n m\u00e9dica para todos el que lo necesite. Si alguna persona esta inconsciente o se queja de dolor en el cuello o espalda, es mejor no remover a la persona hasta que personal m\u00e9dico cualificado llegue a la escena.<\/p>\n<p>Intercambie informaci\u00f3n (incluyendo la informaci\u00f3n de licencia del conductor, registro del veh\u00edculo, n\u00famero de placa y estado, e informaci\u00f3n del seguro) con el conductor del otro veh\u00edculo envuelto. \u00a1De cualquier manera,<strong> no admita culpa<\/strong> y no se disculpe por nada! Esto lo colocara en una esquina en t\u00e9rminos de responsabilidad. Por consiguiente, aunque todos est\u00e9n temblorosos, este consciente, al menos hasta que las cosas hagan sentido, para que usted no admita culpabilidad sin intenci\u00f3n o innecesariamente.<\/p>\n<h3>Comun\u00edquese con la Polic\u00eda<\/h3>\n<p>En especial si el accidente envuelve danos a la propiedad significaste, lesi\u00f3n f\u00edsica. O muerte, usted deber\u00eda comunicarse con la polic\u00eda. Solicite que el reporte policiaco sea sometido y obtenga el nombre y el n\u00famero de placa de cualquier oficial que se reporte. Si usted no sabe algunos hechos en espec\u00edfico sobre el accidente, d\u00edgale eso a su oficial. No trate de adivinar. Si le preguntan si usted est\u00e1 lesionado y usted no est\u00e1 seguro, diga que usted no est\u00e1 seguro, mejor que no. Seguido, el dolor y lesiones de un accidente automovil\u00edsticos convierten aparentes horas despu\u00e9s de la colisi\u00f3n. Usted debe estar seguro tambi\u00e9n que las declaraciones de la otra persona envuelta en el accidente sean precisas. Teniendo ya esta informaci\u00f3n ser\u00eda de gran ayuda si hay alguna pregunta sobre el incidente y danos extensos; la polic\u00eda se puede llamar como un testigo cuando hay que decidir la cantidad de compensaci\u00f3n adecuada. Por lo tanto, mant\u00e9ngase calmado cuando converse con un oficial de la ley. Su simpat\u00eda hace la diferencia.<\/p>\n<h3>Documente el Accidente y Hable con los Testigos<\/h3>\n<p>Tome fotograf\u00eda de los danos a su veh\u00edculo y de usted para as\u00ed poder ayudar a la compa\u00f1\u00eda aseguradora determinar por cuanto usted debe de ser compensado. Asegure escribir y fotografiar las presentes condiciones en el momento del accidente, incluyendo el clima, trafico, hora del d\u00eda, como otros conductores estaban manejando, si hab\u00eda algo en la carretera o si hab\u00eda una luz de tr\u00e1fico fundida. Escriba todo lo que pueda contribuir para el accidente, esto le puede ayudar para su caso de accidente de auto.<\/p>\n<p>Preg\u00fanteles a todos los testigos lo que vieron, prepare una declaraci\u00f3n, y tenga la informaci\u00f3n de contacto para que su abogado y la compa\u00f1\u00eda de seguro los pueda revisar luego.<\/p>\n<h2>\nProgresando<\/h2>\n<h3>\nInf\u00f3rmele a su Compa\u00f1\u00eda de Seguro y Tenga una Evaluaci\u00f3n de Danos en Propiedad<\/h3>\n<p>Tan pronto usted pueda, d\u00edgale a su compa\u00f1\u00eda de seguro que usted estuvo en un accidente. D\u00edgale la verdad acerca de lo que ocurri\u00f3, en da\u00f1o en el veh\u00edculo, y las lesiones. Si la compa\u00f1\u00eda de segura se entera que usted est\u00e1 mintiendo, usted se puede meter en serios problemas, no mencione que puede que nieguen su la cubierta por el accidente.<\/p>\n<p>Averig\u00fce si usted tiene beneficios m\u00e9dicos (para los dos el conductor y los pasajeros) como parte de la cubierta de su seguro. Usted paga de m\u00e1s por ese tipo de cubierta- o \u201cprotecci\u00f3n de lesi\u00f3n personal\u201d (PIP) o \u201cgastos m\u00e9dicos hacia otros\u201d (medpay)- as\u00ed que deber\u00eda de usarlo.<\/p>\n<p>Obtenga una evaluaci\u00f3n por los danos de su auto para su compa\u00f1\u00eda de seguro. Si usted no est\u00e1 satisfecho con la con compa\u00f1\u00eda de seguro de como han manejado el asunto del valor a su auto, Busque otras fuentes. Usted puede obtener otro estimado para el reparo o remplazo de su auto por su propia cuenta, y luego se lo presenta a su compa\u00f1\u00eda de seguro. Si su ajustador usted y su compa\u00f1\u00eda de seguro no est\u00e9 de acuerdo con el valor de su auto consulte con un abogado.<\/p>\n<p>No hable con un representante de otra compa\u00f1\u00eda de seguro por ninguna circunstancia. Si los representantes de otra compa\u00f1\u00eda de seguro se comunican con usted, d\u00edgale que llame a su abogado para coordinar una entrevista. Obtenga el nombre del representante y el n\u00famero, y d\u00edgale a su abogado que alguien buscando informaci\u00f3n acerca de su accidente le ha contactado.<\/p>\n<h3>Solicite Tratamiento Inmediatamente<\/h3>\n<p>Busque tratamiento m\u00e9dico lo m\u00e1s pronto posible para as\u00ed poder obtener el mejor valor sobre sus lesiones. Su ajustador de la compa\u00f1\u00eda de seguro le ofrecer\u00e1 una cantidad de compensaci\u00f3n alta si usted puede probar que sus lesiones son, sin duda, relacionadas al accidente. Si usted espera para buscar tratamiento, el ajustador de la compa\u00f1\u00eda de seguro puede preguntarse si las lesiones reportadas son, la realidad, el resultado de su accidente.<\/p>\n<p>La mayor parte de las veces, el dolor sobresale unos cuantos d\u00edas despu\u00e9s del accidente \u2013 no dude visitar a su fisiatra o cuanto de emergencia m\u00e1s cercano. Aunque el accidente fuese un impacto menor, usted pudo haber sostenido una lesi\u00f3n en el cuello, espalda, y\/o espina dorsal, por el cual ello puede tener efectos a largo plazo en su salud. Si usted se encuentra aturdido por un corto periodo de tiempo luego de su accidente, usted pudo haber sostenido una conmoci\u00f3n cerebral o lesi\u00f3n en la cabeza.<\/p>\n<p>Mantenga una cuenta detallada de todos los archivos m\u00e9dicos de todos los profesionales de la salud con los que usted recibi\u00f3 tratamiento m\u00e9dico. Sea honesto con los que se ocupan de usted; no exagere, pero tampoco minimice sus s\u00edntomas. Usted por igual deber\u00eda de solicitar copias de todos sus archivos m\u00e9dicos y cuentas para asi poder probar gastos medico en el futuro. Es de gran ayuda mantener todos los archivos relacionados con su accidente juntos. Esto incluye sus documentos m\u00e9dicos como el nombre del su ajustador de la compa\u00f1\u00eda de seguro, su n\u00famero de reclamo, informaci\u00f3n de contacto de testigos\/ polic\u00eda, y otros gastos (como la renta de un autom\u00f3vil) contra\u00eddo como resultado de su accidente.<\/p>\n<p>\u00a1Escuche a los profesionales m\u00e9dicos- su trabajo es ponerse mejor!<\/p>\n<p>Ahora que usted tiene un estimado de su da\u00f1os de su acuto y gastos m\u00e9dicos, verifique la <a href=\"http:\/\/accidentvalues.com\/calculator\/\">Car Accident Claim Calculator<\/a> para que vea cuanto vale su caso.<\/p>\n<h3>Contrate a un Abogado<\/h3>\n<p>Como el ya mencionado, muchas compa\u00f1\u00edas de seguro desean que usted haga una declaraci\u00f3n inmediatamente luego del accidente, pero no lo haga hasta que usted consulte con un abogado. La compa\u00f1\u00eda de seguro quiere pagarle lo m\u00ednimo posible, y usaran su palabra en su contra. Un abogado, por otra parte, trabajara por sus mejores intereses. Por lo tanto, usted deber\u00eda consultar a un abogado siempre, sin importar cuan menor sea el accidente. Mucho de los abogados de accidente trabajan con fijos contingentes b\u00e1sicos, esto significa que su abogado solo recibir\u00e1 un fijo si est\u00e9n lo han premiado por los danos o reciba un acuerdo. T\u00edpicamente muchos abogados cobran una tasa de como un-tercio de cualquier acuerdo y 49% si el caso de accidente de auto envuelve someter una demanda.<\/p>\n<p>Aunque buena comunicaci\u00f3n es un aspecto muy importante en cuanto escoger el abogado correcto, muchos trabajos legales he hacen fuera de la escena. Aunque usted este privado de lo que est\u00e1 ocurriendo en cada momento. Usted debe de contratar a un abogado en el que usted conf\u00ede. Usted debe de estar c\u00f3modo sabiendo que su abogado es su mejor defensor. Sabiendo esto lo har\u00e1 m\u00e1s f\u00e1cil escuchar si consejo y no tener alg\u00fan tipo de ansiedad.<\/p>\n<p>Despu\u00e9s que usted discuta los hechos de su caso con el abogado y la historia de alguna negociaci\u00f3n previa con la compa\u00f1\u00eda de seguro, su abogado le dar\u00e1 una opini\u00f3n general de cuanto su caso puede valer. Usted debe discutir eso con su abogado, las diferentes maneras que su caso puede acercado, o si el abogado est\u00e1 dispuesto a manejar el mismo de la manera que usted prefiera. Usted puede cambiar de t\u00e1ctica luego-discuta con su abogado si usted quiere tomar los pasos para llegar a un acuerdo r\u00e1pidamente o paliar m\u00e1s tiempo para m\u00e1s dinero en el acuerdo.<\/p>\n<p>Si su compa\u00f1\u00eda de seguro le ofrece un acuerdo, aseg\u00farese consultar a un abogado. Usted debe de estar seguro de que su acuerdo es justo y que usted va a ser compensado por todas sus lesiones (aun las que se presenten d\u00edas o semanas despu\u00e9s del accidente).<\/p>\n<h2>Prepararse para una Deposici\u00f3n o Juicio<\/h2>\n<h3>\nEscuche a su abogado<\/h3>\n<p>Ya que usted ha contratado a un abogado en el cual usted conf\u00eda, es su mejor inter\u00e9s escuchar su aviso legal. Ella esta entrenada profesionalmente con respecto a la ley. Ella sabr\u00e1 el sistema de corte y como usar la ley en su favor. Usted pagara por su servicio; d\u00e9jela hacer su trabajo escuchando su consejo, Ay\u00fadele para que ella le pueda ayudar.<br \/>\nPonga Su Pies Hacia Adelante<br \/>\nUsted quiere convencer a la parte opuesta que le de lo la cantidad de dinero posible. Para hacer esto, usted se debe preparar intensivamente para su deposici\u00f3n, practicando su explicaci\u00f3n sobre el accidente. Use todos sus detalles sensores para as\u00ed poder describir el incidente y elaborar sus lesiones sin sonar quej\u00f3n o defensivo. Es importante que usted vista apropiadamente y escuche cuidadosamente.<br \/>\nDesarrolle los Archivos M\u00e9dicos<br \/>\nSer\u00eda de gran ayuda desarrollar un resumen constante de su m\u00e9dico de la salud, con un resumen por separado por los gastos para as\u00ed poder presentar claramente su reclamo a la compa\u00f1\u00eda de seguro, parte contraria, y jurado. Si usted tiene un caso con lesiones catastr\u00f3ficas, seguramente usted tiene que someter una demanda para poder comenzar con el proceso de descubrir la cubierta medica que se le est\u00e1 extendiendo y pastes adicionales.<\/p>\n<h3>\nPonga Esfuerzo en su Recuperaci\u00f3n<\/h3>\n<p>Si usted le muestra a su audiencia, sea su ajustador de la compa\u00f1\u00eda de seguro, un mediador, o jurado, que usted est\u00e1 intentando genuinamente recuperarse f\u00edsicamente, es probable que usted reciba un valor favorable en cuanto a compensaci\u00f3n se trata. Haga los procedimientos recomendables y diligencias durante esa fase.<\/p>\n<h3>\nConozca su Audiencia<\/h3>\n<p>Cuando se trata de llegar a un acuerdo, usted le quiere mostrar a su ajustador de la compa\u00f1\u00eda de seguro que usted se merece la cantidad m\u00e1s grande de dinero posible. Por lo tanto, su abogado y usted deben de obtener su atenci\u00f3n y hacerla entender el riesgo de ir a juicio (despu\u00e9s de todo, la corte o el jurado le pueden otorgar un premio de dinero mucho mayor si ellos norman a su favor). Dele algunas razones sustantivas que la cantidad que usted est\u00e1 solicitando no est\u00e1 fuera de l\u00ednea. Es tambi\u00e9n importante para el mediador entender la responsabilidad, los danos, y el riesgo envuelto si no se llega a un acuerdo. El abogado de la defensa es menos consecuente porque \u00e9l o ella frecuentemente le puede importar poco y quieren la oportunidad de facturar el juicio. Deje que su abogado de accidente de auto con experiencia tome esta fase de litigaci\u00f3n.<\/p>\n<h3>\nCree una Demanda Convincente y Panfleto de Acuerdo<\/h3>\n<p>Es importante asegurarse que su abogado este creando un caso sustantivo, con demandas precisas y claras. Aseg\u00farese que usted le muestre claramente quien es responsable del accidente y las lesiones usando un experto en deposiciones, quotes para los reportes del accidente. Y otra evidencia convincente. Su secci\u00f3n de danos deber\u00eda ser dise\u00f1ada para danos pasados y futuros usando un experto en reportes, y la informaci\u00f3n m\u00e1s importante en su presentaci\u00f3n deber\u00eda enfatizarse con visuales\/o im\u00e1genes. Su abogado y usted debe de tener una demanda razonable y realista con tiempo l\u00edmite para el abogado de la defesa el ajustador de la compa\u00f1\u00eda de seguro para asesar la situaci\u00f3n<\/p>\n<p>&nbsp;<\/p>\n<p>Es sabio llegar a el proceso legal sabiendo cu\u00e1nto dinero usted se merece. As\u00ed que utilic\u00e9 la\u00a0<a href=\"http:\/\/accidentvalues.com\/calculator\/\">Car Accident Calculator<\/a> para que verifique cu\u00e1nto cuesta su caso.<\/p>\n","protected":false},"excerpt":{"rendered":"<p>En El Momento Que Ocurre No se Retire De La Escena Aunque debe de mover su carro fuera del tr\u00e1fico cuando sea posible, nunca deje la escena del accidente hasta que sea apropiado hacerlo. Si lo hace, y alguien ha sido lesionado o matado, usted puede recibir serias penalidades criminales por ser un conductor \u201cpega [&hellip;]<\/p>\n","protected":false},"author":3,"featured_media":0,"parent":54,"menu_order":0,"comment_status":"closed","ping_status":"open","template":"","meta":{"footnotes":""},"class_list":["post-260","page","type-page","status-publish","hentry"],"yoast_head":"<!-- This site is optimized with the Yoast SEO plugin v27.4 - https:\/\/yoast.com\/product\/yoast-seo-wordpress\/ -->\n<title>How to Get More Money for Your Car Accident Case<\/title>\n<meta name=\"description\" content=\"Learn how to get more money for your car accident case. See what you can do to increase your award from the moment of the accident until the case closes.\" \/>\n<meta name=\"robots\" content=\"index, follow, max-snippet:-1, max-image-preview:large, max-video-preview:-1\" \/>\n<link rel=\"canonical\" href=\"https:\/\/accidentvalues.com\/es\/info\/cases\/get-more-money-for-your-car-accident-case\/\" \/>\n<meta property=\"og:locale\" content=\"en_US\" \/>\n<meta property=\"og:type\" content=\"article\" \/>\n<meta property=\"og:title\" content=\"How to Get More Money for Your Car Accident Case\" \/>\n<meta property=\"og:description\" content=\"Learn how to get more money for your car accident case. See what you can do to increase your award from the moment of the accident until the case closes.\" \/>\n<meta property=\"og:url\" content=\"https:\/\/accidentvalues.com\/es\/info\/cases\/get-more-money-for-your-car-accident-case\/\" \/>\n<meta property=\"og:site_name\" content=\"AccidentValues.com Espa\u00f1ol\" \/>\n<meta property=\"article:modified_time\" content=\"2019-11-25T19:58:41+00:00\" \/>\n<meta name=\"twitter:card\" content=\"summary_large_image\" \/>\n<meta name=\"twitter:label1\" content=\"Est. reading time\" \/>\n\t<meta name=\"twitter:data1\" content=\"11 minutes\" \/>\n<script type=\"application\/ld+json\" class=\"yoast-schema-graph\">{\"@context\":\"https:\\\/\\\/schema.org\",\"@graph\":[{\"@type\":\"WebPage\",\"@id\":\"https:\\\/\\\/accidentvalues.com\\\/es\\\/info\\\/cases\\\/get-more-money-for-your-car-accident-case\\\/\",\"url\":\"https:\\\/\\\/accidentvalues.com\\\/es\\\/info\\\/cases\\\/get-more-money-for-your-car-accident-case\\\/\",\"name\":\"How to Get More Money for Your Car Accident Case\",\"isPartOf\":{\"@id\":\"https:\\\/\\\/accidentvalues.com\\\/es\\\/#website\"},\"datePublished\":\"2014-08-11T15:58:49+00:00\",\"dateModified\":\"2019-11-25T19:58:41+00:00\",\"description\":\"Learn how to get more money for your car accident case. See what you can do to increase your award from the moment of the accident until the case closes.\",\"breadcrumb\":{\"@id\":\"https:\\\/\\\/accidentvalues.com\\\/es\\\/info\\\/cases\\\/get-more-money-for-your-car-accident-case\\\/#breadcrumb\"},\"inLanguage\":\"en-US\",\"potentialAction\":[{\"@type\":\"ReadAction\",\"target\":[\"https:\\\/\\\/accidentvalues.com\\\/es\\\/info\\\/cases\\\/get-more-money-for-your-car-accident-case\\\/\"]}]},{\"@type\":\"BreadcrumbList\",\"@id\":\"https:\\\/\\\/accidentvalues.com\\\/es\\\/info\\\/cases\\\/get-more-money-for-your-car-accident-case\\\/#breadcrumb\",\"itemListElement\":[{\"@type\":\"ListItem\",\"position\":1,\"name\":\"Home\",\"item\":\"https:\\\/\\\/accidentvalues.com\\\/es\\\/\"},{\"@type\":\"ListItem\",\"position\":2,\"name\":\"Informaci\u00f3n\",\"item\":\"https:\\\/\\\/accidentvalues.com\\\/es\\\/info\\\/\"},{\"@type\":\"ListItem\",\"position\":3,\"name\":\"Casos\",\"item\":\"https:\\\/\\\/accidentvalues.com\\\/es\\\/info\\\/cases\\\/\"},{\"@type\":\"ListItem\",\"position\":4,\"name\":\"Obtenga la Mayor Cantidad de Dinero en su Caso de Accidente de Auto\"}]},{\"@type\":\"WebSite\",\"@id\":\"https:\\\/\\\/accidentvalues.com\\\/es\\\/#website\",\"url\":\"https:\\\/\\\/accidentvalues.com\\\/es\\\/\",\"name\":\"AccidentValues.com Espa\u00f1ol\",\"description\":\"Calculate the Value of a Car or Truck Accident Claim\",\"potentialAction\":[{\"@type\":\"SearchAction\",\"target\":{\"@type\":\"EntryPoint\",\"urlTemplate\":\"https:\\\/\\\/accidentvalues.com\\\/es\\\/?s={search_term_string}\"},\"query-input\":{\"@type\":\"PropertyValueSpecification\",\"valueRequired\":true,\"valueName\":\"search_term_string\"}}],\"inLanguage\":\"en-US\"}]}<\/script>\n<!-- \/ Yoast SEO plugin. -->","yoast_head_json":{"title":"How to Get More Money for Your Car Accident Case","description":"Learn how to get more money for your car accident case. See what you can do to increase your award from the moment of the accident until the case closes.","robots":{"index":"index","follow":"follow","max-snippet":"max-snippet:-1","max-image-preview":"max-image-preview:large","max-video-preview":"max-video-preview:-1"},"canonical":"https:\/\/accidentvalues.com\/es\/info\/cases\/get-more-money-for-your-car-accident-case\/","og_locale":"en_US","og_type":"article","og_title":"How to Get More Money for Your Car Accident Case","og_description":"Learn how to get more money for your car accident case. See what you can do to increase your award from the moment of the accident until the case closes.","og_url":"https:\/\/accidentvalues.com\/es\/info\/cases\/get-more-money-for-your-car-accident-case\/","og_site_name":"AccidentValues.com Espa\u00f1ol","article_modified_time":"2019-11-25T19:58:41+00:00","twitter_card":"summary_large_image","twitter_misc":{"Est. reading time":"11 minutes"},"schema":{"@context":"https:\/\/schema.org","@graph":[{"@type":"WebPage","@id":"https:\/\/accidentvalues.com\/es\/info\/cases\/get-more-money-for-your-car-accident-case\/","url":"https:\/\/accidentvalues.com\/es\/info\/cases\/get-more-money-for-your-car-accident-case\/","name":"How to Get More Money for Your Car Accident Case","isPartOf":{"@id":"https:\/\/accidentvalues.com\/es\/#website"},"datePublished":"2014-08-11T15:58:49+00:00","dateModified":"2019-11-25T19:58:41+00:00","description":"Learn how to get more money for your car accident case. See what you can do to increase your award from the moment of the accident until the case closes.","breadcrumb":{"@id":"https:\/\/accidentvalues.com\/es\/info\/cases\/get-more-money-for-your-car-accident-case\/#breadcrumb"},"inLanguage":"en-US","potentialAction":[{"@type":"ReadAction","target":["https:\/\/accidentvalues.com\/es\/info\/cases\/get-more-money-for-your-car-accident-case\/"]}]},{"@type":"BreadcrumbList","@id":"https:\/\/accidentvalues.com\/es\/info\/cases\/get-more-money-for-your-car-accident-case\/#breadcrumb","itemListElement":[{"@type":"ListItem","position":1,"name":"Home","item":"https:\/\/accidentvalues.com\/es\/"},{"@type":"ListItem","position":2,"name":"Informaci\u00f3n","item":"https:\/\/accidentvalues.com\/es\/info\/"},{"@type":"ListItem","position":3,"name":"Casos","item":"https:\/\/accidentvalues.com\/es\/info\/cases\/"},{"@type":"ListItem","position":4,"name":"Obtenga la Mayor Cantidad de Dinero en su Caso de Accidente de Auto"}]},{"@type":"WebSite","@id":"https:\/\/accidentvalues.com\/es\/#website","url":"https:\/\/accidentvalues.com\/es\/","name":"AccidentValues.com Espa\u00f1ol","description":"Calculate the Value of a Car or Truck Accident Claim","potentialAction":[{"@type":"SearchAction","target":{"@type":"EntryPoint","urlTemplate":"https:\/\/accidentvalues.com\/es\/?s={search_term_string}"},"query-input":{"@type":"PropertyValueSpecification","valueRequired":true,"valueName":"search_term_string"}}],"inLanguage":"en-US"}]}},"_links":{"self":[{"href":"https:\/\/accidentvalues.com\/es\/wp-json\/wp\/v2\/pages\/260","targetHints":{"allow":["GET"]}}],"collection":[{"href":"https:\/\/accidentvalues.com\/es\/wp-json\/wp\/v2\/pages"}],"about":[{"href":"https:\/\/accidentvalues.com\/es\/wp-json\/wp\/v2\/types\/page"}],"author":[{"embeddable":true,"href":"https:\/\/accidentvalues.com\/es\/wp-json\/wp\/v2\/users\/3"}],"replies":[{"embeddable":true,"href":"https:\/\/accidentvalues.com\/es\/wp-json\/wp\/v2\/comments?post=260"}],"version-history":[{"count":10,"href":"https:\/\/accidentvalues.com\/es\/wp-json\/wp\/v2\/pages\/260\/revisions"}],"predecessor-version":[{"id":539,"href":"https:\/\/accidentvalues.com\/es\/wp-json\/wp\/v2\/pages\/260\/revisions\/539"}],"up":[{"embeddable":true,"href":"https:\/\/accidentvalues.com\/es\/wp-json\/wp\/v2\/pages\/54"}],"wp:attachment":[{"href":"https:\/\/accidentvalues.com\/es\/wp-json\/wp\/v2\/media?parent=260"}],"curies":[{"name":"wp","href":"https:\/\/api.w.org\/{rel}","templated":true}]}}