{"id":267,"date":"2014-08-15T11:43:20","date_gmt":"2014-08-15T15:43:20","guid":{"rendered":"http:\/\/accidentvalues.com\/?page_id=267"},"modified":"2019-11-25T15:16:36","modified_gmt":"2019-11-25T20:16:36","slug":"10-car-accident-facts","status":"publish","type":"page","link":"https:\/\/accidentvalues.com\/es\/info\/cases\/10-car-accident-facts\/","title":{"rendered":"10 Verdades en Accidentes de Auto"},"content":{"rendered":"<p>Aun el aumento de la educaci\u00f3n en conductores y funciones de seguridad automotrices, nos encontramos lidiando con los efectos de accidentes de auto muy seguido. Por Consiguiente, los accidentes de auto son la mayor causa de lesiones y muertes, sin mencionar el estr\u00e9s y carga financiera. Mas abajo hay 10 hechos que hay que tomar en cuenta.<\/p>\n<ol>\n<li>\u00a0La mayor\u00eda de los accidentes de auto <a href=\"http:\/\/www.drivingtoday.com\/features\/archive\/crashes\/index.html#axzz35s1lMN9C\">occur within 3 miles<\/a> de distancia del hogar del conductor.<\/li>\n<li>\u00a0Cuando esta habla por tel\u00e9fono celular mientras maneja usted est\u00e1 aumentando la probabilidad de estar en un\u00a0 <a href=\"http:\/\/www.textinganddrivingsafety.com\/texting-and-driving-stats\/\">accident by 400 percent<\/a>.<\/li>\n<li>\u00a0Cinco segundos es el tiempo promedio que sus <a href=\"http:\/\/www.distraction.gov\/research\/PDF-Files\/Driver-Distraction-Commercial-Vehicle-Operations.pdf\">eyes are off the road while texting<\/a>. Cuando usted viaja a 55mph, eso es suficiente para recorrer la longitud de un campo de futbol.<\/li>\n<li>Casi <a href=\"http:\/\/www.cdc.gov\/Motorvehiclesafety\/Teen_Drivers\/index.html\">one million high school teens<\/a> consumieron alcohol y manejaron en el 2011.<\/li>\n<li>\u00a0Entre los conductores de accidentes de veh\u00edculo fatales,\u00a0 <a href=\"http:\/\/www.cdc.gov\/alcohol\/fact-sheets\/mens-health.htm\">men are almost twice as likely as women<\/a> de estar intoxicados.<\/li>\n<li><a href=\"http:\/\/www2.courtinfo.ca.gov\/stopteendui\/parents\/facts\/teen-driving-crash-and-fatality-stats.cfm\">Teens are four times more likely<\/a> de morir o lesionarse en un accidente de auto que otras personas.<\/li>\n<li>\u00a0El costo econ\u00f3mico de los accidentes en el \u00a0<a href=\"http:\/\/www.nhtsa.gov\/About+NHTSA\/Press+Releases\/2014\/NHTSA-study-shows-vehicle-crashes-have-$871-billion-impact-on-U.S.-economy,-society\">2010 totaled $277 billion<\/a>. El costo de $277 billones de accidentes de veh\u00edculo de motor representan el equivalente de casi $897 por cada 308. 7 millones de personas viviendo en los Estados Unidos, y 1.9 porciento de un $14.96 trillones de U.S reales productos brutos dom\u00e9sticos en el 2010.<\/li>\n<li>\u00a0Montana es el estado con el <a href=\"http:\/\/www.forbes.com\/2008\/11\/20\/driving-drunk-highway-forbeslife-cx_sw_1120drunk.html\">highest death rate<\/a> debido a accidentes automovil\u00edsticos.<\/li>\n<li>\u00a0Usted someter\u00e1 un reclamo por colisi\u00f3n como una vez cada 17.9 a\u00f1os.<\/li>\n<li>\u00a0A menos que usted no tome alg\u00fan tipo de acci\u00f3n, lesiones de tr\u00e1fico en la carretera se han convertido predeciblemente en la\u00a0 <a href=\"http:\/\/www.asirt.org\/initiatives\/informing-road-users\/road-safety-facts\/road-crash-statistics.aspx\">the fifth leading cause of death<\/a> para el 2030.<\/li>\n<\/ol>\n<p>Si usted estuvo envuelto en un accidente de auto y le gustar\u00eda obtener un estimado del valor de su reclamo, use la \u00a0<a href=\"http:\/\/accidentvalues.com\/calculator\/\">Car Accident Claim Calculator<\/a>.<\/p>\n","protected":false},"excerpt":{"rendered":"<p>Aun el aumento de la educaci\u00f3n en conductores y funciones de seguridad automotrices, nos encontramos lidiando con los efectos de accidentes de auto muy seguido. Por Consiguiente, los accidentes de auto son la mayor causa de lesiones y muertes, sin mencionar el estr\u00e9s y carga financiera. Mas abajo hay 10 hechos que hay que tomar [&hellip;]<\/p>\n","protected":false},"author":3,"featured_media":0,"parent":54,"menu_order":0,"comment_status":"closed","ping_status":"open","template":"","meta":{"footnotes":""},"class_list":["post-267","page","type-page","status-publish","hentry"],"yoast_head":"<!-- This site is optimized with the Yoast SEO plugin v27.3 - https:\/\/yoast.com\/product\/yoast-seo-wordpress\/ -->\n<title>10 Verdades en Accidentes de Auto - AccidentValues.com Espa\u00f1ol<\/title>\n<meta name=\"description\" content=\"Read these 10 astonishing car accident facts. It&#039;s crazy to think we will file an accident claim about once every 18 years - car accidents are so common.\" \/>\n<meta name=\"robots\" content=\"index, follow, max-snippet:-1, max-image-preview:large, max-video-preview:-1\" \/>\n<link rel=\"canonical\" href=\"https:\/\/accidentvalues.com\/es\/info\/cases\/10-car-accident-facts\/\" \/>\n<meta property=\"og:locale\" content=\"en_US\" \/>\n<meta property=\"og:type\" content=\"article\" \/>\n<meta property=\"og:title\" content=\"10 Verdades en Accidentes de Auto - AccidentValues.com Espa\u00f1ol\" \/>\n<meta property=\"og:description\" content=\"Read these 10 astonishing car accident facts. It&#039;s crazy to think we will file an accident claim about once every 18 years - car accidents are so common.\" \/>\n<meta property=\"og:url\" content=\"https:\/\/accidentvalues.com\/es\/info\/cases\/10-car-accident-facts\/\" \/>\n<meta property=\"og:site_name\" content=\"AccidentValues.com Espa\u00f1ol\" \/>\n<meta property=\"article:modified_time\" content=\"2019-11-25T20:16:36+00:00\" \/>\n<meta name=\"twitter:card\" content=\"summary_large_image\" \/>\n<meta name=\"twitter:label1\" content=\"Est. reading time\" \/>\n\t<meta name=\"twitter:data1\" content=\"2 minutes\" \/>\n<script type=\"application\/ld+json\" class=\"yoast-schema-graph\">{\"@context\":\"https:\\\/\\\/schema.org\",\"@graph\":[{\"@type\":\"WebPage\",\"@id\":\"https:\\\/\\\/accidentvalues.com\\\/es\\\/info\\\/cases\\\/10-car-accident-facts\\\/\",\"url\":\"https:\\\/\\\/accidentvalues.com\\\/es\\\/info\\\/cases\\\/10-car-accident-facts\\\/\",\"name\":\"10 Verdades en Accidentes de Auto - AccidentValues.com Espa\u00f1ol\",\"isPartOf\":{\"@id\":\"https:\\\/\\\/accidentvalues.com\\\/es\\\/#website\"},\"datePublished\":\"2014-08-15T15:43:20+00:00\",\"dateModified\":\"2019-11-25T20:16:36+00:00\",\"description\":\"Read these 10 astonishing car accident facts. It's crazy to think we will file an accident claim about once every 18 years - car accidents are so common.\",\"breadcrumb\":{\"@id\":\"https:\\\/\\\/accidentvalues.com\\\/es\\\/info\\\/cases\\\/10-car-accident-facts\\\/#breadcrumb\"},\"inLanguage\":\"en-US\",\"potentialAction\":[{\"@type\":\"ReadAction\",\"target\":[\"https:\\\/\\\/accidentvalues.com\\\/es\\\/info\\\/cases\\\/10-car-accident-facts\\\/\"]}]},{\"@type\":\"BreadcrumbList\",\"@id\":\"https:\\\/\\\/accidentvalues.com\\\/es\\\/info\\\/cases\\\/10-car-accident-facts\\\/#breadcrumb\",\"itemListElement\":[{\"@type\":\"ListItem\",\"position\":1,\"name\":\"Home\",\"item\":\"https:\\\/\\\/accidentvalues.com\\\/es\\\/\"},{\"@type\":\"ListItem\",\"position\":2,\"name\":\"Informaci\u00f3n\",\"item\":\"https:\\\/\\\/accidentvalues.com\\\/es\\\/info\\\/\"},{\"@type\":\"ListItem\",\"position\":3,\"name\":\"Casos\",\"item\":\"https:\\\/\\\/accidentvalues.com\\\/es\\\/info\\\/cases\\\/\"},{\"@type\":\"ListItem\",\"position\":4,\"name\":\"10 Verdades en Accidentes de Auto\"}]},{\"@type\":\"WebSite\",\"@id\":\"https:\\\/\\\/accidentvalues.com\\\/es\\\/#website\",\"url\":\"https:\\\/\\\/accidentvalues.com\\\/es\\\/\",\"name\":\"AccidentValues.com Espa\u00f1ol\",\"description\":\"Calculate the Value of a Car or Truck Accident Claim\",\"potentialAction\":[{\"@type\":\"SearchAction\",\"target\":{\"@type\":\"EntryPoint\",\"urlTemplate\":\"https:\\\/\\\/accidentvalues.com\\\/es\\\/?s={search_term_string}\"},\"query-input\":{\"@type\":\"PropertyValueSpecification\",\"valueRequired\":true,\"valueName\":\"search_term_string\"}}],\"inLanguage\":\"en-US\"}]}<\/script>\n<!-- \/ Yoast SEO plugin. -->","yoast_head_json":{"title":"10 Verdades en Accidentes de Auto - AccidentValues.com Espa\u00f1ol","description":"Read these 10 astonishing car accident facts. It's crazy to think we will file an accident claim about once every 18 years - car accidents are so common.","robots":{"index":"index","follow":"follow","max-snippet":"max-snippet:-1","max-image-preview":"max-image-preview:large","max-video-preview":"max-video-preview:-1"},"canonical":"https:\/\/accidentvalues.com\/es\/info\/cases\/10-car-accident-facts\/","og_locale":"en_US","og_type":"article","og_title":"10 Verdades en Accidentes de Auto - AccidentValues.com Espa\u00f1ol","og_description":"Read these 10 astonishing car accident facts. It's crazy to think we will file an accident claim about once every 18 years - car accidents are so common.","og_url":"https:\/\/accidentvalues.com\/es\/info\/cases\/10-car-accident-facts\/","og_site_name":"AccidentValues.com Espa\u00f1ol","article_modified_time":"2019-11-25T20:16:36+00:00","twitter_card":"summary_large_image","twitter_misc":{"Est. reading time":"2 minutes"},"schema":{"@context":"https:\/\/schema.org","@graph":[{"@type":"WebPage","@id":"https:\/\/accidentvalues.com\/es\/info\/cases\/10-car-accident-facts\/","url":"https:\/\/accidentvalues.com\/es\/info\/cases\/10-car-accident-facts\/","name":"10 Verdades en Accidentes de Auto - AccidentValues.com Espa\u00f1ol","isPartOf":{"@id":"https:\/\/accidentvalues.com\/es\/#website"},"datePublished":"2014-08-15T15:43:20+00:00","dateModified":"2019-11-25T20:16:36+00:00","description":"Read these 10 astonishing car accident facts. It's crazy to think we will file an accident claim about once every 18 years - car accidents are so common.","breadcrumb":{"@id":"https:\/\/accidentvalues.com\/es\/info\/cases\/10-car-accident-facts\/#breadcrumb"},"inLanguage":"en-US","potentialAction":[{"@type":"ReadAction","target":["https:\/\/accidentvalues.com\/es\/info\/cases\/10-car-accident-facts\/"]}]},{"@type":"BreadcrumbList","@id":"https:\/\/accidentvalues.com\/es\/info\/cases\/10-car-accident-facts\/#breadcrumb","itemListElement":[{"@type":"ListItem","position":1,"name":"Home","item":"https:\/\/accidentvalues.com\/es\/"},{"@type":"ListItem","position":2,"name":"Informaci\u00f3n","item":"https:\/\/accidentvalues.com\/es\/info\/"},{"@type":"ListItem","position":3,"name":"Casos","item":"https:\/\/accidentvalues.com\/es\/info\/cases\/"},{"@type":"ListItem","position":4,"name":"10 Verdades en Accidentes de Auto"}]},{"@type":"WebSite","@id":"https:\/\/accidentvalues.com\/es\/#website","url":"https:\/\/accidentvalues.com\/es\/","name":"AccidentValues.com Espa\u00f1ol","description":"Calculate the Value of a Car or Truck Accident Claim","potentialAction":[{"@type":"SearchAction","target":{"@type":"EntryPoint","urlTemplate":"https:\/\/accidentvalues.com\/es\/?s={search_term_string}"},"query-input":{"@type":"PropertyValueSpecification","valueRequired":true,"valueName":"search_term_string"}}],"inLanguage":"en-US"}]}},"_links":{"self":[{"href":"https:\/\/accidentvalues.com\/es\/wp-json\/wp\/v2\/pages\/267","targetHints":{"allow":["GET"]}}],"collection":[{"href":"https:\/\/accidentvalues.com\/es\/wp-json\/wp\/v2\/pages"}],"about":[{"href":"https:\/\/accidentvalues.com\/es\/wp-json\/wp\/v2\/types\/page"}],"author":[{"embeddable":true,"href":"https:\/\/accidentvalues.com\/es\/wp-json\/wp\/v2\/users\/3"}],"replies":[{"embeddable":true,"href":"https:\/\/accidentvalues.com\/es\/wp-json\/wp\/v2\/comments?post=267"}],"version-history":[{"count":6,"href":"https:\/\/accidentvalues.com\/es\/wp-json\/wp\/v2\/pages\/267\/revisions"}],"predecessor-version":[{"id":541,"href":"https:\/\/accidentvalues.com\/es\/wp-json\/wp\/v2\/pages\/267\/revisions\/541"}],"up":[{"embeddable":true,"href":"https:\/\/accidentvalues.com\/es\/wp-json\/wp\/v2\/pages\/54"}],"wp:attachment":[{"href":"https:\/\/accidentvalues.com\/es\/wp-json\/wp\/v2\/media?parent=267"}],"curies":[{"name":"wp","href":"https:\/\/api.w.org\/{rel}","templated":true}]}}