{"id":292,"date":"2014-08-20T09:46:20","date_gmt":"2014-08-20T13:46:20","guid":{"rendered":"http:\/\/accidentvalues.com\/?page_id=292"},"modified":"2019-12-03T10:43:55","modified_gmt":"2019-12-03T15:43:55","slug":"4-common-reasons-heavy-truck-accidents","status":"publish","type":"page","link":"https:\/\/accidentvalues.com\/es\/info\/truck-accidents\/4-common-reasons-heavy-truck-accidents\/","title":{"rendered":"4 Razones m\u00e1s Comunes para Accidentes de Camiones Pesados"},"content":{"rendered":"<p>Todo veh\u00edculo puede ser potencialmente peligroso, pero por mucho los camiones pesados poseen particularmente un problema de seguridad para los choferes y los ocupantes del cami\u00f3n. Desafortunadamente, los accidentes de camiones son m\u00e1s com\u00fan de lo que se piensa. He aqu\u00ed ciertas estad\u00edsticas:<\/p>\n<ul>\n<li>De <a href=\"http:\/\/www.fmcsa.dot.gov\/sites\/fmcsa.dot.gov\/files\/docs\/FMCSA%20Pocket%20Guide%20to%20Large%20Truck%20and%20Bus%20Statistics%20-%202014%20-%20508C.pdf\">30,800 fatal crashes<\/a> en el 2012, 3,702 (12%) envolvi\u00f3 por lo menos un cami\u00f3n pesado.<\/li>\n<li>&#8211; De 5,584,000 de choques no fatales 2012, 367,000 (6.6%) envolvi\u00f3 por lo menos un cami\u00f3n pesado.<\/li>\n<li>El <a href=\"http:\/\/www.fmcsa.dot.gov\/sites\/fmcsa.dot.gov\/files\/docs\/FMCSA%20Pocket%20Guide%20to%20Large%20Truck%20and%20Bus%20Statistics%20-%202014%20-%20508C.pdf\">estimated total cost<\/a> por accidentes de camiones pesado en el 2012 fue de $99 billones; $40 billones en accidentes fatales, $38 billones por lesiones y $21 billones por da\u00f1os a la propiedad.<\/li>\n<li><a href=\"http:\/\/www-nrd.nhtsa.dot.gov\/Pubs\/811868.pdf\">76,000<\/a> pasajeros de ocupantes de veh\u00edculos y 25,000 ocupantes de camiones pesados estuvieron envueltos en accidentes en el 2012.<\/li>\n<li><a href=\"http:\/\/www-nrd.nhtsa.dot.gov\/Pubs\/811868.pdf\">2,843<\/a> pasajeros ocupantes de veh\u00edculos y 967 ocupantes de camiones pesados murieron en accidentes producidos por camiones pesados.<\/li>\n<li>Conducir camiones pesados en Am\u00e9rica es la\u00a0<a href=\"http:\/\/cdllife.com\/2012\/featured\/is-truck-driving-one-of-the-most-dangerous-jobs\/\">8<sup>th<\/sup><\/a> ocupaci\u00f3n m\u00e1s peligrosa.<\/li>\n<\/ul>\n<h2>Las 4 Razones m\u00e1s Comunes de los Accidentes de Camiones Pesados.<\/h2>\n<h3>Carga Grande Peligrosas<\/h3>\n<p>Camiones pesados al igual que tractores de lastre y transportista pesados han sido dise\u00f1ados para cargar gran cantidad de carga de un tir\u00f3n, pero incluso estos veh\u00edculos tienen limite. Camiones pesados y muy pesados pueden ser sobrecargados inseguramente, representando un serio peligro para otros veh\u00edculos en la carretera. La sobrecarga es m\u00e1s larga, m\u00e1s ancho y-o m\u00e1s pesado que la carga promedio que en un camio de 18 ruedas.<br \/>\nCuando una carga no est\u00e1 segura \u2013 bien protegida o la carga no es suficientemente grande para la cama del cami\u00f3n, la carga se puede caer a alta velocidad. Esto es particularmente peligroso cuando el cami\u00f3n lleva carga de material peligroso, como qu\u00edmicos o metales. A veces, sobrecargar es el resultado de cuando las compa\u00f1\u00edas sobreponen las ganancias sobre la seguridad. Otras veces, es el resultado de a prisa del conductor o negligencia en proceso de carga.<\/p>\n<p>En algunos casos, un cami\u00f3n inadecuadamente cargado puede que su carga se deslice durante el viaje, descentralizando el centro de gravedad provocando que el cami\u00f3n se vuelque. Debido a una carga desbalanceada, es extra importante mantener las luces y los equipos de seguridad del cami\u00f3n operacionales. Adicionalmente, un cami\u00f3n con un arrastre sin acoplar, el cual podr\u00eda crear desbalance, crear\u00eda una mayor probabilidad de volcarse. Es importante recordar que en la medida que el veh\u00edculo se torna m\u00e1s pesado este necesitar\u00e1 mayor distancia para frenar.<\/p>\n<p>&nbsp;<\/p>\n<p>&nbsp;<\/p>\n<h3>L\u00edmite de Peso y Altura<\/h3>\n<p>El peso bruto de un cami\u00f3n pesado puede impedir el viaje del veh\u00edculo en cierta autopistas y puentes que no podr\u00edan soportarlos. Muchos camiones son tambi\u00e9n muy altos para pasar por debajo de ciertos puentes y viaductos. Por esta raz\u00f3n todas las rutas deben de ser pre-aprobadas por el departamento de transportaci\u00f3n. Cuando un chofer de cami\u00f3n se encuentra con un obst\u00e1culo no contemplado, puede ocurrir un desastre.<\/p>\n<h3>Condiciones Peligrosas para Conducir<\/h3>\n<p>En muchos estados, camiones muy pesados necesitan carros pilotos que lo gu\u00eden; y en la mayor\u00eda de los estados no se le permite viajar en la noche. Considerando que los camiones grandes son altamente pesados, duro de detener y controlar; conducir con carga sobredimensionada es arriesgado y en condiciones climatol\u00f3gica el riesgo de accidente aumenta exponencialmente. En efecto, las carreteras resbalosas o de visibilidad reducida pueden forzar al cami\u00f3n a maniobrar o parar r\u00e1pidamente y cuyos resultados pueden ser desastrosos. La amenaza de conducci\u00f3n de insegura se magnifica cuando el chofer del cami\u00f3n esta fatigado debido a la larga distancia manejando.<\/p>\n<h3>Errores Manejando<\/h3>\n<p>Cerca de <a href=\"http:\/\/www.fmcsa.dot.gov\/safety\/research-and-analysis\/large-truck-crash-causation-study-analysis-brief\">87%<\/a>\u00a0 de los accidentes fatales y lesiones por choques son causado por choferes de camiones.\u00a0<a href=\"http:\/\/www.fmcsa.dot.gov\/safety\/research-and-analysis\/large-truck-crash-causation-study-analysis-brief\">32%<\/a> de los choques de los camiones pesados ocurren porque el cami\u00f3n se sale de las l\u00edneas de conducci\u00f3n; 29% ocurre porque se pierde control del veh\u00edculo (conducir demasiado r\u00e1pido, la carga se mueve, falla del sistema del veh\u00edculo, condiciones inadecuada de la carretera y veh\u00edculos dentro de las l\u00edneas del cami\u00f3n); y 22% ocurre por coaliciones con las partes traseras de otros veh\u00edculos dentro de las l\u00edneas de rodaje del cami\u00f3n.<\/p>\n<p>Las razones de errores al conducir se dividen en \u00a0<a href=\"http:\/\/www.fmcsa.dot.gov\/safety\/research-and-analysis\/large-truck-crash-causation-study-analysis-brief\">4 categories<\/a>:<\/p>\n<ul>\n<li>\u00a0Inerte-ninguna ejecutoria (12%) \u2013 el conductor se queda dormido o f\u00edsicamente impedido por alguna otra raz\u00f3n.<\/li>\n<li>\u00a0Reconocimiento (28%) &#8211; el conductor inatento, distra\u00eddo o falla en observar la situaci\u00f3n adecuadamente.<\/li>\n<li>\u00a0Decisi\u00f3n (38%) \u2013 el conductor estaba conduciendo demasiado r\u00e1pido, juzg\u00f3 mal la velocidad de otros veh\u00edculos, o sigui\u00f3 detr\u00e1s de otros veh\u00edculos demasiado cerca.<\/li>\n<li>\u00a0Ejecutoria (9%) \u2013 el conductor entra en p\u00e1nico, sobrerreacci\u00f3n o ejerce pobre control direccional.<\/li>\n<\/ul>\n<p>Otros <a href=\"http:\/\/www.fmcsa.dot.gov\/safety\/research-and-analysis\/report-congress-large-truck-crash-causation-study\">other factors<\/a> factores asociados a choques son el uso de las drogas prescritas, uso de drogas disponibles sin recetas, fatiga en el conductor, poca familiaridad con el veh\u00edculo y deficiencias en las luces, adem\u00e1s de otros factores.\u00a0<a href=\"http:\/\/www.fmcsa.dot.gov\/safety\/research-and-analysis\/large-truck-crash-causation-study-analysis-brief\">Brake failure<\/a> es citado en casi el 32% de las causas de accidentes de camiones, mientras que los problemas con las carreteras como tal arrojan un 16% de las razones para los accidentes \/ coaliciones. Condiciones climatol\u00f3gicas y otros factores <a href=\"http:\/\/www.fmcsa.dot.gov\/safety\/research-and-analysis\/large-truck-crash-causation-study-analysis-brief\">limiting visibility <\/a>est\u00e1n presente en casi el 13% de los estudios de accidents.<\/p>\n<p>Si usted ha estado en un accidente, estime el valor de su reclamo con la <a href=\"http:\/\/accidentvalues.com\/calculator\/\">Car Accident Calculator<\/a>.<\/p>\n","protected":false},"excerpt":{"rendered":"<p>Todo veh\u00edculo puede ser potencialmente peligroso, pero por mucho los camiones pesados poseen particularmente un problema de seguridad para los choferes y los ocupantes del cami\u00f3n. Desafortunadamente, los accidentes de camiones son m\u00e1s com\u00fan de lo que se piensa. He aqu\u00ed ciertas estad\u00edsticas: De 30,800 fatal crashes en el 2012, 3,702 (12%) envolvi\u00f3 por lo [&hellip;]<\/p>\n","protected":false},"author":3,"featured_media":0,"parent":232,"menu_order":0,"comment_status":"closed","ping_status":"open","template":"","meta":{"footnotes":""},"class_list":["post-292","page","type-page","status-publish","hentry"],"yoast_head":"<!-- This site is optimized with the Yoast SEO plugin v27.4 - https:\/\/yoast.com\/product\/yoast-seo-wordpress\/ -->\n<title>4 Most Common Reasons for Heavy Truck Accidents<\/title>\n<meta name=\"description\" content=\"Heavy truck accidents can result in serious, even fatal, injuries. Large load hazards and driver error contribute to their unfortunate frequency.\" \/>\n<meta name=\"robots\" content=\"index, follow, max-snippet:-1, max-image-preview:large, max-video-preview:-1\" \/>\n<link rel=\"canonical\" href=\"https:\/\/accidentvalues.com\/es\/info\/truck-accidents\/4-common-reasons-heavy-truck-accidents\/\" \/>\n<meta property=\"og:locale\" content=\"en_US\" \/>\n<meta property=\"og:type\" content=\"article\" \/>\n<meta property=\"og:title\" content=\"4 Most Common Reasons for Heavy Truck Accidents\" \/>\n<meta property=\"og:description\" content=\"Heavy truck accidents can result in serious, even fatal, injuries. Large load hazards and driver error contribute to their unfortunate frequency.\" \/>\n<meta property=\"og:url\" content=\"https:\/\/accidentvalues.com\/es\/info\/truck-accidents\/4-common-reasons-heavy-truck-accidents\/\" \/>\n<meta property=\"og:site_name\" content=\"AccidentValues.com Espa\u00f1ol\" \/>\n<meta property=\"article:modified_time\" content=\"2019-12-03T15:43:55+00:00\" \/>\n<meta name=\"twitter:card\" content=\"summary_large_image\" \/>\n<meta name=\"twitter:label1\" content=\"Est. reading time\" \/>\n\t<meta name=\"twitter:data1\" content=\"5 minutes\" \/>\n<script type=\"application\/ld+json\" class=\"yoast-schema-graph\">{\"@context\":\"https:\\\/\\\/schema.org\",\"@graph\":[{\"@type\":\"WebPage\",\"@id\":\"https:\\\/\\\/accidentvalues.com\\\/es\\\/info\\\/truck-accidents\\\/4-common-reasons-heavy-truck-accidents\\\/\",\"url\":\"https:\\\/\\\/accidentvalues.com\\\/es\\\/info\\\/truck-accidents\\\/4-common-reasons-heavy-truck-accidents\\\/\",\"name\":\"4 Most Common Reasons for Heavy Truck Accidents\",\"isPartOf\":{\"@id\":\"https:\\\/\\\/accidentvalues.com\\\/es\\\/#website\"},\"datePublished\":\"2014-08-20T13:46:20+00:00\",\"dateModified\":\"2019-12-03T15:43:55+00:00\",\"description\":\"Heavy truck accidents can result in serious, even fatal, injuries. Large load hazards and driver error contribute to their unfortunate frequency.\",\"breadcrumb\":{\"@id\":\"https:\\\/\\\/accidentvalues.com\\\/es\\\/info\\\/truck-accidents\\\/4-common-reasons-heavy-truck-accidents\\\/#breadcrumb\"},\"inLanguage\":\"en-US\",\"potentialAction\":[{\"@type\":\"ReadAction\",\"target\":[\"https:\\\/\\\/accidentvalues.com\\\/es\\\/info\\\/truck-accidents\\\/4-common-reasons-heavy-truck-accidents\\\/\"]}]},{\"@type\":\"BreadcrumbList\",\"@id\":\"https:\\\/\\\/accidentvalues.com\\\/es\\\/info\\\/truck-accidents\\\/4-common-reasons-heavy-truck-accidents\\\/#breadcrumb\",\"itemListElement\":[{\"@type\":\"ListItem\",\"position\":1,\"name\":\"Home\",\"item\":\"https:\\\/\\\/accidentvalues.com\\\/es\\\/\"},{\"@type\":\"ListItem\",\"position\":2,\"name\":\"Informaci\u00f3n\",\"item\":\"https:\\\/\\\/accidentvalues.com\\\/es\\\/info\\\/\"},{\"@type\":\"ListItem\",\"position\":3,\"name\":\"Accidentes de Cami\u00f3n\",\"item\":\"https:\\\/\\\/accidentvalues.com\\\/es\\\/info\\\/truck-accidents\\\/\"},{\"@type\":\"ListItem\",\"position\":4,\"name\":\"4 Razones m\u00e1s Comunes para Accidentes de Camiones Pesados\"}]},{\"@type\":\"WebSite\",\"@id\":\"https:\\\/\\\/accidentvalues.com\\\/es\\\/#website\",\"url\":\"https:\\\/\\\/accidentvalues.com\\\/es\\\/\",\"name\":\"AccidentValues.com Espa\u00f1ol\",\"description\":\"Calculate the Value of a Car or Truck Accident Claim\",\"potentialAction\":[{\"@type\":\"SearchAction\",\"target\":{\"@type\":\"EntryPoint\",\"urlTemplate\":\"https:\\\/\\\/accidentvalues.com\\\/es\\\/?s={search_term_string}\"},\"query-input\":{\"@type\":\"PropertyValueSpecification\",\"valueRequired\":true,\"valueName\":\"search_term_string\"}}],\"inLanguage\":\"en-US\"}]}<\/script>\n<!-- \/ Yoast SEO plugin. -->","yoast_head_json":{"title":"4 Most Common Reasons for Heavy Truck Accidents","description":"Heavy truck accidents can result in serious, even fatal, injuries. Large load hazards and driver error contribute to their unfortunate frequency.","robots":{"index":"index","follow":"follow","max-snippet":"max-snippet:-1","max-image-preview":"max-image-preview:large","max-video-preview":"max-video-preview:-1"},"canonical":"https:\/\/accidentvalues.com\/es\/info\/truck-accidents\/4-common-reasons-heavy-truck-accidents\/","og_locale":"en_US","og_type":"article","og_title":"4 Most Common Reasons for Heavy Truck Accidents","og_description":"Heavy truck accidents can result in serious, even fatal, injuries. Large load hazards and driver error contribute to their unfortunate frequency.","og_url":"https:\/\/accidentvalues.com\/es\/info\/truck-accidents\/4-common-reasons-heavy-truck-accidents\/","og_site_name":"AccidentValues.com Espa\u00f1ol","article_modified_time":"2019-12-03T15:43:55+00:00","twitter_card":"summary_large_image","twitter_misc":{"Est. reading time":"5 minutes"},"schema":{"@context":"https:\/\/schema.org","@graph":[{"@type":"WebPage","@id":"https:\/\/accidentvalues.com\/es\/info\/truck-accidents\/4-common-reasons-heavy-truck-accidents\/","url":"https:\/\/accidentvalues.com\/es\/info\/truck-accidents\/4-common-reasons-heavy-truck-accidents\/","name":"4 Most Common Reasons for Heavy Truck Accidents","isPartOf":{"@id":"https:\/\/accidentvalues.com\/es\/#website"},"datePublished":"2014-08-20T13:46:20+00:00","dateModified":"2019-12-03T15:43:55+00:00","description":"Heavy truck accidents can result in serious, even fatal, injuries. Large load hazards and driver error contribute to their unfortunate frequency.","breadcrumb":{"@id":"https:\/\/accidentvalues.com\/es\/info\/truck-accidents\/4-common-reasons-heavy-truck-accidents\/#breadcrumb"},"inLanguage":"en-US","potentialAction":[{"@type":"ReadAction","target":["https:\/\/accidentvalues.com\/es\/info\/truck-accidents\/4-common-reasons-heavy-truck-accidents\/"]}]},{"@type":"BreadcrumbList","@id":"https:\/\/accidentvalues.com\/es\/info\/truck-accidents\/4-common-reasons-heavy-truck-accidents\/#breadcrumb","itemListElement":[{"@type":"ListItem","position":1,"name":"Home","item":"https:\/\/accidentvalues.com\/es\/"},{"@type":"ListItem","position":2,"name":"Informaci\u00f3n","item":"https:\/\/accidentvalues.com\/es\/info\/"},{"@type":"ListItem","position":3,"name":"Accidentes de Cami\u00f3n","item":"https:\/\/accidentvalues.com\/es\/info\/truck-accidents\/"},{"@type":"ListItem","position":4,"name":"4 Razones m\u00e1s Comunes para Accidentes de Camiones Pesados"}]},{"@type":"WebSite","@id":"https:\/\/accidentvalues.com\/es\/#website","url":"https:\/\/accidentvalues.com\/es\/","name":"AccidentValues.com Espa\u00f1ol","description":"Calculate the Value of a Car or Truck Accident Claim","potentialAction":[{"@type":"SearchAction","target":{"@type":"EntryPoint","urlTemplate":"https:\/\/accidentvalues.com\/es\/?s={search_term_string}"},"query-input":{"@type":"PropertyValueSpecification","valueRequired":true,"valueName":"search_term_string"}}],"inLanguage":"en-US"}]}},"_links":{"self":[{"href":"https:\/\/accidentvalues.com\/es\/wp-json\/wp\/v2\/pages\/292","targetHints":{"allow":["GET"]}}],"collection":[{"href":"https:\/\/accidentvalues.com\/es\/wp-json\/wp\/v2\/pages"}],"about":[{"href":"https:\/\/accidentvalues.com\/es\/wp-json\/wp\/v2\/types\/page"}],"author":[{"embeddable":true,"href":"https:\/\/accidentvalues.com\/es\/wp-json\/wp\/v2\/users\/3"}],"replies":[{"embeddable":true,"href":"https:\/\/accidentvalues.com\/es\/wp-json\/wp\/v2\/comments?post=292"}],"version-history":[{"count":13,"href":"https:\/\/accidentvalues.com\/es\/wp-json\/wp\/v2\/pages\/292\/revisions"}],"predecessor-version":[{"id":636,"href":"https:\/\/accidentvalues.com\/es\/wp-json\/wp\/v2\/pages\/292\/revisions\/636"}],"up":[{"embeddable":true,"href":"https:\/\/accidentvalues.com\/es\/wp-json\/wp\/v2\/pages\/232"}],"wp:attachment":[{"href":"https:\/\/accidentvalues.com\/es\/wp-json\/wp\/v2\/media?parent=292"}],"curies":[{"name":"wp","href":"https:\/\/api.w.org\/{rel}","templated":true}]}}