{"id":298,"date":"2014-08-22T08:58:29","date_gmt":"2014-08-22T12:58:29","guid":{"rendered":"http:\/\/accidentvalues.com\/?page_id=298"},"modified":"2019-11-25T13:04:05","modified_gmt":"2019-11-25T18:04:05","slug":"tips-to-get-more-money","status":"publish","type":"page","link":"https:\/\/accidentvalues.com\/es\/info\/settlements\/tips-to-get-more-money\/","title":{"rendered":"4 Consejos Para Conseguir Mas Dinero Para Su Auto"},"content":{"rendered":"<p>No es un secreto que los ajustados de reclamo de seguro tengo unos cuantos trucos en sus mangas cuando le tratan de convencer acuerdos baratos. Aqu\u00ed unos cuantos trucos para usted, <a href=\"http:\/\/www.edmunds.com\/auto-insurance\/confessions-of-an-auto-claims-adjuster.html\">words of an ex claims adjuster<\/a>, le ayuden a negociar reclamos altos.<\/p>\n<h2>Cuestione El Reporte De Evaluaci\u00f3n<\/h2>\n<p>Cuando un cliente disputa un reclamo, el ajustador explicara como obtuvo sus n\u00fameros. Muchas veces, el ajustador le preparara un reporte de evaluaci\u00f3n que usa un promedio de dos o tres veh\u00edculos similares a lo que precio se refiere. El ajustador, puede usar 10 o m\u00e1s que se compara a sus n\u00fameros- el valor del mercado justo est\u00e1 determinado para obtener ventaja de los veh\u00edculos comparables. Si usted encuentra unos cuantos comparables que valgan m\u00e1s que los otros, usted puede pedir al su ajustador que base su reporte de evaluaci\u00f3n en los comparables que usted encontr\u00f3.<\/p>\n<p>Similarmente usted puede preguntar a un ajustador que reduzca el n\u00famero de los comparables que el usa es sus reportes si usted piensa que el est\u00e1 usando comparables con lo m\u00e1s bajo que vale para disminuir el valor promedio del mercado.<\/p>\n<p>El ajustador usualmente tiene $500 extras para llegar a un acuerdo en su caso- \u00a1dele una raz\u00f3n que le diga que su auto si vale!<\/p>\n<h2>Contrate Un Tasador Independiente<\/h2>\n<p>En algunos estados, usted tiene el derecho de contratar un tasador independiente. De cualquier manera, haci\u00e9ndole quisa no valga la pena el costo del servicio si la diferencia de un potencial acuerdo no le ofrece el costo de un servicio independiente.<\/p>\n<h2><strong>El Total De Su Auto<\/strong><\/h2>\n<p>Si la reparaci\u00f3n de su veh\u00edculo ser\u00e1 un total de m\u00e1s de un 50% del valor de su auto, usted le puede preguntar a su ajustador que \u201csaque el valor\u201d. Esto significa que mejor que obtener si viejo auto, usted puede recibir un cheque de su auto como su valor. Para que su ajustador saque el valor de su auto (si usted se acerca a un umbral de 50%), usted puede discutir que hay m\u00e1s da\u00f1os que la compa\u00f1\u00eda de seguro encontr\u00f3.<\/p>\n<h2>Escoja su Propio Tienda De Reparaci\u00f3n<\/h2>\n<p>Usted debe de saber que su ajustador le tratara de enviar a la tienda de reparaci\u00f3n que ellos escojan- la tienda de reparaci\u00f3n que trata a su compa\u00f1\u00eda de seguro para almorzar una vez al mes. Usualmente es mejor llevar su auto a una tienda de reparaci\u00f3n que se especialice en su veh\u00edculo ya que le pueden ofrecer una m\u00e1s precisa cuenta del costo asociado con los da\u00f1os.<\/p>\n<p>Use la \u00a0<a href=\"http:\/\/accidentvalues.com\/calculator\/\">Claim Calculator<\/a> para estimar el valor de su caso.<\/p>\n","protected":false},"excerpt":{"rendered":"<p>No es un secreto que los ajustados de reclamo de seguro tengo unos cuantos trucos en sus mangas cuando le tratan de convencer acuerdos baratos. Aqu\u00ed unos cuantos trucos para usted, words of an ex claims adjuster, le ayuden a negociar reclamos altos. Cuestione El Reporte De Evaluaci\u00f3n Cuando un cliente disputa un reclamo, el [&hellip;]<\/p>\n","protected":false},"author":3,"featured_media":0,"parent":52,"menu_order":0,"comment_status":"closed","ping_status":"open","template":"","meta":{"footnotes":""},"class_list":["post-298","page","type-page","status-publish","hentry"],"yoast_head":"<!-- This site is optimized with the Yoast SEO plugin v27.3 - https:\/\/yoast.com\/product\/yoast-seo-wordpress\/ -->\n<title>4 Consejos Para Conseguir Mas Dinero Para Su Auto - AccidentValues.com Espa\u00f1ol<\/title>\n<meta name=\"description\" content=\"Find out how to get the most money for your car accident claim with these 4 tips from an ex claims adjuster.\" \/>\n<meta name=\"robots\" content=\"index, follow, max-snippet:-1, max-image-preview:large, max-video-preview:-1\" \/>\n<link rel=\"canonical\" href=\"https:\/\/accidentvalues.com\/es\/info\/settlements\/tips-to-get-more-money\/\" \/>\n<meta property=\"og:locale\" content=\"en_US\" \/>\n<meta property=\"og:type\" content=\"article\" \/>\n<meta property=\"og:title\" content=\"4 Consejos Para Conseguir Mas Dinero Para Su Auto - AccidentValues.com Espa\u00f1ol\" \/>\n<meta property=\"og:description\" content=\"Find out how to get the most money for your car accident claim with these 4 tips from an ex claims adjuster.\" \/>\n<meta property=\"og:url\" content=\"https:\/\/accidentvalues.com\/es\/info\/settlements\/tips-to-get-more-money\/\" \/>\n<meta property=\"og:site_name\" content=\"AccidentValues.com Espa\u00f1ol\" \/>\n<meta property=\"article:modified_time\" content=\"2019-11-25T18:04:05+00:00\" \/>\n<meta name=\"twitter:card\" content=\"summary_large_image\" \/>\n<meta name=\"twitter:label1\" content=\"Est. reading time\" \/>\n\t<meta name=\"twitter:data1\" content=\"2 minutes\" \/>\n<script type=\"application\/ld+json\" class=\"yoast-schema-graph\">{\"@context\":\"https:\\\/\\\/schema.org\",\"@graph\":[{\"@type\":\"WebPage\",\"@id\":\"https:\\\/\\\/accidentvalues.com\\\/es\\\/info\\\/settlements\\\/tips-to-get-more-money\\\/\",\"url\":\"https:\\\/\\\/accidentvalues.com\\\/es\\\/info\\\/settlements\\\/tips-to-get-more-money\\\/\",\"name\":\"4 Consejos Para Conseguir Mas Dinero Para Su Auto - AccidentValues.com Espa\u00f1ol\",\"isPartOf\":{\"@id\":\"https:\\\/\\\/accidentvalues.com\\\/es\\\/#website\"},\"datePublished\":\"2014-08-22T12:58:29+00:00\",\"dateModified\":\"2019-11-25T18:04:05+00:00\",\"description\":\"Find out how to get the most money for your car accident claim with these 4 tips from an ex claims adjuster.\",\"breadcrumb\":{\"@id\":\"https:\\\/\\\/accidentvalues.com\\\/es\\\/info\\\/settlements\\\/tips-to-get-more-money\\\/#breadcrumb\"},\"inLanguage\":\"en-US\",\"potentialAction\":[{\"@type\":\"ReadAction\",\"target\":[\"https:\\\/\\\/accidentvalues.com\\\/es\\\/info\\\/settlements\\\/tips-to-get-more-money\\\/\"]}]},{\"@type\":\"BreadcrumbList\",\"@id\":\"https:\\\/\\\/accidentvalues.com\\\/es\\\/info\\\/settlements\\\/tips-to-get-more-money\\\/#breadcrumb\",\"itemListElement\":[{\"@type\":\"ListItem\",\"position\":1,\"name\":\"Home\",\"item\":\"https:\\\/\\\/accidentvalues.com\\\/es\\\/\"},{\"@type\":\"ListItem\",\"position\":2,\"name\":\"Informaci\u00f3n\",\"item\":\"https:\\\/\\\/accidentvalues.com\\\/es\\\/info\\\/\"},{\"@type\":\"ListItem\",\"position\":3,\"name\":\"Acuerdo\",\"item\":\"https:\\\/\\\/accidentvalues.com\\\/es\\\/info\\\/settlements\\\/\"},{\"@type\":\"ListItem\",\"position\":4,\"name\":\"4 Consejos Para Conseguir Mas Dinero Para Su Auto\"}]},{\"@type\":\"WebSite\",\"@id\":\"https:\\\/\\\/accidentvalues.com\\\/es\\\/#website\",\"url\":\"https:\\\/\\\/accidentvalues.com\\\/es\\\/\",\"name\":\"AccidentValues.com Espa\u00f1ol\",\"description\":\"Calculate the Value of a Car or Truck Accident Claim\",\"potentialAction\":[{\"@type\":\"SearchAction\",\"target\":{\"@type\":\"EntryPoint\",\"urlTemplate\":\"https:\\\/\\\/accidentvalues.com\\\/es\\\/?s={search_term_string}\"},\"query-input\":{\"@type\":\"PropertyValueSpecification\",\"valueRequired\":true,\"valueName\":\"search_term_string\"}}],\"inLanguage\":\"en-US\"}]}<\/script>\n<!-- \/ Yoast SEO plugin. -->","yoast_head_json":{"title":"4 Consejos Para Conseguir Mas Dinero Para Su Auto - AccidentValues.com Espa\u00f1ol","description":"Find out how to get the most money for your car accident claim with these 4 tips from an ex claims adjuster.","robots":{"index":"index","follow":"follow","max-snippet":"max-snippet:-1","max-image-preview":"max-image-preview:large","max-video-preview":"max-video-preview:-1"},"canonical":"https:\/\/accidentvalues.com\/es\/info\/settlements\/tips-to-get-more-money\/","og_locale":"en_US","og_type":"article","og_title":"4 Consejos Para Conseguir Mas Dinero Para Su Auto - AccidentValues.com Espa\u00f1ol","og_description":"Find out how to get the most money for your car accident claim with these 4 tips from an ex claims adjuster.","og_url":"https:\/\/accidentvalues.com\/es\/info\/settlements\/tips-to-get-more-money\/","og_site_name":"AccidentValues.com Espa\u00f1ol","article_modified_time":"2019-11-25T18:04:05+00:00","twitter_card":"summary_large_image","twitter_misc":{"Est. reading time":"2 minutes"},"schema":{"@context":"https:\/\/schema.org","@graph":[{"@type":"WebPage","@id":"https:\/\/accidentvalues.com\/es\/info\/settlements\/tips-to-get-more-money\/","url":"https:\/\/accidentvalues.com\/es\/info\/settlements\/tips-to-get-more-money\/","name":"4 Consejos Para Conseguir Mas Dinero Para Su Auto - AccidentValues.com Espa\u00f1ol","isPartOf":{"@id":"https:\/\/accidentvalues.com\/es\/#website"},"datePublished":"2014-08-22T12:58:29+00:00","dateModified":"2019-11-25T18:04:05+00:00","description":"Find out how to get the most money for your car accident claim with these 4 tips from an ex claims adjuster.","breadcrumb":{"@id":"https:\/\/accidentvalues.com\/es\/info\/settlements\/tips-to-get-more-money\/#breadcrumb"},"inLanguage":"en-US","potentialAction":[{"@type":"ReadAction","target":["https:\/\/accidentvalues.com\/es\/info\/settlements\/tips-to-get-more-money\/"]}]},{"@type":"BreadcrumbList","@id":"https:\/\/accidentvalues.com\/es\/info\/settlements\/tips-to-get-more-money\/#breadcrumb","itemListElement":[{"@type":"ListItem","position":1,"name":"Home","item":"https:\/\/accidentvalues.com\/es\/"},{"@type":"ListItem","position":2,"name":"Informaci\u00f3n","item":"https:\/\/accidentvalues.com\/es\/info\/"},{"@type":"ListItem","position":3,"name":"Acuerdo","item":"https:\/\/accidentvalues.com\/es\/info\/settlements\/"},{"@type":"ListItem","position":4,"name":"4 Consejos Para Conseguir Mas Dinero Para Su Auto"}]},{"@type":"WebSite","@id":"https:\/\/accidentvalues.com\/es\/#website","url":"https:\/\/accidentvalues.com\/es\/","name":"AccidentValues.com Espa\u00f1ol","description":"Calculate the Value of a Car or Truck Accident Claim","potentialAction":[{"@type":"SearchAction","target":{"@type":"EntryPoint","urlTemplate":"https:\/\/accidentvalues.com\/es\/?s={search_term_string}"},"query-input":{"@type":"PropertyValueSpecification","valueRequired":true,"valueName":"search_term_string"}}],"inLanguage":"en-US"}]}},"_links":{"self":[{"href":"https:\/\/accidentvalues.com\/es\/wp-json\/wp\/v2\/pages\/298","targetHints":{"allow":["GET"]}}],"collection":[{"href":"https:\/\/accidentvalues.com\/es\/wp-json\/wp\/v2\/pages"}],"about":[{"href":"https:\/\/accidentvalues.com\/es\/wp-json\/wp\/v2\/types\/page"}],"author":[{"embeddable":true,"href":"https:\/\/accidentvalues.com\/es\/wp-json\/wp\/v2\/users\/3"}],"replies":[{"embeddable":true,"href":"https:\/\/accidentvalues.com\/es\/wp-json\/wp\/v2\/comments?post=298"}],"version-history":[{"count":4,"href":"https:\/\/accidentvalues.com\/es\/wp-json\/wp\/v2\/pages\/298\/revisions"}],"predecessor-version":[{"id":526,"href":"https:\/\/accidentvalues.com\/es\/wp-json\/wp\/v2\/pages\/298\/revisions\/526"}],"up":[{"embeddable":true,"href":"https:\/\/accidentvalues.com\/es\/wp-json\/wp\/v2\/pages\/52"}],"wp:attachment":[{"href":"https:\/\/accidentvalues.com\/es\/wp-json\/wp\/v2\/media?parent=298"}],"curies":[{"name":"wp","href":"https:\/\/api.w.org\/{rel}","templated":true}]}}