{"id":300,"date":"2014-08-25T11:31:38","date_gmt":"2014-08-25T15:31:38","guid":{"rendered":"http:\/\/accidentvalues.com\/?page_id=300"},"modified":"2019-11-27T09:54:37","modified_gmt":"2019-11-27T14:54:37","slug":"roll","status":"publish","type":"page","link":"https:\/\/accidentvalues.com\/es\/info\/crash-types\/roll\/","title":{"rendered":"Roll-over"},"content":{"rendered":"<h2>\u00bfQu\u00e9 es una colisi\u00f3n de choque por vuelco?<\/h2>\n<p>Un choque o colisi\u00f3n por vuelco ocurre cuando el carro se vira sobre otro carro bien sea del lado o sobre el techo del carro, La Administraci\u00f3n Nacional de Seguridad de Carreteras-Autopistas ha estimado que 2.1% de los choques en lo USA son por volcaduras. Las volcaduras a menudo ocurren cuando los conductores sobre corrigen el gu\u00eda como reacci\u00f3n de p\u00e1nico en emergencia. Esto puede resultar en otro tipi de accidente, doblando muy repentinamente, o por desviarse. Algo as\u00ed como el 40% de las volcaduras fatales ocurren por efecto de la velocidad, y cerca del 75% de lo volcaduras fatales ocurren donde el l\u00edmite de velocidad era sobre 55 millas por hora o m\u00e1s. Cerca de la mitad de las volcaduras envuelve la ingesta de alcohol, choques fatales de un solo veh\u00edculo comprende el 85% de las veces. Adicionalmente, veh\u00edculos alto, con centro de gravedad m\u00e1s alto, son m\u00e1s propensos de volcarse.<\/p>\n<p>(Source: http:\/\/www.safercar.gov\/Vehicle+Shoppers\/Rollover\/Cause<\/p>\n<h3>\u00bfDe qui\u00e9n es la culpa?<\/h3>\n<p>Debido a que las volcaduras unilaterales de veh\u00edculo son cerca del 85% de las veces,\u00a0<strong>el conductor usualmente es el culpable. <\/strong> El conductor puede haber sobre corregido su veh\u00edculo, cambiando a un lado de la l\u00ednea de rodaje; \u00e9l pudo haberle pegado a cualquier cosa que un veh\u00edculo puede darle y luego volcarse; y\/o \u00e9l pudo haber ido guiando negligentemente a alta velocidad. En 2010 solo, m\u00e1s de <a href=\"http:\/\/www.safercar.gov\/Vehicle+Shoppers\/Rollover\/Fatalities\">7,600 people died<\/a> por choques-volcaduras. Ese n\u00famero es responsable de casi el 35% de las muertes de por choques en veh\u00edculos de pasajeros.<\/p>\n<p>Preg\u00fantese estas 5 preguntas cuando de quien es la falta en un accidente de carro;<\/p>\n<p>1. \u00bfHubo citaci\u00f3n o violaci\u00f3n de las leyes de transito?<\/p>\n<p>2. \u00bfFue lateral o golpeado por un carro de la izquierda?<\/p>\n<p>3. \u00bfSe hizo alg\u00fan comentario por conductor despu\u00e9s del accidente?<\/p>\n<p>4. \u00bfHab\u00eda alg\u00fan testigo?<\/p>\n<p>5. \u00bfHubo negligencia por parte del conductor?<\/p>\n<h2>\u00bfPorque yo estoy lastimado pero mi carro est\u00e1 bien?<\/h2>\n<p>\u201c\u00bfPorque yo estoy lastimado pero mi carro est\u00e1 bien?<br \/>\nEs m\u00e1s que probable que su carro sea abollado en una choque-volcadura. Si el veh\u00edculo se vira, probablemente habr\u00e1 una abolladura en el lado, si no m\u00e1s. Al fin de evitar o prevenir una volcadura, es importante no solo de seguir los l\u00edmites de velocidad y asegurarse de que las llantas est\u00e9n en buen estado y propiamente inflada, pero tambi\u00e9n mantener de acuerdo a las especificaciones del manufacturero. Notablemente, los nuevos carros tienen mejor estabilidad de control electr\u00f3nico y cortinas laterales d bolsas de aire \u2013 ambas de la cual ayuda a mantener la seguridad de los ocupantes. Hay una nueva regla del 2009 conocidas como\u00a0<a href=\"http:\/\/consumerreports.org\/cro\/2012\/02\/rollover-101\/index.htm\">revised roof-crush rule<\/a>\u201del cual dice que veh\u00edculos pesando 6,000 libras o menos deben de soportar una fuerza igual a tres veces su peso aplicado a la izquierda y derecha en los lados del carro. Si la capota toca la cabeza de una altura promedio de un maniqu\u00ed, el veh\u00edculo es inadecuado. La esperanza es que este standard va a disminuir la posibilidad de volcadura. La volcadura est\u00e1n dentro de los tipos m\u00e1s peligros de choques debido a la alta incidencia de expulsiones de los ocupantes. <a href=\"http:\/\/saferoads.org\/rollover\">Ejections<\/a> dan cuenta del 62% de todas las fatalidades en choque-volcadura y a menudo causando lesiones de cabeza severas. Los ocupantes est\u00e1n en peligro de moverse a trav\u00e9s de ventanas abierta o destrozadas cuando el carro se vira hacia los lados o cuando hay un fuerte impacto en los lados.<\/p>\n<h2>\u00bfCu\u00e1les son las m\u00e1s comunes lesiones en una volcadura?<\/h2>\n<h3>Lesiones Traum\u00e1ticas del Cerebro (TBI)<\/h3>\n<ul>\n<li>\u00a0Los choques de veh\u00edculos de motor son \u00a0<a href=\"http:\/\/www.cdc.gov\/traumaticbraininjury\/get_the_facts.html\">third overall leading cause of TBI<\/a> at 14 percent and the cause of 26 percent of TBI-related deaths.TBI en un 14% y la causa el 26% de LA muerte relacionadas con TBI. El TBI es la causado por un cantazo o penetraci\u00f3n a la cabeza que afecta el funcionamiento normal del cerebro. TBI severo va desde <a href=\"http:\/\/www.cdc.gov\/traumaticbraininjury\/outcomes.html\">mild to severe<\/a>, causando sensaci\u00f3n de pensamiento deteriorado retroactiva, funciones ling\u00fc\u00edsticas, y estabilidad emocional. Aunque el 75% de los TBI anualmente reportado son conmociones cerebrales (TBI), TBI severo resulta en absoluto neol\u00f3gico y cognitivo debilitamientos. El costo de hospitalizaci\u00f3n por TBI promedio es de $8,189 para moderado, $14, 603 para serio, 16, 788 para severo, y $33, 537 para critico TBI. Costo varia por el tipo de la lesi\u00f3n, $20,522 por accidentes de veh\u00edculo de motor. En casos de roll \u2013over, serios, ocurren <a href=\"http:\/\/www.ncbi.nlm.nih.gov\/pubmed\/23531259\">brain injuries<\/a> como resultado de la cabeza hace contacto con el techo u otro objeto sobre eyecci\u00f3n del veh\u00edculo. <a href=\"http:\/\/www.e-z.net\/~ts\/web-6-1-06\/~docs\/The%20Causes%20of%20%20Injury%20in%20Rollover%20Accidents3.pdf\">Head injury<\/a> tambi\u00e9n pueden ocurrir la una colisi\u00f3n secundaria, ser removidos de lado a lado o por la direcci\u00f3n del impacto con otro objeto.<\/li>\n<\/ul>\n<h3>Lesiones de la Espina Dorsal<\/h3>\n<ul>\n<li>\u00a0Cerca de <a href=\"http:\/\/www.cdc.gov\/traumaticbraininjury\/scifacts.html\">46%<\/a>\u00a0 de todas las lesiones de la espina dorsal ocurrida por accidente vehicular, mucho de los cuales suceden en volcaduras. Cuando el carro se voltea, puede trauma en el cuello and \/ o espalda, resultando en da\u00f1o a la espina dorsal y \/ o nervios al final del canal espinal. Tristemente, da\u00f1os a \u00e9l Cord\u00f3n de espina dorsal muchas veces resulta en perdida de funciones o sensaci\u00f3n. El promedio\u00a0<a href=\"http:\/\/www.cdc.gov\/traumaticbraininjury\/scifacts.html\">annual medical cost<\/a> es de $15, 000 a $30, 000 por a\u00f1o, un estimado de $500, 000 a $3 millones el costo<br \/>\nde por vida.<\/li>\n<\/ul>\n<p>Lea mas :<a href=\"http:\/\/accidentvalues.com\/info\/\">http:\/\/accidentvalues.com\/info\/<\/a><\/p>\n<p>Calcule el valor de su accidente: <a href=\"http:\/\/accidentvalues.com\/calculator\/\">http:\/\/accidentvalues.com\/calculator\/<\/a><\/p>\n","protected":false},"excerpt":{"rendered":"<p>\u00bfQu\u00e9 es una colisi\u00f3n de choque por vuelco? Un choque o colisi\u00f3n por vuelco ocurre cuando el carro se vira sobre otro carro bien sea del lado o sobre el techo del carro, La Administraci\u00f3n Nacional de Seguridad de Carreteras-Autopistas ha estimado que 2.1% de los choques en lo USA son por volcaduras. Las volcaduras [&hellip;]<\/p>\n","protected":false},"author":3,"featured_media":0,"parent":210,"menu_order":0,"comment_status":"closed","ping_status":"open","template":"","meta":{"footnotes":""},"class_list":["post-300","page","type-page","status-publish","hentry"],"yoast_head":"<!-- This site is optimized with the Yoast SEO plugin v27.4 - https:\/\/yoast.com\/product\/yoast-seo-wordpress\/ -->\n<title>Roll-over - AccidentValues.com Espa\u00f1ol<\/title>\n<meta name=\"description\" content=\"Learn the factors in a roll-over car crash, including fault and common injuries. Use the claim calculator to see fair settlement from insurance company.\" \/>\n<meta name=\"robots\" content=\"index, follow, max-snippet:-1, max-image-preview:large, max-video-preview:-1\" \/>\n<link rel=\"canonical\" href=\"https:\/\/accidentvalues.com\/es\/info\/crash-types\/roll\/\" \/>\n<meta property=\"og:locale\" content=\"en_US\" \/>\n<meta property=\"og:type\" content=\"article\" \/>\n<meta property=\"og:title\" content=\"Roll-over - AccidentValues.com Espa\u00f1ol\" \/>\n<meta property=\"og:description\" content=\"Learn the factors in a roll-over car crash, including fault and common injuries. Use the claim calculator to see fair settlement from insurance company.\" \/>\n<meta property=\"og:url\" content=\"https:\/\/accidentvalues.com\/es\/info\/crash-types\/roll\/\" \/>\n<meta property=\"og:site_name\" content=\"AccidentValues.com Espa\u00f1ol\" \/>\n<meta property=\"article:modified_time\" content=\"2019-11-27T14:54:37+00:00\" \/>\n<meta name=\"twitter:card\" content=\"summary_large_image\" \/>\n<meta name=\"twitter:label1\" content=\"Est. reading time\" \/>\n\t<meta name=\"twitter:data1\" content=\"5 minutes\" \/>\n<script type=\"application\/ld+json\" class=\"yoast-schema-graph\">{\"@context\":\"https:\\\/\\\/schema.org\",\"@graph\":[{\"@type\":\"WebPage\",\"@id\":\"https:\\\/\\\/accidentvalues.com\\\/es\\\/info\\\/crash-types\\\/roll\\\/\",\"url\":\"https:\\\/\\\/accidentvalues.com\\\/es\\\/info\\\/crash-types\\\/roll\\\/\",\"name\":\"Roll-over - AccidentValues.com Espa\u00f1ol\",\"isPartOf\":{\"@id\":\"https:\\\/\\\/accidentvalues.com\\\/es\\\/#website\"},\"datePublished\":\"2014-08-25T15:31:38+00:00\",\"dateModified\":\"2019-11-27T14:54:37+00:00\",\"description\":\"Learn the factors in a roll-over car crash, including fault and common injuries. Use the claim calculator to see fair settlement from insurance company.\",\"breadcrumb\":{\"@id\":\"https:\\\/\\\/accidentvalues.com\\\/es\\\/info\\\/crash-types\\\/roll\\\/#breadcrumb\"},\"inLanguage\":\"en-US\",\"potentialAction\":[{\"@type\":\"ReadAction\",\"target\":[\"https:\\\/\\\/accidentvalues.com\\\/es\\\/info\\\/crash-types\\\/roll\\\/\"]}]},{\"@type\":\"BreadcrumbList\",\"@id\":\"https:\\\/\\\/accidentvalues.com\\\/es\\\/info\\\/crash-types\\\/roll\\\/#breadcrumb\",\"itemListElement\":[{\"@type\":\"ListItem\",\"position\":1,\"name\":\"Home\",\"item\":\"https:\\\/\\\/accidentvalues.com\\\/es\\\/\"},{\"@type\":\"ListItem\",\"position\":2,\"name\":\"Informaci\u00f3n\",\"item\":\"https:\\\/\\\/accidentvalues.com\\\/es\\\/info\\\/\"},{\"@type\":\"ListItem\",\"position\":3,\"name\":\"Tipos de Choques\",\"item\":\"https:\\\/\\\/accidentvalues.com\\\/es\\\/info\\\/crash-types\\\/\"},{\"@type\":\"ListItem\",\"position\":4,\"name\":\"Roll-over\"}]},{\"@type\":\"WebSite\",\"@id\":\"https:\\\/\\\/accidentvalues.com\\\/es\\\/#website\",\"url\":\"https:\\\/\\\/accidentvalues.com\\\/es\\\/\",\"name\":\"AccidentValues.com Espa\u00f1ol\",\"description\":\"Calculate the Value of a Car or Truck Accident Claim\",\"potentialAction\":[{\"@type\":\"SearchAction\",\"target\":{\"@type\":\"EntryPoint\",\"urlTemplate\":\"https:\\\/\\\/accidentvalues.com\\\/es\\\/?s={search_term_string}\"},\"query-input\":{\"@type\":\"PropertyValueSpecification\",\"valueRequired\":true,\"valueName\":\"search_term_string\"}}],\"inLanguage\":\"en-US\"}]}<\/script>\n<!-- \/ Yoast SEO plugin. -->","yoast_head_json":{"title":"Roll-over - AccidentValues.com Espa\u00f1ol","description":"Learn the factors in a roll-over car crash, including fault and common injuries. Use the claim calculator to see fair settlement from insurance company.","robots":{"index":"index","follow":"follow","max-snippet":"max-snippet:-1","max-image-preview":"max-image-preview:large","max-video-preview":"max-video-preview:-1"},"canonical":"https:\/\/accidentvalues.com\/es\/info\/crash-types\/roll\/","og_locale":"en_US","og_type":"article","og_title":"Roll-over - AccidentValues.com Espa\u00f1ol","og_description":"Learn the factors in a roll-over car crash, including fault and common injuries. Use the claim calculator to see fair settlement from insurance company.","og_url":"https:\/\/accidentvalues.com\/es\/info\/crash-types\/roll\/","og_site_name":"AccidentValues.com Espa\u00f1ol","article_modified_time":"2019-11-27T14:54:37+00:00","twitter_card":"summary_large_image","twitter_misc":{"Est. reading time":"5 minutes"},"schema":{"@context":"https:\/\/schema.org","@graph":[{"@type":"WebPage","@id":"https:\/\/accidentvalues.com\/es\/info\/crash-types\/roll\/","url":"https:\/\/accidentvalues.com\/es\/info\/crash-types\/roll\/","name":"Roll-over - AccidentValues.com Espa\u00f1ol","isPartOf":{"@id":"https:\/\/accidentvalues.com\/es\/#website"},"datePublished":"2014-08-25T15:31:38+00:00","dateModified":"2019-11-27T14:54:37+00:00","description":"Learn the factors in a roll-over car crash, including fault and common injuries. Use the claim calculator to see fair settlement from insurance company.","breadcrumb":{"@id":"https:\/\/accidentvalues.com\/es\/info\/crash-types\/roll\/#breadcrumb"},"inLanguage":"en-US","potentialAction":[{"@type":"ReadAction","target":["https:\/\/accidentvalues.com\/es\/info\/crash-types\/roll\/"]}]},{"@type":"BreadcrumbList","@id":"https:\/\/accidentvalues.com\/es\/info\/crash-types\/roll\/#breadcrumb","itemListElement":[{"@type":"ListItem","position":1,"name":"Home","item":"https:\/\/accidentvalues.com\/es\/"},{"@type":"ListItem","position":2,"name":"Informaci\u00f3n","item":"https:\/\/accidentvalues.com\/es\/info\/"},{"@type":"ListItem","position":3,"name":"Tipos de Choques","item":"https:\/\/accidentvalues.com\/es\/info\/crash-types\/"},{"@type":"ListItem","position":4,"name":"Roll-over"}]},{"@type":"WebSite","@id":"https:\/\/accidentvalues.com\/es\/#website","url":"https:\/\/accidentvalues.com\/es\/","name":"AccidentValues.com Espa\u00f1ol","description":"Calculate the Value of a Car or Truck Accident Claim","potentialAction":[{"@type":"SearchAction","target":{"@type":"EntryPoint","urlTemplate":"https:\/\/accidentvalues.com\/es\/?s={search_term_string}"},"query-input":{"@type":"PropertyValueSpecification","valueRequired":true,"valueName":"search_term_string"}}],"inLanguage":"en-US"}]}},"_links":{"self":[{"href":"https:\/\/accidentvalues.com\/es\/wp-json\/wp\/v2\/pages\/300","targetHints":{"allow":["GET"]}}],"collection":[{"href":"https:\/\/accidentvalues.com\/es\/wp-json\/wp\/v2\/pages"}],"about":[{"href":"https:\/\/accidentvalues.com\/es\/wp-json\/wp\/v2\/types\/page"}],"author":[{"embeddable":true,"href":"https:\/\/accidentvalues.com\/es\/wp-json\/wp\/v2\/users\/3"}],"replies":[{"embeddable":true,"href":"https:\/\/accidentvalues.com\/es\/wp-json\/wp\/v2\/comments?post=300"}],"version-history":[{"count":5,"href":"https:\/\/accidentvalues.com\/es\/wp-json\/wp\/v2\/pages\/300\/revisions"}],"predecessor-version":[{"id":591,"href":"https:\/\/accidentvalues.com\/es\/wp-json\/wp\/v2\/pages\/300\/revisions\/591"}],"up":[{"embeddable":true,"href":"https:\/\/accidentvalues.com\/es\/wp-json\/wp\/v2\/pages\/210"}],"wp:attachment":[{"href":"https:\/\/accidentvalues.com\/es\/wp-json\/wp\/v2\/media?parent=300"}],"curies":[{"name":"wp","href":"https:\/\/api.w.org\/{rel}","templated":true}]}}