{"id":304,"date":"2014-08-25T12:02:52","date_gmt":"2014-08-25T16:02:52","guid":{"rendered":"http:\/\/accidentvalues.com\/?page_id=304"},"modified":"2019-11-25T13:20:45","modified_gmt":"2019-11-25T18:20:45","slug":"fault-drunk-driving","status":"publish","type":"page","link":"https:\/\/accidentvalues.com\/es\/info\/settlements\/fault-drunk-driving\/","title":{"rendered":"Probar Causa En Un Accidente De Un Conductor Ebrio"},"content":{"rendered":"<h2>Accidente Por Culpa De Un Conductor Ebrio<\/h2>\n<p>En un promedio de cada 53 minutos, alguien\u00a0 <a href=\"http:\/\/www-nrd.nhtsa.dot.gov\/Pubs\/811700.pdf\">killed in a drunk driving<\/a> accidente. Conductores se consideran afectados en sus niveles de alcohol en la sangre (BAC) es .08 por decilitro o m\u00e1s alto. Ambos conductores pueden ser acusados con responsabilidad civil y cargos criminales sometidos por la v\u00edctima o un familiar de la v\u00edctima en caso de alguna fatalidad de un conductor ebrio. Una demanda civil est\u00e1 hecha para recobrar los danos econ\u00f3micos, como el costo del tratamiento m\u00e9dico, perdida en salario, y danos a la propiedad. Tambi\u00e9n se puede recuperar los danos no econ\u00f3micos, como dolor y sufrimiento. Un caso criminal est\u00e1 dise\u00f1ado para proteger el p\u00fablico por futuros danos previniendo y castigar el conductor ebrio si no hay accidente o lesi\u00f3n envuelta. Esos enfrentando cargos por conducir ebrio pueden enfrentar tiempo tras las rejas, pagar multas, que les suspendan la licencia, y tener que asistir a corte para clases mandatarias con relaci\u00f3n al alcohol y programas de prevenci\u00f3n.<\/p>\n<p>En 2012,\u00a0<a href=\"http:\/\/www.madd.org\/drunk-driving\/about\/drunk-driving-statistics.html\">10,322<\/a> personas han perdido su vida por causa de un conductor ebrio. Aunque este n\u00famero ha disminuido por un 64% desde el 1982, una muerte es mucho m\u00e1s. Ciertamente, conductores ebrios causan un 32% de las fatalidades de veh\u00edculos en tr\u00e1fico en el 2012, y de esas fatalidades, 65% son conductores, 27% con ocupantes de veh\u00edculo, y 8% los que no son ocupantes. Tristemente, al menos un tercio de los accidentes de conductores ebrios provienen de <a href=\"http:\/\/www.madd.org\/drunk-driving\/about\/\">repeat offenders<\/a>. Aunque mucho de esos conductores ebrios le han suspendido sus licencias, 50-75% de ellos manejan de todas maneras. Esto significa que, en cualquier momento, nosotros potencialmente compartimos las carreteras con 2 millones de personas con tres o m\u00e1s ofensas por conducir ebrio. Le <a href=\"http:\/\/www.madd.org\/drunk-driving\/about\/drunk-driving-statistics.html\">costs Americans an estimated $132 billion per year<\/a> lidiar con accidentes relacionados con alcohol. \u2013 accidentes que pueden ser evitados por mejor educaci\u00f3n y aparatos para la prevenci\u00f3n de manejar ebrio. (como bloqueo de arranque que requiere un ofensor sople el aparato para poder comenzar el arranque).<\/p>\n<h2>\nQue Acci\u00f3n Legal Debe Esperar<\/h2>\n<p>Si usted le ha pegado un conductor ebrio, usted debe de contratar un abogado personal de lesiones. Su abogado tratara de probar que el conductor ebrio es culpable sin alguna duda. Esto significa que usted, el demandante, tiene todas las pruebas. El abogado del demandante discutir\u00e1 que el acusado que no opero el vehicula cautelosamente, el acusado le ha causado una lesi\u00f3n al demandante, y el demandante ha sufrido danos compensables. Para hacerlo el abogado del demandante se enfocar\u00e1 en el conductor ebrio con las caracter\u00edsticas de \u2013 estar apresurado, y no hacer curvas amplias, por ejemplo. Cuando el abogado del demandante se enfocar\u00e1 la conducta negativa del conductor, se\u00f1alando al conductor, el abogado de la defensa se enfocar\u00e1 en lo positivo, se\u00f1alando la consistente conducta del conductor sobrio. El abogado del demandante tambi\u00e9n tratara de probar que el conductor ebrio fallo el examen de sobriedad ya que estaba en estado de embriagues. El aboga de la defensa, en respuesta, quiz\u00e1 discuta la inhabilidad del acusado para poder ejecutar el examen exitosamente es irrelevante a la consunci\u00f3n de sustancias. El abogado del demandante tambi\u00e9n citara el examen de BAC como evidencia de la negligencia del conductor, si el nivel de alcohol en la sangre del demandado est\u00e1 m\u00e1s arriba de .08%. La defensa va a desafiar con exactitud la evaluaci\u00f3n de BAC, cuestionando la integridad de las m\u00e1quinas y el tiempo del examen administrado. Nuevamente, la prueba est\u00e1 en el lado del demandante. El abogado del demandante debe probar que el demandado estaba manejando najo los efectos de alcohol y\/o drogas sin alguna deuda para as\u00ed poder ganas el veredicto para su cliente. La defensa es solo responsable de discutir que el demandado no ha probado su caso- que la misma dejo el cuarto por duda de responsabilidad.<\/p>\n<h2>El Valor De Su Reclamo<\/h2>\n<p>Hay unas cuantas cosas importantes en cuanto culpabilidad cuando hay que decidir el valor de un accidente de auto. Por lo ya dicho, no es m\u00e1s obvio que un conductor ebrio cause un accidente. La compa\u00f1\u00eda de seguro no quisiera un veredicto alto con corte, el estar\u00eda muy motivado a llegar a un acuerdo en su caso antes de que llegue a la corte. Aunque su cantidad de \u201cdolor y sufrimiento\u201d no sea afectada por que a usted le halla pegado un conductor ebrio, la cantidad de si acuerdo posiblemente lo sea.<\/p>\n<p>El valor de su reclamo es muy espec\u00edfico para su caso particular. La cantidad de compensaci\u00f3n depender\u00e1 de muchos factores, como el grado de culpa del conductor ebrio, la cantidad de cuidado m\u00e9dico que se requiere, muerte injusta, y perdida en salario. Si el conductor ebrio lesiono a alguien seriamente, el reclamo de la persona lesionada quiz\u00e1 valga m\u00e1s que el seguro que lo que cubre el seguro del conductor ebrio. Si ese es el caso, el conductor ebrio tendr\u00e1 que pagar de su bolsillo, si ella tiene el dinero, llegar a un acuerdo en el caso. Si el conductor ebrio se niega a contribuir con un acuerdo, la persona lesionada puede tomar el caso a juicio. Si la persona lesionada gana en corte (que posiblemente as\u00ed sea), el conductor ebrio deber\u00e1 pagar la cantidad que la corte decida.<\/p>\n<p>Si usted estuvo en un accidente de auto, calcule el valor de su caso usando la \u00a0<a href=\"http:\/\/accidentvalues.com\/calculator\/\">Claim Calculator<\/a>.<\/p>\n","protected":false},"excerpt":{"rendered":"<p>Accidente Por Culpa De Un Conductor Ebrio En un promedio de cada 53 minutos, alguien\u00a0 killed in a drunk driving accidente. Conductores se consideran afectados en sus niveles de alcohol en la sangre (BAC) es .08 por decilitro o m\u00e1s alto. Ambos conductores pueden ser acusados con responsabilidad civil y cargos criminales sometidos por la [&hellip;]<\/p>\n","protected":false},"author":3,"featured_media":0,"parent":52,"menu_order":0,"comment_status":"closed","ping_status":"open","template":"","meta":{"footnotes":""},"class_list":["post-304","page","type-page","status-publish","hentry"],"yoast_head":"<!-- This site is optimized with the Yoast SEO plugin v27.3 - https:\/\/yoast.com\/product\/yoast-seo-wordpress\/ -->\n<title>Probar Causa En Un Accidente De Un Conductor Ebrio - AccidentValues.com Espa\u00f1ol<\/title>\n<meta name=\"description\" content=\"Learn how your lawyer will try to prove that the drunk driver who hit you is guilty beyond reasonable doubt - doing so will increase your settlement amount.\" \/>\n<meta name=\"robots\" content=\"index, follow, max-snippet:-1, max-image-preview:large, max-video-preview:-1\" \/>\n<link rel=\"canonical\" href=\"https:\/\/accidentvalues.com\/es\/info\/settlements\/fault-drunk-driving\/\" \/>\n<meta property=\"og:locale\" content=\"en_US\" \/>\n<meta property=\"og:type\" content=\"article\" \/>\n<meta property=\"og:title\" content=\"Probar Causa En Un Accidente De Un Conductor Ebrio - AccidentValues.com Espa\u00f1ol\" \/>\n<meta property=\"og:description\" content=\"Learn how your lawyer will try to prove that the drunk driver who hit you is guilty beyond reasonable doubt - doing so will increase your settlement amount.\" \/>\n<meta property=\"og:url\" content=\"https:\/\/accidentvalues.com\/es\/info\/settlements\/fault-drunk-driving\/\" \/>\n<meta property=\"og:site_name\" content=\"AccidentValues.com Espa\u00f1ol\" \/>\n<meta property=\"article:modified_time\" content=\"2019-11-25T18:20:45+00:00\" \/>\n<meta name=\"twitter:card\" content=\"summary_large_image\" \/>\n<meta name=\"twitter:label1\" content=\"Est. reading time\" \/>\n\t<meta name=\"twitter:data1\" content=\"5 minutes\" \/>\n<script type=\"application\/ld+json\" class=\"yoast-schema-graph\">{\"@context\":\"https:\\\/\\\/schema.org\",\"@graph\":[{\"@type\":\"WebPage\",\"@id\":\"https:\\\/\\\/accidentvalues.com\\\/es\\\/info\\\/settlements\\\/fault-drunk-driving\\\/\",\"url\":\"https:\\\/\\\/accidentvalues.com\\\/es\\\/info\\\/settlements\\\/fault-drunk-driving\\\/\",\"name\":\"Probar Causa En Un Accidente De Un Conductor Ebrio - AccidentValues.com Espa\u00f1ol\",\"isPartOf\":{\"@id\":\"https:\\\/\\\/accidentvalues.com\\\/es\\\/#website\"},\"datePublished\":\"2014-08-25T16:02:52+00:00\",\"dateModified\":\"2019-11-25T18:20:45+00:00\",\"description\":\"Learn how your lawyer will try to prove that the drunk driver who hit you is guilty beyond reasonable doubt - doing so will increase your settlement amount.\",\"breadcrumb\":{\"@id\":\"https:\\\/\\\/accidentvalues.com\\\/es\\\/info\\\/settlements\\\/fault-drunk-driving\\\/#breadcrumb\"},\"inLanguage\":\"en-US\",\"potentialAction\":[{\"@type\":\"ReadAction\",\"target\":[\"https:\\\/\\\/accidentvalues.com\\\/es\\\/info\\\/settlements\\\/fault-drunk-driving\\\/\"]}]},{\"@type\":\"BreadcrumbList\",\"@id\":\"https:\\\/\\\/accidentvalues.com\\\/es\\\/info\\\/settlements\\\/fault-drunk-driving\\\/#breadcrumb\",\"itemListElement\":[{\"@type\":\"ListItem\",\"position\":1,\"name\":\"Home\",\"item\":\"https:\\\/\\\/accidentvalues.com\\\/es\\\/\"},{\"@type\":\"ListItem\",\"position\":2,\"name\":\"Informaci\u00f3n\",\"item\":\"https:\\\/\\\/accidentvalues.com\\\/es\\\/info\\\/\"},{\"@type\":\"ListItem\",\"position\":3,\"name\":\"Acuerdo\",\"item\":\"https:\\\/\\\/accidentvalues.com\\\/es\\\/info\\\/settlements\\\/\"},{\"@type\":\"ListItem\",\"position\":4,\"name\":\"Probar Causa En Un Accidente De Un Conductor Ebrio\"}]},{\"@type\":\"WebSite\",\"@id\":\"https:\\\/\\\/accidentvalues.com\\\/es\\\/#website\",\"url\":\"https:\\\/\\\/accidentvalues.com\\\/es\\\/\",\"name\":\"AccidentValues.com Espa\u00f1ol\",\"description\":\"Calculate the Value of a Car or Truck Accident Claim\",\"potentialAction\":[{\"@type\":\"SearchAction\",\"target\":{\"@type\":\"EntryPoint\",\"urlTemplate\":\"https:\\\/\\\/accidentvalues.com\\\/es\\\/?s={search_term_string}\"},\"query-input\":{\"@type\":\"PropertyValueSpecification\",\"valueRequired\":true,\"valueName\":\"search_term_string\"}}],\"inLanguage\":\"en-US\"}]}<\/script>\n<!-- \/ Yoast SEO plugin. -->","yoast_head_json":{"title":"Probar Causa En Un Accidente De Un Conductor Ebrio - AccidentValues.com Espa\u00f1ol","description":"Learn how your lawyer will try to prove that the drunk driver who hit you is guilty beyond reasonable doubt - doing so will increase your settlement amount.","robots":{"index":"index","follow":"follow","max-snippet":"max-snippet:-1","max-image-preview":"max-image-preview:large","max-video-preview":"max-video-preview:-1"},"canonical":"https:\/\/accidentvalues.com\/es\/info\/settlements\/fault-drunk-driving\/","og_locale":"en_US","og_type":"article","og_title":"Probar Causa En Un Accidente De Un Conductor Ebrio - AccidentValues.com Espa\u00f1ol","og_description":"Learn how your lawyer will try to prove that the drunk driver who hit you is guilty beyond reasonable doubt - doing so will increase your settlement amount.","og_url":"https:\/\/accidentvalues.com\/es\/info\/settlements\/fault-drunk-driving\/","og_site_name":"AccidentValues.com Espa\u00f1ol","article_modified_time":"2019-11-25T18:20:45+00:00","twitter_card":"summary_large_image","twitter_misc":{"Est. reading time":"5 minutes"},"schema":{"@context":"https:\/\/schema.org","@graph":[{"@type":"WebPage","@id":"https:\/\/accidentvalues.com\/es\/info\/settlements\/fault-drunk-driving\/","url":"https:\/\/accidentvalues.com\/es\/info\/settlements\/fault-drunk-driving\/","name":"Probar Causa En Un Accidente De Un Conductor Ebrio - AccidentValues.com Espa\u00f1ol","isPartOf":{"@id":"https:\/\/accidentvalues.com\/es\/#website"},"datePublished":"2014-08-25T16:02:52+00:00","dateModified":"2019-11-25T18:20:45+00:00","description":"Learn how your lawyer will try to prove that the drunk driver who hit you is guilty beyond reasonable doubt - doing so will increase your settlement amount.","breadcrumb":{"@id":"https:\/\/accidentvalues.com\/es\/info\/settlements\/fault-drunk-driving\/#breadcrumb"},"inLanguage":"en-US","potentialAction":[{"@type":"ReadAction","target":["https:\/\/accidentvalues.com\/es\/info\/settlements\/fault-drunk-driving\/"]}]},{"@type":"BreadcrumbList","@id":"https:\/\/accidentvalues.com\/es\/info\/settlements\/fault-drunk-driving\/#breadcrumb","itemListElement":[{"@type":"ListItem","position":1,"name":"Home","item":"https:\/\/accidentvalues.com\/es\/"},{"@type":"ListItem","position":2,"name":"Informaci\u00f3n","item":"https:\/\/accidentvalues.com\/es\/info\/"},{"@type":"ListItem","position":3,"name":"Acuerdo","item":"https:\/\/accidentvalues.com\/es\/info\/settlements\/"},{"@type":"ListItem","position":4,"name":"Probar Causa En Un Accidente De Un Conductor Ebrio"}]},{"@type":"WebSite","@id":"https:\/\/accidentvalues.com\/es\/#website","url":"https:\/\/accidentvalues.com\/es\/","name":"AccidentValues.com Espa\u00f1ol","description":"Calculate the Value of a Car or Truck Accident Claim","potentialAction":[{"@type":"SearchAction","target":{"@type":"EntryPoint","urlTemplate":"https:\/\/accidentvalues.com\/es\/?s={search_term_string}"},"query-input":{"@type":"PropertyValueSpecification","valueRequired":true,"valueName":"search_term_string"}}],"inLanguage":"en-US"}]}},"_links":{"self":[{"href":"https:\/\/accidentvalues.com\/es\/wp-json\/wp\/v2\/pages\/304","targetHints":{"allow":["GET"]}}],"collection":[{"href":"https:\/\/accidentvalues.com\/es\/wp-json\/wp\/v2\/pages"}],"about":[{"href":"https:\/\/accidentvalues.com\/es\/wp-json\/wp\/v2\/types\/page"}],"author":[{"embeddable":true,"href":"https:\/\/accidentvalues.com\/es\/wp-json\/wp\/v2\/users\/3"}],"replies":[{"embeddable":true,"href":"https:\/\/accidentvalues.com\/es\/wp-json\/wp\/v2\/comments?post=304"}],"version-history":[{"count":7,"href":"https:\/\/accidentvalues.com\/es\/wp-json\/wp\/v2\/pages\/304\/revisions"}],"predecessor-version":[{"id":528,"href":"https:\/\/accidentvalues.com\/es\/wp-json\/wp\/v2\/pages\/304\/revisions\/528"}],"up":[{"embeddable":true,"href":"https:\/\/accidentvalues.com\/es\/wp-json\/wp\/v2\/pages\/52"}],"wp:attachment":[{"href":"https:\/\/accidentvalues.com\/es\/wp-json\/wp\/v2\/media?parent=304"}],"curies":[{"name":"wp","href":"https:\/\/api.w.org\/{rel}","templated":true}]}}