{"id":310,"date":"2014-08-25T15:01:19","date_gmt":"2014-08-25T19:01:19","guid":{"rendered":"http:\/\/accidentvalues.com\/?page_id=310"},"modified":"2019-11-26T16:42:57","modified_gmt":"2019-11-26T21:42:57","slug":"hours-of-service-truck-regulations","status":"publish","type":"page","link":"https:\/\/accidentvalues.com\/es\/info\/truck-accidents\/hours-of-service-truck-regulations\/","title":{"rendered":"Regulaci\u00f3n de la Camiones-Hora-Servicio &#8211; Julio 2013"},"content":{"rendered":"<p>Si usted tuvo un choque con un cami\u00f3n pesado, usted debe de determinar si el conductor del cami\u00f3n se estaba adhiriendo a las reglas horas-servicio de julio 2013. Si el conductor estaba incumpliendo la regulaci\u00f3n, usted podr\u00eda tener derecho a una mayor compensaci\u00f3n.<\/p>\n<h2>Regulaciones de Julio 2013<\/h2>\n<p>La Administraci\u00f3n Federal de Seguridad de Autotransportitas (FMCSA) puso <a href=\"http:\/\/www.fmcsa.dot.gov\/newsroom\/new-hours-service-safety-regulations-reduce-truck-driver-fatigue-begin-today\">new Hours-of-Service regulations<\/a> para asegurar que los conductores tuviesen el descanso adecuado necesario para operar un veh\u00edculo comercial de 80,000 libras en la misma en la carretera con otros motoristas. Se espera que las provisiones del 2013 tengan un impacto en los conductores que hacen largos viajes, quienes frecuentemente viajan en la noche, reduciendo semanalmente el tiempo de conducci\u00f3n para algunos operadores de tractocamiones de largo recorridos.<\/p>\n<p>Las<a href=\"http:\/\/www.fmcsa.dot.gov\/regulations\/hours-of-service\"> provisions<\/a> del 2013 son como sigue:<\/p>\n<ul>\n<li>Limitar a 70 horas el promedio m\u00e1ximo de trabajo por semana a los conductores de camiones, una reducci\u00f3n de las previas 82 horas m\u00e1xima.<\/li>\n<li>Permitir a los conductores que han alcanzado el m\u00e1ximo de 70 horas dentro de la semana resumir su labor si han descansado 34 horas en forma consecutivas, incluyendo por lo menos dos noches habiendo dormido en el periodo de 1 a 5 a.m.<\/li>\n<li>Requerir a los conductores que tomen receso de 30 minutos durante las primeras 8 horas de trabajo.<\/li>\n<\/ul>\n<p>Para ver una compasi\u00f3n m\u00e1s detallada entre la vieja versi\u00f3n y la nueva versi\u00f3n de Horas-Servicio hacer \u201cclick\u201d aqu\u00ed \u00a0<a href=\"http:\/\/www.fmcsa.dot.gov\/regulations\/hours-service\/comparison-old-and-new-hours-service-final-rules\">here<\/a>.<\/p>\n<h3>Penalidades<\/h3>\n<p>Las regulaciones est\u00e1n respaldadas por fuerte sanciones si son <a href=\"http:\/\/www.thetrucker.com\/News\/Stories\/2013\/7\/1\/TruckersstartedMondaywithacleanslatewithnewHOS.aspx\">violations<\/a>: Multas civiles de hasta $2,700 por cada ocasi\u00f3n que un conductor viole las reglas y $11,000 para transportistas que permiten a los conductores violar estas reglas. Conducir (o permitir un conductor que conduzca) por m\u00e1s de tres horas m\u00e1s all\u00e1 del m\u00e1ximo tiempo horas-conducci\u00f3n permitido podr\u00e1 ser considerada como violaci\u00f3n atroz y sujeto a la m\u00e1xima penalidad civil.<\/p>\n<h2>Impacto: Prevenci\u00f3n Fatiga<\/h2>\n<p>De acuerdo al secretario de transportaci\u00f3n Ray\u00a0<a href=\"http:\/\/www.trucknews.com\/health-safety\/fmcsa-proposes-changes-to-hours-of-service-rules\/1000398297\">\u00a0LaHood<\/a>, el intento de las reglas Hora-Servicio es para ayudar a crear un ambiente donde los conductores de camiones puedan descansar, estar alerta y enfocado en la seguridad mientras se est\u00e1 en el trabajo. Conducir con fatiga es una de las principales causas de muerte y lesiones por choque de camiones pesados. Inclusive con las regulaciones de Hora-Servicio los accidentes por fatiga reportados est\u00e1n por debajo de la realidad ya que los conductores no quieren admitir que han estado en falta o que han estado so\u00f1olientos. Sin embargo, un an\u00e1lisis ha demostrado que sobre un <a href=\"http:\/\/www.dot.gov\/fastlane\/hours-service-rule-protects-families-fatigued-drivers\">13%<\/a> de los conductores comerciales envuelto en choques fueron considerados fatigados en el momento del choque.<\/p>\n<p>Anne Farro de la Administraci\u00f3n Federal de Seguridad de Autotransportitas\u00a0<a href=\"http:\/\/www.thetrucker.com\/News\/Stories\/2013\/7\/1\/TruckersstartedMondaywithacleanslatewithnewHOS.aspx\">said<\/a>, que \u201clas provisiones (de las regulaciones) es un enfoque justo y equilibrado que ahorrar\u00e1 un estimado de $280 millones por menos choques de grandes camiones y $480 millones por mejoras en la salud de los conductores. M\u00e1s importante, salvar\u00e1 vidas\u201d.El gobierno federal estima que las reglas salvar\u00e1 <a href=\"http:\/\/archive.tennessean.com\/article\/20130709\/NEWS21\/307090020\/Federal-limits-truck-drivers-hours-fuel-controversy-lawsuit\">19 lives a year <\/a>y prevendr\u00e1 1,400 accidentes y 560 lesiones al a\u00f1o.<\/p>\n<p>Si usted ha estado en un accidente con una camioneta o un vehiculo, use\u00a0 la <a href=\"http:\/\/accidentvalues.com\/calculator\/\">Claims Calculator<\/a> para estimar el valor de su caso.<\/p>\n","protected":false},"excerpt":{"rendered":"<p>Si usted tuvo un choque con un cami\u00f3n pesado, usted debe de determinar si el conductor del cami\u00f3n se estaba adhiriendo a las reglas horas-servicio de julio 2013. Si el conductor estaba incumpliendo la regulaci\u00f3n, usted podr\u00eda tener derecho a una mayor compensaci\u00f3n. Regulaciones de Julio 2013 La Administraci\u00f3n Federal de Seguridad de Autotransportitas (FMCSA) [&hellip;]<\/p>\n","protected":false},"author":3,"featured_media":0,"parent":232,"menu_order":0,"comment_status":"closed","ping_status":"open","template":"","meta":{"footnotes":""},"class_list":["post-310","page","type-page","status-publish","hentry"],"yoast_head":"<!-- This site is optimized with the Yoast SEO plugin v27.4 - https:\/\/yoast.com\/product\/yoast-seo-wordpress\/ -->\n<title>July 2013 Hours-of-Service Truck Regulations<\/title>\n<meta name=\"description\" content=\"Learn about the new truck regulations aimed at preventing crashes caused by driver fatigue. Doing so may increase your case&#039;s value.\" \/>\n<meta name=\"robots\" content=\"index, follow, max-snippet:-1, max-image-preview:large, max-video-preview:-1\" \/>\n<link rel=\"canonical\" href=\"https:\/\/accidentvalues.com\/es\/info\/truck-accidents\/hours-of-service-truck-regulations\/\" \/>\n<meta property=\"og:locale\" content=\"en_US\" \/>\n<meta property=\"og:type\" content=\"article\" \/>\n<meta property=\"og:title\" content=\"July 2013 Hours-of-Service Truck Regulations\" \/>\n<meta property=\"og:description\" content=\"Learn about the new truck regulations aimed at preventing crashes caused by driver fatigue. Doing so may increase your case&#039;s value.\" \/>\n<meta property=\"og:url\" content=\"https:\/\/accidentvalues.com\/es\/info\/truck-accidents\/hours-of-service-truck-regulations\/\" \/>\n<meta property=\"og:site_name\" content=\"AccidentValues.com Espa\u00f1ol\" \/>\n<meta property=\"article:modified_time\" content=\"2019-11-26T21:42:57+00:00\" \/>\n<meta name=\"twitter:card\" content=\"summary_large_image\" \/>\n<meta name=\"twitter:label1\" content=\"Est. reading time\" \/>\n\t<meta name=\"twitter:data1\" content=\"3 minutes\" \/>\n<script type=\"application\/ld+json\" class=\"yoast-schema-graph\">{\"@context\":\"https:\\\/\\\/schema.org\",\"@graph\":[{\"@type\":\"WebPage\",\"@id\":\"https:\\\/\\\/accidentvalues.com\\\/es\\\/info\\\/truck-accidents\\\/hours-of-service-truck-regulations\\\/\",\"url\":\"https:\\\/\\\/accidentvalues.com\\\/es\\\/info\\\/truck-accidents\\\/hours-of-service-truck-regulations\\\/\",\"name\":\"July 2013 Hours-of-Service Truck Regulations\",\"isPartOf\":{\"@id\":\"https:\\\/\\\/accidentvalues.com\\\/es\\\/#website\"},\"datePublished\":\"2014-08-25T19:01:19+00:00\",\"dateModified\":\"2019-11-26T21:42:57+00:00\",\"description\":\"Learn about the new truck regulations aimed at preventing crashes caused by driver fatigue. Doing so may increase your case's value.\",\"breadcrumb\":{\"@id\":\"https:\\\/\\\/accidentvalues.com\\\/es\\\/info\\\/truck-accidents\\\/hours-of-service-truck-regulations\\\/#breadcrumb\"},\"inLanguage\":\"en-US\",\"potentialAction\":[{\"@type\":\"ReadAction\",\"target\":[\"https:\\\/\\\/accidentvalues.com\\\/es\\\/info\\\/truck-accidents\\\/hours-of-service-truck-regulations\\\/\"]}]},{\"@type\":\"BreadcrumbList\",\"@id\":\"https:\\\/\\\/accidentvalues.com\\\/es\\\/info\\\/truck-accidents\\\/hours-of-service-truck-regulations\\\/#breadcrumb\",\"itemListElement\":[{\"@type\":\"ListItem\",\"position\":1,\"name\":\"Home\",\"item\":\"https:\\\/\\\/accidentvalues.com\\\/es\\\/\"},{\"@type\":\"ListItem\",\"position\":2,\"name\":\"Informaci\u00f3n\",\"item\":\"https:\\\/\\\/accidentvalues.com\\\/es\\\/info\\\/\"},{\"@type\":\"ListItem\",\"position\":3,\"name\":\"Accidentes de Cami\u00f3n\",\"item\":\"https:\\\/\\\/accidentvalues.com\\\/es\\\/info\\\/truck-accidents\\\/\"},{\"@type\":\"ListItem\",\"position\":4,\"name\":\"Regulaci\u00f3n de la Camiones-Hora-Servicio &#8211; Julio 2013\"}]},{\"@type\":\"WebSite\",\"@id\":\"https:\\\/\\\/accidentvalues.com\\\/es\\\/#website\",\"url\":\"https:\\\/\\\/accidentvalues.com\\\/es\\\/\",\"name\":\"AccidentValues.com Espa\u00f1ol\",\"description\":\"Calculate the Value of a Car or Truck Accident Claim\",\"potentialAction\":[{\"@type\":\"SearchAction\",\"target\":{\"@type\":\"EntryPoint\",\"urlTemplate\":\"https:\\\/\\\/accidentvalues.com\\\/es\\\/?s={search_term_string}\"},\"query-input\":{\"@type\":\"PropertyValueSpecification\",\"valueRequired\":true,\"valueName\":\"search_term_string\"}}],\"inLanguage\":\"en-US\"}]}<\/script>\n<!-- \/ Yoast SEO plugin. -->","yoast_head_json":{"title":"July 2013 Hours-of-Service Truck Regulations","description":"Learn about the new truck regulations aimed at preventing crashes caused by driver fatigue. Doing so may increase your case's value.","robots":{"index":"index","follow":"follow","max-snippet":"max-snippet:-1","max-image-preview":"max-image-preview:large","max-video-preview":"max-video-preview:-1"},"canonical":"https:\/\/accidentvalues.com\/es\/info\/truck-accidents\/hours-of-service-truck-regulations\/","og_locale":"en_US","og_type":"article","og_title":"July 2013 Hours-of-Service Truck Regulations","og_description":"Learn about the new truck regulations aimed at preventing crashes caused by driver fatigue. Doing so may increase your case's value.","og_url":"https:\/\/accidentvalues.com\/es\/info\/truck-accidents\/hours-of-service-truck-regulations\/","og_site_name":"AccidentValues.com Espa\u00f1ol","article_modified_time":"2019-11-26T21:42:57+00:00","twitter_card":"summary_large_image","twitter_misc":{"Est. reading time":"3 minutes"},"schema":{"@context":"https:\/\/schema.org","@graph":[{"@type":"WebPage","@id":"https:\/\/accidentvalues.com\/es\/info\/truck-accidents\/hours-of-service-truck-regulations\/","url":"https:\/\/accidentvalues.com\/es\/info\/truck-accidents\/hours-of-service-truck-regulations\/","name":"July 2013 Hours-of-Service Truck Regulations","isPartOf":{"@id":"https:\/\/accidentvalues.com\/es\/#website"},"datePublished":"2014-08-25T19:01:19+00:00","dateModified":"2019-11-26T21:42:57+00:00","description":"Learn about the new truck regulations aimed at preventing crashes caused by driver fatigue. Doing so may increase your case's value.","breadcrumb":{"@id":"https:\/\/accidentvalues.com\/es\/info\/truck-accidents\/hours-of-service-truck-regulations\/#breadcrumb"},"inLanguage":"en-US","potentialAction":[{"@type":"ReadAction","target":["https:\/\/accidentvalues.com\/es\/info\/truck-accidents\/hours-of-service-truck-regulations\/"]}]},{"@type":"BreadcrumbList","@id":"https:\/\/accidentvalues.com\/es\/info\/truck-accidents\/hours-of-service-truck-regulations\/#breadcrumb","itemListElement":[{"@type":"ListItem","position":1,"name":"Home","item":"https:\/\/accidentvalues.com\/es\/"},{"@type":"ListItem","position":2,"name":"Informaci\u00f3n","item":"https:\/\/accidentvalues.com\/es\/info\/"},{"@type":"ListItem","position":3,"name":"Accidentes de Cami\u00f3n","item":"https:\/\/accidentvalues.com\/es\/info\/truck-accidents\/"},{"@type":"ListItem","position":4,"name":"Regulaci\u00f3n de la Camiones-Hora-Servicio &#8211; Julio 2013"}]},{"@type":"WebSite","@id":"https:\/\/accidentvalues.com\/es\/#website","url":"https:\/\/accidentvalues.com\/es\/","name":"AccidentValues.com Espa\u00f1ol","description":"Calculate the Value of a Car or Truck Accident Claim","potentialAction":[{"@type":"SearchAction","target":{"@type":"EntryPoint","urlTemplate":"https:\/\/accidentvalues.com\/es\/?s={search_term_string}"},"query-input":{"@type":"PropertyValueSpecification","valueRequired":true,"valueName":"search_term_string"}}],"inLanguage":"en-US"}]}},"_links":{"self":[{"href":"https:\/\/accidentvalues.com\/es\/wp-json\/wp\/v2\/pages\/310","targetHints":{"allow":["GET"]}}],"collection":[{"href":"https:\/\/accidentvalues.com\/es\/wp-json\/wp\/v2\/pages"}],"about":[{"href":"https:\/\/accidentvalues.com\/es\/wp-json\/wp\/v2\/types\/page"}],"author":[{"embeddable":true,"href":"https:\/\/accidentvalues.com\/es\/wp-json\/wp\/v2\/users\/3"}],"replies":[{"embeddable":true,"href":"https:\/\/accidentvalues.com\/es\/wp-json\/wp\/v2\/comments?post=310"}],"version-history":[{"count":5,"href":"https:\/\/accidentvalues.com\/es\/wp-json\/wp\/v2\/pages\/310\/revisions"}],"predecessor-version":[{"id":585,"href":"https:\/\/accidentvalues.com\/es\/wp-json\/wp\/v2\/pages\/310\/revisions\/585"}],"up":[{"embeddable":true,"href":"https:\/\/accidentvalues.com\/es\/wp-json\/wp\/v2\/pages\/232"}],"wp:attachment":[{"href":"https:\/\/accidentvalues.com\/es\/wp-json\/wp\/v2\/media?parent=310"}],"curies":[{"name":"wp","href":"https:\/\/api.w.org\/{rel}","templated":true}]}}