{"id":317,"date":"2014-08-29T10:07:29","date_gmt":"2014-08-29T14:07:29","guid":{"rendered":"http:\/\/accidentvalues.com\/?page_id=317"},"modified":"2019-11-25T13:30:31","modified_gmt":"2019-11-25T18:30:31","slug":"police-report-increase-case-value","status":"publish","type":"page","link":"https:\/\/accidentvalues.com\/es\/info\/settlements\/police-report-increase-case-value\/","title":{"rendered":"Someter Un Reporte De La Polic\u00eda Puede Aumentar El Valor De Su Caso"},"content":{"rendered":"<h2>\u00bfPor Que debe someter un reporte de la polic\u00eda?<\/h2>\n<p>Es dif\u00edcil pensar claramente y actuar con postura luego de un accidente de auto, su auto probablemente tenga danos, usted probablemente se encuentre lesionado un ser querido puede estar lesionado. De cualquier manera, para poder obtener la compensaci\u00f3n que usted se merece, sin importar la severidad del accidente. Sin duda, aun que el veh\u00edculo o las personas envueltas no se vean afectadas, usted debe someter un reporte policiaco. Considerando que no todas las lesiones presentan s\u00edntomas inmediatamente. Similarmente, un auto no parece estar da\u00f1ado, primeramente, pero puede presentar problemas unos d\u00edas despu\u00e9s.<\/p>\n<p>Usted nunca cabe lo que la otra parte envuelta diga sobre el accidente unos cuantos d\u00edas despu\u00e9s o una semana despu\u00e9s- el oficial y su reporte actuara como una tercera parte imparcial. Puede ser el m\u00e1s preciso e importante herramienta en determinar qui\u00e9n es financieramente responsable del accidente de auto; si el reclamo de la compa\u00f1\u00eda de seguro se pone desordenada o hay una demanda, una evaluaci\u00f3n objetivamente documentada del accidente puede ser un valor tremendo para usted un reporte de la polic\u00eda le puede proteger y aumentar su cantidad del acuerdo.<\/p>\n<h2>El Proceso<\/h2>\n<p>Tan pronto usted contacte a la polic\u00eda, el oficial de la ley llegara a la escena del accidente y le preguntara una serie de preguntas en cuanto a lo que ha ocurrido. El oficial entrevistara los otros conductores, pasajeros, y testigos para as\u00ed tener un compresible cuento sobre el accidente. El oficial incluir\u00e1 informaci\u00f3n sobre la localidad del accidente, fecha y hora, danos en la propiedad, lesiones a las personas envueltas, y declaraci\u00f3n de testigos. Sea honesto y detallado con el oficial \u2013 no admita culpabilidad y no pida disculpas. Tambi\u00e9n, aseg\u00farese que tenga informaci\u00f3n relevante del oficial. Esta ira de la mano si se le olvidan algunos detalles en la escena del accidente y se quiere contactar con el en otro momento. Es importante que tenga un reporte, as\u00ed que no le de miedo llamar al oficial para ofrecerle m\u00e1s informaci\u00f3n, aunque sea unos d\u00edas despu\u00e9s. Cuando el oficial colecte informaci\u00f3n suficiente para hacer el reporte, el someter\u00e1 el reporte a su departamento. Dependiendo del accidente, el oficial puede ser que cite uno o m\u00e1s conductores por violaciones de tr\u00e1fico.<\/p>\n<p>Usted podr\u00e1 obtener una copia del reporte uno o dos d\u00edas despu\u00e9s que se halla sometido. Muchas veces, la compa\u00f1\u00eda de seguro le preguntara que le envi\u00e9 copia del reporte para el proceso de reclamo. El reporte de la polic\u00eda puede actuar como una respuesta a cualquier pregunta o dudas que su compa\u00f1\u00eda de seguro tenga. Es importante recordar que solo porque halla sometido un reporte de la polic\u00eda no significa que usted tiene que someter in reclamo con la compa\u00f1\u00eda de seguro. Es decisi\u00f3n de usted. En algunos casos, usted quiz\u00e1 no tenga que involucrar a la compa\u00f1\u00eda de seguro; si el da\u00f1o es m\u00ednimo y usted puede pagar por la reparaci\u00f3n, quiz\u00e1 no valga la pena llamar a su seguro. Una vez la compa\u00f1\u00eda de seguro se envuelva, si contrato puede ser suba o puede ser que tenga que renovar.<\/p>\n<p>&nbsp;<\/p>\n<p>(Source: http:\/\/www.dmv.org\/insurance\/how-to-file-an-accident-report-with-the-police.php)<\/p>\n<p>(Source: http:\/\/personalinsure.about.com\/od\/prevention\/a\/aa013010a.htm)<\/p>\n<h2>\u00bfComo Obtengo El Reporte De La Polic\u00eda?<\/h2>\n<p>Aunque muchas ciudades permiten que se obtenga el reporte de la polic\u00eda en l\u00ednea o por correo, solicitar en persona el reporte de la polic\u00eda puede hacer el proceso m\u00e1s r\u00e1pido y proveer una oportunidad para preguntar otras preguntas. En algunas jurisdicciones, solo algunas se envuelven en accidentes de auto que solo pueden solicitar una copia del reporte de la polic\u00eda, pero en otras \u00e1reas cualquier persona lo puede hacer.<\/p>\n<p>Una vez usted este en el departamento de la polic\u00eda, valla a el escritorio de informaci\u00f3n o la divisi\u00f3n de archivos. Usted debe proveer informaci\u00f3n personal, su ID con fotograf\u00eda y direcci\u00f3n, e identificar detalles de c\u00f3mo ocurri\u00f3 el accidente. Aseg\u00farese que la informaci\u00f3n del contacto que usted deje con los oficiales este reciente por el reporte de la polic\u00eda, dependiendo del departamento de la polic\u00eda, puede tomar al menos una semana para ser localizado, procesado y copiado.<\/p>\n<p>Tambi\u00e9n se requiere un pago por la fotocopiar y procesar el reporte. El costo depender\u00e1 de la cuidad y tama\u00f1o del reporte. Si hay muchas p\u00e1ginas o si hay informaci\u00f3n dem\u00e1s incluida, el cobro ser\u00e1 m\u00e1s alto.<\/p>\n<p>El departamento de la polic\u00eda le llamara cuando sui reporte est\u00e9 listo para buscar. Pero, si lo ha escuchado de ellos 7 d\u00edas despu\u00e9s de solicitarlo, usted debe llamar al departamento y pedir m\u00e1s informaci\u00f3n sobre la solicitud.<\/p>\n<p>(Source: http:\/\/www.wikihow.com\/Obtain-a-Police-Report)<\/p>\n<p>Estime el valor de su caso usando la\u00a0<a href=\"http:\/\/accidentvalues.com\/calculator\/\">Claim Calculator<\/a>.<\/p>\n","protected":false},"excerpt":{"rendered":"<p>\u00bfPor Que debe someter un reporte de la polic\u00eda? Es dif\u00edcil pensar claramente y actuar con postura luego de un accidente de auto, su auto probablemente tenga danos, usted probablemente se encuentre lesionado un ser querido puede estar lesionado. De cualquier manera, para poder obtener la compensaci\u00f3n que usted se merece, sin importar la severidad [&hellip;]<\/p>\n","protected":false},"author":3,"featured_media":0,"parent":52,"menu_order":0,"comment_status":"closed","ping_status":"open","template":"","meta":{"footnotes":""},"class_list":["post-317","page","type-page","status-publish","hentry"],"yoast_head":"<!-- This site is optimized with the Yoast SEO plugin v27.3 - https:\/\/yoast.com\/product\/yoast-seo-wordpress\/ -->\n<title>Add Value to Your Case With a Police Report<\/title>\n<meta name=\"description\" content=\"Filing a police report can be of great value to your car accident case. Find out how it can help determine fault and financial responsibility.\" \/>\n<meta name=\"robots\" content=\"index, follow, max-snippet:-1, max-image-preview:large, max-video-preview:-1\" \/>\n<link rel=\"canonical\" href=\"https:\/\/accidentvalues.com\/es\/info\/settlements\/police-report-increase-case-value\/\" \/>\n<meta property=\"og:locale\" content=\"en_US\" \/>\n<meta property=\"og:type\" content=\"article\" \/>\n<meta property=\"og:title\" content=\"Add Value to Your Case With a Police Report\" \/>\n<meta property=\"og:description\" content=\"Filing a police report can be of great value to your car accident case. Find out how it can help determine fault and financial responsibility.\" \/>\n<meta property=\"og:url\" content=\"https:\/\/accidentvalues.com\/es\/info\/settlements\/police-report-increase-case-value\/\" \/>\n<meta property=\"og:site_name\" content=\"AccidentValues.com Espa\u00f1ol\" \/>\n<meta property=\"article:modified_time\" content=\"2019-11-25T18:30:31+00:00\" \/>\n<meta name=\"twitter:card\" content=\"summary_large_image\" \/>\n<meta name=\"twitter:label1\" content=\"Est. reading time\" \/>\n\t<meta name=\"twitter:data1\" content=\"4 minutes\" \/>\n<script type=\"application\/ld+json\" class=\"yoast-schema-graph\">{\"@context\":\"https:\\\/\\\/schema.org\",\"@graph\":[{\"@type\":\"WebPage\",\"@id\":\"https:\\\/\\\/accidentvalues.com\\\/es\\\/info\\\/settlements\\\/police-report-increase-case-value\\\/\",\"url\":\"https:\\\/\\\/accidentvalues.com\\\/es\\\/info\\\/settlements\\\/police-report-increase-case-value\\\/\",\"name\":\"Add Value to Your Case With a Police Report\",\"isPartOf\":{\"@id\":\"https:\\\/\\\/accidentvalues.com\\\/es\\\/#website\"},\"datePublished\":\"2014-08-29T14:07:29+00:00\",\"dateModified\":\"2019-11-25T18:30:31+00:00\",\"description\":\"Filing a police report can be of great value to your car accident case. Find out how it can help determine fault and financial responsibility.\",\"breadcrumb\":{\"@id\":\"https:\\\/\\\/accidentvalues.com\\\/es\\\/info\\\/settlements\\\/police-report-increase-case-value\\\/#breadcrumb\"},\"inLanguage\":\"en-US\",\"potentialAction\":[{\"@type\":\"ReadAction\",\"target\":[\"https:\\\/\\\/accidentvalues.com\\\/es\\\/info\\\/settlements\\\/police-report-increase-case-value\\\/\"]}]},{\"@type\":\"BreadcrumbList\",\"@id\":\"https:\\\/\\\/accidentvalues.com\\\/es\\\/info\\\/settlements\\\/police-report-increase-case-value\\\/#breadcrumb\",\"itemListElement\":[{\"@type\":\"ListItem\",\"position\":1,\"name\":\"Home\",\"item\":\"https:\\\/\\\/accidentvalues.com\\\/es\\\/\"},{\"@type\":\"ListItem\",\"position\":2,\"name\":\"Informaci\u00f3n\",\"item\":\"https:\\\/\\\/accidentvalues.com\\\/es\\\/info\\\/\"},{\"@type\":\"ListItem\",\"position\":3,\"name\":\"Acuerdo\",\"item\":\"https:\\\/\\\/accidentvalues.com\\\/es\\\/info\\\/settlements\\\/\"},{\"@type\":\"ListItem\",\"position\":4,\"name\":\"Someter Un Reporte De La Polic\u00eda Puede Aumentar El Valor De Su Caso\"}]},{\"@type\":\"WebSite\",\"@id\":\"https:\\\/\\\/accidentvalues.com\\\/es\\\/#website\",\"url\":\"https:\\\/\\\/accidentvalues.com\\\/es\\\/\",\"name\":\"AccidentValues.com Espa\u00f1ol\",\"description\":\"Calculate the Value of a Car or Truck Accident Claim\",\"potentialAction\":[{\"@type\":\"SearchAction\",\"target\":{\"@type\":\"EntryPoint\",\"urlTemplate\":\"https:\\\/\\\/accidentvalues.com\\\/es\\\/?s={search_term_string}\"},\"query-input\":{\"@type\":\"PropertyValueSpecification\",\"valueRequired\":true,\"valueName\":\"search_term_string\"}}],\"inLanguage\":\"en-US\"}]}<\/script>\n<!-- \/ Yoast SEO plugin. -->","yoast_head_json":{"title":"Add Value to Your Case With a Police Report","description":"Filing a police report can be of great value to your car accident case. Find out how it can help determine fault and financial responsibility.","robots":{"index":"index","follow":"follow","max-snippet":"max-snippet:-1","max-image-preview":"max-image-preview:large","max-video-preview":"max-video-preview:-1"},"canonical":"https:\/\/accidentvalues.com\/es\/info\/settlements\/police-report-increase-case-value\/","og_locale":"en_US","og_type":"article","og_title":"Add Value to Your Case With a Police Report","og_description":"Filing a police report can be of great value to your car accident case. Find out how it can help determine fault and financial responsibility.","og_url":"https:\/\/accidentvalues.com\/es\/info\/settlements\/police-report-increase-case-value\/","og_site_name":"AccidentValues.com Espa\u00f1ol","article_modified_time":"2019-11-25T18:30:31+00:00","twitter_card":"summary_large_image","twitter_misc":{"Est. reading time":"4 minutes"},"schema":{"@context":"https:\/\/schema.org","@graph":[{"@type":"WebPage","@id":"https:\/\/accidentvalues.com\/es\/info\/settlements\/police-report-increase-case-value\/","url":"https:\/\/accidentvalues.com\/es\/info\/settlements\/police-report-increase-case-value\/","name":"Add Value to Your Case With a Police Report","isPartOf":{"@id":"https:\/\/accidentvalues.com\/es\/#website"},"datePublished":"2014-08-29T14:07:29+00:00","dateModified":"2019-11-25T18:30:31+00:00","description":"Filing a police report can be of great value to your car accident case. Find out how it can help determine fault and financial responsibility.","breadcrumb":{"@id":"https:\/\/accidentvalues.com\/es\/info\/settlements\/police-report-increase-case-value\/#breadcrumb"},"inLanguage":"en-US","potentialAction":[{"@type":"ReadAction","target":["https:\/\/accidentvalues.com\/es\/info\/settlements\/police-report-increase-case-value\/"]}]},{"@type":"BreadcrumbList","@id":"https:\/\/accidentvalues.com\/es\/info\/settlements\/police-report-increase-case-value\/#breadcrumb","itemListElement":[{"@type":"ListItem","position":1,"name":"Home","item":"https:\/\/accidentvalues.com\/es\/"},{"@type":"ListItem","position":2,"name":"Informaci\u00f3n","item":"https:\/\/accidentvalues.com\/es\/info\/"},{"@type":"ListItem","position":3,"name":"Acuerdo","item":"https:\/\/accidentvalues.com\/es\/info\/settlements\/"},{"@type":"ListItem","position":4,"name":"Someter Un Reporte De La Polic\u00eda Puede Aumentar El Valor De Su Caso"}]},{"@type":"WebSite","@id":"https:\/\/accidentvalues.com\/es\/#website","url":"https:\/\/accidentvalues.com\/es\/","name":"AccidentValues.com Espa\u00f1ol","description":"Calculate the Value of a Car or Truck Accident Claim","potentialAction":[{"@type":"SearchAction","target":{"@type":"EntryPoint","urlTemplate":"https:\/\/accidentvalues.com\/es\/?s={search_term_string}"},"query-input":{"@type":"PropertyValueSpecification","valueRequired":true,"valueName":"search_term_string"}}],"inLanguage":"en-US"}]}},"_links":{"self":[{"href":"https:\/\/accidentvalues.com\/es\/wp-json\/wp\/v2\/pages\/317","targetHints":{"allow":["GET"]}}],"collection":[{"href":"https:\/\/accidentvalues.com\/es\/wp-json\/wp\/v2\/pages"}],"about":[{"href":"https:\/\/accidentvalues.com\/es\/wp-json\/wp\/v2\/types\/page"}],"author":[{"embeddable":true,"href":"https:\/\/accidentvalues.com\/es\/wp-json\/wp\/v2\/users\/3"}],"replies":[{"embeddable":true,"href":"https:\/\/accidentvalues.com\/es\/wp-json\/wp\/v2\/comments?post=317"}],"version-history":[{"count":12,"href":"https:\/\/accidentvalues.com\/es\/wp-json\/wp\/v2\/pages\/317\/revisions"}],"predecessor-version":[{"id":531,"href":"https:\/\/accidentvalues.com\/es\/wp-json\/wp\/v2\/pages\/317\/revisions\/531"}],"up":[{"embeddable":true,"href":"https:\/\/accidentvalues.com\/es\/wp-json\/wp\/v2\/pages\/52"}],"wp:attachment":[{"href":"https:\/\/accidentvalues.com\/es\/wp-json\/wp\/v2\/media?parent=317"}],"curies":[{"name":"wp","href":"https:\/\/api.w.org\/{rel}","templated":true}]}}