{"id":32,"date":"2013-01-16T04:34:29","date_gmt":"2013-01-16T04:34:29","guid":{"rendered":"http:\/\/accidentvalues.com\/?page_id=32"},"modified":"2019-11-22T12:27:00","modified_gmt":"2019-11-22T17:27:00","slug":"value","status":"publish","type":"page","link":"https:\/\/accidentvalues.com\/es\/info\/calculate\/value\/","title":{"rendered":"Valor"},"content":{"rendered":"<h2>El Valor de Su Demanda de Accidente Automovil\u00edstico<\/h2>\n<p>Si usted decide encargarse de su propio acuerdo de su accidente automovil\u00edstico o aceptar los servicios de un abogado, el tiempo llegara que usted deber\u00eda de saber de saber el valor de su caso. Esto es cierto si usted est\u00e1 intentando de llegar a un acuerdo con el ajustados de su compa\u00f1\u00eda de seguro o el abogado de la defensa, o si usted le debe de notificar al juez o a el jurado cual el veredicto deber\u00eda ser.<\/p>\n<p>Hay un sin n\u00famero de factores por el cual se determina el valor de su caso \u2013 La realidad es que cada caso es diferente y puede ser confundido para comparar casos vigentes con pasados casos. Tan solo una sola diferencia, como la localidad (en que condado en caso ser\u00e1 escuchado) puede ser una diferencia significante.<\/p>\n<h2>C\u00e1lculos de Valor del Caso<\/h2>\n<p>La calculaci\u00f3n como tal es simple, y caso todos los casos de lesi\u00f3n personal incluyen la misma categor\u00eda definidas ampliamente:<\/p>\n<p><em><strong>Valor del caso= Da\u00f1os Econ\u00f3micos + Da\u00f1os no Econ\u00f3micos<\/strong><\/em><\/p>\n<h3><em><strong>Da\u00f1os\u00a0Econ\u00f3micos<\/strong><\/em><\/h3>\n<p>Da\u00f1os\u00a0econ\u00f3micos son aquellas perdidas y da\u00f1os que pueden ser matem\u00e1ticamente calculados ciertamente. En un caso promedio, hay un poco de disputa en relaci\u00f3n a cu\u00e1les son los da\u00f1os econ\u00f3micos. La disputa tiende ser entre reclamo de p\u00e9rdidas econ\u00f3micas han sido causada por negligencia. En grande, casos de lesiones catastr\u00f3ficas y un economista es necesario, como sea, los da\u00f1os son algo que algunas veces los da\u00f1os son disputados basado en m\u00e9todos usados por el economista para llegar al valor del d\u00eda presente de los futuros gastos y perdida de salario.<\/p>\n<h3><em><strong>Da\u00f1os\u00a0econ\u00f3micos b\u00e1sicamente incluyen:<\/strong><\/em><\/h3>\n<p>\u2022 Pasados gastos m\u00e9dicos<br \/>\n\u2022 Futuros gastos m\u00e9dicos<br \/>\n\u2022\u00a0 Da\u00f1os en propiedad ( da\u00f1os en su veh\u00edculo o quipo de veh\u00edculos destrozados, por ejemplo)<br \/>\n\u2022 Perdida de salarios pasados<br \/>\n\u2022 Perdida de salarios futuros<\/p>\n<p>No hay limites en la cantidad de da\u00f1os econ\u00f3micos la victima puede reclamarlo en una demanda, a menos que el o ella este de acuerdo a limitar la cantidad (por ejemplo, por someter un caso en la mas ligera corte de circuito)<\/p>\n<h3><em><strong>Da\u00f1os \u00a0No Econ\u00f3micos<\/strong><\/em><\/h3>\n<p>Da\u00f1os \u00a0no econ\u00f3micos son las p\u00e9rdidas y los da\u00f1os que no pueden ser determinados precisamente.<br \/>\nEl valor dado a da\u00f1os no econ\u00f3micos son dependientes del valor que el juez o el jurado, despu\u00e9s de la audiencia toda la evidencia, crea en cuanto est\u00e1 valorado. Este tipo de\u00a0 da\u00f1os (ambos pasado y futuro)<\/p>\n<p>\u2022 Dolor<br \/>\n\u2022 Sufrimiento<br \/>\n\u2022 Inconvenientes<br \/>\n\u2022 Incapacidad f\u00edsica<br \/>\n\u2022 Desfiguramiento<br \/>\n\u2022 Perdida de consorcio<\/p>\n<h2>\n<strong>Valor en el Acuerdo<\/strong><\/h2>\n<p>El valor en el acuerdo en un caso es distinguido por el valor del juicio por que le da algo m\u00e1s- seguridad. Todas las partes hacia un acuerdo deben de f\u00e1cilmente descansar sabiendo que el riesgo de un juicio no sea considerado. Para un demandante todos esos riesgos incluyen la posibilidad de un veredicto de la defensa o veredictos menos de un acuerdo. Por parte de la defensa, esos riesgos incluyen la posibilidad de que el veredicto del demandante sea mas alto que la cantidad de un acuerdo, y gastos de litigio.<\/p>\n<p>El valor de un acuerdo esta simplemente colocado de una manera que las dos partes est\u00e9n de acuerdo. El valor del acuerdo entre dos casos que son id\u00e9nticos en todo el aspecto puede ser diferentes pueden ser diferentes si un factor cambia- por ejemplo, un diferente ajustados de la compa\u00f1\u00eda de seguro. Del punto de vista de la defensa, el valor de un acuerdo puede ser dicho como \u201cla l\u00ednea de abajo.\u201d<\/p>\n<h2><strong>Valor de un Juicio<\/strong><\/h2>\n<p>Si la victima est\u00e1 de acuerdo en ir por un acuerdo (o un acuerdo no es una opci\u00f3n), la victima llevara el caso a juicio. El valor del juicio es lo esperado o posiblemente el valor de un caso en el juicio. Se usa frecuentemente como negociaci\u00f3n de poder para cambiar la posici\u00f3n de la otra parte en el valor del acuerdo. Por ejemplo, el acusado en un caso de mal pr\u00e1ctica quiz\u00e1 trate de bajar las expectativas del demandante sobre el valor del acuerdo y le informa que los m\u00e1s grandes juicios de veredicto de mal practica son los veredictos de la defensa. Igualmente, el demandante en un caso de accidente automovil\u00edstico pueda tratar de aumentar el valor de un acuerdo en su caso argumentando con la compa\u00f1\u00eda aseguradora que la localidad de los casos, a ciudades mayormente urbanas, es hist\u00f3ricamente favorable para el demandante.<\/p>\n<p><strong>Una Nota Final En Relaci\u00f3n al Valor<\/strong><\/p>\n<p>El valor del acuerdo y valor del juicio de un caso debe no ser confundido con el valor por lo que la v\u00edctima paso. El muchos, si no gran parte de los casos, demandantes no toman alguna cantidad de dinero para voluntariosamente experimentar sus p\u00e9rdidas y da\u00f1os . Esto es particularmente cierto para casi todos los casos serios- reclamos de muerte il\u00edcitos. Es imposible colocar un valor realista en la perdida de una vida, pero no hay ninguna otra posible recompensa con nuestro sistema legal. Un valor de reclamo legal es simplemente nuestro mejor entendimiento en como las personas (jueces, jurados, ajustadores de compa\u00f1\u00edas de seguro y abogados), someten el valor monetario a situaciones reales de la vida.<\/p>\n<p>&nbsp;<\/p>\n","protected":false},"excerpt":{"rendered":"<p>El Valor de Su Demanda de Accidente Automovil\u00edstico Si usted decide encargarse de su propio acuerdo de su accidente automovil\u00edstico o aceptar los servicios de un abogado, el tiempo llegara que usted deber\u00eda de saber de saber el valor de su caso. Esto es cierto si usted est\u00e1 intentando de llegar a un acuerdo con [&hellip;]<\/p>\n","protected":false},"author":1,"featured_media":0,"parent":26,"menu_order":0,"comment_status":"closed","ping_status":"open","template":"","meta":{"footnotes":""},"class_list":["post-32","page","type-page","status-publish","hentry"],"yoast_head":"<!-- This site is optimized with the Yoast SEO plugin v27.3 - https:\/\/yoast.com\/product\/yoast-seo-wordpress\/ -->\n<title>Valor - AccidentValues.com Espa\u00f1ol<\/title>\n<meta name=\"robots\" content=\"index, follow, max-snippet:-1, max-image-preview:large, max-video-preview:-1\" \/>\n<link rel=\"canonical\" href=\"https:\/\/accidentvalues.com\/es\/info\/calculate\/value\/\" \/>\n<meta property=\"og:locale\" content=\"en_US\" \/>\n<meta property=\"og:type\" content=\"article\" \/>\n<meta property=\"og:title\" content=\"Valor - AccidentValues.com Espa\u00f1ol\" \/>\n<meta property=\"og:description\" content=\"El Valor de Su Demanda de Accidente Automovil\u00edstico Si usted decide encargarse de su propio acuerdo de su accidente automovil\u00edstico o aceptar los servicios de un abogado, el tiempo llegara que usted deber\u00eda de saber de saber el valor de su caso. Esto es cierto si usted est\u00e1 intentando de llegar a un acuerdo con [&hellip;]\" \/>\n<meta property=\"og:url\" content=\"https:\/\/accidentvalues.com\/es\/info\/calculate\/value\/\" \/>\n<meta property=\"og:site_name\" content=\"AccidentValues.com Espa\u00f1ol\" \/>\n<meta property=\"article:modified_time\" content=\"2019-11-22T17:27:00+00:00\" \/>\n<meta name=\"twitter:card\" content=\"summary_large_image\" \/>\n<meta name=\"twitter:label1\" content=\"Est. reading time\" \/>\n\t<meta name=\"twitter:data1\" content=\"5 minutes\" \/>\n<script type=\"application\/ld+json\" class=\"yoast-schema-graph\">{\"@context\":\"https:\\\/\\\/schema.org\",\"@graph\":[{\"@type\":\"WebPage\",\"@id\":\"https:\\\/\\\/accidentvalues.com\\\/es\\\/info\\\/calculate\\\/value\\\/\",\"url\":\"https:\\\/\\\/accidentvalues.com\\\/es\\\/info\\\/calculate\\\/value\\\/\",\"name\":\"Valor - AccidentValues.com Espa\u00f1ol\",\"isPartOf\":{\"@id\":\"https:\\\/\\\/accidentvalues.com\\\/es\\\/#website\"},\"datePublished\":\"2013-01-16T04:34:29+00:00\",\"dateModified\":\"2019-11-22T17:27:00+00:00\",\"breadcrumb\":{\"@id\":\"https:\\\/\\\/accidentvalues.com\\\/es\\\/info\\\/calculate\\\/value\\\/#breadcrumb\"},\"inLanguage\":\"en-US\",\"potentialAction\":[{\"@type\":\"ReadAction\",\"target\":[\"https:\\\/\\\/accidentvalues.com\\\/es\\\/info\\\/calculate\\\/value\\\/\"]}]},{\"@type\":\"BreadcrumbList\",\"@id\":\"https:\\\/\\\/accidentvalues.com\\\/es\\\/info\\\/calculate\\\/value\\\/#breadcrumb\",\"itemListElement\":[{\"@type\":\"ListItem\",\"position\":1,\"name\":\"Home\",\"item\":\"https:\\\/\\\/accidentvalues.com\\\/es\\\/\"},{\"@type\":\"ListItem\",\"position\":2,\"name\":\"Informaci\u00f3n\",\"item\":\"https:\\\/\\\/accidentvalues.com\\\/es\\\/info\\\/\"},{\"@type\":\"ListItem\",\"position\":3,\"name\":\"Calcule\",\"item\":\"https:\\\/\\\/accidentvalues.com\\\/es\\\/info\\\/calculate\\\/\"},{\"@type\":\"ListItem\",\"position\":4,\"name\":\"Valor\"}]},{\"@type\":\"WebSite\",\"@id\":\"https:\\\/\\\/accidentvalues.com\\\/es\\\/#website\",\"url\":\"https:\\\/\\\/accidentvalues.com\\\/es\\\/\",\"name\":\"AccidentValues.com Espa\u00f1ol\",\"description\":\"Calculate the Value of a Car or Truck Accident Claim\",\"potentialAction\":[{\"@type\":\"SearchAction\",\"target\":{\"@type\":\"EntryPoint\",\"urlTemplate\":\"https:\\\/\\\/accidentvalues.com\\\/es\\\/?s={search_term_string}\"},\"query-input\":{\"@type\":\"PropertyValueSpecification\",\"valueRequired\":true,\"valueName\":\"search_term_string\"}}],\"inLanguage\":\"en-US\"}]}<\/script>\n<!-- \/ Yoast SEO plugin. -->","yoast_head_json":{"title":"Valor - AccidentValues.com Espa\u00f1ol","robots":{"index":"index","follow":"follow","max-snippet":"max-snippet:-1","max-image-preview":"max-image-preview:large","max-video-preview":"max-video-preview:-1"},"canonical":"https:\/\/accidentvalues.com\/es\/info\/calculate\/value\/","og_locale":"en_US","og_type":"article","og_title":"Valor - AccidentValues.com Espa\u00f1ol","og_description":"El Valor de Su Demanda de Accidente Automovil\u00edstico Si usted decide encargarse de su propio acuerdo de su accidente automovil\u00edstico o aceptar los servicios de un abogado, el tiempo llegara que usted deber\u00eda de saber de saber el valor de su caso. Esto es cierto si usted est\u00e1 intentando de llegar a un acuerdo con [&hellip;]","og_url":"https:\/\/accidentvalues.com\/es\/info\/calculate\/value\/","og_site_name":"AccidentValues.com Espa\u00f1ol","article_modified_time":"2019-11-22T17:27:00+00:00","twitter_card":"summary_large_image","twitter_misc":{"Est. reading time":"5 minutes"},"schema":{"@context":"https:\/\/schema.org","@graph":[{"@type":"WebPage","@id":"https:\/\/accidentvalues.com\/es\/info\/calculate\/value\/","url":"https:\/\/accidentvalues.com\/es\/info\/calculate\/value\/","name":"Valor - AccidentValues.com Espa\u00f1ol","isPartOf":{"@id":"https:\/\/accidentvalues.com\/es\/#website"},"datePublished":"2013-01-16T04:34:29+00:00","dateModified":"2019-11-22T17:27:00+00:00","breadcrumb":{"@id":"https:\/\/accidentvalues.com\/es\/info\/calculate\/value\/#breadcrumb"},"inLanguage":"en-US","potentialAction":[{"@type":"ReadAction","target":["https:\/\/accidentvalues.com\/es\/info\/calculate\/value\/"]}]},{"@type":"BreadcrumbList","@id":"https:\/\/accidentvalues.com\/es\/info\/calculate\/value\/#breadcrumb","itemListElement":[{"@type":"ListItem","position":1,"name":"Home","item":"https:\/\/accidentvalues.com\/es\/"},{"@type":"ListItem","position":2,"name":"Informaci\u00f3n","item":"https:\/\/accidentvalues.com\/es\/info\/"},{"@type":"ListItem","position":3,"name":"Calcule","item":"https:\/\/accidentvalues.com\/es\/info\/calculate\/"},{"@type":"ListItem","position":4,"name":"Valor"}]},{"@type":"WebSite","@id":"https:\/\/accidentvalues.com\/es\/#website","url":"https:\/\/accidentvalues.com\/es\/","name":"AccidentValues.com Espa\u00f1ol","description":"Calculate the Value of a Car or Truck Accident Claim","potentialAction":[{"@type":"SearchAction","target":{"@type":"EntryPoint","urlTemplate":"https:\/\/accidentvalues.com\/es\/?s={search_term_string}"},"query-input":{"@type":"PropertyValueSpecification","valueRequired":true,"valueName":"search_term_string"}}],"inLanguage":"en-US"}]}},"_links":{"self":[{"href":"https:\/\/accidentvalues.com\/es\/wp-json\/wp\/v2\/pages\/32","targetHints":{"allow":["GET"]}}],"collection":[{"href":"https:\/\/accidentvalues.com\/es\/wp-json\/wp\/v2\/pages"}],"about":[{"href":"https:\/\/accidentvalues.com\/es\/wp-json\/wp\/v2\/types\/page"}],"author":[{"embeddable":true,"href":"https:\/\/accidentvalues.com\/es\/wp-json\/wp\/v2\/users\/1"}],"replies":[{"embeddable":true,"href":"https:\/\/accidentvalues.com\/es\/wp-json\/wp\/v2\/comments?post=32"}],"version-history":[{"count":3,"href":"https:\/\/accidentvalues.com\/es\/wp-json\/wp\/v2\/pages\/32\/revisions"}],"predecessor-version":[{"id":513,"href":"https:\/\/accidentvalues.com\/es\/wp-json\/wp\/v2\/pages\/32\/revisions\/513"}],"up":[{"embeddable":true,"href":"https:\/\/accidentvalues.com\/es\/wp-json\/wp\/v2\/pages\/26"}],"wp:attachment":[{"href":"https:\/\/accidentvalues.com\/es\/wp-json\/wp\/v2\/media?parent=32"}],"curies":[{"name":"wp","href":"https:\/\/api.w.org\/{rel}","templated":true}]}}