{"id":328,"date":"2014-08-29T11:22:20","date_gmt":"2014-08-29T15:22:20","guid":{"rendered":"http:\/\/accidentvalues.com\/?page_id=328"},"modified":"2019-11-27T09:27:34","modified_gmt":"2019-11-27T14:27:34","slug":"10-truck-accident-facts","status":"publish","type":"page","link":"https:\/\/accidentvalues.com\/es\/info\/truck-accidents\/10-truck-accident-facts\/","title":{"rendered":"10 Verdades En Accidentes De Auto"},"content":{"rendered":"<p>Aun el aumento de la educaci\u00f3n en conductores y funciones de seguridad automotrices, nos encontramos lidiando con los efectos de accidentes de auto muy seguido. Por Consiguiente, los accidentes de auto son la mayor causa de lesiones y muertes, sin mencionar el estr\u00e9s y carga financiera. Mas abajo hay 10 hechos que hay que tomar en cuenta.<\/p>\n<p>Estos alarmantes hechos est\u00e1n basados en el Departamento de Transporte de los E.U. <a href=\"http:\/\/www-nrd.nhtsa.dot.gov\/Pubs\/811868.pdf\">2012 statistics<\/a>.<\/p>\n<blockquote><p>1. La mayor\u00eda de los accidentes acurren entre 3 millas de distancia del hogar del conductor.<br \/>\n2. Cuando esta habla por tel\u00e9fono celular mientras maneja usted est\u00e1 aumentando la probabilidad de estar en accidente automovil\u00edstico por un 400 por ciento.<br \/>\n3. Cinco segundos es el tiempo promedio sus ojos est\u00e1n fuera de la carretera mientras maneja. Cuando usted viaja a 55mph, eso es suficiente para recorrer la longitud de un campo de futbol.<br \/>\n4. Casi un mill\u00f3n de j\u00f3venes de escuela secundaria consumen alcohol y manejan en el 2011.<br \/>\n5. Entre los conductores de accidentes de veh\u00edculo fatales, los hombres son doblemente m\u00e1s propensos a manejar intoxicados.<br \/>\n6. J\u00f3venes est\u00e1n m\u00e1s propensos a morir o lesionarse en un accidente de auto que otras personas.<br \/>\n7. El costo econ\u00f3mico de los accidentes en el 2010 fue un total de $277 billones. El costo de $277 billones de accidentes de veh\u00edculo de motor representan el equivalente de casi $897 por cada 308. 7 millones de personas viviendo en los Estados Unidos, y 1.9 porciento de un $14.96 trillones de U.S reales productos brutos dom\u00e9sticos en el 2010.<br \/>\n8. Montana es el estado con m\u00e1s muertes debido a accidentes automovil\u00edsticos.<br \/>\n9. Usted someter\u00e1 un reclamo por colisi\u00f3n como una vez cada 17.9 a\u00f1os.<br \/>\n10. A menos que usted no tome alg\u00fan tipo de acci\u00f3n, lesiones de tr\u00e1fico en la carretera se han convertido predeciblemente en la quinta causa de muerte para el 2030.<\/p><\/blockquote>\n<p>Si usted estuvo envuelto en un accidente de auto y le gustar\u00eda obtener un estimado del valor de su reclamo, use la\u00a0 <a href=\"http:\/\/accidentvalues.com\/calculator\/\">Claim Calculator<\/a>.<\/p>\n","protected":false},"excerpt":{"rendered":"<p>Aun el aumento de la educaci\u00f3n en conductores y funciones de seguridad automotrices, nos encontramos lidiando con los efectos de accidentes de auto muy seguido. Por Consiguiente, los accidentes de auto son la mayor causa de lesiones y muertes, sin mencionar el estr\u00e9s y carga financiera. Mas abajo hay 10 hechos que hay que tomar [&hellip;]<\/p>\n","protected":false},"author":3,"featured_media":0,"parent":232,"menu_order":0,"comment_status":"closed","ping_status":"open","template":"","meta":{"footnotes":""},"class_list":["post-328","page","type-page","status-publish","hentry"],"yoast_head":"<!-- This site is optimized with the Yoast SEO plugin v27.3 - https:\/\/yoast.com\/product\/yoast-seo-wordpress\/ -->\n<title>10 Verdades En Accidentes De Auto - AccidentValues.com Espa\u00f1ol<\/title>\n<meta name=\"description\" content=\"Heavy trucks weighing upwards of 50,000 pounds create incredible concerns for the safety of America\u2019s roads. Read these 10 alarming truck accident facts.\" \/>\n<meta name=\"robots\" content=\"index, follow, max-snippet:-1, max-image-preview:large, max-video-preview:-1\" \/>\n<link rel=\"canonical\" href=\"https:\/\/accidentvalues.com\/es\/info\/truck-accidents\/10-truck-accident-facts\/\" \/>\n<meta property=\"og:locale\" content=\"en_US\" \/>\n<meta property=\"og:type\" content=\"article\" \/>\n<meta property=\"og:title\" content=\"10 Verdades En Accidentes De Auto - AccidentValues.com Espa\u00f1ol\" \/>\n<meta property=\"og:description\" content=\"Heavy trucks weighing upwards of 50,000 pounds create incredible concerns for the safety of America\u2019s roads. Read these 10 alarming truck accident facts.\" \/>\n<meta property=\"og:url\" content=\"https:\/\/accidentvalues.com\/es\/info\/truck-accidents\/10-truck-accident-facts\/\" \/>\n<meta property=\"og:site_name\" content=\"AccidentValues.com Espa\u00f1ol\" \/>\n<meta property=\"article:modified_time\" content=\"2019-11-27T14:27:34+00:00\" \/>\n<meta name=\"twitter:card\" content=\"summary_large_image\" \/>\n<meta name=\"twitter:label1\" content=\"Est. reading time\" \/>\n\t<meta name=\"twitter:data1\" content=\"2 minutes\" \/>\n<script type=\"application\/ld+json\" class=\"yoast-schema-graph\">{\"@context\":\"https:\\\/\\\/schema.org\",\"@graph\":[{\"@type\":\"WebPage\",\"@id\":\"https:\\\/\\\/accidentvalues.com\\\/es\\\/info\\\/truck-accidents\\\/10-truck-accident-facts\\\/\",\"url\":\"https:\\\/\\\/accidentvalues.com\\\/es\\\/info\\\/truck-accidents\\\/10-truck-accident-facts\\\/\",\"name\":\"10 Verdades En Accidentes De Auto - AccidentValues.com Espa\u00f1ol\",\"isPartOf\":{\"@id\":\"https:\\\/\\\/accidentvalues.com\\\/es\\\/#website\"},\"datePublished\":\"2014-08-29T15:22:20+00:00\",\"dateModified\":\"2019-11-27T14:27:34+00:00\",\"description\":\"Heavy trucks weighing upwards of 50,000 pounds create incredible concerns for the safety of America\u2019s roads. Read these 10 alarming truck accident facts.\",\"breadcrumb\":{\"@id\":\"https:\\\/\\\/accidentvalues.com\\\/es\\\/info\\\/truck-accidents\\\/10-truck-accident-facts\\\/#breadcrumb\"},\"inLanguage\":\"en-US\",\"potentialAction\":[{\"@type\":\"ReadAction\",\"target\":[\"https:\\\/\\\/accidentvalues.com\\\/es\\\/info\\\/truck-accidents\\\/10-truck-accident-facts\\\/\"]}]},{\"@type\":\"BreadcrumbList\",\"@id\":\"https:\\\/\\\/accidentvalues.com\\\/es\\\/info\\\/truck-accidents\\\/10-truck-accident-facts\\\/#breadcrumb\",\"itemListElement\":[{\"@type\":\"ListItem\",\"position\":1,\"name\":\"Home\",\"item\":\"https:\\\/\\\/accidentvalues.com\\\/es\\\/\"},{\"@type\":\"ListItem\",\"position\":2,\"name\":\"Informaci\u00f3n\",\"item\":\"https:\\\/\\\/accidentvalues.com\\\/es\\\/info\\\/\"},{\"@type\":\"ListItem\",\"position\":3,\"name\":\"Accidentes de Cami\u00f3n\",\"item\":\"https:\\\/\\\/accidentvalues.com\\\/es\\\/info\\\/truck-accidents\\\/\"},{\"@type\":\"ListItem\",\"position\":4,\"name\":\"10 Verdades En Accidentes De Auto\"}]},{\"@type\":\"WebSite\",\"@id\":\"https:\\\/\\\/accidentvalues.com\\\/es\\\/#website\",\"url\":\"https:\\\/\\\/accidentvalues.com\\\/es\\\/\",\"name\":\"AccidentValues.com Espa\u00f1ol\",\"description\":\"Calculate the Value of a Car or Truck Accident Claim\",\"potentialAction\":[{\"@type\":\"SearchAction\",\"target\":{\"@type\":\"EntryPoint\",\"urlTemplate\":\"https:\\\/\\\/accidentvalues.com\\\/es\\\/?s={search_term_string}\"},\"query-input\":{\"@type\":\"PropertyValueSpecification\",\"valueRequired\":true,\"valueName\":\"search_term_string\"}}],\"inLanguage\":\"en-US\"}]}<\/script>\n<!-- \/ Yoast SEO plugin. -->","yoast_head_json":{"title":"10 Verdades En Accidentes De Auto - AccidentValues.com Espa\u00f1ol","description":"Heavy trucks weighing upwards of 50,000 pounds create incredible concerns for the safety of America\u2019s roads. Read these 10 alarming truck accident facts.","robots":{"index":"index","follow":"follow","max-snippet":"max-snippet:-1","max-image-preview":"max-image-preview:large","max-video-preview":"max-video-preview:-1"},"canonical":"https:\/\/accidentvalues.com\/es\/info\/truck-accidents\/10-truck-accident-facts\/","og_locale":"en_US","og_type":"article","og_title":"10 Verdades En Accidentes De Auto - AccidentValues.com Espa\u00f1ol","og_description":"Heavy trucks weighing upwards of 50,000 pounds create incredible concerns for the safety of America\u2019s roads. Read these 10 alarming truck accident facts.","og_url":"https:\/\/accidentvalues.com\/es\/info\/truck-accidents\/10-truck-accident-facts\/","og_site_name":"AccidentValues.com Espa\u00f1ol","article_modified_time":"2019-11-27T14:27:34+00:00","twitter_card":"summary_large_image","twitter_misc":{"Est. reading time":"2 minutes"},"schema":{"@context":"https:\/\/schema.org","@graph":[{"@type":"WebPage","@id":"https:\/\/accidentvalues.com\/es\/info\/truck-accidents\/10-truck-accident-facts\/","url":"https:\/\/accidentvalues.com\/es\/info\/truck-accidents\/10-truck-accident-facts\/","name":"10 Verdades En Accidentes De Auto - AccidentValues.com Espa\u00f1ol","isPartOf":{"@id":"https:\/\/accidentvalues.com\/es\/#website"},"datePublished":"2014-08-29T15:22:20+00:00","dateModified":"2019-11-27T14:27:34+00:00","description":"Heavy trucks weighing upwards of 50,000 pounds create incredible concerns for the safety of America\u2019s roads. Read these 10 alarming truck accident facts.","breadcrumb":{"@id":"https:\/\/accidentvalues.com\/es\/info\/truck-accidents\/10-truck-accident-facts\/#breadcrumb"},"inLanguage":"en-US","potentialAction":[{"@type":"ReadAction","target":["https:\/\/accidentvalues.com\/es\/info\/truck-accidents\/10-truck-accident-facts\/"]}]},{"@type":"BreadcrumbList","@id":"https:\/\/accidentvalues.com\/es\/info\/truck-accidents\/10-truck-accident-facts\/#breadcrumb","itemListElement":[{"@type":"ListItem","position":1,"name":"Home","item":"https:\/\/accidentvalues.com\/es\/"},{"@type":"ListItem","position":2,"name":"Informaci\u00f3n","item":"https:\/\/accidentvalues.com\/es\/info\/"},{"@type":"ListItem","position":3,"name":"Accidentes de Cami\u00f3n","item":"https:\/\/accidentvalues.com\/es\/info\/truck-accidents\/"},{"@type":"ListItem","position":4,"name":"10 Verdades En Accidentes De Auto"}]},{"@type":"WebSite","@id":"https:\/\/accidentvalues.com\/es\/#website","url":"https:\/\/accidentvalues.com\/es\/","name":"AccidentValues.com Espa\u00f1ol","description":"Calculate the Value of a Car or Truck Accident Claim","potentialAction":[{"@type":"SearchAction","target":{"@type":"EntryPoint","urlTemplate":"https:\/\/accidentvalues.com\/es\/?s={search_term_string}"},"query-input":{"@type":"PropertyValueSpecification","valueRequired":true,"valueName":"search_term_string"}}],"inLanguage":"en-US"}]}},"_links":{"self":[{"href":"https:\/\/accidentvalues.com\/es\/wp-json\/wp\/v2\/pages\/328","targetHints":{"allow":["GET"]}}],"collection":[{"href":"https:\/\/accidentvalues.com\/es\/wp-json\/wp\/v2\/pages"}],"about":[{"href":"https:\/\/accidentvalues.com\/es\/wp-json\/wp\/v2\/types\/page"}],"author":[{"embeddable":true,"href":"https:\/\/accidentvalues.com\/es\/wp-json\/wp\/v2\/users\/3"}],"replies":[{"embeddable":true,"href":"https:\/\/accidentvalues.com\/es\/wp-json\/wp\/v2\/comments?post=328"}],"version-history":[{"count":7,"href":"https:\/\/accidentvalues.com\/es\/wp-json\/wp\/v2\/pages\/328\/revisions"}],"predecessor-version":[{"id":587,"href":"https:\/\/accidentvalues.com\/es\/wp-json\/wp\/v2\/pages\/328\/revisions\/587"}],"up":[{"embeddable":true,"href":"https:\/\/accidentvalues.com\/es\/wp-json\/wp\/v2\/pages\/232"}],"wp:attachment":[{"href":"https:\/\/accidentvalues.com\/es\/wp-json\/wp\/v2\/media?parent=328"}],"curies":[{"name":"wp","href":"https:\/\/api.w.org\/{rel}","templated":true}]}}