{"id":334,"date":"2014-09-03T11:00:04","date_gmt":"2014-09-03T15:00:04","guid":{"rendered":"http:\/\/accidentvalues.com\/?page_id=334"},"modified":"2019-11-25T13:58:57","modified_gmt":"2019-11-25T18:58:57","slug":"10-costly-mistakes","status":"publish","type":"page","link":"https:\/\/accidentvalues.com\/es\/info\/settlements\/10-costly-mistakes\/","title":{"rendered":"10 Errores Constantes Que Arruinan Su Caso"},"content":{"rendered":"<p>Un accidente de auto puede ser drenante emocional y financieramente. Aseg\u00farese que usted sabe protegerse y a su caso. Aqu\u00ed vemos 1 constantes errores que su caso de accidente de auto.<\/p>\n<h2>1. No Tomar Las Precauciones en la Escena del Accidente<\/h2>\n<p>Luego que el accidente ocurra, es crucial que usted adhiera su obligaci\u00f3n como un conductor responsable. Usted debe aceptar pronta atenci\u00f3n medica en la escena y inmediatamente despu\u00e9s del accidente, llame a la polic\u00eda y someta un reporte (no admita la culpa o pida disculpas), intercambie contacto e informaci\u00f3n de compa\u00f1\u00eda de seguro con el otro conductor (es), documente la escena del accidente (tome fotograf\u00edas y videos de su autom\u00f3vil, los alrededores, el clima, etc.), y colecte testimonio de alg\u00fan testigo. Mientras m\u00e1s informaci\u00f3n usted colecte, mejor.<\/p>\n<h2>2. Not Retaining a Lawyer<\/h2>\n<p>Utilice la experuencia de un\u00a0 <a title=\"Qualified Accident Lawyer\" href=\"http:\/\/accidentvalues.com\/lawyer\/\">qualified accident lawyer<\/a>. \u00a1Los abogados est\u00e1n entrenados para navegar el sistema legal- d\u00e9jelo que lo haga! Usted no puede aceptar acuerdos bajos. Usted tiene derecho a un pago justo.<\/p>\n<h2>3. Mentir<\/h2>\n<p>No le mienta a la polic\u00eda, a su ajustados de la compa\u00f1\u00eda de seguro, o a su doctor. Las consecuencias pueden ser desastrosas. Sea honesto. Esto significa que, si usted no sabe algo o no est\u00e1 seguro de algo, d\u00edgalo.<\/p>\n<h2>4. Hablar De Su Caso<\/h2>\n<p>Np le hable a su ajustados de la compa\u00f1\u00eda de seguro o el abogado de la defensa de su caso. Ellos pueden y lo usaran en su contra. Si ellos tienen preguntas acerca de su caso, que llamen a su abogado.<\/p>\n<h2>5. Publicar En Las Redes Sociales<\/h2>\n<p>No publique en Facebook, Twitter, Instagram, o blogs sobre su accidente. Ajustadores de compa\u00f1\u00eda de seguro y abogados de la defensa buscaran cualquier informaci\u00f3n que puede da\u00f1ar el caso.<\/p>\n<h2>6. Presentaci\u00f3n Pobre<\/h2>\n<p>Aseg\u00farese que usted se presente bien a todas las personas que impactaran el \u00e9xito de su caso. Aseg\u00farese que nada en su correo electr\u00f3nico o correo de voz y timbre sea percibido como ofensivo. Tambi\u00e9n es importante que usted sea educado y vista y act\u00fae apropiadamente. \u00a1Hace una diferencia que le gusten!<\/p>\n<h2>7. Desechar Todos Sus Documentos<\/h2>\n<h2>\nMantenga toda su evidencia de su accidente y lesiones personales. Mantenga todos los reportes, documentos legales, archivos m\u00e9dicos, fotograf\u00edas y videos.<\/h2>\n<h2>8. No Estar Preparado Para Las Examinaciones Medicas Por De La Compa\u00f1\u00eda De Seguro (IME)<\/h2>\n<p>Usted le debe decir a su abogado cuando la compa\u00f1\u00eda de seguro le envi\u00e9 a una evaluaci\u00f3n independiente. Estos doctores no son independientes, son contratados por la compa\u00f1\u00eda de seguro para encontrar \u201cque nada a usted le pasa\u201d a v\u00edctimas de accidentes de auto. Similar, si su doctor le env\u00eda a un doctor nuevo a pasar por un nuevo examen, consulte a un abogado.<\/p>\n<h2>\n9. Perder una Cita<\/h2>\n<p>A menos que haya una buena raz\u00f3n, no pierda ninguna cita con su doctor o abogado. No ir a ver a su doctore y no hacer lo que ellos le avisan puede ser interpretado de que usted realmente no est\u00e1 lesionado o no est\u00e1 tomando su caso en serio. Si usted est\u00e1 lesionado, es importante que usted se esfuerce en recuperarse.<\/p>\n<h2>\n10. Mala Comunicaci\u00f3n<\/h2>\n<p>Usted debe establecer una buena comunicaci\u00f3n con su abogado. Esto significa que usted le debe decir a su abogado todo lo que sea relevante a su caso, como un cambio en su salario o funci\u00f3n.<\/p>\n","protected":false},"excerpt":{"rendered":"<p>Un accidente de auto puede ser drenante emocional y financieramente. Aseg\u00farese que usted sabe protegerse y a su caso. Aqu\u00ed vemos 1 constantes errores que su caso de accidente de auto. 1. No Tomar Las Precauciones en la Escena del Accidente Luego que el accidente ocurra, es crucial que usted adhiera su obligaci\u00f3n como un [&hellip;]<\/p>\n","protected":false},"author":3,"featured_media":0,"parent":52,"menu_order":0,"comment_status":"closed","ping_status":"open","template":"","meta":{"footnotes":""},"class_list":["post-334","page","type-page","status-publish","hentry"],"yoast_head":"<!-- This site is optimized with the Yoast SEO plugin v27.3 - https:\/\/yoast.com\/product\/yoast-seo-wordpress\/ -->\n<title>10 Errores Constantes Que Arruinan Su Caso - AccidentValues.com Espa\u00f1ol<\/title>\n<meta name=\"description\" content=\"From posting on social media to throwing away documents, be sure you know how to avoid these 10 costly mistakes that can ruin your car accident case.\" \/>\n<meta name=\"robots\" content=\"index, follow, max-snippet:-1, max-image-preview:large, max-video-preview:-1\" \/>\n<link rel=\"canonical\" href=\"https:\/\/accidentvalues.com\/es\/info\/settlements\/10-costly-mistakes\/\" \/>\n<meta property=\"og:locale\" content=\"en_US\" \/>\n<meta property=\"og:type\" content=\"article\" \/>\n<meta property=\"og:title\" content=\"10 Errores Constantes Que Arruinan Su Caso - AccidentValues.com Espa\u00f1ol\" \/>\n<meta property=\"og:description\" content=\"From posting on social media to throwing away documents, be sure you know how to avoid these 10 costly mistakes that can ruin your car accident case.\" \/>\n<meta property=\"og:url\" content=\"https:\/\/accidentvalues.com\/es\/info\/settlements\/10-costly-mistakes\/\" \/>\n<meta property=\"og:site_name\" content=\"AccidentValues.com Espa\u00f1ol\" \/>\n<meta property=\"article:modified_time\" content=\"2019-11-25T18:58:57+00:00\" \/>\n<meta name=\"twitter:card\" content=\"summary_large_image\" \/>\n<meta name=\"twitter:label1\" content=\"Est. reading time\" \/>\n\t<meta name=\"twitter:data1\" content=\"3 minutes\" \/>\n<script type=\"application\/ld+json\" class=\"yoast-schema-graph\">{\"@context\":\"https:\\\/\\\/schema.org\",\"@graph\":[{\"@type\":\"WebPage\",\"@id\":\"https:\\\/\\\/accidentvalues.com\\\/es\\\/info\\\/settlements\\\/10-costly-mistakes\\\/\",\"url\":\"https:\\\/\\\/accidentvalues.com\\\/es\\\/info\\\/settlements\\\/10-costly-mistakes\\\/\",\"name\":\"10 Errores Constantes Que Arruinan Su Caso - AccidentValues.com Espa\u00f1ol\",\"isPartOf\":{\"@id\":\"https:\\\/\\\/accidentvalues.com\\\/es\\\/#website\"},\"datePublished\":\"2014-09-03T15:00:04+00:00\",\"dateModified\":\"2019-11-25T18:58:57+00:00\",\"description\":\"From posting on social media to throwing away documents, be sure you know how to avoid these 10 costly mistakes that can ruin your car accident case.\",\"breadcrumb\":{\"@id\":\"https:\\\/\\\/accidentvalues.com\\\/es\\\/info\\\/settlements\\\/10-costly-mistakes\\\/#breadcrumb\"},\"inLanguage\":\"en-US\",\"potentialAction\":[{\"@type\":\"ReadAction\",\"target\":[\"https:\\\/\\\/accidentvalues.com\\\/es\\\/info\\\/settlements\\\/10-costly-mistakes\\\/\"]}]},{\"@type\":\"BreadcrumbList\",\"@id\":\"https:\\\/\\\/accidentvalues.com\\\/es\\\/info\\\/settlements\\\/10-costly-mistakes\\\/#breadcrumb\",\"itemListElement\":[{\"@type\":\"ListItem\",\"position\":1,\"name\":\"Home\",\"item\":\"https:\\\/\\\/accidentvalues.com\\\/es\\\/\"},{\"@type\":\"ListItem\",\"position\":2,\"name\":\"Informaci\u00f3n\",\"item\":\"https:\\\/\\\/accidentvalues.com\\\/es\\\/info\\\/\"},{\"@type\":\"ListItem\",\"position\":3,\"name\":\"Acuerdo\",\"item\":\"https:\\\/\\\/accidentvalues.com\\\/es\\\/info\\\/settlements\\\/\"},{\"@type\":\"ListItem\",\"position\":4,\"name\":\"10 Errores Constantes Que Arruinan Su Caso\"}]},{\"@type\":\"WebSite\",\"@id\":\"https:\\\/\\\/accidentvalues.com\\\/es\\\/#website\",\"url\":\"https:\\\/\\\/accidentvalues.com\\\/es\\\/\",\"name\":\"AccidentValues.com Espa\u00f1ol\",\"description\":\"Calculate the Value of a Car or Truck Accident Claim\",\"potentialAction\":[{\"@type\":\"SearchAction\",\"target\":{\"@type\":\"EntryPoint\",\"urlTemplate\":\"https:\\\/\\\/accidentvalues.com\\\/es\\\/?s={search_term_string}\"},\"query-input\":{\"@type\":\"PropertyValueSpecification\",\"valueRequired\":true,\"valueName\":\"search_term_string\"}}],\"inLanguage\":\"en-US\"}]}<\/script>\n<!-- \/ Yoast SEO plugin. -->","yoast_head_json":{"title":"10 Errores Constantes Que Arruinan Su Caso - AccidentValues.com Espa\u00f1ol","description":"From posting on social media to throwing away documents, be sure you know how to avoid these 10 costly mistakes that can ruin your car accident case.","robots":{"index":"index","follow":"follow","max-snippet":"max-snippet:-1","max-image-preview":"max-image-preview:large","max-video-preview":"max-video-preview:-1"},"canonical":"https:\/\/accidentvalues.com\/es\/info\/settlements\/10-costly-mistakes\/","og_locale":"en_US","og_type":"article","og_title":"10 Errores Constantes Que Arruinan Su Caso - AccidentValues.com Espa\u00f1ol","og_description":"From posting on social media to throwing away documents, be sure you know how to avoid these 10 costly mistakes that can ruin your car accident case.","og_url":"https:\/\/accidentvalues.com\/es\/info\/settlements\/10-costly-mistakes\/","og_site_name":"AccidentValues.com Espa\u00f1ol","article_modified_time":"2019-11-25T18:58:57+00:00","twitter_card":"summary_large_image","twitter_misc":{"Est. reading time":"3 minutes"},"schema":{"@context":"https:\/\/schema.org","@graph":[{"@type":"WebPage","@id":"https:\/\/accidentvalues.com\/es\/info\/settlements\/10-costly-mistakes\/","url":"https:\/\/accidentvalues.com\/es\/info\/settlements\/10-costly-mistakes\/","name":"10 Errores Constantes Que Arruinan Su Caso - AccidentValues.com Espa\u00f1ol","isPartOf":{"@id":"https:\/\/accidentvalues.com\/es\/#website"},"datePublished":"2014-09-03T15:00:04+00:00","dateModified":"2019-11-25T18:58:57+00:00","description":"From posting on social media to throwing away documents, be sure you know how to avoid these 10 costly mistakes that can ruin your car accident case.","breadcrumb":{"@id":"https:\/\/accidentvalues.com\/es\/info\/settlements\/10-costly-mistakes\/#breadcrumb"},"inLanguage":"en-US","potentialAction":[{"@type":"ReadAction","target":["https:\/\/accidentvalues.com\/es\/info\/settlements\/10-costly-mistakes\/"]}]},{"@type":"BreadcrumbList","@id":"https:\/\/accidentvalues.com\/es\/info\/settlements\/10-costly-mistakes\/#breadcrumb","itemListElement":[{"@type":"ListItem","position":1,"name":"Home","item":"https:\/\/accidentvalues.com\/es\/"},{"@type":"ListItem","position":2,"name":"Informaci\u00f3n","item":"https:\/\/accidentvalues.com\/es\/info\/"},{"@type":"ListItem","position":3,"name":"Acuerdo","item":"https:\/\/accidentvalues.com\/es\/info\/settlements\/"},{"@type":"ListItem","position":4,"name":"10 Errores Constantes Que Arruinan Su Caso"}]},{"@type":"WebSite","@id":"https:\/\/accidentvalues.com\/es\/#website","url":"https:\/\/accidentvalues.com\/es\/","name":"AccidentValues.com Espa\u00f1ol","description":"Calculate the Value of a Car or Truck Accident Claim","potentialAction":[{"@type":"SearchAction","target":{"@type":"EntryPoint","urlTemplate":"https:\/\/accidentvalues.com\/es\/?s={search_term_string}"},"query-input":{"@type":"PropertyValueSpecification","valueRequired":true,"valueName":"search_term_string"}}],"inLanguage":"en-US"}]}},"_links":{"self":[{"href":"https:\/\/accidentvalues.com\/es\/wp-json\/wp\/v2\/pages\/334","targetHints":{"allow":["GET"]}}],"collection":[{"href":"https:\/\/accidentvalues.com\/es\/wp-json\/wp\/v2\/pages"}],"about":[{"href":"https:\/\/accidentvalues.com\/es\/wp-json\/wp\/v2\/types\/page"}],"author":[{"embeddable":true,"href":"https:\/\/accidentvalues.com\/es\/wp-json\/wp\/v2\/users\/3"}],"replies":[{"embeddable":true,"href":"https:\/\/accidentvalues.com\/es\/wp-json\/wp\/v2\/comments?post=334"}],"version-history":[{"count":5,"href":"https:\/\/accidentvalues.com\/es\/wp-json\/wp\/v2\/pages\/334\/revisions"}],"predecessor-version":[{"id":535,"href":"https:\/\/accidentvalues.com\/es\/wp-json\/wp\/v2\/pages\/334\/revisions\/535"}],"up":[{"embeddable":true,"href":"https:\/\/accidentvalues.com\/es\/wp-json\/wp\/v2\/pages\/52"}],"wp:attachment":[{"href":"https:\/\/accidentvalues.com\/es\/wp-json\/wp\/v2\/media?parent=334"}],"curies":[{"name":"wp","href":"https:\/\/api.w.org\/{rel}","templated":true}]}}