{"id":337,"date":"2014-09-05T10:21:01","date_gmt":"2014-09-05T14:21:01","guid":{"rendered":"http:\/\/accidentvalues.com\/?page_id=337"},"modified":"2019-11-26T09:58:09","modified_gmt":"2019-11-26T14:58:09","slug":"beat-colossus","status":"publish","type":"page","link":"https:\/\/accidentvalues.com\/es\/info\/insurance\/beat-colossus\/","title":{"rendered":"Prot\u00e9jase de Colossus- El Opositor Mas Grande en Su Caso"},"content":{"rendered":"<h2>\u00bfQu\u00e9 es Colossus?<\/h2>\n<p>Colossus puede ser el opositor m\u00e1s grande en su caso. Colossus es <strong>un programa de computadora<\/strong> que alguna de las compa\u00f1\u00edas de seguro m\u00e1s grandes como Allstate usan para <strong>estimar reclamos de lesiones personales de en accidentes de autos.<\/strong> Por medio de estos reclamos de compa\u00f1\u00eda de seguro que el uso de este programa solo como una herramienta de evaluaci\u00f3n inicial, Colossus se ha utilizado bajar la bola del reclamo por parte de la aseguradora.<\/p>\n<p>El estimado de Colossus est\u00e1 basado en un sin n\u00famero de factores que <strong>afectan negativamente un reclamo e interiorizan el valor de un caso.<\/strong> Desde entonces ha sido originalmente creado para evaluar lesiones de tejido blando (huesos no rotos), no tiene la habilidad de valorar serias, y lesiones fatales. Colossus simplemente mira los archivos m\u00e9dicos, que el ajustador de la compa\u00f1\u00eda de seguro provee, para asignar el valor de una lesi\u00f3n, tan siquiera lesiones fatales. Colossus simplemente mira archivos m\u00e9dicos, que los ajustados de compa\u00f1\u00edas de seguro le proveen, para asignar un valor a una parte del cuerpo de una v\u00edctima lesionada en un accidente de auto. Les premia a valores m\u00e1s altos por lesiones como huesos rotos y le da gran valor a las v\u00edctimas que fueron al hospital inmediatamente despu\u00e9s del accidente. Como, Colossus le permite a Allstate, Aetna, USAA, y cualquier compa\u00f1\u00eda de seguro que las use, para artificialmente bajar el valor de la lesi\u00f3n. Los ajustadores de la compa\u00f1\u00eda de seguro de Allstate Controlan la informaci\u00f3n alimentada al programa Colossus, <strong>ellos reducen la diferencia o la base de valores con tan solo introducir la cantidad m\u00e1s baja de acuerdo.<\/strong> Hay una gama de posibles valores, desde bajos a altos, que se debe de considerar cuando se estima el tama\u00f1o de un reclamo.<\/p>\n<h2>Es una Formula<\/h2>\n<p>Colossus no considera el verdadero dolor y sufrimiento de la v\u00edctima- es solo una formula. Mientras los jueces y jurados tienen a escuchar la historia de la v\u00edctima, entendiendo verdaderamente el impacto del jurado, <a href=\"http:\/\/media.straffordpub.com\/products\/auto-accident-claims-the-influence-of-colossus-on-recoveries-2012-11-29\/presentation.pdf\">the insurance adjuster who uses Colossus simply types in the accident scenario<\/a> (usando unas cuantas letras que debe ser un lenguaje reconocido por Colossus) y ve cual es el promedio de acuerdo de lesiones sustenidas en el \u00e1rea. Que hay m\u00e1s es que la informaci\u00f3n del acuerdo y el accidente usado por Colossus es la propiedad privada de la compa\u00f1\u00eda de seguro usando el programa. Por lo tanto, <strong>no hay manera de estar seguro que la descripci\u00f3n del accidente se est\u00e1 entrando imparcialmente.<\/strong> En este punto, el ajustador de la compa\u00f1\u00eda de seguro puede manipular la informaci\u00f3n que se ha entrado en el programa. Ellos tienen todo el poder de determinar si la victima ser\u00e1 premiada con suficiente dinero para pagar las cuentas medicas o si terminara incurriendo miles de d\u00f3lares en deudas. Adicional, Colossus no considera puntos claves como danos cerebrales, complicaci\u00f3n de lesiones o lesiones futuras causadas por el accidente.<\/p>\n<h2>Alerta de Consumidor<\/h2>\n<p>El 9 de diciembre de 2010, la Federaci\u00f3n de Consumidores de Am\u00e9rica lanza una\u201c<a href=\"http:\/\/www.consumerfed.org\/pdfs\/Claims_Consumer_Alert_12-8.pdf\">Consumer Alert<\/a>\u201d advirtiendo a los americanos que se han lesionado en un accidente automovil\u00edstico sobre Colossus. La CFA ofreci\u00f3 estos 4 consejos:<\/p>\n<blockquote><p>\u2022 Verifique si el programa de computadora ha evaluado su reclamo<br \/>\n\u2022 Demande ver el rango em resultados que la computadora ha generado<br \/>\n\u2022 No acepte ninguna oferta menor que la m\u00e1s \u201calta\u201d termine en el rango y considere hacer una oferta que sea la m\u00e1s alta.<br \/>\n\u2022 Si la aseguranza no est\u00e1 de acuerdo en llegar a un acuerdo en lo m\u00e1s alto al final de la gama, considere someter una queja con la comisi\u00f3n de seguro de su estado y busque ayuda para su reclamo.<\/p><\/blockquote>\n<p>(Source: http:\/\/www.consumerfed.org\/pdfs\/Claims_Consumer_Alert_12-8.pdf)<\/p>\n<p>Use su <a href=\"http:\/\/accidentvalues.com\/calculator\/\">Claim Calculator<\/a> para evaluar el valor de su caso.<\/p>\n<h2>Allstate ha sido llamada como la &#8220;peor&#8221;<\/h2>\n<p>Allstate fue la primera que comenz\u00f3 a usar Colossus en el 1990\u2019s con el esfuerzo de disminuir el tama\u00f1o de la paga de reclamos de autos. De acuerdo con el La Federaci\u00f3n de Consumidores de Am\u00e9rica (CFA), la\u00a0<a href=\"http:\/\/www.consumerfed.org\/elements\/www.consumerfed.org\/file\/finance\/Allstate_Report_07_18_07.pdf\">literature<\/a> en ventas publicada por la manifactura de Colossus \u201cprovocando a Colossus como la herramienta m\u00e1s poderosa en ahorrador en dinero\u201d y tambi\u00e9n sugiere que, \u201cel programa reducir\u00e1 inmediatamente el tama\u00f1o del reclamo de la lesi\u00f3n f\u00edsica por m\u00e1s de un 20 por ciento.\u201d Colossus est\u00e1 en el alma de la Revisi\u00f3n del N\u00facleo de Proceso de Reclamo (<a href=\"http:\/\/www.businessweek.com\/stories\/2006-04-30\/in-tough-hands-at-allstate\">CCPR<\/a>), un programa introducido por McKinsey Consulting en 1996 en un intento de cortar gastos del departamento de reclamo. En vez de pagarle a la v\u00edctima lo que \u00e9l se merece, Allstates mantiene un margen en beneficios disminuyendo el presupuesto a prop\u00f3sito, cortando personal, y controlando la severidad de los reclamos. Esto es todo un esfuerzo para elevar a las multimillonarias compa\u00f1\u00edas las l\u00edneas de abajo.<\/p>\n<p>&nbsp;<\/p>\n<p>Las corporaciones de Allstate es la aseguranza que p\u00fablicamente ha sostenido las l\u00edneas personales, sirviendo aproximadamente 16 millones de hogares. Es igualmente la <a href=\"http:\/\/www.takejusticeback.com\/research\/ten-worst-insurance-companies-america\">worst insurance company<\/a>,\u00a0 de acuerdo con la Asociaci\u00f3n Americana de Justicia, como la compa\u00f1\u00eda pone sus beneficios por encima de sus due\u00f1os de p\u00f3liza a ellos le pagan para servir. En 2007, despu\u00e9s de m\u00e1s de 15 a\u00f1os dici\u00e9ndole a los ajustadores de compa\u00f1\u00edas de seguro que empleen una actitud de confrontaci\u00f3n hacia sus due\u00f1os de la p\u00f3liza (\u201cNieguen, Retrasen y Defiedan\u201d) Allstate hace $4.6 billones en beneficios, con $156.4 billones en activos. La siguiente es una lista de los\u00a0 <a href=\"http:\/\/www.wikinvest.com\/stock\/Allstate_(ALL)\/Subsidiaries\">Allstate\u2019s subsidiaries<\/a>.<\/p>\n<table>\n<tbody>\n<tr>\n<td width=\"480\"><strong>Company Name<\/strong><strong>\u00a0<\/strong><\/td>\n<\/tr>\n<tr>\n<td width=\"480\">ALFS, Inc.<\/td>\n<\/tr>\n<tr>\n<td width=\"480\">ALIC Reinsurance Company<\/td>\n<\/tr>\n<tr>\n<td width=\"480\">Allstate Assignment Company<\/td>\n<\/tr>\n<tr>\n<td width=\"480\">Allstate Assurance Company<\/td>\n<\/tr>\n<tr>\n<td width=\"480\">Allstate Bank<\/td>\n<\/tr>\n<tr>\n<td width=\"480\">Allstate County Mutual Insurance Company<\/td>\n<\/tr>\n<tr>\n<td width=\"480\">Allstate Distributors, L.L.C.<\/td>\n<\/tr>\n<tr>\n<td width=\"480\">Allstate Financial Advisors, LLC<\/td>\n<\/tr>\n<tr>\n<td width=\"480\">Allstate Financial Corporation<\/td>\n<\/tr>\n<tr>\n<td width=\"480\">Allstate Financial Services, LLC<\/td>\n<\/tr>\n<tr>\n<td width=\"480\">Allstate Financial, LLC<\/td>\n<\/tr>\n<tr>\n<td width=\"480\">Allstate Fire and Casualty Insurance Company<\/td>\n<\/tr>\n<tr>\n<td width=\"480\">Allstate Floridian Indemnity Company<\/td>\n<\/tr>\n<tr>\n<td width=\"480\">Allstate Floridian Insurance Company<\/td>\n<\/tr>\n<tr>\n<td width=\"480\">Allstate Indemnity Company<\/td>\n<\/tr>\n<tr>\n<td width=\"480\">Allstate Insurance Company<\/td>\n<\/tr>\n<tr>\n<td width=\"480\">Allstate Insurance Company of Canada<\/td>\n<\/tr>\n<tr>\n<td width=\"480\">Allstate International Insurance Holdings, Inc.<\/td>\n<\/tr>\n<tr>\n<td width=\"480\">Allstate Investment Management Company<\/td>\n<\/tr>\n<tr>\n<td width=\"480\">Allstate Investments, LLC<\/td>\n<\/tr>\n<tr>\n<td width=\"480\">Allstate Life Insurance Company<\/td>\n<\/tr>\n<tr>\n<td width=\"480\">Allstate Life Insurance Company of Canada<\/td>\n<\/tr>\n<tr>\n<td width=\"480\">Allstate Life Insurance Company of New York<\/td>\n<\/tr>\n<tr>\n<td width=\"480\">Allstate Motor Club, Inc.<\/td>\n<\/tr>\n<tr>\n<td width=\"480\">Allstate New Jersey Insurance Company<\/td>\n<\/tr>\n<tr>\n<td width=\"480\">Allstate New Jersey Property and Casualty Insurance Company<\/td>\n<\/tr>\n<tr>\n<td width=\"480\">Allstate Non-Insurance Holdings, Inc.<\/td>\n<\/tr>\n<tr>\n<td width=\"480\">Allstate North American Insurance Company<\/td>\n<\/tr>\n<tr>\n<td width=\"480\">Allstate Property and Casualty Insurance Company<\/td>\n<\/tr>\n<tr>\n<td width=\"480\">Allstate Reinsurance Ltd.<\/td>\n<\/tr>\n<tr>\n<td width=\"480\">Allstate Settlement Corporation<\/td>\n<\/tr>\n<tr>\n<td width=\"480\">Allstate Texas Lloyd&#8217;s<\/td>\n<\/tr>\n<tr>\n<td width=\"480\">Allstate Texas Lloyd&#8217;s, Inc.<\/td>\n<\/tr>\n<tr>\n<td width=\"480\">American Heritage Life Insurance Company<\/td>\n<\/tr>\n<tr>\n<td width=\"480\">American Heritage Life Investment Corporation<\/td>\n<\/tr>\n<tr>\n<td width=\"480\">American Heritage Service Company<\/td>\n<\/tr>\n<tr>\n<td width=\"480\">Charter National Life Insurance Company<\/td>\n<\/tr>\n<tr>\n<td width=\"480\">Concord Heritage Life Insurance Company, Inc.<\/td>\n<\/tr>\n<tr>\n<td width=\"480\">Deerbrook General Agency, Inc.<\/td>\n<\/tr>\n<tr>\n<td width=\"480\">Deerbrook Insurance Company<\/td>\n<\/tr>\n<tr>\n<td width=\"480\">E.R.J. Insurance Group, Inc.<\/td>\n<\/tr>\n<tr>\n<td width=\"480\">Encompass Floridian Indemnity Company<\/td>\n<\/tr>\n<tr>\n<td width=\"480\">Encompass Floridian Insurance Company<\/td>\n<\/tr>\n<tr>\n<td width=\"480\">Encompass Home and Auto Insurance Company<\/td>\n<\/tr>\n<tr>\n<td width=\"480\">Encompass Indemnity Company<\/td>\n<\/tr>\n<tr>\n<td width=\"480\">Encompass Independent Insurance Company<\/td>\n<\/tr>\n<tr>\n<td width=\"480\">Encompass Insurance Company<\/td>\n<\/tr>\n<tr>\n<td width=\"480\">Encompass Insurance Company of America<\/td>\n<\/tr>\n<tr>\n<td width=\"480\">Encompass Insurance Company of Massachusetts<\/td>\n<\/tr>\n<tr>\n<td width=\"480\">Encompass Insurance Company of New Jersey<\/td>\n<\/tr>\n<tr>\n<td width=\"480\">Encompass Property and Casualty Company<\/td>\n<\/tr>\n<tr>\n<td width=\"480\">Encompass Property and Casualty Insurance Company of New Jersey<\/td>\n<\/tr>\n<tr>\n<td width=\"480\">First Colonial Insurance Company<\/td>\n<\/tr>\n<tr>\n<td width=\"480\">Intramerica Life Insurance Company<\/td>\n<\/tr>\n<tr>\n<td width=\"480\">Ivantage Select Agency, Inc.<\/td>\n<\/tr>\n<tr>\n<td width=\"480\">Kennett Capital, Inc.<\/td>\n<\/tr>\n<tr>\n<td width=\"480\">Keystone State Life Insurance Company<\/td>\n<\/tr>\n<tr>\n<td width=\"480\">Lincoln Benefit Life Company<\/td>\n<\/tr>\n<tr>\n<td width=\"480\">Northbrook Holdings, LLC<\/td>\n<\/tr>\n<tr>\n<td width=\"480\">Northbrook Indemnity Company<\/td>\n<\/tr>\n<tr>\n<td width=\"480\">Northbrook Services, Inc.<\/td>\n<\/tr>\n<tr>\n<td width=\"480\">Northbrook Technology of Northern Ireland, Limited<\/td>\n<\/tr>\n<tr>\n<td width=\"480\">Pafco Insurance Company<\/td>\n<\/tr>\n<tr>\n<td width=\"480\">Pembridge America, Inc.<\/td>\n<\/tr>\n<tr>\n<td width=\"480\">Pembridge Insurance Company<\/td>\n<\/tr>\n<tr>\n<td width=\"480\">Roadway Protection Auto Club, Inc.<\/td>\n<\/tr>\n<tr>\n<td width=\"480\">Sterling Collision Centers, Inc.<\/td>\n<\/tr>\n<tr>\n<td width=\"480\">Surety Life Insurance Company<\/td>\n<\/tr>\n<tr>\n<td width=\"480\">Tech-Cor, LLC<\/td>\n<\/tr>\n<\/tbody>\n<\/table>\n<p>&nbsp;<\/p>\n","protected":false},"excerpt":{"rendered":"<p>\u00bfQu\u00e9 es Colossus? Colossus puede ser el opositor m\u00e1s grande en su caso. Colossus es un programa de computadora que alguna de las compa\u00f1\u00edas de seguro m\u00e1s grandes como Allstate usan para estimar reclamos de lesiones personales de en accidentes de autos. Por medio de estos reclamos de compa\u00f1\u00eda de seguro que el uso de [&hellip;]<\/p>\n","protected":false},"author":3,"featured_media":0,"parent":57,"menu_order":0,"comment_status":"closed","ping_status":"open","template":"","meta":{"footnotes":""},"class_list":["post-337","page","type-page","status-publish","hentry"],"yoast_head":"<!-- This site is optimized with the Yoast SEO plugin v27.4 - https:\/\/yoast.com\/product\/yoast-seo-wordpress\/ -->\n<title>How to Beat Colossus<\/title>\n<meta name=\"description\" content=\"Learn how to protect yourself from Colossus, a computer program used to lower the value of your car accident case.\" \/>\n<meta name=\"robots\" content=\"index, follow, max-snippet:-1, max-image-preview:large, max-video-preview:-1\" \/>\n<link rel=\"canonical\" href=\"https:\/\/accidentvalues.com\/es\/info\/insurance\/beat-colossus\/\" \/>\n<meta property=\"og:locale\" content=\"en_US\" \/>\n<meta property=\"og:type\" content=\"article\" \/>\n<meta property=\"og:title\" content=\"How to Beat Colossus\" \/>\n<meta property=\"og:description\" content=\"Learn how to protect yourself from Colossus, a computer program used to lower the value of your car accident case.\" \/>\n<meta property=\"og:url\" content=\"https:\/\/accidentvalues.com\/es\/info\/insurance\/beat-colossus\/\" \/>\n<meta property=\"og:site_name\" content=\"AccidentValues.com Espa\u00f1ol\" \/>\n<meta property=\"article:modified_time\" content=\"2019-11-26T14:58:09+00:00\" \/>\n<meta name=\"twitter:card\" content=\"summary_large_image\" \/>\n<meta name=\"twitter:label1\" content=\"Est. reading time\" \/>\n\t<meta name=\"twitter:data1\" content=\"6 minutes\" \/>\n<script type=\"application\/ld+json\" class=\"yoast-schema-graph\">{\"@context\":\"https:\\\/\\\/schema.org\",\"@graph\":[{\"@type\":\"WebPage\",\"@id\":\"https:\\\/\\\/accidentvalues.com\\\/es\\\/info\\\/insurance\\\/beat-colossus\\\/\",\"url\":\"https:\\\/\\\/accidentvalues.com\\\/es\\\/info\\\/insurance\\\/beat-colossus\\\/\",\"name\":\"How to Beat Colossus\",\"isPartOf\":{\"@id\":\"https:\\\/\\\/accidentvalues.com\\\/es\\\/#website\"},\"datePublished\":\"2014-09-05T14:21:01+00:00\",\"dateModified\":\"2019-11-26T14:58:09+00:00\",\"description\":\"Learn how to protect yourself from Colossus, a computer program used to lower the value of your car accident case.\",\"breadcrumb\":{\"@id\":\"https:\\\/\\\/accidentvalues.com\\\/es\\\/info\\\/insurance\\\/beat-colossus\\\/#breadcrumb\"},\"inLanguage\":\"en-US\",\"potentialAction\":[{\"@type\":\"ReadAction\",\"target\":[\"https:\\\/\\\/accidentvalues.com\\\/es\\\/info\\\/insurance\\\/beat-colossus\\\/\"]}]},{\"@type\":\"BreadcrumbList\",\"@id\":\"https:\\\/\\\/accidentvalues.com\\\/es\\\/info\\\/insurance\\\/beat-colossus\\\/#breadcrumb\",\"itemListElement\":[{\"@type\":\"ListItem\",\"position\":1,\"name\":\"Home\",\"item\":\"https:\\\/\\\/accidentvalues.com\\\/es\\\/\"},{\"@type\":\"ListItem\",\"position\":2,\"name\":\"Informaci\u00f3n\",\"item\":\"https:\\\/\\\/accidentvalues.com\\\/es\\\/info\\\/\"},{\"@type\":\"ListItem\",\"position\":3,\"name\":\"Seguro\",\"item\":\"https:\\\/\\\/accidentvalues.com\\\/es\\\/info\\\/insurance\\\/\"},{\"@type\":\"ListItem\",\"position\":4,\"name\":\"Prot\u00e9jase de Colossus- El Opositor Mas Grande en Su Caso\"}]},{\"@type\":\"WebSite\",\"@id\":\"https:\\\/\\\/accidentvalues.com\\\/es\\\/#website\",\"url\":\"https:\\\/\\\/accidentvalues.com\\\/es\\\/\",\"name\":\"AccidentValues.com Espa\u00f1ol\",\"description\":\"Calculate the Value of a Car or Truck Accident Claim\",\"potentialAction\":[{\"@type\":\"SearchAction\",\"target\":{\"@type\":\"EntryPoint\",\"urlTemplate\":\"https:\\\/\\\/accidentvalues.com\\\/es\\\/?s={search_term_string}\"},\"query-input\":{\"@type\":\"PropertyValueSpecification\",\"valueRequired\":true,\"valueName\":\"search_term_string\"}}],\"inLanguage\":\"en-US\"}]}<\/script>\n<!-- \/ Yoast SEO plugin. -->","yoast_head_json":{"title":"How to Beat Colossus","description":"Learn how to protect yourself from Colossus, a computer program used to lower the value of your car accident case.","robots":{"index":"index","follow":"follow","max-snippet":"max-snippet:-1","max-image-preview":"max-image-preview:large","max-video-preview":"max-video-preview:-1"},"canonical":"https:\/\/accidentvalues.com\/es\/info\/insurance\/beat-colossus\/","og_locale":"en_US","og_type":"article","og_title":"How to Beat Colossus","og_description":"Learn how to protect yourself from Colossus, a computer program used to lower the value of your car accident case.","og_url":"https:\/\/accidentvalues.com\/es\/info\/insurance\/beat-colossus\/","og_site_name":"AccidentValues.com Espa\u00f1ol","article_modified_time":"2019-11-26T14:58:09+00:00","twitter_card":"summary_large_image","twitter_misc":{"Est. reading time":"6 minutes"},"schema":{"@context":"https:\/\/schema.org","@graph":[{"@type":"WebPage","@id":"https:\/\/accidentvalues.com\/es\/info\/insurance\/beat-colossus\/","url":"https:\/\/accidentvalues.com\/es\/info\/insurance\/beat-colossus\/","name":"How to Beat Colossus","isPartOf":{"@id":"https:\/\/accidentvalues.com\/es\/#website"},"datePublished":"2014-09-05T14:21:01+00:00","dateModified":"2019-11-26T14:58:09+00:00","description":"Learn how to protect yourself from Colossus, a computer program used to lower the value of your car accident case.","breadcrumb":{"@id":"https:\/\/accidentvalues.com\/es\/info\/insurance\/beat-colossus\/#breadcrumb"},"inLanguage":"en-US","potentialAction":[{"@type":"ReadAction","target":["https:\/\/accidentvalues.com\/es\/info\/insurance\/beat-colossus\/"]}]},{"@type":"BreadcrumbList","@id":"https:\/\/accidentvalues.com\/es\/info\/insurance\/beat-colossus\/#breadcrumb","itemListElement":[{"@type":"ListItem","position":1,"name":"Home","item":"https:\/\/accidentvalues.com\/es\/"},{"@type":"ListItem","position":2,"name":"Informaci\u00f3n","item":"https:\/\/accidentvalues.com\/es\/info\/"},{"@type":"ListItem","position":3,"name":"Seguro","item":"https:\/\/accidentvalues.com\/es\/info\/insurance\/"},{"@type":"ListItem","position":4,"name":"Prot\u00e9jase de Colossus- El Opositor Mas Grande en Su Caso"}]},{"@type":"WebSite","@id":"https:\/\/accidentvalues.com\/es\/#website","url":"https:\/\/accidentvalues.com\/es\/","name":"AccidentValues.com Espa\u00f1ol","description":"Calculate the Value of a Car or Truck Accident Claim","potentialAction":[{"@type":"SearchAction","target":{"@type":"EntryPoint","urlTemplate":"https:\/\/accidentvalues.com\/es\/?s={search_term_string}"},"query-input":{"@type":"PropertyValueSpecification","valueRequired":true,"valueName":"search_term_string"}}],"inLanguage":"en-US"}]}},"_links":{"self":[{"href":"https:\/\/accidentvalues.com\/es\/wp-json\/wp\/v2\/pages\/337","targetHints":{"allow":["GET"]}}],"collection":[{"href":"https:\/\/accidentvalues.com\/es\/wp-json\/wp\/v2\/pages"}],"about":[{"href":"https:\/\/accidentvalues.com\/es\/wp-json\/wp\/v2\/types\/page"}],"author":[{"embeddable":true,"href":"https:\/\/accidentvalues.com\/es\/wp-json\/wp\/v2\/users\/3"}],"replies":[{"embeddable":true,"href":"https:\/\/accidentvalues.com\/es\/wp-json\/wp\/v2\/comments?post=337"}],"version-history":[{"count":9,"href":"https:\/\/accidentvalues.com\/es\/wp-json\/wp\/v2\/pages\/337\/revisions"}],"predecessor-version":[{"id":557,"href":"https:\/\/accidentvalues.com\/es\/wp-json\/wp\/v2\/pages\/337\/revisions\/557"}],"up":[{"embeddable":true,"href":"https:\/\/accidentvalues.com\/es\/wp-json\/wp\/v2\/pages\/57"}],"wp:attachment":[{"href":"https:\/\/accidentvalues.com\/es\/wp-json\/wp\/v2\/media?parent=337"}],"curies":[{"name":"wp","href":"https:\/\/api.w.org\/{rel}","templated":true}]}}