{"id":349,"date":"2014-09-10T12:42:27","date_gmt":"2014-09-10T16:42:27","guid":{"rendered":"http:\/\/accidentvalues.com\/?page_id=349"},"modified":"2019-11-25T15:43:50","modified_gmt":"2019-11-25T20:43:50","slug":"settle-or-trial","status":"publish","type":"page","link":"https:\/\/accidentvalues.com\/es\/info\/cases\/settle-or-trial\/","title":{"rendered":"Llegar a un Acuerdo o Ir a Juicio"},"content":{"rendered":"<p>\u00bfDeber\u00eda yo llegar a un acuerdo o ir a juicio? \u00bfSi la compa\u00f1\u00eda de seguro me ofrece una cantidad razonable por mi caso de accidente de auto? Esto son preguntas virtuales que todos tenemos.<\/p>\n<p>Sabiendo el valor del estimado de su accidente de auto es imperativo al decidir si llegar a un acuerdo o intentar su reclamo. Claro, hay muchas variables que pueden determinar el valor de un reclamo; de cualquier manera, abajo hay seis factores mayores para considerar al decidir si es inteligente llegar a un acuerdo o ir a juicio. Discuta estos t\u00f3picos con su abogado.<\/p>\n<h2>Responsabilidad<\/h2>\n<p>\u00bfProbablemente el demandante pueda mostrar que la otra parte de alg\u00fan modo la responsabilidad por la causa del accidente o lesi\u00f3n subsecuente? Esta respuesta se deber\u00eda basar en los hechos del accidente.<\/p>\n<h2>Da\u00f1os<\/h2>\n<h3>\nLesiones<\/h3>\n<p>Las compa\u00f1\u00edas de seguro estiman lesiones \u201cobjetivas\u201d, lesiones que pueden ser probadas con hechos m\u00e9dicos, m\u00e1s que lesiones \u201csubjetivas\u201d. El tipo de variedad y grado de la lesi\u00f3n afectara el estimado, as\u00ed como la duraci\u00f3n del periodo de recuperaci\u00f3n.<\/p>\n<p>&nbsp;<\/p>\n<h3>Econ\u00f3micos<\/h3>\n<p>La compa\u00f1\u00eda de seguro considerara los da\u00f1os que tienen m\u00e1s valor monetario, como el da\u00f1o en propiedad, costo m\u00e9dico pasado, costo de perdida en salario, y capacidad en ganancias futura.<\/p>\n<h3>No Econ\u00f3micos<\/h3>\n<p>La compa\u00f1\u00eda de seguro considerara los da\u00f1os que no tienen alg\u00fan valor monetario explicito, como pasado y futuro dolor emocional y sufrimiento. Diferentes estados tienen capas diferentes en los danos no econ\u00f3micos.<\/p>\n<h3>Mentiras\/ Subrogaci\u00f3n<\/h3>\n<p>Subrogaci\u00f3n es simplemente la sustituci\u00f3n de una parte por otra. El principio de subrogaci\u00f3n se aplica cuando la compa\u00f1\u00eda de seguro ya pago el beneficio es por parte del asegurado. Algunas p\u00f3lizas requieren que el due\u00f1o de la p\u00f3liza rembolse su subtitulo por un 100% y no cuente por ning\u00fan otro tipo de reducci\u00f3n por el prorrateo compartido de fijos y costos. Esto le cuenta al due\u00f1o de la p\u00f3liza miles.<\/p>\n<h3><\/h3>\n<h3>Defensas Afirmativas<\/h3>\n<p>\u00bfQu\u00e9 defensas afirmativas estar\u00e1n disponibles para el acusado y cu\u00e1l es la probabilidad que el acusado prevalezca en esas defensas afirmativas? A veces la recuperaci\u00f3n del demandante se reduce basadamente en el porcentaje que ella sea responsable por la contribuci\u00f3n de sus propias lesiones. En adici\u00f3n al estatuto de limitaciones la asunci\u00f3n de un demandante en riesgo como la obligaci\u00f3n de minimizar los danos tambi\u00e9n afectara el valor del reclamo.<\/p>\n<h2>Factores de Mitigaci\u00f3n<\/h2>\n<p>La simpat\u00eda del demandante y el demandado es un factor significante. Similarmente, la composici\u00f3n socioecon\u00f3mica, cultural, y geogr\u00e1fica del condado en el que el reclamo ha sido sometido afectara el valor del acuerdo. Si el reclamante tiene un historial en someter varios reclamos, una compa\u00f1\u00eda de seguro disminuir\u00e1 el valor del reclamo en alg\u00fan grado. La compa\u00f1\u00eda de seguro tambi\u00e9n disminuir\u00e1 en valor si no hay evidencia f\u00edsica o lesi\u00f3n o danos hacia el veh\u00edculo, o si hay una condici\u00f3n m\u00e9dica pre \u2013 existente que agrave la lesi\u00f3n. El reporte del fisiatra influenciara a la compa\u00f1\u00eda de seguro, con los resultados de la recuperaci\u00f3n.<\/p>\n<h2>Cantidad de P\u00f3liza<\/h2>\n<p>Es dif\u00edcil conseguir dinero de un acusado son que el mismo lo tenga. En ese caso es m\u00e1s o menos dependiendo los hechos de culpabilidad de la p\u00f3liza que tenga el conductor.<\/p>\n<p>Estime el valor de su caso con la <a href=\"http:\/\/accidentvalues.com\/calculator\/\">Claim Calculator<\/a>.<\/p>\n","protected":false},"excerpt":{"rendered":"<p>\u00bfDeber\u00eda yo llegar a un acuerdo o ir a juicio? \u00bfSi la compa\u00f1\u00eda de seguro me ofrece una cantidad razonable por mi caso de accidente de auto? Esto son preguntas virtuales que todos tenemos. Sabiendo el valor del estimado de su accidente de auto es imperativo al decidir si llegar a un acuerdo o intentar [&hellip;]<\/p>\n","protected":false},"author":3,"featured_media":0,"parent":54,"menu_order":0,"comment_status":"closed","ping_status":"open","template":"","meta":{"footnotes":""},"class_list":["post-349","page","type-page","status-publish","hentry"],"yoast_head":"<!-- This site is optimized with the Yoast SEO plugin v27.3 - https:\/\/yoast.com\/product\/yoast-seo-wordpress\/ -->\n<title>Llegar a un Acuerdo o Ir a Juicio - AccidentValues.com Espa\u00f1ol<\/title>\n<meta name=\"description\" content=\"It can be difficult to decide whether to settle or go to trial with your auto accident case. Consider these 5 crucial factors when making your decision.\" \/>\n<meta name=\"robots\" content=\"index, follow, max-snippet:-1, max-image-preview:large, max-video-preview:-1\" \/>\n<link rel=\"canonical\" href=\"https:\/\/accidentvalues.com\/es\/info\/cases\/settle-or-trial\/\" \/>\n<meta property=\"og:locale\" content=\"en_US\" \/>\n<meta property=\"og:type\" content=\"article\" \/>\n<meta property=\"og:title\" content=\"Llegar a un Acuerdo o Ir a Juicio - AccidentValues.com Espa\u00f1ol\" \/>\n<meta property=\"og:description\" content=\"It can be difficult to decide whether to settle or go to trial with your auto accident case. Consider these 5 crucial factors when making your decision.\" \/>\n<meta property=\"og:url\" content=\"https:\/\/accidentvalues.com\/es\/info\/cases\/settle-or-trial\/\" \/>\n<meta property=\"og:site_name\" content=\"AccidentValues.com Espa\u00f1ol\" \/>\n<meta property=\"article:modified_time\" content=\"2019-11-25T20:43:50+00:00\" \/>\n<meta name=\"twitter:card\" content=\"summary_large_image\" \/>\n<meta name=\"twitter:label1\" content=\"Est. reading time\" \/>\n\t<meta name=\"twitter:data1\" content=\"3 minutes\" \/>\n<script type=\"application\/ld+json\" class=\"yoast-schema-graph\">{\"@context\":\"https:\\\/\\\/schema.org\",\"@graph\":[{\"@type\":\"WebPage\",\"@id\":\"https:\\\/\\\/accidentvalues.com\\\/es\\\/info\\\/cases\\\/settle-or-trial\\\/\",\"url\":\"https:\\\/\\\/accidentvalues.com\\\/es\\\/info\\\/cases\\\/settle-or-trial\\\/\",\"name\":\"Llegar a un Acuerdo o Ir a Juicio - AccidentValues.com Espa\u00f1ol\",\"isPartOf\":{\"@id\":\"https:\\\/\\\/accidentvalues.com\\\/es\\\/#website\"},\"datePublished\":\"2014-09-10T16:42:27+00:00\",\"dateModified\":\"2019-11-25T20:43:50+00:00\",\"description\":\"It can be difficult to decide whether to settle or go to trial with your auto accident case. Consider these 5 crucial factors when making your decision.\",\"breadcrumb\":{\"@id\":\"https:\\\/\\\/accidentvalues.com\\\/es\\\/info\\\/cases\\\/settle-or-trial\\\/#breadcrumb\"},\"inLanguage\":\"en-US\",\"potentialAction\":[{\"@type\":\"ReadAction\",\"target\":[\"https:\\\/\\\/accidentvalues.com\\\/es\\\/info\\\/cases\\\/settle-or-trial\\\/\"]}]},{\"@type\":\"BreadcrumbList\",\"@id\":\"https:\\\/\\\/accidentvalues.com\\\/es\\\/info\\\/cases\\\/settle-or-trial\\\/#breadcrumb\",\"itemListElement\":[{\"@type\":\"ListItem\",\"position\":1,\"name\":\"Home\",\"item\":\"https:\\\/\\\/accidentvalues.com\\\/es\\\/\"},{\"@type\":\"ListItem\",\"position\":2,\"name\":\"Informaci\u00f3n\",\"item\":\"https:\\\/\\\/accidentvalues.com\\\/es\\\/info\\\/\"},{\"@type\":\"ListItem\",\"position\":3,\"name\":\"Casos\",\"item\":\"https:\\\/\\\/accidentvalues.com\\\/es\\\/info\\\/cases\\\/\"},{\"@type\":\"ListItem\",\"position\":4,\"name\":\"Llegar a un Acuerdo o Ir a Juicio\"}]},{\"@type\":\"WebSite\",\"@id\":\"https:\\\/\\\/accidentvalues.com\\\/es\\\/#website\",\"url\":\"https:\\\/\\\/accidentvalues.com\\\/es\\\/\",\"name\":\"AccidentValues.com Espa\u00f1ol\",\"description\":\"Calculate the Value of a Car or Truck Accident Claim\",\"potentialAction\":[{\"@type\":\"SearchAction\",\"target\":{\"@type\":\"EntryPoint\",\"urlTemplate\":\"https:\\\/\\\/accidentvalues.com\\\/es\\\/?s={search_term_string}\"},\"query-input\":{\"@type\":\"PropertyValueSpecification\",\"valueRequired\":true,\"valueName\":\"search_term_string\"}}],\"inLanguage\":\"en-US\"}]}<\/script>\n<!-- \/ Yoast SEO plugin. -->","yoast_head_json":{"title":"Llegar a un Acuerdo o Ir a Juicio - AccidentValues.com Espa\u00f1ol","description":"It can be difficult to decide whether to settle or go to trial with your auto accident case. Consider these 5 crucial factors when making your decision.","robots":{"index":"index","follow":"follow","max-snippet":"max-snippet:-1","max-image-preview":"max-image-preview:large","max-video-preview":"max-video-preview:-1"},"canonical":"https:\/\/accidentvalues.com\/es\/info\/cases\/settle-or-trial\/","og_locale":"en_US","og_type":"article","og_title":"Llegar a un Acuerdo o Ir a Juicio - AccidentValues.com Espa\u00f1ol","og_description":"It can be difficult to decide whether to settle or go to trial with your auto accident case. Consider these 5 crucial factors when making your decision.","og_url":"https:\/\/accidentvalues.com\/es\/info\/cases\/settle-or-trial\/","og_site_name":"AccidentValues.com Espa\u00f1ol","article_modified_time":"2019-11-25T20:43:50+00:00","twitter_card":"summary_large_image","twitter_misc":{"Est. reading time":"3 minutes"},"schema":{"@context":"https:\/\/schema.org","@graph":[{"@type":"WebPage","@id":"https:\/\/accidentvalues.com\/es\/info\/cases\/settle-or-trial\/","url":"https:\/\/accidentvalues.com\/es\/info\/cases\/settle-or-trial\/","name":"Llegar a un Acuerdo o Ir a Juicio - AccidentValues.com Espa\u00f1ol","isPartOf":{"@id":"https:\/\/accidentvalues.com\/es\/#website"},"datePublished":"2014-09-10T16:42:27+00:00","dateModified":"2019-11-25T20:43:50+00:00","description":"It can be difficult to decide whether to settle or go to trial with your auto accident case. Consider these 5 crucial factors when making your decision.","breadcrumb":{"@id":"https:\/\/accidentvalues.com\/es\/info\/cases\/settle-or-trial\/#breadcrumb"},"inLanguage":"en-US","potentialAction":[{"@type":"ReadAction","target":["https:\/\/accidentvalues.com\/es\/info\/cases\/settle-or-trial\/"]}]},{"@type":"BreadcrumbList","@id":"https:\/\/accidentvalues.com\/es\/info\/cases\/settle-or-trial\/#breadcrumb","itemListElement":[{"@type":"ListItem","position":1,"name":"Home","item":"https:\/\/accidentvalues.com\/es\/"},{"@type":"ListItem","position":2,"name":"Informaci\u00f3n","item":"https:\/\/accidentvalues.com\/es\/info\/"},{"@type":"ListItem","position":3,"name":"Casos","item":"https:\/\/accidentvalues.com\/es\/info\/cases\/"},{"@type":"ListItem","position":4,"name":"Llegar a un Acuerdo o Ir a Juicio"}]},{"@type":"WebSite","@id":"https:\/\/accidentvalues.com\/es\/#website","url":"https:\/\/accidentvalues.com\/es\/","name":"AccidentValues.com Espa\u00f1ol","description":"Calculate the Value of a Car or Truck Accident Claim","potentialAction":[{"@type":"SearchAction","target":{"@type":"EntryPoint","urlTemplate":"https:\/\/accidentvalues.com\/es\/?s={search_term_string}"},"query-input":{"@type":"PropertyValueSpecification","valueRequired":true,"valueName":"search_term_string"}}],"inLanguage":"en-US"}]}},"_links":{"self":[{"href":"https:\/\/accidentvalues.com\/es\/wp-json\/wp\/v2\/pages\/349","targetHints":{"allow":["GET"]}}],"collection":[{"href":"https:\/\/accidentvalues.com\/es\/wp-json\/wp\/v2\/pages"}],"about":[{"href":"https:\/\/accidentvalues.com\/es\/wp-json\/wp\/v2\/types\/page"}],"author":[{"embeddable":true,"href":"https:\/\/accidentvalues.com\/es\/wp-json\/wp\/v2\/users\/3"}],"replies":[{"embeddable":true,"href":"https:\/\/accidentvalues.com\/es\/wp-json\/wp\/v2\/comments?post=349"}],"version-history":[{"count":8,"href":"https:\/\/accidentvalues.com\/es\/wp-json\/wp\/v2\/pages\/349\/revisions"}],"predecessor-version":[{"id":543,"href":"https:\/\/accidentvalues.com\/es\/wp-json\/wp\/v2\/pages\/349\/revisions\/543"}],"up":[{"embeddable":true,"href":"https:\/\/accidentvalues.com\/es\/wp-json\/wp\/v2\/pages\/54"}],"wp:attachment":[{"href":"https:\/\/accidentvalues.com\/es\/wp-json\/wp\/v2\/media?parent=349"}],"curies":[{"name":"wp","href":"https:\/\/api.w.org\/{rel}","templated":true}]}}