{"id":356,"date":"2014-09-15T10:17:57","date_gmt":"2014-09-15T14:17:57","guid":{"rendered":"http:\/\/accidentvalues.com\/?page_id=356"},"modified":"2019-11-26T10:24:43","modified_gmt":"2019-11-26T15:24:43","slug":"commercial-auto-insurance","status":"publish","type":"page","link":"https:\/\/accidentvalues.com\/es\/info\/insurance\/commercial-auto-insurance\/","title":{"rendered":"Seguro de Autom\u00f3vil Comercial"},"content":{"rendered":"<p>Seguro de auto comercia provee cubierta de seguro para cualquier veh\u00edculo que se use para prop\u00f3sitos de negocios. Si a usted le pega un veh\u00edculo comercial, usted negociara con la compa\u00f1\u00eda de seguro del veh\u00edculo comercial del conductor. Seguido, el empleador del conductor se envolver\u00e1, como \u00e9l tambi\u00e9n se puede ser sujeto a la responsabilidad.<\/p>\n<h2>Cubierta de Seguro en Veh\u00edculos Comerciales Flota en Veh\u00edculos Usados Tambi\u00e9n:<\/h2>\n<blockquote><p>\u2022 Carga de equipo<br \/>\n\u2022 Transporte flamable o material peligroso<br \/>\n\u2022 Transporte de quipo de quehaceres dom\u00e9sticos para uso comercial<br \/>\n\u2022 Uso, carga, o trasporte de gr\u00faa, cabrestante o arado<br \/>\n\u2022 Remolcar otro veh\u00edculo<br \/>\n\u2022 Entrega de algunos bienes u otra forma de ventas al por mayor o ventas al por menor<br \/>\n\u2022 Entrega de peri\u00f3dicos<br \/>\n\u2022 Transporte de camionetas y mercanc\u00edas<br \/>\n\u2022 Trasporte de personas como servicio<\/p><\/blockquote>\n<p>Todas las camionetas comerciales (tr\u00e1iler, camionetas mudas, gr\u00faas, camioneta de caj\u00f3n, camioneta de cama plana) debe de tener cubierta por el seguro responsable. El seguro responsable cobre lesiones y danos en propiedad causando a otros en un accidente que usted o su conductor ha causado. M\u00ednima culpabilidad son mandatarias por ley en cada estado, pero camioneras que frecuentemente cruzan las l\u00edneas de estado necesitar\u00edan tener el m\u00ednimo federalmente mandatario.<\/p>\n<h2>La p\u00f3liza de seguro depender\u00e1 de:<\/h2>\n<blockquote><p>\n\u2022 La clase de peso de la camioneta<br \/>\n\u2022 Tama\u00f1o, edad, modelo de la camioneta<br \/>\n\u2022 Registro de conducir del conductor<br \/>\n\u2022 Cubierta de rutas y millaje<br \/>\n\u2022 Tipos de materias que se trasportan<\/p><\/blockquote>\n<p>&nbsp;<\/p>\n<h2>Algunos de las p\u00f3lizas m\u00e1s populares opciones de comercio incluyen:<\/h2>\n<h3>Seguro de danos f\u00edsicos<\/h3>\n<p>Cubre casi todos los danos del veh\u00edculo de un accidente u otro accidente. Cubierta de equipo tambi\u00e9n puede caer dentro de esta categor\u00eda, ya que provee cubierta por perdida o da\u00f1o a la propiedad dentro de la camioneta que le pertenece al conductor, tambi\u00e9n equipo como cadenas, lonas y equipo electr\u00f3nico y dispositivos electr\u00f3nicos.<\/p>\n<h3>Seguro de da\u00f1o a la propiedad<\/h3>\n<p>Cubre los da\u00f1os f\u00edsicos infligidos (mientras act\u00faa en una capacidad de trabajo) en veh\u00edculos y otros tipos de propiedades que no pertenecen al negocio.<\/p>\n<h3>Cubierta de automovilista sin seguro\/sub asegurado<\/h3>\n<p>Cubre el costo de las lesiones y danos si un conductor se encuentra en un accidente donde el otro conductor es el culpable, pero el conductor no tiene la cubierta adecuada para pagar por las lesiones y danos en propiedad.<\/p>\n<h3>\nSeguro de camioneta de carga de motor<\/h3>\n<p>Est\u00e1 cubierta de seguro de carga de trasporte si hay perdida o da\u00f1o mientras esta en trasporte. El gobierno federal requiere que una camioneta tenga el m\u00ednimo de $5,000 en cubierta, pero al conductor se le requiere por el remitente que carga m\u00e1s seguro.<\/p>\n<h3>Seguro de pagos m\u00e9dicos<\/h3>\n<p>Este seguro (similar al seguro de protecci\u00f3n en lesi\u00f3n personal) provee cubierta por cualquier costo m\u00e9dico que los conductores\/pasajeros puedan incurrir por parte de un accidente en la plataforma de la camioneta. Por esta raz\u00f3n, la compa\u00f1\u00eda de seguro requiere una lista de todos los conductores que operan el veh\u00edculo.<\/p>\n<h3>Seguro de lesi\u00f3n f\u00edsica<\/h3>\n<p>Cubre lesiones de lesiones personales que no incluyen gastos m\u00e9dicos.<\/p>\n<h3>Seguro de accidente ocupacional<\/h3>\n<p>Esta cubierta provee a los conductores y sus familiares una protecci\u00f3n adicional si el conductor se lastima mientras esta en el trabajo. Provee beneficios por miente en accidente y desmembramiento, gastos m\u00e9dicos por gastos por lesiones relacionados con un accidente, y ambas temporalmente y cubierta de incapacidad de largo tiempo.<\/p>\n<h3>Seguro de camionetas no aseguradas<\/h3>\n<p>Seguro de camioneras no aseguradas cubre el conductor mientras el mismo no est\u00e1 trabajando en su trabajo, como cuando \u00e9l est\u00e1 manejando para un o de regreso a un sitio de trabajo o si el veh\u00edculo se est\u00e1 utilizando por razones personales.<\/p>\n<h3>Cubierta de no due\u00f1o del remolque<\/h3>\n<p>Este seguro provee compensaci\u00f3n por los danos a una tercera parte que es due\u00f1o de un remolque que esta enganchado a una plataforma. Esta cubierta es para la estructura del remolque solamente y no incluye el contenido. Adicional, solo cubrir\u00e1 los danos que est\u00e1n incurridos mientras que el remolque esta enchanchada em la camioneta.<\/p>\n<p>(Sources: <a href=\"http:\/\/smallbusiness.chron.com\/commercial-truck-insurance-work-40548.html\">http:\/\/smallbusiness.chron.com\/commercial-truck-insurance-work-40548.html<\/a>; <a href=\"http:\/\/www.dmv.org\/insurance\/types-of-commercial-auto-insurance.php\">http:\/\/www.dmv.org\/insurance\/types-of-commercial-auto-insurance.php<\/a>)<\/p>\n<p>Si usted estuvo en un accidente con un veh\u00edculo comercial, en cualquier veh\u00edculo comercial o como conductor del veh\u00edculo,\u00a0<a href=\"http:\/\/accidentvalues.com\/calculator\/\">Calculator\u00a0<\/a>para asesar al valor de su caso.<\/p>\n","protected":false},"excerpt":{"rendered":"<p>Seguro de auto comercia provee cubierta de seguro para cualquier veh\u00edculo que se use para prop\u00f3sitos de negocios. Si a usted le pega un veh\u00edculo comercial, usted negociara con la compa\u00f1\u00eda de seguro del veh\u00edculo comercial del conductor. Seguido, el empleador del conductor se envolver\u00e1, como \u00e9l tambi\u00e9n se puede ser sujeto a la responsabilidad. [&hellip;]<\/p>\n","protected":false},"author":3,"featured_media":0,"parent":57,"menu_order":0,"comment_status":"closed","ping_status":"open","template":"","meta":{"footnotes":""},"class_list":["post-356","page","type-page","status-publish","hentry"],"yoast_head":"<!-- This site is optimized with the Yoast SEO plugin v27.4 - https:\/\/yoast.com\/product\/yoast-seo-wordpress\/ -->\n<title>Seguro de Autom\u00f3vil Comercial - AccidentValues.com Espa\u00f1ol<\/title>\n<meta name=\"description\" content=\"As a victim of a trucking accident, you are entitled to damage compensation. Find out what the most popular commercial trucking insurance policies include.\" \/>\n<meta name=\"robots\" content=\"index, follow, max-snippet:-1, max-image-preview:large, max-video-preview:-1\" \/>\n<link rel=\"canonical\" href=\"https:\/\/accidentvalues.com\/es\/info\/insurance\/commercial-auto-insurance\/\" \/>\n<meta property=\"og:locale\" content=\"en_US\" \/>\n<meta property=\"og:type\" content=\"article\" \/>\n<meta property=\"og:title\" content=\"Seguro de Autom\u00f3vil Comercial - AccidentValues.com Espa\u00f1ol\" \/>\n<meta property=\"og:description\" content=\"As a victim of a trucking accident, you are entitled to damage compensation. Find out what the most popular commercial trucking insurance policies include.\" \/>\n<meta property=\"og:url\" content=\"https:\/\/accidentvalues.com\/es\/info\/insurance\/commercial-auto-insurance\/\" \/>\n<meta property=\"og:site_name\" content=\"AccidentValues.com Espa\u00f1ol\" \/>\n<meta property=\"article:modified_time\" content=\"2019-11-26T15:24:43+00:00\" \/>\n<meta name=\"twitter:card\" content=\"summary_large_image\" \/>\n<meta name=\"twitter:label1\" content=\"Est. reading time\" \/>\n\t<meta name=\"twitter:data1\" content=\"4 minutes\" \/>\n<script type=\"application\/ld+json\" class=\"yoast-schema-graph\">{\"@context\":\"https:\\\/\\\/schema.org\",\"@graph\":[{\"@type\":\"WebPage\",\"@id\":\"https:\\\/\\\/accidentvalues.com\\\/es\\\/info\\\/insurance\\\/commercial-auto-insurance\\\/\",\"url\":\"https:\\\/\\\/accidentvalues.com\\\/es\\\/info\\\/insurance\\\/commercial-auto-insurance\\\/\",\"name\":\"Seguro de Autom\u00f3vil Comercial - AccidentValues.com Espa\u00f1ol\",\"isPartOf\":{\"@id\":\"https:\\\/\\\/accidentvalues.com\\\/es\\\/#website\"},\"datePublished\":\"2014-09-15T14:17:57+00:00\",\"dateModified\":\"2019-11-26T15:24:43+00:00\",\"description\":\"As a victim of a trucking accident, you are entitled to damage compensation. Find out what the most popular commercial trucking insurance policies include.\",\"breadcrumb\":{\"@id\":\"https:\\\/\\\/accidentvalues.com\\\/es\\\/info\\\/insurance\\\/commercial-auto-insurance\\\/#breadcrumb\"},\"inLanguage\":\"en-US\",\"potentialAction\":[{\"@type\":\"ReadAction\",\"target\":[\"https:\\\/\\\/accidentvalues.com\\\/es\\\/info\\\/insurance\\\/commercial-auto-insurance\\\/\"]}]},{\"@type\":\"BreadcrumbList\",\"@id\":\"https:\\\/\\\/accidentvalues.com\\\/es\\\/info\\\/insurance\\\/commercial-auto-insurance\\\/#breadcrumb\",\"itemListElement\":[{\"@type\":\"ListItem\",\"position\":1,\"name\":\"Home\",\"item\":\"https:\\\/\\\/accidentvalues.com\\\/es\\\/\"},{\"@type\":\"ListItem\",\"position\":2,\"name\":\"Informaci\u00f3n\",\"item\":\"https:\\\/\\\/accidentvalues.com\\\/es\\\/info\\\/\"},{\"@type\":\"ListItem\",\"position\":3,\"name\":\"Seguro\",\"item\":\"https:\\\/\\\/accidentvalues.com\\\/es\\\/info\\\/insurance\\\/\"},{\"@type\":\"ListItem\",\"position\":4,\"name\":\"Seguro de Autom\u00f3vil Comercial\"}]},{\"@type\":\"WebSite\",\"@id\":\"https:\\\/\\\/accidentvalues.com\\\/es\\\/#website\",\"url\":\"https:\\\/\\\/accidentvalues.com\\\/es\\\/\",\"name\":\"AccidentValues.com Espa\u00f1ol\",\"description\":\"Calculate the Value of a Car or Truck Accident Claim\",\"potentialAction\":[{\"@type\":\"SearchAction\",\"target\":{\"@type\":\"EntryPoint\",\"urlTemplate\":\"https:\\\/\\\/accidentvalues.com\\\/es\\\/?s={search_term_string}\"},\"query-input\":{\"@type\":\"PropertyValueSpecification\",\"valueRequired\":true,\"valueName\":\"search_term_string\"}}],\"inLanguage\":\"en-US\"}]}<\/script>\n<!-- \/ Yoast SEO plugin. -->","yoast_head_json":{"title":"Seguro de Autom\u00f3vil Comercial - AccidentValues.com Espa\u00f1ol","description":"As a victim of a trucking accident, you are entitled to damage compensation. Find out what the most popular commercial trucking insurance policies include.","robots":{"index":"index","follow":"follow","max-snippet":"max-snippet:-1","max-image-preview":"max-image-preview:large","max-video-preview":"max-video-preview:-1"},"canonical":"https:\/\/accidentvalues.com\/es\/info\/insurance\/commercial-auto-insurance\/","og_locale":"en_US","og_type":"article","og_title":"Seguro de Autom\u00f3vil Comercial - AccidentValues.com Espa\u00f1ol","og_description":"As a victim of a trucking accident, you are entitled to damage compensation. Find out what the most popular commercial trucking insurance policies include.","og_url":"https:\/\/accidentvalues.com\/es\/info\/insurance\/commercial-auto-insurance\/","og_site_name":"AccidentValues.com Espa\u00f1ol","article_modified_time":"2019-11-26T15:24:43+00:00","twitter_card":"summary_large_image","twitter_misc":{"Est. reading time":"4 minutes"},"schema":{"@context":"https:\/\/schema.org","@graph":[{"@type":"WebPage","@id":"https:\/\/accidentvalues.com\/es\/info\/insurance\/commercial-auto-insurance\/","url":"https:\/\/accidentvalues.com\/es\/info\/insurance\/commercial-auto-insurance\/","name":"Seguro de Autom\u00f3vil Comercial - AccidentValues.com Espa\u00f1ol","isPartOf":{"@id":"https:\/\/accidentvalues.com\/es\/#website"},"datePublished":"2014-09-15T14:17:57+00:00","dateModified":"2019-11-26T15:24:43+00:00","description":"As a victim of a trucking accident, you are entitled to damage compensation. Find out what the most popular commercial trucking insurance policies include.","breadcrumb":{"@id":"https:\/\/accidentvalues.com\/es\/info\/insurance\/commercial-auto-insurance\/#breadcrumb"},"inLanguage":"en-US","potentialAction":[{"@type":"ReadAction","target":["https:\/\/accidentvalues.com\/es\/info\/insurance\/commercial-auto-insurance\/"]}]},{"@type":"BreadcrumbList","@id":"https:\/\/accidentvalues.com\/es\/info\/insurance\/commercial-auto-insurance\/#breadcrumb","itemListElement":[{"@type":"ListItem","position":1,"name":"Home","item":"https:\/\/accidentvalues.com\/es\/"},{"@type":"ListItem","position":2,"name":"Informaci\u00f3n","item":"https:\/\/accidentvalues.com\/es\/info\/"},{"@type":"ListItem","position":3,"name":"Seguro","item":"https:\/\/accidentvalues.com\/es\/info\/insurance\/"},{"@type":"ListItem","position":4,"name":"Seguro de Autom\u00f3vil Comercial"}]},{"@type":"WebSite","@id":"https:\/\/accidentvalues.com\/es\/#website","url":"https:\/\/accidentvalues.com\/es\/","name":"AccidentValues.com Espa\u00f1ol","description":"Calculate the Value of a Car or Truck Accident Claim","potentialAction":[{"@type":"SearchAction","target":{"@type":"EntryPoint","urlTemplate":"https:\/\/accidentvalues.com\/es\/?s={search_term_string}"},"query-input":{"@type":"PropertyValueSpecification","valueRequired":true,"valueName":"search_term_string"}}],"inLanguage":"en-US"}]}},"_links":{"self":[{"href":"https:\/\/accidentvalues.com\/es\/wp-json\/wp\/v2\/pages\/356","targetHints":{"allow":["GET"]}}],"collection":[{"href":"https:\/\/accidentvalues.com\/es\/wp-json\/wp\/v2\/pages"}],"about":[{"href":"https:\/\/accidentvalues.com\/es\/wp-json\/wp\/v2\/types\/page"}],"author":[{"embeddable":true,"href":"https:\/\/accidentvalues.com\/es\/wp-json\/wp\/v2\/users\/3"}],"replies":[{"embeddable":true,"href":"https:\/\/accidentvalues.com\/es\/wp-json\/wp\/v2\/comments?post=356"}],"version-history":[{"count":7,"href":"https:\/\/accidentvalues.com\/es\/wp-json\/wp\/v2\/pages\/356\/revisions"}],"predecessor-version":[{"id":561,"href":"https:\/\/accidentvalues.com\/es\/wp-json\/wp\/v2\/pages\/356\/revisions\/561"}],"up":[{"embeddable":true,"href":"https:\/\/accidentvalues.com\/es\/wp-json\/wp\/v2\/pages\/57"}],"wp:attachment":[{"href":"https:\/\/accidentvalues.com\/es\/wp-json\/wp\/v2\/media?parent=356"}],"curies":[{"name":"wp","href":"https:\/\/api.w.org\/{rel}","templated":true}]}}