{"id":36,"date":"2013-01-16T09:17:40","date_gmt":"2013-01-16T09:17:40","guid":{"rendered":"http:\/\/accidentvalues.com\/?page_id=36"},"modified":"2019-11-22T14:51:57","modified_gmt":"2019-11-22T19:51:57","slug":"medical-expenses","status":"publish","type":"page","link":"https:\/\/accidentvalues.com\/es\/info\/calculate\/medical-expenses\/","title":{"rendered":"Gastos M\u00e9dicos"},"content":{"rendered":"<p><strong>Gastos M\u00e9dicos<\/strong><\/p>\n<p>En casos de lesiones personales, uno de los componentes primordiales del valor de un caso es frecuentemente gastos m\u00e9dicos. Estos pueden ser relativamente simples en una peque\u00f1a demanda de accidente automovil\u00edstico, muchas veces se incluye una visita a la sala de emergencia, cita con el doctor primario, y un mes o algo de terapia f\u00edsica o terapia con el quiropr\u00e1ctico.<\/p>\n<p>En accidentes automovil\u00edsticos mas serios, los gastos m\u00e9dicos pueden ser mucho m\u00e1s grandes. Visitas a la sala de conmociones y traumas, cirug\u00edas, tratamiento psicol\u00f3gico, medicamento para el manejo para el dolor y gastos de radiolog\u00eda pueden a\u00f1adirse r\u00e1pidamente. Para algunas personas, gastos m\u00e9dicos contin\u00faan durante y despu\u00e9s de su demanda, por ello es que jueces y jurados se le da el poder de incluir futuros gastos m\u00e9dicos en sus veredictos.<\/p>\n<h2><strong>Calculando Pasados Gastos M\u00e9dicos<\/strong><\/h2>\n<p>Un demandante f\u00e1cilmente puede calcular pasados gastos m\u00e9dicos para beneficio del juez o jurado. Simplemente requiere el testimonio de un doctor (o acuerdo por el abogado de la parte opuesta) ese tratamiento m\u00e9dico incurrido despu\u00e9s de la lesi\u00f3n es necesario, y gastos m\u00e9dicos son justos, consuetudinario y razonable. En casos en la corte de distrito (el valor de un caso es $30,000 o menos), el demandante presentara su evidencia directa con sus gastos m\u00e9dicos. La defensa entonces puede someter el testimonio del doctor, en vivo o (m\u00e1s com\u00fanmente) en forma de una revisi\u00f3n de archivo, para la cr\u00edtica de los gastos m\u00e9dicos o tratamiento m\u00e9dico. O la defensa puede simplemente argumentar el valor de los gastos m\u00e9dicos sin presentar alg\u00fan testimonio contradictorio. Se dejar\u00eda en las manos se el juez decidir si los cargos son justos y razonables.<\/p>\n<p>En una corte de casos de corte de circuito m\u00e1s grande, el demandante debe presentar esta evidencia por medio de un testimonio en vivo o por un acuerdo con la otra parte. El juez o el jurado t\u00edpicamente tendr\u00e1 la oportunidad de revisar los cargos por ellos mismos, y puede opinar sobre si los mismos son justo o razonable.<\/p>\n<h3><em><strong>Referido de Tratamiento M\u00e9dico a Abogado<\/strong><\/em><\/h3>\n<p>Un problema que los ajustadores de la compa\u00f1\u00eda de segur, abogados de la defensa, jueces y jurados pueden considerar en cuanto la toma de decisiones en el valor de los gastos m\u00e9dicos es la fuente de referido. Muchas personas tienen algunas preocupaciones sobre la verdadera necesidad del tratamiento m\u00e9dico cuando la v\u00edctima encuentra su proveedor medico por medio de su abogado. Esto se puede entender. Algunas personas creen que situaciones como estas cargan un potencial de fraude- el proveedor medico obtienen clientes directamente por medio del abogado, entonces quiz\u00e1 ellos tengan un inter\u00e9s en aumentar<\/p>\n<p>Es mejor para los clientes encontrar su propio tratamiento m\u00e9dico lo m\u00e1s pronto posible para evitar problemas potenciales. Algunos clientes tienen dificultad, como sea, porque no tienen seguro m\u00e9dico, y si protecci\u00f3n de lesi\u00f3n personal (PIP) el seguro puede ser limitado o puede no existir. A veces, la \u00fanica manera de obtener tratamiento m\u00e9dico es por el referido de un abogado a un doctor que est\u00e9 dispuesto a proveer tratamiento esperando que le paguen luego.<\/p>\n<p>Algunos jueces no permiten testimonio sobre como el cliente obtuvo sus fisiatras, creyendo que eso constituye privilegio entre cliente \u2013 abogado. Otros jueces creen es la pregunta apropiada, y la respuesta puede ser considerada en decidir si el tratamiento y gastos son justos y razonables.<\/p>\n<h3><strong><em>Fuentes Colaterales: Seguro Medico<\/em> <\/strong><\/h3>\n<p>En Maryland, por ejemplo, demandantes pueden reclamar el valor de los gastos m\u00e9dicos aun que esos gastos hayan sido pagados por la protecci\u00f3n de lesi\u00f3n personal (PIP) o seguro m\u00e9dico. A esto se le llama fuerte colateral.<\/p>\n<h2><strong>Calculando Futuros Gastos M\u00e9dicos<\/strong><\/h2>\n<p>Para poder probar el valor de los futuros gastos m\u00e9dicos, un fisiatra debe testificar \u201csobre grado de certeza razonable\u201d que la v\u00edctima requiere un futuro tratamiento m\u00e9dico especifico. El doctor tambi\u00e9n debe testificar que tan justo y razonable es el costo de ese tratamiento m\u00e9dico.<\/p>\n<h2><strong>El Efecto En Gastos M\u00e9dicos Sobre Los Danos No Econ\u00f3micos<\/strong><\/h2>\n<p><!--more--><!--more--><br \/>\nMuchos jueces y jurados usan los gastos m\u00e9dicos como b\u00e1sicos en lo no econ\u00f3mico en danos como \u201cdolor y sufrimiento\u201d. Algunos piensan que los danos no econ\u00f3micos deben ser determinados por multiplicar los gastos m\u00e9dicos como n\u00fameros arbitrarios. Muchas d\u00e9cadas atr\u00e1s, antes de la reforma de culpa, era com\u00fanmente calcular los c\u00e1lculos no econ\u00f3micos multiplicado por los gastos m\u00e9dicos por el factor de tres. Algunas personas en estos tiempos siguen creyendo que los danos no econ\u00f3micos deben ser iguales o doblemente los gastos m\u00e9dicos.<\/p>\n<p>La realidad, esos c\u00e1lculos son arbitrarios, y no se pueden tomar en consideraci\u00f3n el valor de los damos no econ\u00f3micos reales. Por ejemplo, un paciente que tiene unos cuantos danos en valor no econ\u00f3mico (y gasto) examinaciones de radiolog\u00eda que revelan ning\u00fan tipo de fractura realmente no tiene una experiencia con m\u00e1s problema que alguien que no obtuvo ning\u00fan tipo de estudios. Igualmente, tratamiento m\u00e9dico puede ser inconveniente para una madre sola o dos que lo que ser\u00eda para un soltero retirado. El valor de los danos no econ\u00f3micos deben ser adaptados a las circunstancias espec\u00edficas de un caso.<\/p>\n","protected":false},"excerpt":{"rendered":"<p>Example excerpt.<\/p>\n","protected":false},"author":1,"featured_media":0,"parent":26,"menu_order":0,"comment_status":"closed","ping_status":"open","template":"","meta":{"footnotes":""},"class_list":["post-36","page","type-page","status-publish","hentry"],"yoast_head":"<!-- This site is optimized with the Yoast SEO plugin v27.4 - https:\/\/yoast.com\/product\/yoast-seo-wordpress\/ -->\n<title>Gastos M\u00e9dicos - AccidentValues.com Espa\u00f1ol<\/title>\n<meta name=\"robots\" content=\"index, follow, max-snippet:-1, max-image-preview:large, max-video-preview:-1\" \/>\n<link rel=\"canonical\" href=\"https:\/\/accidentvalues.com\/es\/info\/calculate\/medical-expenses\/\" \/>\n<meta property=\"og:locale\" content=\"en_US\" \/>\n<meta property=\"og:type\" content=\"article\" \/>\n<meta property=\"og:title\" content=\"Gastos M\u00e9dicos - AccidentValues.com Espa\u00f1ol\" \/>\n<meta property=\"og:description\" content=\"Example excerpt.\" \/>\n<meta property=\"og:url\" content=\"https:\/\/accidentvalues.com\/es\/info\/calculate\/medical-expenses\/\" \/>\n<meta property=\"og:site_name\" content=\"AccidentValues.com Espa\u00f1ol\" \/>\n<meta property=\"article:modified_time\" content=\"2019-11-22T19:51:57+00:00\" \/>\n<meta name=\"twitter:card\" content=\"summary_large_image\" \/>\n<meta name=\"twitter:label1\" content=\"Est. reading time\" \/>\n\t<meta name=\"twitter:data1\" content=\"5 minutes\" \/>\n<script type=\"application\/ld+json\" class=\"yoast-schema-graph\">{\"@context\":\"https:\\\/\\\/schema.org\",\"@graph\":[{\"@type\":\"WebPage\",\"@id\":\"https:\\\/\\\/accidentvalues.com\\\/es\\\/info\\\/calculate\\\/medical-expenses\\\/\",\"url\":\"https:\\\/\\\/accidentvalues.com\\\/es\\\/info\\\/calculate\\\/medical-expenses\\\/\",\"name\":\"Gastos M\u00e9dicos - AccidentValues.com Espa\u00f1ol\",\"isPartOf\":{\"@id\":\"https:\\\/\\\/accidentvalues.com\\\/es\\\/#website\"},\"datePublished\":\"2013-01-16T09:17:40+00:00\",\"dateModified\":\"2019-11-22T19:51:57+00:00\",\"breadcrumb\":{\"@id\":\"https:\\\/\\\/accidentvalues.com\\\/es\\\/info\\\/calculate\\\/medical-expenses\\\/#breadcrumb\"},\"inLanguage\":\"en-US\",\"potentialAction\":[{\"@type\":\"ReadAction\",\"target\":[\"https:\\\/\\\/accidentvalues.com\\\/es\\\/info\\\/calculate\\\/medical-expenses\\\/\"]}]},{\"@type\":\"BreadcrumbList\",\"@id\":\"https:\\\/\\\/accidentvalues.com\\\/es\\\/info\\\/calculate\\\/medical-expenses\\\/#breadcrumb\",\"itemListElement\":[{\"@type\":\"ListItem\",\"position\":1,\"name\":\"Home\",\"item\":\"https:\\\/\\\/accidentvalues.com\\\/es\\\/\"},{\"@type\":\"ListItem\",\"position\":2,\"name\":\"Informaci\u00f3n\",\"item\":\"https:\\\/\\\/accidentvalues.com\\\/es\\\/info\\\/\"},{\"@type\":\"ListItem\",\"position\":3,\"name\":\"Calcule\",\"item\":\"https:\\\/\\\/accidentvalues.com\\\/es\\\/info\\\/calculate\\\/\"},{\"@type\":\"ListItem\",\"position\":4,\"name\":\"Gastos M\u00e9dicos\"}]},{\"@type\":\"WebSite\",\"@id\":\"https:\\\/\\\/accidentvalues.com\\\/es\\\/#website\",\"url\":\"https:\\\/\\\/accidentvalues.com\\\/es\\\/\",\"name\":\"AccidentValues.com Espa\u00f1ol\",\"description\":\"Calculate the Value of a Car or Truck Accident Claim\",\"potentialAction\":[{\"@type\":\"SearchAction\",\"target\":{\"@type\":\"EntryPoint\",\"urlTemplate\":\"https:\\\/\\\/accidentvalues.com\\\/es\\\/?s={search_term_string}\"},\"query-input\":{\"@type\":\"PropertyValueSpecification\",\"valueRequired\":true,\"valueName\":\"search_term_string\"}}],\"inLanguage\":\"en-US\"}]}<\/script>\n<!-- \/ Yoast SEO plugin. -->","yoast_head_json":{"title":"Gastos M\u00e9dicos - AccidentValues.com Espa\u00f1ol","robots":{"index":"index","follow":"follow","max-snippet":"max-snippet:-1","max-image-preview":"max-image-preview:large","max-video-preview":"max-video-preview:-1"},"canonical":"https:\/\/accidentvalues.com\/es\/info\/calculate\/medical-expenses\/","og_locale":"en_US","og_type":"article","og_title":"Gastos M\u00e9dicos - AccidentValues.com Espa\u00f1ol","og_description":"Example excerpt.","og_url":"https:\/\/accidentvalues.com\/es\/info\/calculate\/medical-expenses\/","og_site_name":"AccidentValues.com Espa\u00f1ol","article_modified_time":"2019-11-22T19:51:57+00:00","twitter_card":"summary_large_image","twitter_misc":{"Est. reading time":"5 minutes"},"schema":{"@context":"https:\/\/schema.org","@graph":[{"@type":"WebPage","@id":"https:\/\/accidentvalues.com\/es\/info\/calculate\/medical-expenses\/","url":"https:\/\/accidentvalues.com\/es\/info\/calculate\/medical-expenses\/","name":"Gastos M\u00e9dicos - AccidentValues.com Espa\u00f1ol","isPartOf":{"@id":"https:\/\/accidentvalues.com\/es\/#website"},"datePublished":"2013-01-16T09:17:40+00:00","dateModified":"2019-11-22T19:51:57+00:00","breadcrumb":{"@id":"https:\/\/accidentvalues.com\/es\/info\/calculate\/medical-expenses\/#breadcrumb"},"inLanguage":"en-US","potentialAction":[{"@type":"ReadAction","target":["https:\/\/accidentvalues.com\/es\/info\/calculate\/medical-expenses\/"]}]},{"@type":"BreadcrumbList","@id":"https:\/\/accidentvalues.com\/es\/info\/calculate\/medical-expenses\/#breadcrumb","itemListElement":[{"@type":"ListItem","position":1,"name":"Home","item":"https:\/\/accidentvalues.com\/es\/"},{"@type":"ListItem","position":2,"name":"Informaci\u00f3n","item":"https:\/\/accidentvalues.com\/es\/info\/"},{"@type":"ListItem","position":3,"name":"Calcule","item":"https:\/\/accidentvalues.com\/es\/info\/calculate\/"},{"@type":"ListItem","position":4,"name":"Gastos M\u00e9dicos"}]},{"@type":"WebSite","@id":"https:\/\/accidentvalues.com\/es\/#website","url":"https:\/\/accidentvalues.com\/es\/","name":"AccidentValues.com Espa\u00f1ol","description":"Calculate the Value of a Car or Truck Accident Claim","potentialAction":[{"@type":"SearchAction","target":{"@type":"EntryPoint","urlTemplate":"https:\/\/accidentvalues.com\/es\/?s={search_term_string}"},"query-input":{"@type":"PropertyValueSpecification","valueRequired":true,"valueName":"search_term_string"}}],"inLanguage":"en-US"}]}},"_links":{"self":[{"href":"https:\/\/accidentvalues.com\/es\/wp-json\/wp\/v2\/pages\/36","targetHints":{"allow":["GET"]}}],"collection":[{"href":"https:\/\/accidentvalues.com\/es\/wp-json\/wp\/v2\/pages"}],"about":[{"href":"https:\/\/accidentvalues.com\/es\/wp-json\/wp\/v2\/types\/page"}],"author":[{"embeddable":true,"href":"https:\/\/accidentvalues.com\/es\/wp-json\/wp\/v2\/users\/1"}],"replies":[{"embeddable":true,"href":"https:\/\/accidentvalues.com\/es\/wp-json\/wp\/v2\/comments?post=36"}],"version-history":[{"count":5,"href":"https:\/\/accidentvalues.com\/es\/wp-json\/wp\/v2\/pages\/36\/revisions"}],"predecessor-version":[{"id":515,"href":"https:\/\/accidentvalues.com\/es\/wp-json\/wp\/v2\/pages\/36\/revisions\/515"}],"up":[{"embeddable":true,"href":"https:\/\/accidentvalues.com\/es\/wp-json\/wp\/v2\/pages\/26"}],"wp:attachment":[{"href":"https:\/\/accidentvalues.com\/es\/wp-json\/wp\/v2\/media?parent=36"}],"curies":[{"name":"wp","href":"https:\/\/api.w.org\/{rel}","templated":true}]}}