{"id":363,"date":"2014-09-17T10:59:49","date_gmt":"2014-09-17T14:59:49","guid":{"rendered":"http:\/\/accidentvalues.com\/?page_id=363"},"modified":"2019-12-02T15:54:04","modified_gmt":"2019-12-02T20:54:04","slug":"hit-run","status":"publish","type":"page","link":"https:\/\/accidentvalues.com\/es\/info\/crash-types\/hit-run\/","title":{"rendered":"Pegada y Huida"},"content":{"rendered":"<p>Un accidente de pegada y huida es un accidente en la cual un conductor deja intencionalmente la escena sin proveer informaci\u00f3n de contacto. Aproximadamente un\u00a0<a href=\"https:\/\/www.aaafoundation.org\/sites\/default\/files\/HitandRun.pdf\">11%<\/a> de los accidentes de trafico envuelven un accidente de pegada y huida, de acuerdo con la Fundaci\u00f3n de AAA para la Seguridad del Tr\u00e1fico.<\/p>\n<h2>Obligaciones en un Accidente<\/h2>\n<p>En el caso de un accidente de auto, la ley requiere que usted:<\/p>\n<ul>\n<li>\u00a0Intercambio informaci\u00f3n de seguro con el conductor del veh\u00edculo<\/li>\n<li>\u00a0Determinar si los pasajeros necesitan ayuda medica y obtener ayuda si ellos as\u00ed lo necesitan<\/li>\n<li>\u00a0Contactar a la polic\u00eda para informarle sobre el accidente y cumplir con todos los requisitos de la ley (esto incluye permanecer en la escena)<\/li>\n<li>\u00a0Producir una licencia de conductor, prueba de seguro, y registro del veh\u00edculo.<\/li>\n<li>Someterse a un examen de intoxicaci\u00f3n o discapacidad si as\u00ed lo aplica la ley.<\/li>\n<\/ul>\n<h2>Veh\u00edculos Desatendidos<\/h2>\n<p>Si un conductor le pega a su veh\u00edculo estacionado y se va sin dejar informaci\u00f3n, usted es una v\u00edctima de pegada I huida. A menos que usted pueda encintar a alguien que halla sido testigo del accidente, y pueda identificar el individuo que causo los da\u00f1os, la reparaci\u00f3n de su auto ser\u00e1 entre usted y su compa\u00f1\u00eda de seguro. El tipo de cobertura que se necesita para cubrir los gastos depende de los da\u00f1os causados y como ocurri\u00f3. Por ejemplo, si alguien le rompe las ventanas y le roban el radio, su p\u00f3liza de cobertura comprehensiva de robo y vandalismo cubrir\u00e1 las perdidas. Muchas veces, su cubierta sin seguro o sobre seguro cubrir\u00e1 los da\u00f1os.<\/p>\n<h2>Veh\u00edculos Atendidos<\/h2>\n<p>Si usted est\u00e1 en su auto, un auto le pega y da velocidad, usted es una victima de pegada y huida. Antes de que el auto se salga de su vista, trate de escribir lo mas posible la informaci\u00f3n sobre el veh\u00edculo (modelo, la marca, numero de placa) y el conductor del mimo. Usted debe contactar la polic\u00eda inmediatamente. Sin importar la tentaci\u00f3n que usted tenga de perseguir al conductor. Usted puede estar seguro que el otro conductor este pensando, que clase de acci\u00f3n se estar\u00e1 tomando en cuanto lo encuentren. Mas, su adrenalina puede ser que le haga conducir sin su precauci\u00f3n usual, y usted puede crear su propio accidente. Si el otro conductor puede ser identificado, usted o su compa\u00f1\u00eda de seguro puede contactar la compa\u00f1\u00eda de seguro de esa persona y someter in reclamo por da\u00f1os. Su compa\u00f1\u00eda de seguro de colisi\u00f3n o seguro de veh\u00edculos sin seguro puede ser que culpable las reparaciones de un accidente de pegada y huida de un veh\u00edculo atendido, pero usted sigue siendo el responsable de pagar el deducibles.<\/p>\n<h2>Penalidades<\/h2>\n<p>Es mandatorio en todas las jurisdicciones que todas las partes paren sus veh\u00edculos cuando hay accidentes envueltos. Si el conductor no para, se les someter\u00e1 a penalidades criminales, que var\u00edan depende el estado. Las penalidades criminales por una pegada y huida son generalmente menos serias si el accidente envuelve solamente da\u00f1os en la propiedad (como buz\u00f3n o alumbrado) y no la lesi\u00f3n de otra persona o veh\u00edculo. Las penalidades por pegar y huir tambi\u00e9n dependen de el historial del conductor y si otros individuos han estado envueltos en el accidente est\u00e1n heridos severamente. Las multas est\u00e1n entre $5,000 a $20,000 y incarceraci\u00f3n puede ser una posible consecuencia. Tambi\u00e9n puede haber penalidades administrativas a la licencia del conductor, como suspensi\u00f3n o renovaci\u00f3n. Tambi\u00e9n, puede haber penalidades civiles, como demandas que toman las acciones punitivas con da\u00f1os triples. Esto significa que en adici\u00f3n a la cantidad que se necesita para pagar los da\u00f1os, el juez puede triplicar la cantidad pagada al demandante como una manera de castigar la conducta del demandado.<\/p>\n<p>Se usted ha sido una victima de un accidente, use la \u00a0the <a href=\"http:\/\/accidentvalues.com\/calculator\/\">Car Accident Claim Calculator<\/a> para poder estimar el valor de su caso.<\/p>\n","protected":false},"excerpt":{"rendered":"<p>Un accidente de pegada y huida es un accidente en la cual un conductor deja intencionalmente la escena sin proveer informaci\u00f3n de contacto. Aproximadamente un\u00a011% de los accidentes de trafico envuelven un accidente de pegada y huida, de acuerdo con la Fundaci\u00f3n de AAA para la Seguridad del Tr\u00e1fico. Obligaciones en un Accidente En el [&hellip;]<\/p>\n","protected":false},"author":3,"featured_media":0,"parent":210,"menu_order":0,"comment_status":"closed","ping_status":"open","template":"","meta":{"footnotes":""},"class_list":["post-363","page","type-page","status-publish","hentry"],"yoast_head":"<!-- This site is optimized with the Yoast SEO plugin v27.3 - https:\/\/yoast.com\/product\/yoast-seo-wordpress\/ -->\n<title>Pegada y Huida - AccidentValues.com Espa\u00f1ol<\/title>\n<meta name=\"description\" content=\"As a victim of a hit and run accident, you are probably feeling frustrated and helpless. Here are some hints to help you deal with a hit and run situation.\" \/>\n<meta name=\"robots\" content=\"index, follow, max-snippet:-1, max-image-preview:large, max-video-preview:-1\" \/>\n<link rel=\"canonical\" href=\"https:\/\/accidentvalues.com\/es\/info\/crash-types\/hit-run\/\" \/>\n<meta property=\"og:locale\" content=\"en_US\" \/>\n<meta property=\"og:type\" content=\"article\" \/>\n<meta property=\"og:title\" content=\"Pegada y Huida - AccidentValues.com Espa\u00f1ol\" \/>\n<meta property=\"og:description\" content=\"As a victim of a hit and run accident, you are probably feeling frustrated and helpless. Here are some hints to help you deal with a hit and run situation.\" \/>\n<meta property=\"og:url\" content=\"https:\/\/accidentvalues.com\/es\/info\/crash-types\/hit-run\/\" \/>\n<meta property=\"og:site_name\" content=\"AccidentValues.com Espa\u00f1ol\" \/>\n<meta property=\"article:modified_time\" content=\"2019-12-02T20:54:04+00:00\" \/>\n<meta name=\"twitter:card\" content=\"summary_large_image\" \/>\n<meta name=\"twitter:label1\" content=\"Est. reading time\" \/>\n\t<meta name=\"twitter:data1\" content=\"3 minutes\" \/>\n<script type=\"application\/ld+json\" class=\"yoast-schema-graph\">{\"@context\":\"https:\\\/\\\/schema.org\",\"@graph\":[{\"@type\":\"WebPage\",\"@id\":\"https:\\\/\\\/accidentvalues.com\\\/es\\\/info\\\/crash-types\\\/hit-run\\\/\",\"url\":\"https:\\\/\\\/accidentvalues.com\\\/es\\\/info\\\/crash-types\\\/hit-run\\\/\",\"name\":\"Pegada y Huida - AccidentValues.com Espa\u00f1ol\",\"isPartOf\":{\"@id\":\"https:\\\/\\\/accidentvalues.com\\\/es\\\/#website\"},\"datePublished\":\"2014-09-17T14:59:49+00:00\",\"dateModified\":\"2019-12-02T20:54:04+00:00\",\"description\":\"As a victim of a hit and run accident, you are probably feeling frustrated and helpless. Here are some hints to help you deal with a hit and run situation.\",\"breadcrumb\":{\"@id\":\"https:\\\/\\\/accidentvalues.com\\\/es\\\/info\\\/crash-types\\\/hit-run\\\/#breadcrumb\"},\"inLanguage\":\"en-US\",\"potentialAction\":[{\"@type\":\"ReadAction\",\"target\":[\"https:\\\/\\\/accidentvalues.com\\\/es\\\/info\\\/crash-types\\\/hit-run\\\/\"]}]},{\"@type\":\"BreadcrumbList\",\"@id\":\"https:\\\/\\\/accidentvalues.com\\\/es\\\/info\\\/crash-types\\\/hit-run\\\/#breadcrumb\",\"itemListElement\":[{\"@type\":\"ListItem\",\"position\":1,\"name\":\"Home\",\"item\":\"https:\\\/\\\/accidentvalues.com\\\/es\\\/\"},{\"@type\":\"ListItem\",\"position\":2,\"name\":\"Informaci\u00f3n\",\"item\":\"https:\\\/\\\/accidentvalues.com\\\/es\\\/info\\\/\"},{\"@type\":\"ListItem\",\"position\":3,\"name\":\"Tipos de Choques\",\"item\":\"https:\\\/\\\/accidentvalues.com\\\/es\\\/info\\\/crash-types\\\/\"},{\"@type\":\"ListItem\",\"position\":4,\"name\":\"Pegada y Huida\"}]},{\"@type\":\"WebSite\",\"@id\":\"https:\\\/\\\/accidentvalues.com\\\/es\\\/#website\",\"url\":\"https:\\\/\\\/accidentvalues.com\\\/es\\\/\",\"name\":\"AccidentValues.com Espa\u00f1ol\",\"description\":\"Calculate the Value of a Car or Truck Accident Claim\",\"potentialAction\":[{\"@type\":\"SearchAction\",\"target\":{\"@type\":\"EntryPoint\",\"urlTemplate\":\"https:\\\/\\\/accidentvalues.com\\\/es\\\/?s={search_term_string}\"},\"query-input\":{\"@type\":\"PropertyValueSpecification\",\"valueRequired\":true,\"valueName\":\"search_term_string\"}}],\"inLanguage\":\"en-US\"}]}<\/script>\n<!-- \/ Yoast SEO plugin. -->","yoast_head_json":{"title":"Pegada y Huida - AccidentValues.com Espa\u00f1ol","description":"As a victim of a hit and run accident, you are probably feeling frustrated and helpless. Here are some hints to help you deal with a hit and run situation.","robots":{"index":"index","follow":"follow","max-snippet":"max-snippet:-1","max-image-preview":"max-image-preview:large","max-video-preview":"max-video-preview:-1"},"canonical":"https:\/\/accidentvalues.com\/es\/info\/crash-types\/hit-run\/","og_locale":"en_US","og_type":"article","og_title":"Pegada y Huida - AccidentValues.com Espa\u00f1ol","og_description":"As a victim of a hit and run accident, you are probably feeling frustrated and helpless. Here are some hints to help you deal with a hit and run situation.","og_url":"https:\/\/accidentvalues.com\/es\/info\/crash-types\/hit-run\/","og_site_name":"AccidentValues.com Espa\u00f1ol","article_modified_time":"2019-12-02T20:54:04+00:00","twitter_card":"summary_large_image","twitter_misc":{"Est. reading time":"3 minutes"},"schema":{"@context":"https:\/\/schema.org","@graph":[{"@type":"WebPage","@id":"https:\/\/accidentvalues.com\/es\/info\/crash-types\/hit-run\/","url":"https:\/\/accidentvalues.com\/es\/info\/crash-types\/hit-run\/","name":"Pegada y Huida - AccidentValues.com Espa\u00f1ol","isPartOf":{"@id":"https:\/\/accidentvalues.com\/es\/#website"},"datePublished":"2014-09-17T14:59:49+00:00","dateModified":"2019-12-02T20:54:04+00:00","description":"As a victim of a hit and run accident, you are probably feeling frustrated and helpless. Here are some hints to help you deal with a hit and run situation.","breadcrumb":{"@id":"https:\/\/accidentvalues.com\/es\/info\/crash-types\/hit-run\/#breadcrumb"},"inLanguage":"en-US","potentialAction":[{"@type":"ReadAction","target":["https:\/\/accidentvalues.com\/es\/info\/crash-types\/hit-run\/"]}]},{"@type":"BreadcrumbList","@id":"https:\/\/accidentvalues.com\/es\/info\/crash-types\/hit-run\/#breadcrumb","itemListElement":[{"@type":"ListItem","position":1,"name":"Home","item":"https:\/\/accidentvalues.com\/es\/"},{"@type":"ListItem","position":2,"name":"Informaci\u00f3n","item":"https:\/\/accidentvalues.com\/es\/info\/"},{"@type":"ListItem","position":3,"name":"Tipos de Choques","item":"https:\/\/accidentvalues.com\/es\/info\/crash-types\/"},{"@type":"ListItem","position":4,"name":"Pegada y Huida"}]},{"@type":"WebSite","@id":"https:\/\/accidentvalues.com\/es\/#website","url":"https:\/\/accidentvalues.com\/es\/","name":"AccidentValues.com Espa\u00f1ol","description":"Calculate the Value of a Car or Truck Accident Claim","potentialAction":[{"@type":"SearchAction","target":{"@type":"EntryPoint","urlTemplate":"https:\/\/accidentvalues.com\/es\/?s={search_term_string}"},"query-input":{"@type":"PropertyValueSpecification","valueRequired":true,"valueName":"search_term_string"}}],"inLanguage":"en-US"}]}},"_links":{"self":[{"href":"https:\/\/accidentvalues.com\/es\/wp-json\/wp\/v2\/pages\/363","targetHints":{"allow":["GET"]}}],"collection":[{"href":"https:\/\/accidentvalues.com\/es\/wp-json\/wp\/v2\/pages"}],"about":[{"href":"https:\/\/accidentvalues.com\/es\/wp-json\/wp\/v2\/types\/page"}],"author":[{"embeddable":true,"href":"https:\/\/accidentvalues.com\/es\/wp-json\/wp\/v2\/users\/3"}],"replies":[{"embeddable":true,"href":"https:\/\/accidentvalues.com\/es\/wp-json\/wp\/v2\/comments?post=363"}],"version-history":[{"count":6,"href":"https:\/\/accidentvalues.com\/es\/wp-json\/wp\/v2\/pages\/363\/revisions"}],"predecessor-version":[{"id":615,"href":"https:\/\/accidentvalues.com\/es\/wp-json\/wp\/v2\/pages\/363\/revisions\/615"}],"up":[{"embeddable":true,"href":"https:\/\/accidentvalues.com\/es\/wp-json\/wp\/v2\/pages\/210"}],"wp:attachment":[{"href":"https:\/\/accidentvalues.com\/es\/wp-json\/wp\/v2\/media?parent=363"}],"curies":[{"name":"wp","href":"https:\/\/api.w.org\/{rel}","templated":true}]}}