{"id":365,"date":"2014-09-24T12:11:22","date_gmt":"2014-09-24T16:11:22","guid":{"rendered":"http:\/\/accidentvalues.com\/?page_id=365"},"modified":"2019-12-02T15:43:03","modified_gmt":"2019-12-02T20:43:03","slug":"third-party-claims","status":"publish","type":"page","link":"https:\/\/accidentvalues.com\/es\/info\/truck-accidents\/third-party-claims\/","title":{"rendered":"Reclamos de Terceras Partes"},"content":{"rendered":"<p>Ya que los camiones son usualmente propiedad de una compa\u00f1\u00eda, usted probablemente estar\u00e1 lidiando con m\u00faltiples partes de culpabilidad si usted ha sido v\u00edctima de accidente de cami\u00f3n. Esto significa que usted puede someter un reclamo en contra de mas de in conductor de camioneta, que puede significar una paga mas grande. De cualquier manera, hay que contar con problemas con negocios comerciales, y estos problemas se pueden complicar. Lea algunos consejos para ayudar a maximizar su pago.<\/p>\n<h2>Compa\u00f1\u00edas Grandes de Camiones<\/h2>\n<p>Muchas compa\u00f1\u00edas de cami\u00f3n sin compa\u00f1\u00edas de multi estados grandes, y ellos tiene intereses en preservar su reputaci\u00f3n. Conductores de que emplean conductores tienen la responsabilidad de asegurarse que esos conductores de cami\u00f3n posean un entrenamiento, instrucciones y tengan licencia para operar esos veh\u00edculos. Por lo ya dicho, ellos pueden tener expectativas no muy realistas de sus conductores en el nombre de maximizar sus ganancias. La presi\u00f3n en maximizar ganancias puede hacer que las compa\u00f1\u00edas mantengan pobremente sus veh\u00edculos, evitar inspecciones propias, imponer plazos irrazonables, cargas de camioneta inapropiada, y fallar seguir las regulaciones gubernamentales.<\/p>\n<p>A pesar de los riesgos inseguros que le pidan que tomen a los conductores, las compa\u00f1\u00edas grandes de cami\u00f3n gastan mucho dinero para proteger si imagen p\u00fablica. Como. En el evento de un accidente, la primera reacci\u00f3n de la compa\u00f1\u00eda de cami\u00f3n es minimizar la responsabilidad, potencialmente contaminando la evidencia pidiendo un acuerdo r\u00e1pido y callado.<\/p>\n<p>Aseg\u00farese no caer en su trampa- no diga nada que le pueda da\u00f1ar (admitir alg\u00fan tipo de culpabilidad o pedir disculpas) o estar en acuerdo ha llegar a un acuerdo de menos cantidad de lo que usted se merece. Contratar a un abogado de lesi\u00f3n personal le ayudara ha no cometer estos errores.<\/p>\n<h2>Identificar potenciales acusados<\/h2>\n<p>Para poder colectar propiamente compensaci\u00f3n por las lesiones sufridas en un accidente de cami\u00f3n, es importante identificar lo mejor posibles acusados potenciales. Estos acusados pueden incluir compa\u00f1\u00eda de cami\u00f3n, contratistas, empleados, personas de mantenimiento de auto, y compa\u00f1\u00edas de seguro.<\/p>\n<p>Ocasionalmente, la manufactura y el env\u00edo de materiales peligrosos es cargado por camiones que debe ser responsable por las lesiones causadas o para hacerse peor por camionetas de carga. Es el trabajo de la manufactura I env\u00edo informar al camionero y\/o compa\u00f1\u00eda de seguro del potencial peligro de esos materiales. En algunos casos, las manufacturas de frenos defectuosos, gomas y navegaci\u00f3n y tecnolog\u00eda de comunicaci\u00f3n puede ser el culpable de los da\u00f1os. T\u00e9cnicos de reparaci\u00f3n de esas herramientas pueden tener la responsabilidad.<\/p>\n<p>Identificando acusados de terceras partes puede ser un poco dif\u00edcil cuando el camionero es un contratista independiente de una compa\u00f1\u00eda grande. Para poder buscar culpabilidad en este caso, es necesario determinar la cantidad supervisi\u00f3n tomada por la compa\u00f1\u00eda grande.<\/p>\n<h2>P\u00f3lizas de seguro<\/h2>\n<p>Todas esas partes pueden tener p\u00f3lizas de seguro independiente, por la cual se puede poner un poco complicado. Para poder probar que estas terceras partes son los culpables, su abogado debe de probar que la compa\u00f1\u00eda tiene alg\u00fan control sobre el conductor y que ambas partes est\u00e1n comprometidas en una relaci\u00f3n de empleo en el momento del accidente. Para poder saber que da\u00f1os est\u00e1n cubiertos por la p\u00f3liza de la compa\u00f1\u00eda y, lo m\u00e1s importante, como conseguir mas dinero por su accidente, usted debe considerar contratar a un abogado.<\/p>\n<p>Si usted ha estado en un accidente, use la <a href=\"http:\/\/accidentvalues.com\/calculator\/\">Calculator<\/a> para determinar el valor de su caso.<\/p>\n","protected":false},"excerpt":{"rendered":"<p>Ya que los camiones son usualmente propiedad de una compa\u00f1\u00eda, usted probablemente estar\u00e1 lidiando con m\u00faltiples partes de culpabilidad si usted ha sido v\u00edctima de accidente de cami\u00f3n. Esto significa que usted puede someter un reclamo en contra de mas de in conductor de camioneta, que puede significar una paga mas grande. De cualquier manera, [&hellip;]<\/p>\n","protected":false},"author":3,"featured_media":0,"parent":232,"menu_order":0,"comment_status":"closed","ping_status":"open","template":"","meta":{"footnotes":""},"class_list":["post-365","page","type-page","status-publish","hentry"],"yoast_head":"<!-- This site is optimized with the Yoast SEO plugin v27.3 - https:\/\/yoast.com\/product\/yoast-seo-wordpress\/ -->\n<title>Reclamos de Terceras Partes - AccidentValues.com Espa\u00f1ol<\/title>\n<meta name=\"description\" content=\"Trucking accidents often involve more than one liable party - you can file claims against multiple people. Read on for to tips to help maximize your payout.\" \/>\n<meta name=\"robots\" content=\"index, follow, max-snippet:-1, max-image-preview:large, max-video-preview:-1\" \/>\n<link rel=\"canonical\" href=\"https:\/\/accidentvalues.com\/es\/info\/truck-accidents\/third-party-claims\/\" \/>\n<meta property=\"og:locale\" content=\"en_US\" \/>\n<meta property=\"og:type\" content=\"article\" \/>\n<meta property=\"og:title\" content=\"Reclamos de Terceras Partes - AccidentValues.com Espa\u00f1ol\" \/>\n<meta property=\"og:description\" content=\"Trucking accidents often involve more than one liable party - you can file claims against multiple people. Read on for to tips to help maximize your payout.\" \/>\n<meta property=\"og:url\" content=\"https:\/\/accidentvalues.com\/es\/info\/truck-accidents\/third-party-claims\/\" \/>\n<meta property=\"og:site_name\" content=\"AccidentValues.com Espa\u00f1ol\" \/>\n<meta property=\"article:modified_time\" content=\"2019-12-02T20:43:03+00:00\" \/>\n<meta name=\"twitter:card\" content=\"summary_large_image\" \/>\n<meta name=\"twitter:label1\" content=\"Est. reading time\" \/>\n\t<meta name=\"twitter:data1\" content=\"3 minutes\" \/>\n<script type=\"application\/ld+json\" class=\"yoast-schema-graph\">{\"@context\":\"https:\\\/\\\/schema.org\",\"@graph\":[{\"@type\":\"WebPage\",\"@id\":\"https:\\\/\\\/accidentvalues.com\\\/es\\\/info\\\/truck-accidents\\\/third-party-claims\\\/\",\"url\":\"https:\\\/\\\/accidentvalues.com\\\/es\\\/info\\\/truck-accidents\\\/third-party-claims\\\/\",\"name\":\"Reclamos de Terceras Partes - AccidentValues.com Espa\u00f1ol\",\"isPartOf\":{\"@id\":\"https:\\\/\\\/accidentvalues.com\\\/es\\\/#website\"},\"datePublished\":\"2014-09-24T16:11:22+00:00\",\"dateModified\":\"2019-12-02T20:43:03+00:00\",\"description\":\"Trucking accidents often involve more than one liable party - you can file claims against multiple people. Read on for to tips to help maximize your payout.\",\"breadcrumb\":{\"@id\":\"https:\\\/\\\/accidentvalues.com\\\/es\\\/info\\\/truck-accidents\\\/third-party-claims\\\/#breadcrumb\"},\"inLanguage\":\"en-US\",\"potentialAction\":[{\"@type\":\"ReadAction\",\"target\":[\"https:\\\/\\\/accidentvalues.com\\\/es\\\/info\\\/truck-accidents\\\/third-party-claims\\\/\"]}]},{\"@type\":\"BreadcrumbList\",\"@id\":\"https:\\\/\\\/accidentvalues.com\\\/es\\\/info\\\/truck-accidents\\\/third-party-claims\\\/#breadcrumb\",\"itemListElement\":[{\"@type\":\"ListItem\",\"position\":1,\"name\":\"Home\",\"item\":\"https:\\\/\\\/accidentvalues.com\\\/es\\\/\"},{\"@type\":\"ListItem\",\"position\":2,\"name\":\"Informaci\u00f3n\",\"item\":\"https:\\\/\\\/accidentvalues.com\\\/es\\\/info\\\/\"},{\"@type\":\"ListItem\",\"position\":3,\"name\":\"Accidentes de Cami\u00f3n\",\"item\":\"https:\\\/\\\/accidentvalues.com\\\/es\\\/info\\\/truck-accidents\\\/\"},{\"@type\":\"ListItem\",\"position\":4,\"name\":\"Reclamos de Terceras Partes\"}]},{\"@type\":\"WebSite\",\"@id\":\"https:\\\/\\\/accidentvalues.com\\\/es\\\/#website\",\"url\":\"https:\\\/\\\/accidentvalues.com\\\/es\\\/\",\"name\":\"AccidentValues.com Espa\u00f1ol\",\"description\":\"Calculate the Value of a Car or Truck Accident Claim\",\"potentialAction\":[{\"@type\":\"SearchAction\",\"target\":{\"@type\":\"EntryPoint\",\"urlTemplate\":\"https:\\\/\\\/accidentvalues.com\\\/es\\\/?s={search_term_string}\"},\"query-input\":{\"@type\":\"PropertyValueSpecification\",\"valueRequired\":true,\"valueName\":\"search_term_string\"}}],\"inLanguage\":\"en-US\"}]}<\/script>\n<!-- \/ Yoast SEO plugin. -->","yoast_head_json":{"title":"Reclamos de Terceras Partes - AccidentValues.com Espa\u00f1ol","description":"Trucking accidents often involve more than one liable party - you can file claims against multiple people. Read on for to tips to help maximize your payout.","robots":{"index":"index","follow":"follow","max-snippet":"max-snippet:-1","max-image-preview":"max-image-preview:large","max-video-preview":"max-video-preview:-1"},"canonical":"https:\/\/accidentvalues.com\/es\/info\/truck-accidents\/third-party-claims\/","og_locale":"en_US","og_type":"article","og_title":"Reclamos de Terceras Partes - AccidentValues.com Espa\u00f1ol","og_description":"Trucking accidents often involve more than one liable party - you can file claims against multiple people. Read on for to tips to help maximize your payout.","og_url":"https:\/\/accidentvalues.com\/es\/info\/truck-accidents\/third-party-claims\/","og_site_name":"AccidentValues.com Espa\u00f1ol","article_modified_time":"2019-12-02T20:43:03+00:00","twitter_card":"summary_large_image","twitter_misc":{"Est. reading time":"3 minutes"},"schema":{"@context":"https:\/\/schema.org","@graph":[{"@type":"WebPage","@id":"https:\/\/accidentvalues.com\/es\/info\/truck-accidents\/third-party-claims\/","url":"https:\/\/accidentvalues.com\/es\/info\/truck-accidents\/third-party-claims\/","name":"Reclamos de Terceras Partes - AccidentValues.com Espa\u00f1ol","isPartOf":{"@id":"https:\/\/accidentvalues.com\/es\/#website"},"datePublished":"2014-09-24T16:11:22+00:00","dateModified":"2019-12-02T20:43:03+00:00","description":"Trucking accidents often involve more than one liable party - you can file claims against multiple people. Read on for to tips to help maximize your payout.","breadcrumb":{"@id":"https:\/\/accidentvalues.com\/es\/info\/truck-accidents\/third-party-claims\/#breadcrumb"},"inLanguage":"en-US","potentialAction":[{"@type":"ReadAction","target":["https:\/\/accidentvalues.com\/es\/info\/truck-accidents\/third-party-claims\/"]}]},{"@type":"BreadcrumbList","@id":"https:\/\/accidentvalues.com\/es\/info\/truck-accidents\/third-party-claims\/#breadcrumb","itemListElement":[{"@type":"ListItem","position":1,"name":"Home","item":"https:\/\/accidentvalues.com\/es\/"},{"@type":"ListItem","position":2,"name":"Informaci\u00f3n","item":"https:\/\/accidentvalues.com\/es\/info\/"},{"@type":"ListItem","position":3,"name":"Accidentes de Cami\u00f3n","item":"https:\/\/accidentvalues.com\/es\/info\/truck-accidents\/"},{"@type":"ListItem","position":4,"name":"Reclamos de Terceras Partes"}]},{"@type":"WebSite","@id":"https:\/\/accidentvalues.com\/es\/#website","url":"https:\/\/accidentvalues.com\/es\/","name":"AccidentValues.com Espa\u00f1ol","description":"Calculate the Value of a Car or Truck Accident Claim","potentialAction":[{"@type":"SearchAction","target":{"@type":"EntryPoint","urlTemplate":"https:\/\/accidentvalues.com\/es\/?s={search_term_string}"},"query-input":{"@type":"PropertyValueSpecification","valueRequired":true,"valueName":"search_term_string"}}],"inLanguage":"en-US"}]}},"_links":{"self":[{"href":"https:\/\/accidentvalues.com\/es\/wp-json\/wp\/v2\/pages\/365","targetHints":{"allow":["GET"]}}],"collection":[{"href":"https:\/\/accidentvalues.com\/es\/wp-json\/wp\/v2\/pages"}],"about":[{"href":"https:\/\/accidentvalues.com\/es\/wp-json\/wp\/v2\/types\/page"}],"author":[{"embeddable":true,"href":"https:\/\/accidentvalues.com\/es\/wp-json\/wp\/v2\/users\/3"}],"replies":[{"embeddable":true,"href":"https:\/\/accidentvalues.com\/es\/wp-json\/wp\/v2\/comments?post=365"}],"version-history":[{"count":9,"href":"https:\/\/accidentvalues.com\/es\/wp-json\/wp\/v2\/pages\/365\/revisions"}],"predecessor-version":[{"id":610,"href":"https:\/\/accidentvalues.com\/es\/wp-json\/wp\/v2\/pages\/365\/revisions\/610"}],"up":[{"embeddable":true,"href":"https:\/\/accidentvalues.com\/es\/wp-json\/wp\/v2\/pages\/232"}],"wp:attachment":[{"href":"https:\/\/accidentvalues.com\/es\/wp-json\/wp\/v2\/media?parent=365"}],"curies":[{"name":"wp","href":"https:\/\/api.w.org\/{rel}","templated":true}]}}