{"id":371,"date":"2014-09-29T09:09:40","date_gmt":"2014-09-29T13:09:40","guid":{"rendered":"http:\/\/accidentvalues.com\/?page_id=371"},"modified":"2019-11-26T14:39:21","modified_gmt":"2019-11-26T19:39:21","slug":"accident-related-fraud","status":"publish","type":"page","link":"https:\/\/accidentvalues.com\/es\/info\/insurance\/accident-related-fraud\/","title":{"rendered":"Accidentes Relacionados con Fraude"},"content":{"rendered":"<p>Accidentes de auto que resultan en fraude y ambos, costoso y peligroso, y eso est\u00e1 aumentando. Accidentes que est\u00e1n relacionados con fraude acurren cuando un individuo causa un accidente a prop\u00f3sito para as\u00ed el poder hacer dinero por medio de un reclamo. En el 2007, el fraude hacia una compa\u00f1\u00eda de seguro como resultado de un accidente de auto a\u00f1adi\u00f3 entre $4.8 billones y \u00a0<a href=\"http:\/\/www.insurancefraud.org\/statistics.htm#Auto%20insurance\">$6.8 billion<\/a> por pagos en exceso por un reclamo de lesi\u00f3n accidental. Esto significa que las personas que cometen fraude por accidentes de auto aumentan las cuotas de las compa\u00f1\u00edas aseguradoras para todos los conductores de auto. <strong>Como, reclamos fraudulentos disminuyen el dinero disponible para reclamos leg\u00edtimos mientas aumentan las sospechas entre las personas envueltas en accidentes de auto genuinos. Tristemente, esto disminuye la cantidad de dinero que la compa\u00f1\u00eda de seguro te dar\u00e1 por los danos que usted sostuvo.<\/strong><\/p>\n<p>Desafortunadamente, la victima sigue pagando el precio por fraude de accidente. Usted puede tener un reclamo costoso en sus archivos, por lo que puede aumentar la cuota de su seguro, y lo m\u00e1s importante, usted y\/o un ser querido puede estar seriamente lesionado o halla fallecido. Verdaderamente, un ciudadano como usted puede trabajan en contra de esos fraudes manejando defensivamente, documentando el accidente con fotos y notas detalladas de esos involucrados, llamando a la polic\u00eda tan pronto el accidente acurra, y ayudando a las victimas honestas de un accidente que se sospeche fue fraudulento.<\/p>\n<p>Usted no est\u00e1 solo- miles de personas son v\u00edctimas de fraude cada ano. <a href=\"http:\/\/www.insurancefraud.org\/statistics.htm#.VCv6Ljmrj4k\">The Coalition Against Insurance Fraud<\/a> estima que el costo de fraude hacia las compa\u00f1\u00edas de seguro cuenta al menos $80 billones cada ano, o casi $950 por familia. Los siguientes son algunos ejemplos de comunes escenarios de fraude.<\/p>\n<h2>Fraude Relacionados con Fraude<\/h2>\n<blockquote><p><strong>\u2022 Maneja de espacio:<\/strong> si un conductor le da el permiso para asar, indicando que esta a salvo en proceder pasar el auto, y luego te pega intencionalmente, el auto al pasar.<br \/>\n<strong>\u2022 Golpearle y escapar:<\/strong> utilizando un veh\u00edculo que ya est\u00e1 da\u00f1ado, un reclamo individual que el tenga ya en un accidente, y no se pueda identificar el otro conductor.<br \/>\n<strong>\u2022 Golpe de refil\u00f3n:<\/strong> un conductor que este en el carril de adentro en un carril dual de vuelta a la izquierda que usted ocupa.<br \/>\n<strong>\u2022 Abatirse y en cuclillas:<\/strong> un esquema de mas de una persona en la cual el veh\u00edculo que el que usted de permite pasa por otro veh\u00edculo que \u201cse abate\u201d frente de \u00e9l. Esto le causa al veh\u00edculo frente de usted a parar abruptamente, o ponerse en \u201ccuclillas\u201d forz\u00e1ndole a usted pegarle en la parte trasera al veh\u00edculo que esta frente de usted.<\/p><\/blockquote>\n<p>Este muy pendiente a la siguiente conducta fraudulenta luego de accidente automovil\u00edstico.<\/p>\n<blockquote><p><strong>\u2022 Reclamos Exagerados:<\/strong> Cuando un reclamante infla la severidad de las partes del cuerpo lesionadas o da\u00f1o f\u00edsico por el accidente.<br \/>\n<strong>\u2022 Fraude Medico:<\/strong> Un proveedor medico recomienda procedimientos innecesarios, cuentas de servicios que no proveen, o inflan las cuentas por servicio.<br \/>\n<strong>\u2022 Reclamos M\u00e9dicos Falsos:<\/strong> Un paciente o proveedor somete a prop\u00f3sito una declaraci\u00f3n falsa a una aplicaci\u00f3n o reclamo de seguro de salud.<\/p><\/blockquote>\n<h3>Estafa de Remolque<\/h3>\n<blockquote><p>\u2022 Nunca acepte ayuda para remolque que usted no solicito\/llamo.<br \/>\n\u2022 Nunca acepte ayuda sin antes ver la cuenta oficial- aseg\u00farese que no le cobren exuberantemente.<br \/>\n\u2022 Dele informaci\u00f3n personal m\u00ednima.<br \/>\n\u2022 Llame a la polic\u00eda si tiene alguna sospecha.<\/p><\/blockquote>\n<h3>Estafa de Reparaci\u00f3n de Auto<\/h3>\n<blockquote><p>\u2022 Solicite un estimado por escrito (con servicios detallados) antes de que la tienda de reparo comienzo el trabajo.<br \/>\n\u2022 Solicite que le devuelvan la parte del auto vieja cuando el trabajo se haya terminado para asegurarse que la parte realmente fue remplazada.<br \/>\n\u2022 Aseg\u00farese de que su cuenta tenga una lista detallada de todos los servicios hechos y cada parte usada.<br \/>\n\u2022 Busque informaci\u00f3n del lugar de reparaci\u00f3n y consiga recomendaciones de medios de confianza.<\/p><\/blockquote>\n<p>&nbsp;<\/p>\n<h3>Estafa Medica<\/h3>\n<blockquote><p>\u2022 A usted le han dado una ayuda m\u00e9dica innecesaria (mal diagn\u00f3stico para hacerle m\u00e1s procedimientos innecesarios).<br \/>\n\u2022 Se le ha sobrecargado.<br \/>\n\u2022 Usted no ha recibido tratamiento que usted o su compa\u00f1\u00eda de seguro ha pagado ya.<\/p><\/blockquote>\n<p><span class=\"Apple-style-span\">Contante a su oficina de su estado seguro en fraude o llame a la Oficina en Crimen de Seguro Nacional si usted sospecha alguna estafa. El numero a llamar gratis para la Oficina en Crimen de Seguro Nacional es 1-800-835-6422 (24 horas al d\u00eda, siete d\u00edas a la semana).\u00a0<\/span><\/p>\n","protected":false},"excerpt":{"rendered":"<p>Accidentes de auto que resultan en fraude y ambos, costoso y peligroso, y eso est\u00e1 aumentando. Accidentes que est\u00e1n relacionados con fraude acurren cuando un individuo causa un accidente a prop\u00f3sito para as\u00ed el poder hacer dinero por medio de un reclamo. En el 2007, el fraude hacia una compa\u00f1\u00eda de seguro como resultado de [&hellip;]<\/p>\n","protected":false},"author":3,"featured_media":0,"parent":57,"menu_order":0,"comment_status":"closed","ping_status":"open","template":"","meta":{"footnotes":""},"class_list":["post-371","page","type-page","status-publish","hentry"],"yoast_head":"<!-- This site is optimized with the Yoast SEO plugin v27.4 - https:\/\/yoast.com\/product\/yoast-seo-wordpress\/ -->\n<title>Accidentes Relacionados con Fraude - AccidentValues.com Espa\u00f1ol<\/title>\n<meta name=\"description\" content=\"Auto accident related fraud is on the rise. From staged accidents, towing schemes, to medical scams, victims are suffering with their bodies and wallets.\" \/>\n<meta name=\"robots\" content=\"index, follow, max-snippet:-1, max-image-preview:large, max-video-preview:-1\" \/>\n<link rel=\"canonical\" href=\"https:\/\/accidentvalues.com\/es\/info\/insurance\/accident-related-fraud\/\" \/>\n<meta property=\"og:locale\" content=\"en_US\" \/>\n<meta property=\"og:type\" content=\"article\" \/>\n<meta property=\"og:title\" content=\"Accidentes Relacionados con Fraude - AccidentValues.com Espa\u00f1ol\" \/>\n<meta property=\"og:description\" content=\"Auto accident related fraud is on the rise. From staged accidents, towing schemes, to medical scams, victims are suffering with their bodies and wallets.\" \/>\n<meta property=\"og:url\" content=\"https:\/\/accidentvalues.com\/es\/info\/insurance\/accident-related-fraud\/\" \/>\n<meta property=\"og:site_name\" content=\"AccidentValues.com Espa\u00f1ol\" \/>\n<meta property=\"article:modified_time\" content=\"2019-11-26T19:39:21+00:00\" \/>\n<meta name=\"twitter:card\" content=\"summary_large_image\" \/>\n<meta name=\"twitter:label1\" content=\"Est. reading time\" \/>\n\t<meta name=\"twitter:data1\" content=\"4 minutes\" \/>\n<script type=\"application\/ld+json\" class=\"yoast-schema-graph\">{\"@context\":\"https:\\\/\\\/schema.org\",\"@graph\":[{\"@type\":\"WebPage\",\"@id\":\"https:\\\/\\\/accidentvalues.com\\\/es\\\/info\\\/insurance\\\/accident-related-fraud\\\/\",\"url\":\"https:\\\/\\\/accidentvalues.com\\\/es\\\/info\\\/insurance\\\/accident-related-fraud\\\/\",\"name\":\"Accidentes Relacionados con Fraude - AccidentValues.com Espa\u00f1ol\",\"isPartOf\":{\"@id\":\"https:\\\/\\\/accidentvalues.com\\\/es\\\/#website\"},\"datePublished\":\"2014-09-29T13:09:40+00:00\",\"dateModified\":\"2019-11-26T19:39:21+00:00\",\"description\":\"Auto accident related fraud is on the rise. From staged accidents, towing schemes, to medical scams, victims are suffering with their bodies and wallets.\",\"breadcrumb\":{\"@id\":\"https:\\\/\\\/accidentvalues.com\\\/es\\\/info\\\/insurance\\\/accident-related-fraud\\\/#breadcrumb\"},\"inLanguage\":\"en-US\",\"potentialAction\":[{\"@type\":\"ReadAction\",\"target\":[\"https:\\\/\\\/accidentvalues.com\\\/es\\\/info\\\/insurance\\\/accident-related-fraud\\\/\"]}]},{\"@type\":\"BreadcrumbList\",\"@id\":\"https:\\\/\\\/accidentvalues.com\\\/es\\\/info\\\/insurance\\\/accident-related-fraud\\\/#breadcrumb\",\"itemListElement\":[{\"@type\":\"ListItem\",\"position\":1,\"name\":\"Home\",\"item\":\"https:\\\/\\\/accidentvalues.com\\\/es\\\/\"},{\"@type\":\"ListItem\",\"position\":2,\"name\":\"Informaci\u00f3n\",\"item\":\"https:\\\/\\\/accidentvalues.com\\\/es\\\/info\\\/\"},{\"@type\":\"ListItem\",\"position\":3,\"name\":\"Seguro\",\"item\":\"https:\\\/\\\/accidentvalues.com\\\/es\\\/info\\\/insurance\\\/\"},{\"@type\":\"ListItem\",\"position\":4,\"name\":\"Accidentes Relacionados con Fraude\"}]},{\"@type\":\"WebSite\",\"@id\":\"https:\\\/\\\/accidentvalues.com\\\/es\\\/#website\",\"url\":\"https:\\\/\\\/accidentvalues.com\\\/es\\\/\",\"name\":\"AccidentValues.com Espa\u00f1ol\",\"description\":\"Calculate the Value of a Car or Truck Accident Claim\",\"potentialAction\":[{\"@type\":\"SearchAction\",\"target\":{\"@type\":\"EntryPoint\",\"urlTemplate\":\"https:\\\/\\\/accidentvalues.com\\\/es\\\/?s={search_term_string}\"},\"query-input\":{\"@type\":\"PropertyValueSpecification\",\"valueRequired\":true,\"valueName\":\"search_term_string\"}}],\"inLanguage\":\"en-US\"}]}<\/script>\n<!-- \/ Yoast SEO plugin. -->","yoast_head_json":{"title":"Accidentes Relacionados con Fraude - AccidentValues.com Espa\u00f1ol","description":"Auto accident related fraud is on the rise. From staged accidents, towing schemes, to medical scams, victims are suffering with their bodies and wallets.","robots":{"index":"index","follow":"follow","max-snippet":"max-snippet:-1","max-image-preview":"max-image-preview:large","max-video-preview":"max-video-preview:-1"},"canonical":"https:\/\/accidentvalues.com\/es\/info\/insurance\/accident-related-fraud\/","og_locale":"en_US","og_type":"article","og_title":"Accidentes Relacionados con Fraude - AccidentValues.com Espa\u00f1ol","og_description":"Auto accident related fraud is on the rise. From staged accidents, towing schemes, to medical scams, victims are suffering with their bodies and wallets.","og_url":"https:\/\/accidentvalues.com\/es\/info\/insurance\/accident-related-fraud\/","og_site_name":"AccidentValues.com Espa\u00f1ol","article_modified_time":"2019-11-26T19:39:21+00:00","twitter_card":"summary_large_image","twitter_misc":{"Est. reading time":"4 minutes"},"schema":{"@context":"https:\/\/schema.org","@graph":[{"@type":"WebPage","@id":"https:\/\/accidentvalues.com\/es\/info\/insurance\/accident-related-fraud\/","url":"https:\/\/accidentvalues.com\/es\/info\/insurance\/accident-related-fraud\/","name":"Accidentes Relacionados con Fraude - AccidentValues.com Espa\u00f1ol","isPartOf":{"@id":"https:\/\/accidentvalues.com\/es\/#website"},"datePublished":"2014-09-29T13:09:40+00:00","dateModified":"2019-11-26T19:39:21+00:00","description":"Auto accident related fraud is on the rise. From staged accidents, towing schemes, to medical scams, victims are suffering with their bodies and wallets.","breadcrumb":{"@id":"https:\/\/accidentvalues.com\/es\/info\/insurance\/accident-related-fraud\/#breadcrumb"},"inLanguage":"en-US","potentialAction":[{"@type":"ReadAction","target":["https:\/\/accidentvalues.com\/es\/info\/insurance\/accident-related-fraud\/"]}]},{"@type":"BreadcrumbList","@id":"https:\/\/accidentvalues.com\/es\/info\/insurance\/accident-related-fraud\/#breadcrumb","itemListElement":[{"@type":"ListItem","position":1,"name":"Home","item":"https:\/\/accidentvalues.com\/es\/"},{"@type":"ListItem","position":2,"name":"Informaci\u00f3n","item":"https:\/\/accidentvalues.com\/es\/info\/"},{"@type":"ListItem","position":3,"name":"Seguro","item":"https:\/\/accidentvalues.com\/es\/info\/insurance\/"},{"@type":"ListItem","position":4,"name":"Accidentes Relacionados con Fraude"}]},{"@type":"WebSite","@id":"https:\/\/accidentvalues.com\/es\/#website","url":"https:\/\/accidentvalues.com\/es\/","name":"AccidentValues.com Espa\u00f1ol","description":"Calculate the Value of a Car or Truck Accident Claim","potentialAction":[{"@type":"SearchAction","target":{"@type":"EntryPoint","urlTemplate":"https:\/\/accidentvalues.com\/es\/?s={search_term_string}"},"query-input":{"@type":"PropertyValueSpecification","valueRequired":true,"valueName":"search_term_string"}}],"inLanguage":"en-US"}]}},"_links":{"self":[{"href":"https:\/\/accidentvalues.com\/es\/wp-json\/wp\/v2\/pages\/371","targetHints":{"allow":["GET"]}}],"collection":[{"href":"https:\/\/accidentvalues.com\/es\/wp-json\/wp\/v2\/pages"}],"about":[{"href":"https:\/\/accidentvalues.com\/es\/wp-json\/wp\/v2\/types\/page"}],"author":[{"embeddable":true,"href":"https:\/\/accidentvalues.com\/es\/wp-json\/wp\/v2\/users\/3"}],"replies":[{"embeddable":true,"href":"https:\/\/accidentvalues.com\/es\/wp-json\/wp\/v2\/comments?post=371"}],"version-history":[{"count":18,"href":"https:\/\/accidentvalues.com\/es\/wp-json\/wp\/v2\/pages\/371\/revisions"}],"predecessor-version":[{"id":565,"href":"https:\/\/accidentvalues.com\/es\/wp-json\/wp\/v2\/pages\/371\/revisions\/565"}],"up":[{"embeddable":true,"href":"https:\/\/accidentvalues.com\/es\/wp-json\/wp\/v2\/pages\/57"}],"wp:attachment":[{"href":"https:\/\/accidentvalues.com\/es\/wp-json\/wp\/v2\/media?parent=371"}],"curies":[{"name":"wp","href":"https:\/\/api.w.org\/{rel}","templated":true}]}}