{"id":387,"date":"2014-10-05T13:43:09","date_gmt":"2014-10-05T17:43:09","guid":{"rendered":"http:\/\/accidentvalues.com\/?page_id=387"},"modified":"2019-11-25T15:50:31","modified_gmt":"2019-11-25T20:50:31","slug":"contributory-vs-comparative-negligence","status":"publish","type":"page","link":"https:\/\/accidentvalues.com\/es\/info\/cases\/contributory-vs-comparative-negligence\/","title":{"rendered":"Contributario Vs Negligencia Comparativa"},"content":{"rendered":"<p>Dependiendo del particular cado de accidente de auto, cuando usted este envuelto en un litigio de accidente de auto, usted pueda ser que deba asistir a corte para distribuir el premio en danos. Si la corte encuentra a ambos, el demandante y al demandado negligente, dependiendo de la localidad y otros factores, el localizador de hechos determinara que por ciento de culpabilidad cada parte es responsable de. Esto se le llama prorrateo.<\/p>\n<h2>Negligencia Puramente Contributaria<\/h2>\n<p>Los estados en las cuales existe la <a href=\"http:\/\/legal-dictionary.thefreedictionary.com\/contributory+negligence\">Contributory negligence<\/a> que si encuentras al demandante remotamente responsable por sus propias lesiones luego de un accidente de auto, no puede recibir ning\u00fan da\u00f1o por parte del demandado.<\/p>\n<p>The states that still use pure contributory negligence are Alabama, Virginia, Maryland, and North Carolina, and the District of Columbia.<\/p>\n<h2>Negligencia Puramente Comparativa<\/h2>\n<p>In el sistema de <a href=\"http:\/\/www.claimsjournal.com\/news\/national\/2013\/09\/05\/235755.htm\">pure comparative negligence<\/a>,\u00a0el demandante puede que recobre danos menos su grado de culpabilidad. Esto significa que la demandante esta premiado con $1000,000 en danos, pero si lo encuentran culpable por un 25% de sus lesiones, el demandante puede estar recibiendo 75% de un premio de $1000.00.<\/p>\n<p>Estado que usan negligencia puramente comparativa son Alaska, Arizona, California, Florida, Kentucky, Louisiana, Mississippi, Missouri, New M\u00e9xico, New York, Rhode Island, Dakota del Sur y Washington.<\/p>\n<h2>Culpabilidad Comparativa Modificada<\/h2>\n<p>Los estados que usan la <a href=\"http:\/\/definitions.uslegal.com\/m\/modified-comparative-negligence-doctrine\/\">modified comparative fault rule<\/a>, , el demandante no recibir\u00e1 ninguna porci\u00f3n de la paga so l es igualmente o m\u00e1s culpable por los danos sostenidos. Digamos, el demandante debe de ser el culpable por menos de in 50% 0 51% de los danos (dependiendo de las reglas del respectivo estado) para poder recuperarse de los da\u00f1os.<\/p>\n<p>Si el demandante es culpable por menos de un 50% de los danos, el podr\u00e1 recibir un porcentaje de la paga. Si el demandante es culpable por un 20% de los danos, y el demandado es responsable de un 80% el demandante puede recuperar 80% del premio en da\u00f1os . Si el demandante es culpable por un 60% de los danos, el no estar\u00e1 recibiendo ninguna paga.<\/p>\n<p>Los estados que usan el 50 por ciento de la culpabilidad comparativa modificada incluyen Arkansas, Colorado, Georgia, Idaho, Kansas, Maine, Nebraska, Dakota del Norte, Oklahoma, Tennessee, Utah, y el Oeste de Virginia.<\/p>\n<p>Los estados que usan la regla del 51 por ciento son Connecticut, Delaware, Hawaii, Illinois, Indiana, Iowa, Massachusetts, Michigan, Minnesota, Montana, Nevada, New Hampshire, New Jersey, Ohio, Oregon, Pennsylvania, Carolina del Sur, Texas, Vermont, Wisconsin, and Wyoming.<\/p>\n<p>Toda informaci\u00f3n es de septiembre de 2014<\/p>\n","protected":false},"excerpt":{"rendered":"<p>Dependiendo del particular cado de accidente de auto, cuando usted este envuelto en un litigio de accidente de auto, usted pueda ser que deba asistir a corte para distribuir el premio en danos. Si la corte encuentra a ambos, el demandante y al demandado negligente, dependiendo de la localidad y otros factores, el localizador de [&hellip;]<\/p>\n","protected":false},"author":3,"featured_media":0,"parent":54,"menu_order":0,"comment_status":"closed","ping_status":"open","template":"","meta":{"footnotes":""},"class_list":["post-387","page","type-page","status-publish","hentry"],"yoast_head":"<!-- This site is optimized with the Yoast SEO plugin v27.4 - https:\/\/yoast.com\/product\/yoast-seo-wordpress\/ -->\n<title>Contributario Vs Negligencia Comparativa - AccidentValues.com Espa\u00f1ol<\/title>\n<meta name=\"description\" content=\"Learn how the damage award is distributed after a car accident. In many states, the amount depends on the defendant&#039;s and plaintiff&#039;s percentages of fault.\" \/>\n<meta name=\"robots\" content=\"index, follow, max-snippet:-1, max-image-preview:large, max-video-preview:-1\" \/>\n<link rel=\"canonical\" href=\"https:\/\/accidentvalues.com\/es\/info\/cases\/contributory-vs-comparative-negligence\/\" \/>\n<meta property=\"og:locale\" content=\"en_US\" \/>\n<meta property=\"og:type\" content=\"article\" \/>\n<meta property=\"og:title\" content=\"Contributario Vs Negligencia Comparativa - AccidentValues.com Espa\u00f1ol\" \/>\n<meta property=\"og:description\" content=\"Learn how the damage award is distributed after a car accident. In many states, the amount depends on the defendant&#039;s and plaintiff&#039;s percentages of fault.\" \/>\n<meta property=\"og:url\" content=\"https:\/\/accidentvalues.com\/es\/info\/cases\/contributory-vs-comparative-negligence\/\" \/>\n<meta property=\"og:site_name\" content=\"AccidentValues.com Espa\u00f1ol\" \/>\n<meta property=\"article:modified_time\" content=\"2019-11-25T20:50:31+00:00\" \/>\n<meta name=\"twitter:card\" content=\"summary_large_image\" \/>\n<meta name=\"twitter:label1\" content=\"Est. reading time\" \/>\n\t<meta name=\"twitter:data1\" content=\"2 minutes\" \/>\n<script type=\"application\/ld+json\" class=\"yoast-schema-graph\">{\"@context\":\"https:\\\/\\\/schema.org\",\"@graph\":[{\"@type\":\"WebPage\",\"@id\":\"https:\\\/\\\/accidentvalues.com\\\/es\\\/info\\\/cases\\\/contributory-vs-comparative-negligence\\\/\",\"url\":\"https:\\\/\\\/accidentvalues.com\\\/es\\\/info\\\/cases\\\/contributory-vs-comparative-negligence\\\/\",\"name\":\"Contributario Vs Negligencia Comparativa - AccidentValues.com Espa\u00f1ol\",\"isPartOf\":{\"@id\":\"https:\\\/\\\/accidentvalues.com\\\/es\\\/#website\"},\"datePublished\":\"2014-10-05T17:43:09+00:00\",\"dateModified\":\"2019-11-25T20:50:31+00:00\",\"description\":\"Learn how the damage award is distributed after a car accident. In many states, the amount depends on the defendant's and plaintiff's percentages of fault.\",\"breadcrumb\":{\"@id\":\"https:\\\/\\\/accidentvalues.com\\\/es\\\/info\\\/cases\\\/contributory-vs-comparative-negligence\\\/#breadcrumb\"},\"inLanguage\":\"en-US\",\"potentialAction\":[{\"@type\":\"ReadAction\",\"target\":[\"https:\\\/\\\/accidentvalues.com\\\/es\\\/info\\\/cases\\\/contributory-vs-comparative-negligence\\\/\"]}]},{\"@type\":\"BreadcrumbList\",\"@id\":\"https:\\\/\\\/accidentvalues.com\\\/es\\\/info\\\/cases\\\/contributory-vs-comparative-negligence\\\/#breadcrumb\",\"itemListElement\":[{\"@type\":\"ListItem\",\"position\":1,\"name\":\"Home\",\"item\":\"https:\\\/\\\/accidentvalues.com\\\/es\\\/\"},{\"@type\":\"ListItem\",\"position\":2,\"name\":\"Informaci\u00f3n\",\"item\":\"https:\\\/\\\/accidentvalues.com\\\/es\\\/info\\\/\"},{\"@type\":\"ListItem\",\"position\":3,\"name\":\"Casos\",\"item\":\"https:\\\/\\\/accidentvalues.com\\\/es\\\/info\\\/cases\\\/\"},{\"@type\":\"ListItem\",\"position\":4,\"name\":\"Contributario Vs Negligencia Comparativa\"}]},{\"@type\":\"WebSite\",\"@id\":\"https:\\\/\\\/accidentvalues.com\\\/es\\\/#website\",\"url\":\"https:\\\/\\\/accidentvalues.com\\\/es\\\/\",\"name\":\"AccidentValues.com Espa\u00f1ol\",\"description\":\"Calculate the Value of a Car or Truck Accident Claim\",\"potentialAction\":[{\"@type\":\"SearchAction\",\"target\":{\"@type\":\"EntryPoint\",\"urlTemplate\":\"https:\\\/\\\/accidentvalues.com\\\/es\\\/?s={search_term_string}\"},\"query-input\":{\"@type\":\"PropertyValueSpecification\",\"valueRequired\":true,\"valueName\":\"search_term_string\"}}],\"inLanguage\":\"en-US\"}]}<\/script>\n<!-- \/ Yoast SEO plugin. -->","yoast_head_json":{"title":"Contributario Vs Negligencia Comparativa - AccidentValues.com Espa\u00f1ol","description":"Learn how the damage award is distributed after a car accident. In many states, the amount depends on the defendant's and plaintiff's percentages of fault.","robots":{"index":"index","follow":"follow","max-snippet":"max-snippet:-1","max-image-preview":"max-image-preview:large","max-video-preview":"max-video-preview:-1"},"canonical":"https:\/\/accidentvalues.com\/es\/info\/cases\/contributory-vs-comparative-negligence\/","og_locale":"en_US","og_type":"article","og_title":"Contributario Vs Negligencia Comparativa - AccidentValues.com Espa\u00f1ol","og_description":"Learn how the damage award is distributed after a car accident. In many states, the amount depends on the defendant's and plaintiff's percentages of fault.","og_url":"https:\/\/accidentvalues.com\/es\/info\/cases\/contributory-vs-comparative-negligence\/","og_site_name":"AccidentValues.com Espa\u00f1ol","article_modified_time":"2019-11-25T20:50:31+00:00","twitter_card":"summary_large_image","twitter_misc":{"Est. reading time":"2 minutes"},"schema":{"@context":"https:\/\/schema.org","@graph":[{"@type":"WebPage","@id":"https:\/\/accidentvalues.com\/es\/info\/cases\/contributory-vs-comparative-negligence\/","url":"https:\/\/accidentvalues.com\/es\/info\/cases\/contributory-vs-comparative-negligence\/","name":"Contributario Vs Negligencia Comparativa - AccidentValues.com Espa\u00f1ol","isPartOf":{"@id":"https:\/\/accidentvalues.com\/es\/#website"},"datePublished":"2014-10-05T17:43:09+00:00","dateModified":"2019-11-25T20:50:31+00:00","description":"Learn how the damage award is distributed after a car accident. In many states, the amount depends on the defendant's and plaintiff's percentages of fault.","breadcrumb":{"@id":"https:\/\/accidentvalues.com\/es\/info\/cases\/contributory-vs-comparative-negligence\/#breadcrumb"},"inLanguage":"en-US","potentialAction":[{"@type":"ReadAction","target":["https:\/\/accidentvalues.com\/es\/info\/cases\/contributory-vs-comparative-negligence\/"]}]},{"@type":"BreadcrumbList","@id":"https:\/\/accidentvalues.com\/es\/info\/cases\/contributory-vs-comparative-negligence\/#breadcrumb","itemListElement":[{"@type":"ListItem","position":1,"name":"Home","item":"https:\/\/accidentvalues.com\/es\/"},{"@type":"ListItem","position":2,"name":"Informaci\u00f3n","item":"https:\/\/accidentvalues.com\/es\/info\/"},{"@type":"ListItem","position":3,"name":"Casos","item":"https:\/\/accidentvalues.com\/es\/info\/cases\/"},{"@type":"ListItem","position":4,"name":"Contributario Vs Negligencia Comparativa"}]},{"@type":"WebSite","@id":"https:\/\/accidentvalues.com\/es\/#website","url":"https:\/\/accidentvalues.com\/es\/","name":"AccidentValues.com Espa\u00f1ol","description":"Calculate the Value of a Car or Truck Accident Claim","potentialAction":[{"@type":"SearchAction","target":{"@type":"EntryPoint","urlTemplate":"https:\/\/accidentvalues.com\/es\/?s={search_term_string}"},"query-input":{"@type":"PropertyValueSpecification","valueRequired":true,"valueName":"search_term_string"}}],"inLanguage":"en-US"}]}},"_links":{"self":[{"href":"https:\/\/accidentvalues.com\/es\/wp-json\/wp\/v2\/pages\/387","targetHints":{"allow":["GET"]}}],"collection":[{"href":"https:\/\/accidentvalues.com\/es\/wp-json\/wp\/v2\/pages"}],"about":[{"href":"https:\/\/accidentvalues.com\/es\/wp-json\/wp\/v2\/types\/page"}],"author":[{"embeddable":true,"href":"https:\/\/accidentvalues.com\/es\/wp-json\/wp\/v2\/users\/3"}],"replies":[{"embeddable":true,"href":"https:\/\/accidentvalues.com\/es\/wp-json\/wp\/v2\/comments?post=387"}],"version-history":[{"count":9,"href":"https:\/\/accidentvalues.com\/es\/wp-json\/wp\/v2\/pages\/387\/revisions"}],"predecessor-version":[{"id":545,"href":"https:\/\/accidentvalues.com\/es\/wp-json\/wp\/v2\/pages\/387\/revisions\/545"}],"up":[{"embeddable":true,"href":"https:\/\/accidentvalues.com\/es\/wp-json\/wp\/v2\/pages\/54"}],"wp:attachment":[{"href":"https:\/\/accidentvalues.com\/es\/wp-json\/wp\/v2\/media?parent=387"}],"curies":[{"name":"wp","href":"https:\/\/api.w.org\/{rel}","templated":true}]}}