{"id":39,"date":"2013-01-16T09:22:45","date_gmt":"2013-01-16T09:22:45","guid":{"rendered":"http:\/\/accidentvalues.com\/?page_id=39"},"modified":"2019-11-25T11:21:39","modified_gmt":"2019-11-25T16:21:39","slug":"lost-wages","status":"publish","type":"page","link":"https:\/\/accidentvalues.com\/es\/info\/calculate\/lost-wages\/","title":{"rendered":"P\u00e9rdida de Salarios"},"content":{"rendered":"<p><strong>P\u00e9rdida de Salario<\/strong><\/p>\n<p>Los empleados individuales que se han lesionado en un accidente automovil\u00edstico seguidamente se les permite recuperar la p\u00e9rdida de salario por un accidente.<\/p>\n<h2>Probar P\u00e9rdida De Salario<\/h2>\n<h3>Protecci\u00f3n de Lesi\u00f3n Personal (PIP)<\/h3>\n<p>Casi todas las p\u00f3lizas de seguros de autom\u00f3viles contienen una p\u00f3liza de Protecci\u00f3n de Lesi\u00f3n Personal (PIP). Excepciones notables son motocicletas, camiones, taxis, y situaciones donde el seguro firma una renuncia por escrito. PIP es t\u00edpicamente $2,500.<\/p>\n<p>El seguro de PIP cubre los ocupantes del veh\u00edculo. Cualquier persona que se lesione en un accidente puede hacer un reclamo con el seguro de PIP por las p\u00e9rdidas de salario, y se pueden recuperar el 85% del ingreso perdido por no tener la habilidad de trabajar. Muchos seguros solicitan premiso para hablar directamente con el empleador de la v\u00edctima para verificar la informaci\u00f3n en p\u00e9rdida de salario. Encontramos esto t\u00edpicamente en una declaraci\u00f3n del empleado por escrito, que contiene n\u00fameros de d\u00edas\/horas perdidas y el salario por hora, es la prueba suficiente cuando la cantidad del tiempo perdido es al final bajo (unos cuantos d\u00edas).<\/p>\n<p>Cuando el tiempo libre dura una semana o m\u00e1s, muchos ajustadores de seguro tambi\u00e9n requieren notas de discapacidad por parte del doctor para ellos poder rembolsar la p\u00e9rdida de salario. Es Importante para los pacientes solicitar estas notas por parte del doctor en cada visita.<\/p>\n<h3><\/h3>\n<h3><em><strong>Acuerdo<\/strong><\/em><\/h3>\n<p>Por prop\u00f3sitos de acuerdo, muchos abogados en la defensa y ajustadores de la compa\u00f1\u00eda de seguro aceptan el mismo tipo de prueba usando por PIP. Ellos t\u00edpicamente se han contenido con alguna declaraci\u00f3n del empleador y notas de discapacidad por parte del doctor. Por eso de la regla de fuente colateral. Una v\u00edctima puede recobrar la p\u00e9rdida de salario aun tan siquiera esos salarios hayan sido pagados con el PIP, tiempo de enfermedad o de vacaciones.<\/p>\n<h3>\n<em><strong>Juicio<\/strong><\/em><\/h3>\n<p>En juicio, el abogado y el demandante tendr\u00e1n que tomar una decisi\u00f3n en cuanto la evidencia que tiene que someter al juez o el jurado. Por razones de reglas relacionadas con probatorias, una declaraci\u00f3n por escrito por el empleador puede ser admisible em juicio. Un doctor puede testificar en relaci\u00f3n a las notas de discapacidad, y la victima puede testificar directamente sobre la p\u00e9rdida de tiempo y salarios. Como sea, si hay una cantidad significante de perdida de salario, es a veces persuasivo por parte del empleador o por el oficial de recursos humanos testificar en juicio en relaci\u00f3n a la perdida de salario. Otra vez, la regla de la fuente colateral le permite a el demandante recuperar doblemente la p\u00e9rdida en salario, tan siquiera el mismo halla sigo pagado por el PIP, o haya usado tiempo de enfermedad o de vacaciones.<\/p>\n<h2><strong>Trabajadores Indocumentados<\/strong><\/h2>\n<p>No es ilegal para trabajadores indocumentados (\u201cextranjeros ilegales\u201d) trabajar en los Estados Unidos, pero es ilegal que un empleador contrate estos trabajadores ilegales. Trabajadores indocumentados pueden recuperarse de la perdida de salario por igual. Aun que ellos no tengan n\u00famero de seguro social, el IRS les provee individualmente un n\u00famero de identificaci\u00f3n de declaraci\u00f3n de impuestos para que ellos puedan pagar sus impuestos.<\/p>\n","protected":false},"excerpt":{"rendered":"<p>P\u00e9rdida de Salario Los empleados individuales que se han lesionado en un accidente automovil\u00edstico seguidamente se les permite recuperar la p\u00e9rdida de salario por un accidente. Probar P\u00e9rdida De Salario Protecci\u00f3n de Lesi\u00f3n Personal (PIP) Casi todas las p\u00f3lizas de seguros de autom\u00f3viles contienen una p\u00f3liza de Protecci\u00f3n de Lesi\u00f3n Personal (PIP). Excepciones notables son [&hellip;]<\/p>\n","protected":false},"author":1,"featured_media":0,"parent":26,"menu_order":0,"comment_status":"closed","ping_status":"open","template":"","meta":{"footnotes":""},"class_list":["post-39","page","type-page","status-publish","hentry"],"yoast_head":"<!-- This site is optimized with the Yoast SEO plugin v27.3 - https:\/\/yoast.com\/product\/yoast-seo-wordpress\/ -->\n<title>P\u00e9rdida de Salarios - AccidentValues.com Espa\u00f1ol<\/title>\n<meta name=\"robots\" content=\"index, follow, max-snippet:-1, max-image-preview:large, max-video-preview:-1\" \/>\n<link rel=\"canonical\" href=\"https:\/\/accidentvalues.com\/es\/info\/calculate\/lost-wages\/\" \/>\n<meta property=\"og:locale\" content=\"en_US\" \/>\n<meta property=\"og:type\" content=\"article\" \/>\n<meta property=\"og:title\" content=\"P\u00e9rdida de Salarios - AccidentValues.com Espa\u00f1ol\" \/>\n<meta property=\"og:description\" content=\"P\u00e9rdida de Salario Los empleados individuales que se han lesionado en un accidente automovil\u00edstico seguidamente se les permite recuperar la p\u00e9rdida de salario por un accidente. Probar P\u00e9rdida De Salario Protecci\u00f3n de Lesi\u00f3n Personal (PIP) Casi todas las p\u00f3lizas de seguros de autom\u00f3viles contienen una p\u00f3liza de Protecci\u00f3n de Lesi\u00f3n Personal (PIP). Excepciones notables son [&hellip;]\" \/>\n<meta property=\"og:url\" content=\"https:\/\/accidentvalues.com\/es\/info\/calculate\/lost-wages\/\" \/>\n<meta property=\"og:site_name\" content=\"AccidentValues.com Espa\u00f1ol\" \/>\n<meta property=\"article:modified_time\" content=\"2019-11-25T16:21:39+00:00\" \/>\n<meta name=\"twitter:card\" content=\"summary_large_image\" \/>\n<meta name=\"twitter:label1\" content=\"Est. reading time\" \/>\n\t<meta name=\"twitter:data1\" content=\"3 minutes\" \/>\n<script type=\"application\/ld+json\" class=\"yoast-schema-graph\">{\"@context\":\"https:\\\/\\\/schema.org\",\"@graph\":[{\"@type\":\"WebPage\",\"@id\":\"https:\\\/\\\/accidentvalues.com\\\/es\\\/info\\\/calculate\\\/lost-wages\\\/\",\"url\":\"https:\\\/\\\/accidentvalues.com\\\/es\\\/info\\\/calculate\\\/lost-wages\\\/\",\"name\":\"P\u00e9rdida de Salarios - AccidentValues.com Espa\u00f1ol\",\"isPartOf\":{\"@id\":\"https:\\\/\\\/accidentvalues.com\\\/es\\\/#website\"},\"datePublished\":\"2013-01-16T09:22:45+00:00\",\"dateModified\":\"2019-11-25T16:21:39+00:00\",\"breadcrumb\":{\"@id\":\"https:\\\/\\\/accidentvalues.com\\\/es\\\/info\\\/calculate\\\/lost-wages\\\/#breadcrumb\"},\"inLanguage\":\"en-US\",\"potentialAction\":[{\"@type\":\"ReadAction\",\"target\":[\"https:\\\/\\\/accidentvalues.com\\\/es\\\/info\\\/calculate\\\/lost-wages\\\/\"]}]},{\"@type\":\"BreadcrumbList\",\"@id\":\"https:\\\/\\\/accidentvalues.com\\\/es\\\/info\\\/calculate\\\/lost-wages\\\/#breadcrumb\",\"itemListElement\":[{\"@type\":\"ListItem\",\"position\":1,\"name\":\"Home\",\"item\":\"https:\\\/\\\/accidentvalues.com\\\/es\\\/\"},{\"@type\":\"ListItem\",\"position\":2,\"name\":\"Informaci\u00f3n\",\"item\":\"https:\\\/\\\/accidentvalues.com\\\/es\\\/info\\\/\"},{\"@type\":\"ListItem\",\"position\":3,\"name\":\"Calcule\",\"item\":\"https:\\\/\\\/accidentvalues.com\\\/es\\\/info\\\/calculate\\\/\"},{\"@type\":\"ListItem\",\"position\":4,\"name\":\"P\u00e9rdida de Salarios\"}]},{\"@type\":\"WebSite\",\"@id\":\"https:\\\/\\\/accidentvalues.com\\\/es\\\/#website\",\"url\":\"https:\\\/\\\/accidentvalues.com\\\/es\\\/\",\"name\":\"AccidentValues.com Espa\u00f1ol\",\"description\":\"Calculate the Value of a Car or Truck Accident Claim\",\"potentialAction\":[{\"@type\":\"SearchAction\",\"target\":{\"@type\":\"EntryPoint\",\"urlTemplate\":\"https:\\\/\\\/accidentvalues.com\\\/es\\\/?s={search_term_string}\"},\"query-input\":{\"@type\":\"PropertyValueSpecification\",\"valueRequired\":true,\"valueName\":\"search_term_string\"}}],\"inLanguage\":\"en-US\"}]}<\/script>\n<!-- \/ Yoast SEO plugin. -->","yoast_head_json":{"title":"P\u00e9rdida de Salarios - AccidentValues.com Espa\u00f1ol","robots":{"index":"index","follow":"follow","max-snippet":"max-snippet:-1","max-image-preview":"max-image-preview:large","max-video-preview":"max-video-preview:-1"},"canonical":"https:\/\/accidentvalues.com\/es\/info\/calculate\/lost-wages\/","og_locale":"en_US","og_type":"article","og_title":"P\u00e9rdida de Salarios - AccidentValues.com Espa\u00f1ol","og_description":"P\u00e9rdida de Salario Los empleados individuales que se han lesionado en un accidente automovil\u00edstico seguidamente se les permite recuperar la p\u00e9rdida de salario por un accidente. Probar P\u00e9rdida De Salario Protecci\u00f3n de Lesi\u00f3n Personal (PIP) Casi todas las p\u00f3lizas de seguros de autom\u00f3viles contienen una p\u00f3liza de Protecci\u00f3n de Lesi\u00f3n Personal (PIP). Excepciones notables son [&hellip;]","og_url":"https:\/\/accidentvalues.com\/es\/info\/calculate\/lost-wages\/","og_site_name":"AccidentValues.com Espa\u00f1ol","article_modified_time":"2019-11-25T16:21:39+00:00","twitter_card":"summary_large_image","twitter_misc":{"Est. reading time":"3 minutes"},"schema":{"@context":"https:\/\/schema.org","@graph":[{"@type":"WebPage","@id":"https:\/\/accidentvalues.com\/es\/info\/calculate\/lost-wages\/","url":"https:\/\/accidentvalues.com\/es\/info\/calculate\/lost-wages\/","name":"P\u00e9rdida de Salarios - AccidentValues.com Espa\u00f1ol","isPartOf":{"@id":"https:\/\/accidentvalues.com\/es\/#website"},"datePublished":"2013-01-16T09:22:45+00:00","dateModified":"2019-11-25T16:21:39+00:00","breadcrumb":{"@id":"https:\/\/accidentvalues.com\/es\/info\/calculate\/lost-wages\/#breadcrumb"},"inLanguage":"en-US","potentialAction":[{"@type":"ReadAction","target":["https:\/\/accidentvalues.com\/es\/info\/calculate\/lost-wages\/"]}]},{"@type":"BreadcrumbList","@id":"https:\/\/accidentvalues.com\/es\/info\/calculate\/lost-wages\/#breadcrumb","itemListElement":[{"@type":"ListItem","position":1,"name":"Home","item":"https:\/\/accidentvalues.com\/es\/"},{"@type":"ListItem","position":2,"name":"Informaci\u00f3n","item":"https:\/\/accidentvalues.com\/es\/info\/"},{"@type":"ListItem","position":3,"name":"Calcule","item":"https:\/\/accidentvalues.com\/es\/info\/calculate\/"},{"@type":"ListItem","position":4,"name":"P\u00e9rdida de Salarios"}]},{"@type":"WebSite","@id":"https:\/\/accidentvalues.com\/es\/#website","url":"https:\/\/accidentvalues.com\/es\/","name":"AccidentValues.com Espa\u00f1ol","description":"Calculate the Value of a Car or Truck Accident Claim","potentialAction":[{"@type":"SearchAction","target":{"@type":"EntryPoint","urlTemplate":"https:\/\/accidentvalues.com\/es\/?s={search_term_string}"},"query-input":{"@type":"PropertyValueSpecification","valueRequired":true,"valueName":"search_term_string"}}],"inLanguage":"en-US"}]}},"_links":{"self":[{"href":"https:\/\/accidentvalues.com\/es\/wp-json\/wp\/v2\/pages\/39","targetHints":{"allow":["GET"]}}],"collection":[{"href":"https:\/\/accidentvalues.com\/es\/wp-json\/wp\/v2\/pages"}],"about":[{"href":"https:\/\/accidentvalues.com\/es\/wp-json\/wp\/v2\/types\/page"}],"author":[{"embeddable":true,"href":"https:\/\/accidentvalues.com\/es\/wp-json\/wp\/v2\/users\/1"}],"replies":[{"embeddable":true,"href":"https:\/\/accidentvalues.com\/es\/wp-json\/wp\/v2\/comments?post=39"}],"version-history":[{"count":3,"href":"https:\/\/accidentvalues.com\/es\/wp-json\/wp\/v2\/pages\/39\/revisions"}],"predecessor-version":[{"id":519,"href":"https:\/\/accidentvalues.com\/es\/wp-json\/wp\/v2\/pages\/39\/revisions\/519"}],"up":[{"embeddable":true,"href":"https:\/\/accidentvalues.com\/es\/wp-json\/wp\/v2\/pages\/26"}],"wp:attachment":[{"href":"https:\/\/accidentvalues.com\/es\/wp-json\/wp\/v2\/media?parent=39"}],"curies":[{"name":"wp","href":"https:\/\/api.w.org\/{rel}","templated":true}]}}