{"id":392,"date":"2014-10-06T12:34:30","date_gmt":"2014-10-06T16:34:30","guid":{"rendered":"http:\/\/accidentvalues.com\/?page_id=392"},"modified":"2019-11-27T11:41:26","modified_gmt":"2019-11-27T16:41:26","slug":"doctors-after-accident","status":"publish","type":"page","link":"https:\/\/accidentvalues.com\/es\/info\/other-topics\/doctors-after-accident\/","title":{"rendered":"Doctores que usted tendr\u00e1 que ver  luego de su accidente de auto"},"content":{"rendered":"<p>Si, luego de un accidente de auto, usted se lastima, adolorido, apretado, o solo piensa que puede estar lastimado, usted debe de buscar un proveedor de la salud lo m\u00e1s pronto posible. Las compa\u00f1\u00edas de seguro generalmente asumen que usted realmente no est\u00e1 lastimado su no busca atenci\u00f3n m\u00e9dica. Aun que usted sienta el dolor el m\u00ednimo dolor y molestia, es mejor buscar atenci\u00f3n medica inmediatamente. Aunque sea un accidente por velocidad baja puede ser tener lesiones potencialmente serias. Los s\u00edntomas puede que no se vean inmediatamente. Los siguientes describen cuatro proveedores m\u00e9dicos que usted debe de acudir luego de un accidente.<\/p>\n<h2>Sala de Emergencia (ER)<\/h2>\n<p>Usted debe de contratar a la polic\u00eda luego de cada accidente automovil\u00edstico solo para obtener un reporte de la polic\u00eda, sino para tambi\u00e9n recibir cualquier atenci\u00f3n medica necesaria. Dependiendo de la severidad del accidente, el oficial polic\u00edaco debe llamar una ambulancia para que le lleven a una sala de emergencia. Salas de emergencias son el mejor lugar para tratar condiciones severas y amenazas de vida.<\/p>\n<h2>Centro de Cuidado Urgente<\/h2>\n<p>Un centro de cuidado urgente es una cl\u00ednica que usted solo puede entrar sin hacer cita que tratan condiciones serias lo suficiente para requerir cuidado inmediato, pero no lo suficientemente seria para requerir una visita a la sala de emergencia. Los pacientes casi siempre utilizan centros de cuidado urgente cuando estos no est\u00e1n disponibles para ver un doctor de cabecera a tiempo \u2013 centros de cuidado urgente est\u00e1n abiertos usualmente despu\u00e9s de horas normales, incluyendo tardes y d\u00edas en fuera de semanas, y muchos ofrecen ex\u00e1menes de diagn\u00f3stico en el mismo lugar. Desemejante en departamentos de emergencia. De cualquier modo, centros de cuidado urgente no le proveen servicios a aquellos que necesitan pruebas de laboratorio inmediatas, im\u00e1genes avanzadas, extensas estad\u00edas, y pacientes que requieren cirug\u00edas inmediatas. Ya que los centros de cuidado urgente se enfocan en proveer a los pacientes evaluaciones simples y tratamientos basados en la oficina, probablemente usted salve alg\u00fan tiempo y dinero hiendo a un centro de cuidado urgente en vez de un centro de emergencia.<\/p>\n<h2>M\u00e9dico Primario<\/h2>\n<p>Si usted no sufre de una lesi\u00f3n severa que pone en riesgo su vida, usted debe de contactar a su m\u00e9dico primario para hacer una cita de emergencia luego de su accidente de auto. Su doctor primario sabe su historial m\u00e9dico, incluyendo cualquier condici\u00f3n subyacente que usted pueda tener, y podr\u00e1n realizar un examen f\u00edsico m\u00e1s comprensivo. Mientras que su doctor primario sabe su salud personal m\u00e1s que cualquier otro doctor. \u00c9l est\u00e1 m\u00e1s informado para as\u00ed poder recomendar tratamiento y ex\u00e1menes necesarios, si son necesarios. Aun que usted tenga que ir a la sala de emergencia o centro de cuidado de salud luego del accidente, usted debe de hacer una cita con un doctor primario para un chequeo.<\/p>\n<h2>Especialista M\u00e9dico<\/h2>\n<p>A specialist is a doctor who focuses on one aspect of a person\u2019s health, like one organ or body part. In addition to medical school, a specialist will have completed a multiple year residency in a specific medical specialty. After completing training, the doctor will take an examination to become medical board-certified in the specialty. As such, a primary doctor will likely refer his patient to a specialist who can offer an expert opinion on the initial diagnosis. If, for example, you are suffering from severe back pain, your primary doctor will probably refer you to an orthopedic surgeon who specialized in back injuries. Similarly, if you are suffering from prolonged and severe headaches, your primary doctor will probably refer you to a neurologist who specializes in ailments\u00a0of the brain.<\/p>\n<p>De cualquier manera, busque tratamiento lo m\u00e1s pronto posible. Si usted estuvo en un accidente automovil\u00edstico, usted debe de usar la\u00a0<a href=\"http:\/\/accidentvalues.com\/calculator\/\">Claim Calculator<\/a> para as\u00ed estimar el valor de su caso.<\/p>\n","protected":false},"excerpt":{"rendered":"<p>Si, luego de un accidente de auto, usted se lastima, adolorido, apretado, o solo piensa que puede estar lastimado, usted debe de buscar un proveedor de la salud lo m\u00e1s pronto posible. Las compa\u00f1\u00edas de seguro generalmente asumen que usted realmente no est\u00e1 lastimado su no busca atenci\u00f3n m\u00e9dica. Aun que usted sienta el dolor [&hellip;]<\/p>\n","protected":false},"author":3,"featured_media":0,"parent":62,"menu_order":0,"comment_status":"closed","ping_status":"open","template":"","meta":{"footnotes":""},"class_list":["post-392","page","type-page","status-publish","hentry"],"yoast_head":"<!-- This site is optimized with the Yoast SEO plugin v27.4 - https:\/\/yoast.com\/product\/yoast-seo-wordpress\/ -->\n<title>Doctors You Will See After an Auto Accident<\/title>\n<meta name=\"description\" content=\"After an auto accident, you will likely see various doctors to assess your injuries. Knowing the role of each provider may help you maximize your award.\" \/>\n<meta name=\"robots\" content=\"index, follow, max-snippet:-1, max-image-preview:large, max-video-preview:-1\" \/>\n<link rel=\"canonical\" href=\"https:\/\/accidentvalues.com\/es\/info\/other-topics\/doctors-after-accident\/\" \/>\n<meta property=\"og:locale\" content=\"en_US\" \/>\n<meta property=\"og:type\" content=\"article\" \/>\n<meta property=\"og:title\" content=\"Doctors You Will See After an Auto Accident\" \/>\n<meta property=\"og:description\" content=\"After an auto accident, you will likely see various doctors to assess your injuries. Knowing the role of each provider may help you maximize your award.\" \/>\n<meta property=\"og:url\" content=\"https:\/\/accidentvalues.com\/es\/info\/other-topics\/doctors-after-accident\/\" \/>\n<meta property=\"og:site_name\" content=\"AccidentValues.com Espa\u00f1ol\" \/>\n<meta property=\"article:modified_time\" content=\"2019-11-27T16:41:26+00:00\" \/>\n<meta name=\"twitter:card\" content=\"summary_large_image\" \/>\n<meta name=\"twitter:label1\" content=\"Est. reading time\" \/>\n\t<meta name=\"twitter:data1\" content=\"3 minutes\" \/>\n<script type=\"application\/ld+json\" class=\"yoast-schema-graph\">{\"@context\":\"https:\\\/\\\/schema.org\",\"@graph\":[{\"@type\":\"WebPage\",\"@id\":\"https:\\\/\\\/accidentvalues.com\\\/es\\\/info\\\/other-topics\\\/doctors-after-accident\\\/\",\"url\":\"https:\\\/\\\/accidentvalues.com\\\/es\\\/info\\\/other-topics\\\/doctors-after-accident\\\/\",\"name\":\"Doctors You Will See After an Auto Accident\",\"isPartOf\":{\"@id\":\"https:\\\/\\\/accidentvalues.com\\\/es\\\/#website\"},\"datePublished\":\"2014-10-06T16:34:30+00:00\",\"dateModified\":\"2019-11-27T16:41:26+00:00\",\"description\":\"After an auto accident, you will likely see various doctors to assess your injuries. Knowing the role of each provider may help you maximize your award.\",\"breadcrumb\":{\"@id\":\"https:\\\/\\\/accidentvalues.com\\\/es\\\/info\\\/other-topics\\\/doctors-after-accident\\\/#breadcrumb\"},\"inLanguage\":\"en-US\",\"potentialAction\":[{\"@type\":\"ReadAction\",\"target\":[\"https:\\\/\\\/accidentvalues.com\\\/es\\\/info\\\/other-topics\\\/doctors-after-accident\\\/\"]}]},{\"@type\":\"BreadcrumbList\",\"@id\":\"https:\\\/\\\/accidentvalues.com\\\/es\\\/info\\\/other-topics\\\/doctors-after-accident\\\/#breadcrumb\",\"itemListElement\":[{\"@type\":\"ListItem\",\"position\":1,\"name\":\"Home\",\"item\":\"https:\\\/\\\/accidentvalues.com\\\/es\\\/\"},{\"@type\":\"ListItem\",\"position\":2,\"name\":\"Informaci\u00f3n\",\"item\":\"https:\\\/\\\/accidentvalues.com\\\/es\\\/info\\\/\"},{\"@type\":\"ListItem\",\"position\":3,\"name\":\"Other Topics\",\"item\":\"https:\\\/\\\/accidentvalues.com\\\/es\\\/info\\\/other-topics\\\/\"},{\"@type\":\"ListItem\",\"position\":4,\"name\":\"Doctores que usted tendr\u00e1 que ver luego de su accidente de auto\"}]},{\"@type\":\"WebSite\",\"@id\":\"https:\\\/\\\/accidentvalues.com\\\/es\\\/#website\",\"url\":\"https:\\\/\\\/accidentvalues.com\\\/es\\\/\",\"name\":\"AccidentValues.com Espa\u00f1ol\",\"description\":\"Calculate the Value of a Car or Truck Accident Claim\",\"potentialAction\":[{\"@type\":\"SearchAction\",\"target\":{\"@type\":\"EntryPoint\",\"urlTemplate\":\"https:\\\/\\\/accidentvalues.com\\\/es\\\/?s={search_term_string}\"},\"query-input\":{\"@type\":\"PropertyValueSpecification\",\"valueRequired\":true,\"valueName\":\"search_term_string\"}}],\"inLanguage\":\"en-US\"}]}<\/script>\n<!-- \/ Yoast SEO plugin. -->","yoast_head_json":{"title":"Doctors You Will See After an Auto Accident","description":"After an auto accident, you will likely see various doctors to assess your injuries. Knowing the role of each provider may help you maximize your award.","robots":{"index":"index","follow":"follow","max-snippet":"max-snippet:-1","max-image-preview":"max-image-preview:large","max-video-preview":"max-video-preview:-1"},"canonical":"https:\/\/accidentvalues.com\/es\/info\/other-topics\/doctors-after-accident\/","og_locale":"en_US","og_type":"article","og_title":"Doctors You Will See After an Auto Accident","og_description":"After an auto accident, you will likely see various doctors to assess your injuries. Knowing the role of each provider may help you maximize your award.","og_url":"https:\/\/accidentvalues.com\/es\/info\/other-topics\/doctors-after-accident\/","og_site_name":"AccidentValues.com Espa\u00f1ol","article_modified_time":"2019-11-27T16:41:26+00:00","twitter_card":"summary_large_image","twitter_misc":{"Est. reading time":"3 minutes"},"schema":{"@context":"https:\/\/schema.org","@graph":[{"@type":"WebPage","@id":"https:\/\/accidentvalues.com\/es\/info\/other-topics\/doctors-after-accident\/","url":"https:\/\/accidentvalues.com\/es\/info\/other-topics\/doctors-after-accident\/","name":"Doctors You Will See After an Auto Accident","isPartOf":{"@id":"https:\/\/accidentvalues.com\/es\/#website"},"datePublished":"2014-10-06T16:34:30+00:00","dateModified":"2019-11-27T16:41:26+00:00","description":"After an auto accident, you will likely see various doctors to assess your injuries. Knowing the role of each provider may help you maximize your award.","breadcrumb":{"@id":"https:\/\/accidentvalues.com\/es\/info\/other-topics\/doctors-after-accident\/#breadcrumb"},"inLanguage":"en-US","potentialAction":[{"@type":"ReadAction","target":["https:\/\/accidentvalues.com\/es\/info\/other-topics\/doctors-after-accident\/"]}]},{"@type":"BreadcrumbList","@id":"https:\/\/accidentvalues.com\/es\/info\/other-topics\/doctors-after-accident\/#breadcrumb","itemListElement":[{"@type":"ListItem","position":1,"name":"Home","item":"https:\/\/accidentvalues.com\/es\/"},{"@type":"ListItem","position":2,"name":"Informaci\u00f3n","item":"https:\/\/accidentvalues.com\/es\/info\/"},{"@type":"ListItem","position":3,"name":"Other Topics","item":"https:\/\/accidentvalues.com\/es\/info\/other-topics\/"},{"@type":"ListItem","position":4,"name":"Doctores que usted tendr\u00e1 que ver luego de su accidente de auto"}]},{"@type":"WebSite","@id":"https:\/\/accidentvalues.com\/es\/#website","url":"https:\/\/accidentvalues.com\/es\/","name":"AccidentValues.com Espa\u00f1ol","description":"Calculate the Value of a Car or Truck Accident Claim","potentialAction":[{"@type":"SearchAction","target":{"@type":"EntryPoint","urlTemplate":"https:\/\/accidentvalues.com\/es\/?s={search_term_string}"},"query-input":{"@type":"PropertyValueSpecification","valueRequired":true,"valueName":"search_term_string"}}],"inLanguage":"en-US"}]}},"_links":{"self":[{"href":"https:\/\/accidentvalues.com\/es\/wp-json\/wp\/v2\/pages\/392","targetHints":{"allow":["GET"]}}],"collection":[{"href":"https:\/\/accidentvalues.com\/es\/wp-json\/wp\/v2\/pages"}],"about":[{"href":"https:\/\/accidentvalues.com\/es\/wp-json\/wp\/v2\/types\/page"}],"author":[{"embeddable":true,"href":"https:\/\/accidentvalues.com\/es\/wp-json\/wp\/v2\/users\/3"}],"replies":[{"embeddable":true,"href":"https:\/\/accidentvalues.com\/es\/wp-json\/wp\/v2\/comments?post=392"}],"version-history":[{"count":15,"href":"https:\/\/accidentvalues.com\/es\/wp-json\/wp\/v2\/pages\/392\/revisions"}],"predecessor-version":[{"id":604,"href":"https:\/\/accidentvalues.com\/es\/wp-json\/wp\/v2\/pages\/392\/revisions\/604"}],"up":[{"embeddable":true,"href":"https:\/\/accidentvalues.com\/es\/wp-json\/wp\/v2\/pages\/62"}],"wp:attachment":[{"href":"https:\/\/accidentvalues.com\/es\/wp-json\/wp\/v2\/media?parent=392"}],"curies":[{"name":"wp","href":"https:\/\/api.w.org\/{rel}","templated":true}]}}