{"id":404,"date":"2014-10-08T08:51:59","date_gmt":"2014-10-08T12:51:59","guid":{"rendered":"http:\/\/accidentvalues.com\/?page_id=404"},"modified":"2019-11-26T14:46:21","modified_gmt":"2019-11-26T19:46:21","slug":"l-automated-cars-insurance","status":"publish","type":"page","link":"https:\/\/accidentvalues.com\/es\/info\/insurance\/l-automated-cars-insurance\/","title":{"rendered":"\u00bfAutos Automatizados Hacen las Compa\u00f1\u00edas de Seguro de Auto Obsoletas?"},"content":{"rendered":"<p>Por los recientes avances de tecnolog\u00eda en autom\u00f3vil, es dif\u00edcil imaginar que estamos muy lejos de ver un veh\u00edculo completamente automatizado. Los avances tecnol\u00f3gicos tienen el potencial de continuar las tendencias hacia abajo en un accidente, lesi\u00f3n, y tarifas por fatalidad. En la pasada d\u00e9cada, la mejora en funciones de seguridad, como freno del sistema y protecci\u00f3n en impacto, han disminuido los reclamos de seguro en auto frecuentemente por m\u00e1s o menos\u00a0 <a href=\"http:\/\/www.forbes.com\/sites\/chunkamui\/2013\/03\/28\/will-auto-insurers-survive-their-collision-with-driverless-cars-part-6\/\">20%<\/a>, causando un 7% cayendo en un total neto de cuotas en Seguro.<\/p>\n<p>Hoy en d\u00eda la tecnolog\u00eda reciente incluye funci\u00f3n de conductor con asistencia inteligente como control inteligente de navegaci\u00f3n, evitar accidente, y monitoreo de accidente y reporte. Volvo comenta que eliminara todos los accidentes para el \u00a0<a href=\"http:\/\/www.motorauthority.com\/news\/1082032_volvo-predicts-crash-proof-cars-by-2020-video\">2020<\/a> con un sin n\u00famero de tecnolog\u00eda, siendo sistema de seguridad de velocidad baja evite de colisi\u00f3n a uno de monocarril en la carretera a velocidad alta que le permite a un auto navegar congesti\u00f3n en la carretera.<\/p>\n<p>Avances de auto tomas los errores humanos fuera de la ecuaci\u00f3n tienen el potencial de cambiar el riesgo en precio de las compa\u00f1\u00edas de seguro. Algunos expertos, como \u00a0<a href=\"http:\/\/www.forbes.com\/sites\/chunkamui\/2013\/03\/28\/will-auto-insurers-survive-their-collision-with-driverless-cars-part-6\/\">Fred Cripe<\/a> de PWC, piensa que la tecnolog\u00eda automatizada har\u00e1 que las compa\u00f1\u00edas de autos se hagan obsoletas de una vez. De cualquier manera, la mayor\u00eda de las personas en la industria de seguro que la competencia en la industria ser\u00e1 forzada en hacer un cambio a otros aspectos del negocio. La industria de seguro y sus actuales f\u00f3rmulas de precio basadas fuertemente en suscripci\u00f3n (riesgo de conductor y exposiciones) se predice que cambie a un nuevo asociado con veh\u00edculos con menos manejo, como tipo de veh\u00edculo, uso, y las caracter\u00edsticas f\u00edsicas de las rutas m\u00e1s comunes del conductor. Tambi\u00e9n, la responsabilidad puede que cambie si defectos en programas, no errores humanos, se convierten en las causas del accidente. Si ese es el caso, las compa\u00f1\u00edas de seguro puede ser que creen un producto que proteja los que hacen los autos por ataques de algunas demandas.<\/p>\n<p>Las compa\u00f1\u00edas de seguro no han cambiado sus p\u00f3lizas para beneficiarse de su nuevo panorama puede que sea tentado a implementar precios altos o simplemente a negarse a cubrir tecnolog\u00eda menos manejable. Mientras se adaptan lentamente, estas compa\u00f1\u00edas de seguro no seas condenadas tan pronto un auto menos manejable pise las carreteras. Autos automatizados puede que incurran unos cuantos accidentes, el costo de reparo a toda esta tecnolog\u00eda avanzada como c\u00e1maras y censores ser\u00e1 mucho m\u00e1s alto. Adicional, algunos accidentes significan menos reclamos, y por consiguiente granes beneficios para las compa\u00f1\u00edas de seguro. Realmente, las compa\u00f1\u00edas de seguro probablemente se beneficiar\u00e1n de la tecnolog\u00eda- que es, hasta que haya suficiente evidencia para probar que autos de menos manejo aumentan la seguridad, Entonces, las cuotas bajar\u00edan.<\/p>\n<p>Desde tecnolog\u00eda hasta licencia de confidencialidad para el consumidos, ser\u00e1 al menos una d\u00e9cada antes de que autos automatizados tengas una gran presencia en las carreteras. Aun que ellos aparezcan, conductores humanos requieren seguro tradicional. Es inteligente para las compa\u00f1\u00edas de seguro considerar como ser\u00e1n las mismas activadas en el futuro mercado de seguro. Compa\u00f1\u00edas de seguro necesitaran controlar sus p\u00e9rdidas tratando de encontrar un nuevo nicho, como seguro incluido y negocio en auto compartido.<\/p>\n","protected":false},"excerpt":{"rendered":"<p>Por los recientes avances de tecnolog\u00eda en autom\u00f3vil, es dif\u00edcil imaginar que estamos muy lejos de ver un veh\u00edculo completamente automatizado. Los avances tecnol\u00f3gicos tienen el potencial de continuar las tendencias hacia abajo en un accidente, lesi\u00f3n, y tarifas por fatalidad. En la pasada d\u00e9cada, la mejora en funciones de seguridad, como freno del sistema [&hellip;]<\/p>\n","protected":false},"author":3,"featured_media":0,"parent":57,"menu_order":0,"comment_status":"closed","ping_status":"open","template":"","meta":{"footnotes":""},"class_list":["post-404","page","type-page","status-publish","hentry"],"yoast_head":"<!-- This site is optimized with the Yoast SEO plugin v27.3 - https:\/\/yoast.com\/product\/yoast-seo-wordpress\/ -->\n<title>Will Automated Cars Make Auto Insurance Obsolete?<\/title>\n<meta name=\"description\" content=\"Automated cars are sure to change the future of the auto insurance industry, but just how is still unknown. Read here for the most compelling predictions.\" \/>\n<meta name=\"robots\" content=\"index, follow, max-snippet:-1, max-image-preview:large, max-video-preview:-1\" \/>\n<link rel=\"canonical\" href=\"https:\/\/accidentvalues.com\/es\/info\/insurance\/l-automated-cars-insurance\/\" \/>\n<meta property=\"og:locale\" content=\"en_US\" \/>\n<meta property=\"og:type\" content=\"article\" \/>\n<meta property=\"og:title\" content=\"Will Automated Cars Make Auto Insurance Obsolete?\" \/>\n<meta property=\"og:description\" content=\"Automated cars are sure to change the future of the auto insurance industry, but just how is still unknown. Read here for the most compelling predictions.\" \/>\n<meta property=\"og:url\" content=\"https:\/\/accidentvalues.com\/es\/info\/insurance\/l-automated-cars-insurance\/\" \/>\n<meta property=\"og:site_name\" content=\"AccidentValues.com Espa\u00f1ol\" \/>\n<meta property=\"article:modified_time\" content=\"2019-11-26T19:46:21+00:00\" \/>\n<meta name=\"twitter:card\" content=\"summary_large_image\" \/>\n<meta name=\"twitter:label1\" content=\"Est. reading time\" \/>\n\t<meta name=\"twitter:data1\" content=\"3 minutes\" \/>\n<script type=\"application\/ld+json\" class=\"yoast-schema-graph\">{\"@context\":\"https:\\\/\\\/schema.org\",\"@graph\":[{\"@type\":\"WebPage\",\"@id\":\"https:\\\/\\\/accidentvalues.com\\\/es\\\/info\\\/insurance\\\/l-automated-cars-insurance\\\/\",\"url\":\"https:\\\/\\\/accidentvalues.com\\\/es\\\/info\\\/insurance\\\/l-automated-cars-insurance\\\/\",\"name\":\"Will Automated Cars Make Auto Insurance Obsolete?\",\"isPartOf\":{\"@id\":\"https:\\\/\\\/accidentvalues.com\\\/es\\\/#website\"},\"datePublished\":\"2014-10-08T12:51:59+00:00\",\"dateModified\":\"2019-11-26T19:46:21+00:00\",\"description\":\"Automated cars are sure to change the future of the auto insurance industry, but just how is still unknown. Read here for the most compelling predictions.\",\"breadcrumb\":{\"@id\":\"https:\\\/\\\/accidentvalues.com\\\/es\\\/info\\\/insurance\\\/l-automated-cars-insurance\\\/#breadcrumb\"},\"inLanguage\":\"en-US\",\"potentialAction\":[{\"@type\":\"ReadAction\",\"target\":[\"https:\\\/\\\/accidentvalues.com\\\/es\\\/info\\\/insurance\\\/l-automated-cars-insurance\\\/\"]}]},{\"@type\":\"BreadcrumbList\",\"@id\":\"https:\\\/\\\/accidentvalues.com\\\/es\\\/info\\\/insurance\\\/l-automated-cars-insurance\\\/#breadcrumb\",\"itemListElement\":[{\"@type\":\"ListItem\",\"position\":1,\"name\":\"Home\",\"item\":\"https:\\\/\\\/accidentvalues.com\\\/es\\\/\"},{\"@type\":\"ListItem\",\"position\":2,\"name\":\"Informaci\u00f3n\",\"item\":\"https:\\\/\\\/accidentvalues.com\\\/es\\\/info\\\/\"},{\"@type\":\"ListItem\",\"position\":3,\"name\":\"Seguro\",\"item\":\"https:\\\/\\\/accidentvalues.com\\\/es\\\/info\\\/insurance\\\/\"},{\"@type\":\"ListItem\",\"position\":4,\"name\":\"\u00bfAutos Automatizados Hacen las Compa\u00f1\u00edas de Seguro de Auto Obsoletas?\"}]},{\"@type\":\"WebSite\",\"@id\":\"https:\\\/\\\/accidentvalues.com\\\/es\\\/#website\",\"url\":\"https:\\\/\\\/accidentvalues.com\\\/es\\\/\",\"name\":\"AccidentValues.com Espa\u00f1ol\",\"description\":\"Calculate the Value of a Car or Truck Accident Claim\",\"potentialAction\":[{\"@type\":\"SearchAction\",\"target\":{\"@type\":\"EntryPoint\",\"urlTemplate\":\"https:\\\/\\\/accidentvalues.com\\\/es\\\/?s={search_term_string}\"},\"query-input\":{\"@type\":\"PropertyValueSpecification\",\"valueRequired\":true,\"valueName\":\"search_term_string\"}}],\"inLanguage\":\"en-US\"}]}<\/script>\n<!-- \/ Yoast SEO plugin. -->","yoast_head_json":{"title":"Will Automated Cars Make Auto Insurance Obsolete?","description":"Automated cars are sure to change the future of the auto insurance industry, but just how is still unknown. Read here for the most compelling predictions.","robots":{"index":"index","follow":"follow","max-snippet":"max-snippet:-1","max-image-preview":"max-image-preview:large","max-video-preview":"max-video-preview:-1"},"canonical":"https:\/\/accidentvalues.com\/es\/info\/insurance\/l-automated-cars-insurance\/","og_locale":"en_US","og_type":"article","og_title":"Will Automated Cars Make Auto Insurance Obsolete?","og_description":"Automated cars are sure to change the future of the auto insurance industry, but just how is still unknown. Read here for the most compelling predictions.","og_url":"https:\/\/accidentvalues.com\/es\/info\/insurance\/l-automated-cars-insurance\/","og_site_name":"AccidentValues.com Espa\u00f1ol","article_modified_time":"2019-11-26T19:46:21+00:00","twitter_card":"summary_large_image","twitter_misc":{"Est. reading time":"3 minutes"},"schema":{"@context":"https:\/\/schema.org","@graph":[{"@type":"WebPage","@id":"https:\/\/accidentvalues.com\/es\/info\/insurance\/l-automated-cars-insurance\/","url":"https:\/\/accidentvalues.com\/es\/info\/insurance\/l-automated-cars-insurance\/","name":"Will Automated Cars Make Auto Insurance Obsolete?","isPartOf":{"@id":"https:\/\/accidentvalues.com\/es\/#website"},"datePublished":"2014-10-08T12:51:59+00:00","dateModified":"2019-11-26T19:46:21+00:00","description":"Automated cars are sure to change the future of the auto insurance industry, but just how is still unknown. Read here for the most compelling predictions.","breadcrumb":{"@id":"https:\/\/accidentvalues.com\/es\/info\/insurance\/l-automated-cars-insurance\/#breadcrumb"},"inLanguage":"en-US","potentialAction":[{"@type":"ReadAction","target":["https:\/\/accidentvalues.com\/es\/info\/insurance\/l-automated-cars-insurance\/"]}]},{"@type":"BreadcrumbList","@id":"https:\/\/accidentvalues.com\/es\/info\/insurance\/l-automated-cars-insurance\/#breadcrumb","itemListElement":[{"@type":"ListItem","position":1,"name":"Home","item":"https:\/\/accidentvalues.com\/es\/"},{"@type":"ListItem","position":2,"name":"Informaci\u00f3n","item":"https:\/\/accidentvalues.com\/es\/info\/"},{"@type":"ListItem","position":3,"name":"Seguro","item":"https:\/\/accidentvalues.com\/es\/info\/insurance\/"},{"@type":"ListItem","position":4,"name":"\u00bfAutos Automatizados Hacen las Compa\u00f1\u00edas de Seguro de Auto Obsoletas?"}]},{"@type":"WebSite","@id":"https:\/\/accidentvalues.com\/es\/#website","url":"https:\/\/accidentvalues.com\/es\/","name":"AccidentValues.com Espa\u00f1ol","description":"Calculate the Value of a Car or Truck Accident Claim","potentialAction":[{"@type":"SearchAction","target":{"@type":"EntryPoint","urlTemplate":"https:\/\/accidentvalues.com\/es\/?s={search_term_string}"},"query-input":{"@type":"PropertyValueSpecification","valueRequired":true,"valueName":"search_term_string"}}],"inLanguage":"en-US"}]}},"_links":{"self":[{"href":"https:\/\/accidentvalues.com\/es\/wp-json\/wp\/v2\/pages\/404","targetHints":{"allow":["GET"]}}],"collection":[{"href":"https:\/\/accidentvalues.com\/es\/wp-json\/wp\/v2\/pages"}],"about":[{"href":"https:\/\/accidentvalues.com\/es\/wp-json\/wp\/v2\/types\/page"}],"author":[{"embeddable":true,"href":"https:\/\/accidentvalues.com\/es\/wp-json\/wp\/v2\/users\/3"}],"replies":[{"embeddable":true,"href":"https:\/\/accidentvalues.com\/es\/wp-json\/wp\/v2\/comments?post=404"}],"version-history":[{"count":8,"href":"https:\/\/accidentvalues.com\/es\/wp-json\/wp\/v2\/pages\/404\/revisions"}],"predecessor-version":[{"id":568,"href":"https:\/\/accidentvalues.com\/es\/wp-json\/wp\/v2\/pages\/404\/revisions\/568"}],"up":[{"embeddable":true,"href":"https:\/\/accidentvalues.com\/es\/wp-json\/wp\/v2\/pages\/57"}],"wp:attachment":[{"href":"https:\/\/accidentvalues.com\/es\/wp-json\/wp\/v2\/media?parent=404"}],"curies":[{"name":"wp","href":"https:\/\/api.w.org\/{rel}","templated":true}]}}