{"id":42,"date":"2013-01-16T09:25:50","date_gmt":"2013-01-16T09:25:50","guid":{"rendered":"http:\/\/accidentvalues.com\/?page_id=42"},"modified":"2019-11-25T11:36:13","modified_gmt":"2019-11-25T16:36:13","slug":"property-damage","status":"publish","type":"page","link":"https:\/\/accidentvalues.com\/es\/info\/calculate\/property-damage\/","title":{"rendered":"Da\u00f1o de Propiedad"},"content":{"rendered":"<p><strong> Da\u00f1o de Propiedad<\/strong><\/p>\n<p>La mayor\u00eda de los casos en danos en propiedad son manejados en el primer estado del reclamo, y se resuelven r\u00e1pidamente. Rara la vez que hay que llevar estos reclamos a juicio por que la evaluaci\u00f3n es t\u00edpicamente simple, y usualmente hay seguros disponibles para cubrirlos si la responsabilidad est\u00e1 en disputa.<\/p>\n<h2>Valor en el Da\u00f1o de Propiedad<\/h2>\n<p>Cuando un abogado habla de da\u00f1os en la propiedad, ellos t\u00edpicamente discuten da\u00f1os en el veh\u00edculo. Es importante que cuando hable con su abogado dejarle saber si hay otra propiedad que ha sido da\u00f1ada en el accidente de auto- ejemplos incluyen lentes prescritos, celulares, equipo de radio costosos o un ba\u00fal lleno de compras. Para cada uno de esos art\u00edculos, la mejor evidencia de valor es el costo original del art\u00edculo, como evidencia por recibo o cuentas del costo de la manufactura\/vendedor. El mejor tipo de evidencia es los recibos del articulo remplazado.<\/p>\n<p>En relaci\u00f3n con los danos en su veh\u00edculo, un conductor negligente es responsable por el m\u00e1s bajo o dos cantidades:<\/p>\n<blockquote><p>\u2022 El costo de reparo de su veh\u00edculo; o<br \/>\n\u2022 El valor justo del veh\u00edculo en el mercado.<\/p><\/blockquote>\n<p>En la mayor\u00eda de los casos donde la compa\u00f1\u00eda de seguro del conductor negligente b\u00e1sicamente admite que la culpa del conductor querr\u00e1 evaluar los danos del veh\u00edculo. Ellos pueden enviar un ajustador para evaluar en da\u00f1o de su veh\u00edculo, o puede ser que soliciten que usted lleve su veh\u00edculo a un centro de colisi\u00f3n para que un mec\u00e1nico haga una examinaci\u00f3n al veh\u00edculo.<\/p>\n<p>Para decidir el valor justo del mercado (el valor del carro antes del accidente), compa\u00f1\u00edas de seguro usa recursos comunes como NADA\u00a0<a href=\"http:\/\/www.nadaguides.com\/\">http:\/\/www.nadaguides.com\/<\/a> y Kelley Blue Book <a href=\"http:\/\/www.kbb.com\/\">http:\/\/www.kbb.com\/<\/a>. Esto son gu\u00edas legibles para determinar el valor.<\/p>\n<h2><strong>Usar Seguros De Colisi\u00f3n<\/strong><\/h2>\n<p>Si la compa\u00f1\u00eda de seguro del otro conductor no admite la culpa, o si est\u00e1n les toma un largo tiempo en tomar una decisi\u00f3n, ser\u00eda m\u00e1s r\u00e1pido pasar por la p\u00f3liza de colisi\u00f3n con su compa\u00f1\u00eda de seguro de su autom\u00f3vil. Usted t\u00edpicamente pagar\u00eda un deducible (usualmente $250 0 $500), y su compa\u00f1\u00eda de seguro le ayudar\u00eda a usted a reparar o remplazar su veh\u00edculo. Entonces, su compa\u00f1\u00eda de seguro atentara colectar sus gastos por la culpabilidad de la compa\u00f1\u00eda de seguro del conductor, seguidamente por medio de arbitrariamente la compa\u00f1\u00eda de seguro. Si ellos recuperas sus gastos, ellos le rembolsaran por el deductible.<\/p>\n<h2>Gastos De Renta<\/h2>\n<p>Un gasto adicional para cubrir en el valor de propiedad es el costo de la renta del veh\u00edculo mientras su auto est\u00e1 siendo reparado o mientras usted busca por un remplazo. Es muy importante, el conductor negligente (y su compa\u00f1\u00eda de seguro) es el \u00fanico responsable del costo de la renta \u2013 le recomendamos que todos los clientes usen veh\u00edculos rentados por un corto tiempo si es posible para evitar tener que quedarse con gastos de renta que no son rembolsables.<\/p>\n<h2>Veh\u00edculos Arrendados<\/h2>\n<p>Si su veh\u00edculo es uno arrendado, puede ser que usted termine debiendo m\u00e1s en un auto que en el mercado justo. Esto puede ser imposible poder permitir un veh\u00edculo de remplazo. Cuando usted entra en un arrendado, la compa\u00f1\u00eda financiera usualmente le ofrece un\u00a0 <em><strong>seguro de brecha<\/strong><\/em>, que paga la diferencia entre lo que usted debe y lo que la compa\u00f1\u00eda de seguro le paga por el auto. A eso se le a\u00f1ade una protecci\u00f3n para aseg\u00farense usted pueda cubrir los gastos luego de su accidente.<\/p>\n<h2>Valor Disminuido<\/h2>\n<p>Nuevos autos, t\u00edpicamente esos de m\u00e1s de dos o tres a\u00f1os puede ser completamente remplazable, pero tendr\u00e1 una disminuci\u00f3n de valor significante. A esto se le llama reclamo de \u201cdisminuci\u00f3n en valor\u201d. Esto refleja la diferencia en valor entre un auto nuevo y el mismo auto, completamente funcional, que ha estado en un accidente. Este ser\u00eda un reclamo en adici\u00f3n.<\/p>\n","protected":false},"excerpt":{"rendered":"<p>Da\u00f1o de Propiedad La mayor\u00eda de los casos en danos en propiedad son manejados en el primer estado del reclamo, y se resuelven r\u00e1pidamente. Rara la vez que hay que llevar estos reclamos a juicio por que la evaluaci\u00f3n es t\u00edpicamente simple, y usualmente hay seguros disponibles para cubrirlos si la responsabilidad est\u00e1 en disputa. [&hellip;]<\/p>\n","protected":false},"author":1,"featured_media":0,"parent":26,"menu_order":0,"comment_status":"closed","ping_status":"open","template":"","meta":{"footnotes":""},"class_list":["post-42","page","type-page","status-publish","hentry"],"yoast_head":"<!-- This site is optimized with the Yoast SEO plugin v27.3 - https:\/\/yoast.com\/product\/yoast-seo-wordpress\/ -->\n<title>Da\u00f1o de Propiedad - AccidentValues.com Espa\u00f1ol<\/title>\n<meta name=\"robots\" content=\"index, follow, max-snippet:-1, max-image-preview:large, max-video-preview:-1\" \/>\n<link rel=\"canonical\" href=\"https:\/\/accidentvalues.com\/es\/info\/calculate\/property-damage\/\" \/>\n<meta property=\"og:locale\" content=\"en_US\" \/>\n<meta property=\"og:type\" content=\"article\" \/>\n<meta property=\"og:title\" content=\"Da\u00f1o de Propiedad - AccidentValues.com Espa\u00f1ol\" \/>\n<meta property=\"og:description\" content=\"Da\u00f1o de Propiedad La mayor\u00eda de los casos en danos en propiedad son manejados en el primer estado del reclamo, y se resuelven r\u00e1pidamente. Rara la vez que hay que llevar estos reclamos a juicio por que la evaluaci\u00f3n es t\u00edpicamente simple, y usualmente hay seguros disponibles para cubrirlos si la responsabilidad est\u00e1 en disputa. [&hellip;]\" \/>\n<meta property=\"og:url\" content=\"https:\/\/accidentvalues.com\/es\/info\/calculate\/property-damage\/\" \/>\n<meta property=\"og:site_name\" content=\"AccidentValues.com Espa\u00f1ol\" \/>\n<meta property=\"article:modified_time\" content=\"2019-11-25T16:36:13+00:00\" \/>\n<meta name=\"twitter:card\" content=\"summary_large_image\" \/>\n<meta name=\"twitter:label1\" content=\"Est. reading time\" \/>\n\t<meta name=\"twitter:data1\" content=\"4 minutes\" \/>\n<script type=\"application\/ld+json\" class=\"yoast-schema-graph\">{\"@context\":\"https:\\\/\\\/schema.org\",\"@graph\":[{\"@type\":\"WebPage\",\"@id\":\"https:\\\/\\\/accidentvalues.com\\\/es\\\/info\\\/calculate\\\/property-damage\\\/\",\"url\":\"https:\\\/\\\/accidentvalues.com\\\/es\\\/info\\\/calculate\\\/property-damage\\\/\",\"name\":\"Da\u00f1o de Propiedad - AccidentValues.com Espa\u00f1ol\",\"isPartOf\":{\"@id\":\"https:\\\/\\\/accidentvalues.com\\\/es\\\/#website\"},\"datePublished\":\"2013-01-16T09:25:50+00:00\",\"dateModified\":\"2019-11-25T16:36:13+00:00\",\"breadcrumb\":{\"@id\":\"https:\\\/\\\/accidentvalues.com\\\/es\\\/info\\\/calculate\\\/property-damage\\\/#breadcrumb\"},\"inLanguage\":\"en-US\",\"potentialAction\":[{\"@type\":\"ReadAction\",\"target\":[\"https:\\\/\\\/accidentvalues.com\\\/es\\\/info\\\/calculate\\\/property-damage\\\/\"]}]},{\"@type\":\"BreadcrumbList\",\"@id\":\"https:\\\/\\\/accidentvalues.com\\\/es\\\/info\\\/calculate\\\/property-damage\\\/#breadcrumb\",\"itemListElement\":[{\"@type\":\"ListItem\",\"position\":1,\"name\":\"Home\",\"item\":\"https:\\\/\\\/accidentvalues.com\\\/es\\\/\"},{\"@type\":\"ListItem\",\"position\":2,\"name\":\"Informaci\u00f3n\",\"item\":\"https:\\\/\\\/accidentvalues.com\\\/es\\\/info\\\/\"},{\"@type\":\"ListItem\",\"position\":3,\"name\":\"Calcule\",\"item\":\"https:\\\/\\\/accidentvalues.com\\\/es\\\/info\\\/calculate\\\/\"},{\"@type\":\"ListItem\",\"position\":4,\"name\":\"Da\u00f1o de Propiedad\"}]},{\"@type\":\"WebSite\",\"@id\":\"https:\\\/\\\/accidentvalues.com\\\/es\\\/#website\",\"url\":\"https:\\\/\\\/accidentvalues.com\\\/es\\\/\",\"name\":\"AccidentValues.com Espa\u00f1ol\",\"description\":\"Calculate the Value of a Car or Truck Accident Claim\",\"potentialAction\":[{\"@type\":\"SearchAction\",\"target\":{\"@type\":\"EntryPoint\",\"urlTemplate\":\"https:\\\/\\\/accidentvalues.com\\\/es\\\/?s={search_term_string}\"},\"query-input\":{\"@type\":\"PropertyValueSpecification\",\"valueRequired\":true,\"valueName\":\"search_term_string\"}}],\"inLanguage\":\"en-US\"}]}<\/script>\n<!-- \/ Yoast SEO plugin. -->","yoast_head_json":{"title":"Da\u00f1o de Propiedad - AccidentValues.com Espa\u00f1ol","robots":{"index":"index","follow":"follow","max-snippet":"max-snippet:-1","max-image-preview":"max-image-preview:large","max-video-preview":"max-video-preview:-1"},"canonical":"https:\/\/accidentvalues.com\/es\/info\/calculate\/property-damage\/","og_locale":"en_US","og_type":"article","og_title":"Da\u00f1o de Propiedad - AccidentValues.com Espa\u00f1ol","og_description":"Da\u00f1o de Propiedad La mayor\u00eda de los casos en danos en propiedad son manejados en el primer estado del reclamo, y se resuelven r\u00e1pidamente. Rara la vez que hay que llevar estos reclamos a juicio por que la evaluaci\u00f3n es t\u00edpicamente simple, y usualmente hay seguros disponibles para cubrirlos si la responsabilidad est\u00e1 en disputa. [&hellip;]","og_url":"https:\/\/accidentvalues.com\/es\/info\/calculate\/property-damage\/","og_site_name":"AccidentValues.com Espa\u00f1ol","article_modified_time":"2019-11-25T16:36:13+00:00","twitter_card":"summary_large_image","twitter_misc":{"Est. reading time":"4 minutes"},"schema":{"@context":"https:\/\/schema.org","@graph":[{"@type":"WebPage","@id":"https:\/\/accidentvalues.com\/es\/info\/calculate\/property-damage\/","url":"https:\/\/accidentvalues.com\/es\/info\/calculate\/property-damage\/","name":"Da\u00f1o de Propiedad - AccidentValues.com Espa\u00f1ol","isPartOf":{"@id":"https:\/\/accidentvalues.com\/es\/#website"},"datePublished":"2013-01-16T09:25:50+00:00","dateModified":"2019-11-25T16:36:13+00:00","breadcrumb":{"@id":"https:\/\/accidentvalues.com\/es\/info\/calculate\/property-damage\/#breadcrumb"},"inLanguage":"en-US","potentialAction":[{"@type":"ReadAction","target":["https:\/\/accidentvalues.com\/es\/info\/calculate\/property-damage\/"]}]},{"@type":"BreadcrumbList","@id":"https:\/\/accidentvalues.com\/es\/info\/calculate\/property-damage\/#breadcrumb","itemListElement":[{"@type":"ListItem","position":1,"name":"Home","item":"https:\/\/accidentvalues.com\/es\/"},{"@type":"ListItem","position":2,"name":"Informaci\u00f3n","item":"https:\/\/accidentvalues.com\/es\/info\/"},{"@type":"ListItem","position":3,"name":"Calcule","item":"https:\/\/accidentvalues.com\/es\/info\/calculate\/"},{"@type":"ListItem","position":4,"name":"Da\u00f1o de Propiedad"}]},{"@type":"WebSite","@id":"https:\/\/accidentvalues.com\/es\/#website","url":"https:\/\/accidentvalues.com\/es\/","name":"AccidentValues.com Espa\u00f1ol","description":"Calculate the Value of a Car or Truck Accident Claim","potentialAction":[{"@type":"SearchAction","target":{"@type":"EntryPoint","urlTemplate":"https:\/\/accidentvalues.com\/es\/?s={search_term_string}"},"query-input":{"@type":"PropertyValueSpecification","valueRequired":true,"valueName":"search_term_string"}}],"inLanguage":"en-US"}]}},"_links":{"self":[{"href":"https:\/\/accidentvalues.com\/es\/wp-json\/wp\/v2\/pages\/42","targetHints":{"allow":["GET"]}}],"collection":[{"href":"https:\/\/accidentvalues.com\/es\/wp-json\/wp\/v2\/pages"}],"about":[{"href":"https:\/\/accidentvalues.com\/es\/wp-json\/wp\/v2\/types\/page"}],"author":[{"embeddable":true,"href":"https:\/\/accidentvalues.com\/es\/wp-json\/wp\/v2\/users\/1"}],"replies":[{"embeddable":true,"href":"https:\/\/accidentvalues.com\/es\/wp-json\/wp\/v2\/comments?post=42"}],"version-history":[{"count":4,"href":"https:\/\/accidentvalues.com\/es\/wp-json\/wp\/v2\/pages\/42\/revisions"}],"predecessor-version":[{"id":522,"href":"https:\/\/accidentvalues.com\/es\/wp-json\/wp\/v2\/pages\/42\/revisions\/522"}],"up":[{"embeddable":true,"href":"https:\/\/accidentvalues.com\/es\/wp-json\/wp\/v2\/pages\/26"}],"wp:attachment":[{"href":"https:\/\/accidentvalues.com\/es\/wp-json\/wp\/v2\/media?parent=42"}],"curies":[{"name":"wp","href":"https:\/\/api.w.org\/{rel}","templated":true}]}}