{"id":438,"date":"2015-06-02T12:09:08","date_gmt":"2015-06-02T16:09:08","guid":{"rendered":"http:\/\/accidentvalues.com\/?page_id=438"},"modified":"2019-11-26T16:29:29","modified_gmt":"2019-11-26T21:29:29","slug":"lawyers","status":"publish","type":"page","link":"https:\/\/accidentvalues.com\/es\/info\/maryland\/lawyers\/","title":{"rendered":"Abogados"},"content":{"rendered":"<h2>Mensaje del Fundador \u2013 \u00bfUsted necesita encontrar un abogado de accidente?<\/h2>\n<p>Yo soy Byron Warnken, abogado de accidentes de auto en Maryland. Yo soy uno de los fundadores de la red de valordeaccidente.com. A m\u00ed no me gustan las compa\u00f1\u00edas de seguro. Yo creo que las compa\u00f1\u00edas de seguro est\u00e1n para minimizar la cantidad de paga a las personas envueltas en accidentes de auto. Aunque pienso que es su trabajo, yo pienso que eso no es correcto. Yo soy un defensor en el otro lado. Yo soy ese que consigue lo mejor para mis clientes.<\/p>\n<p>Nosotros estamos construyendo una red como la mente de abogados de principio a fin en los Estados Unidos que represente a las v\u00edctimas de lesiones.<\/p>\n<p>Abogados de Accidentes de Auto<\/p>\n<p>Abogados que se especializan en casos de accidente de auto son un pan raza especial. Los medios y la sociedad retratan a los abogados de lesi\u00f3n como escorias perseguidoras de ambulancia, fuera solo para consiguen el pr\u00f3ximo billete. Algunos encajan en ese estereotipo. Como sea, la gran mayor\u00eda los abogados de accidentes de auto solo no pueden soportar las compa\u00f1\u00edas que tratan de joder al peque\u00f1o muchacho. Las compa\u00f1\u00edas de seguro frecuentemente minimizan las ofertas a las v\u00edctimas de accidentes de auto solo porque ellos pueden.<\/p>\n<p>Es de ambas partes jugar justamente, no ser\u00eda necesario un abogado. Yo desear\u00eda que ese fuese el mundo en que vivi\u00e9ramos. Seriamente, as\u00ed lo quisiera. Me gustar\u00eda ir y hacer mi vida de alguna otra manera. Desear\u00eda que la mierda no existiera y las personas fueran honestas y justas. No hubiera tanto estr\u00e9s, p\u00e9rdida de tiempo, y gasto de tanto gasto de energ\u00eda innecesaria.<\/p>\n<p>Pero ese no es el mundo en el que vivimos. Hay intereses completamente opuestos. Compa\u00f1as de seguro \u201cganan\u201d (para sus accionistas) cuando ellos le dan a usted menos. Y estoy maldito si yo dejo que esa sea de la manera que es el mundo. Por eso ahora quiero ganar por usted. Y as\u00ed es que va.<\/p>\n<p>Filos\u00f3ficamente aparte, \u00a0<a href=\"http:\/\/accidentvalues.com\/lawyer\/\">you need a lawyer who knows how to handle car accident cases<\/a>. Usted necesita un defensor con experiencia y agresivo que negocie por usted. Pero usted tambi\u00e9n necesita a alguien que sea lo suficientemente amable y paciente para que le ayude durante un momento dif\u00edcil en su vida. Encontrar ambos en un abogado de accidentes de auto puede ser dif\u00edcil, pero usted ha llegado al lugar correcto.<\/p>\n<h2>Abogado de Accidente en Camioneta<\/h2>\n<p>Un abogado para un caso de accidente de camioneta necesita atributos similares a un abogado regular de accidente de auto, pero tambi\u00e9n necesita experiencia con casos en camioneta. La diferencia pude ser m\u00e1s dinero en el juego. Camionetas generalmente se les requiere que tengan un seguro comercial y un caso de accidente de camioneta se pueden tratar en las cortes Federales. Adem\u00e1s, los jurados por lo general les simpatizan a las camionetas envueltas en accidentes, especialmente si es un asunto de un conductor dormido, manejando muchas horas, o manejando carga inapropiada.<\/p>\n<p>Hay un sin n\u00famero de regulaciones para las camioneras a seguir. La raz\u00f3n es simple: nosotros que remos carreteras segura. Por supuesto, los camiones son vitales para nuestra econom\u00eda y vitales para la franquicia de suplidores. Todos nosotros tenemos art\u00edculos que queremos y necesitamos. De cualquier manera, tambi\u00e9n queremos carreteras seguras. Nosotros no queremos ser sujetos de la enorme arma de camionetas comerciales que est\u00e1n fuera de control las mismas se pueden convertir si ellas no se manejan y mantienen apropiadamente.<\/p>\n<p>Frecuentemente, el fracaso de las camioneras comerciales en seguir y mantener los est\u00e1ndares es un asunto de necesidad para beneficio. Mas millas, m\u00e1s tiempo de conducir, m\u00e1s cargas, cargas m\u00e1s grandes, esto significa m\u00e1s dinero y m\u00e1s beneficios para la compa\u00f1\u00eda de camiones. Todo esto est\u00e1 bien, hasta que acurre un accidente. Si usted est\u00e1 en un accidente y se lesiones en las manos de una camioneta comercial, usted no solo necesita un abogado de accidente, pero un gran abogado de accidente de camioneta.<\/p>\n<h2>Estimando el Valor de Su Caso<\/h2>\n<p>Un abogado de accidente con experiencia podr\u00e1 libremente calcular el valor de su caso solo con saber algunos hechos espec\u00edficos. \u00bfQu\u00e9 tipo de accidente fue? \u00bfCu\u00e1nta lesi\u00f3n personal est\u00e1 envuelta? Cuanto fueron las cuentas m\u00e9dicas, perdida en salario, \u00bfy otros gastos de su bolsillo? De ah\u00ed, otros factores son analizados para ver cuanto esos danos nos lleva a una v\u00eda de acuerdo o juicio. Usted puede obtener un estimado bruto del valor de su caso\u00a0<a title=\"Accident Calculator\" href=\"http:\/\/accidentvalues.com\/calculator\/\">here, with the AccidentValues accident calculator<\/a>.<\/p>\n<p>Un abogado de accidente debe de estar dispuesto a darte un estimado bruto, pero deber\u00eda tambi\u00e9n explicarle todas las variables que le puedan llevar a un n\u00famero alto o bajo. Un buen abogado en accidente deber\u00eda de ser capaz de llegar a un acuerdo en un caso son tener que ir a corte, pero por igual tiene que ser capaz de llevar el caso a juicio so la compa\u00f1\u00eda de seguro se niega a pagar lo que es justo y razonable.<\/p>\n<p>Favor si\u00e9ntase libre en <a title=\"Car Accident Information Page\" href=\"http:\/\/accidentvalues.com\/info\/\">browse the articles<\/a> para colectar m\u00e1s informaci\u00f3n para usted o complete\u00a0<a title=\"Calculator\" href=\"http:\/\/accidentvalues.com\/calculator\/\">the calculator<\/a>. Cualquier cosa que usted haga y sin importar quien le asista a usted, no tome simplemente la primera oferta de la compa\u00f1\u00eda de seguro. Pelee por lo justo.<\/p>\n","protected":false},"excerpt":{"rendered":"<p>Mensaje del Fundador \u2013 \u00bfUsted necesita encontrar un abogado de accidente? Yo soy Byron Warnken, abogado de accidentes de auto en Maryland. Yo soy uno de los fundadores de la red de valordeaccidente.com. A m\u00ed no me gustan las compa\u00f1\u00edas de seguro. Yo creo que las compa\u00f1\u00edas de seguro est\u00e1n para minimizar la cantidad de [&hellip;]<\/p>\n","protected":false},"author":1,"featured_media":0,"parent":69,"menu_order":0,"comment_status":"closed","ping_status":"open","template":"","meta":{"footnotes":""},"class_list":["post-438","page","type-page","status-publish","hentry"],"yoast_head":"<!-- This site is optimized with the Yoast SEO plugin v27.3 - https:\/\/yoast.com\/product\/yoast-seo-wordpress\/ -->\n<title>Abogados - AccidentValues.com Espa\u00f1ol<\/title>\n<meta name=\"robots\" content=\"index, follow, max-snippet:-1, max-image-preview:large, max-video-preview:-1\" \/>\n<link rel=\"canonical\" href=\"https:\/\/accidentvalues.com\/es\/info\/maryland\/lawyers\/\" \/>\n<meta property=\"og:locale\" content=\"en_US\" \/>\n<meta property=\"og:type\" content=\"article\" \/>\n<meta property=\"og:title\" content=\"Abogados - AccidentValues.com Espa\u00f1ol\" \/>\n<meta property=\"og:description\" content=\"Mensaje del Fundador \u2013 \u00bfUsted necesita encontrar un abogado de accidente? Yo soy Byron Warnken, abogado de accidentes de auto en Maryland. Yo soy uno de los fundadores de la red de valordeaccidente.com. A m\u00ed no me gustan las compa\u00f1\u00edas de seguro. Yo creo que las compa\u00f1\u00edas de seguro est\u00e1n para minimizar la cantidad de [&hellip;]\" \/>\n<meta property=\"og:url\" content=\"https:\/\/accidentvalues.com\/es\/info\/maryland\/lawyers\/\" \/>\n<meta property=\"og:site_name\" content=\"AccidentValues.com Espa\u00f1ol\" \/>\n<meta property=\"article:modified_time\" content=\"2019-11-26T21:29:29+00:00\" \/>\n<meta name=\"twitter:card\" content=\"summary_large_image\" \/>\n<meta name=\"twitter:label1\" content=\"Est. reading time\" \/>\n\t<meta name=\"twitter:data1\" content=\"5 minutes\" \/>\n<script type=\"application\/ld+json\" class=\"yoast-schema-graph\">{\"@context\":\"https:\\\/\\\/schema.org\",\"@graph\":[{\"@type\":\"WebPage\",\"@id\":\"https:\\\/\\\/accidentvalues.com\\\/es\\\/info\\\/maryland\\\/lawyers\\\/\",\"url\":\"https:\\\/\\\/accidentvalues.com\\\/es\\\/info\\\/maryland\\\/lawyers\\\/\",\"name\":\"Abogados - AccidentValues.com Espa\u00f1ol\",\"isPartOf\":{\"@id\":\"https:\\\/\\\/accidentvalues.com\\\/es\\\/#website\"},\"datePublished\":\"2015-06-02T16:09:08+00:00\",\"dateModified\":\"2019-11-26T21:29:29+00:00\",\"breadcrumb\":{\"@id\":\"https:\\\/\\\/accidentvalues.com\\\/es\\\/info\\\/maryland\\\/lawyers\\\/#breadcrumb\"},\"inLanguage\":\"en-US\",\"potentialAction\":[{\"@type\":\"ReadAction\",\"target\":[\"https:\\\/\\\/accidentvalues.com\\\/es\\\/info\\\/maryland\\\/lawyers\\\/\"]}]},{\"@type\":\"BreadcrumbList\",\"@id\":\"https:\\\/\\\/accidentvalues.com\\\/es\\\/info\\\/maryland\\\/lawyers\\\/#breadcrumb\",\"itemListElement\":[{\"@type\":\"ListItem\",\"position\":1,\"name\":\"Home\",\"item\":\"https:\\\/\\\/accidentvalues.com\\\/es\\\/\"},{\"@type\":\"ListItem\",\"position\":2,\"name\":\"Informaci\u00f3n\",\"item\":\"https:\\\/\\\/accidentvalues.com\\\/es\\\/info\\\/\"},{\"@type\":\"ListItem\",\"position\":3,\"name\":\"Maryland\",\"item\":\"https:\\\/\\\/accidentvalues.com\\\/es\\\/info\\\/maryland\\\/\"},{\"@type\":\"ListItem\",\"position\":4,\"name\":\"Abogados\"}]},{\"@type\":\"WebSite\",\"@id\":\"https:\\\/\\\/accidentvalues.com\\\/es\\\/#website\",\"url\":\"https:\\\/\\\/accidentvalues.com\\\/es\\\/\",\"name\":\"AccidentValues.com Espa\u00f1ol\",\"description\":\"Calculate the Value of a Car or Truck Accident Claim\",\"potentialAction\":[{\"@type\":\"SearchAction\",\"target\":{\"@type\":\"EntryPoint\",\"urlTemplate\":\"https:\\\/\\\/accidentvalues.com\\\/es\\\/?s={search_term_string}\"},\"query-input\":{\"@type\":\"PropertyValueSpecification\",\"valueRequired\":true,\"valueName\":\"search_term_string\"}}],\"inLanguage\":\"en-US\"}]}<\/script>\n<!-- \/ Yoast SEO plugin. -->","yoast_head_json":{"title":"Abogados - AccidentValues.com Espa\u00f1ol","robots":{"index":"index","follow":"follow","max-snippet":"max-snippet:-1","max-image-preview":"max-image-preview:large","max-video-preview":"max-video-preview:-1"},"canonical":"https:\/\/accidentvalues.com\/es\/info\/maryland\/lawyers\/","og_locale":"en_US","og_type":"article","og_title":"Abogados - AccidentValues.com Espa\u00f1ol","og_description":"Mensaje del Fundador \u2013 \u00bfUsted necesita encontrar un abogado de accidente? Yo soy Byron Warnken, abogado de accidentes de auto en Maryland. Yo soy uno de los fundadores de la red de valordeaccidente.com. A m\u00ed no me gustan las compa\u00f1\u00edas de seguro. Yo creo que las compa\u00f1\u00edas de seguro est\u00e1n para minimizar la cantidad de [&hellip;]","og_url":"https:\/\/accidentvalues.com\/es\/info\/maryland\/lawyers\/","og_site_name":"AccidentValues.com Espa\u00f1ol","article_modified_time":"2019-11-26T21:29:29+00:00","twitter_card":"summary_large_image","twitter_misc":{"Est. reading time":"5 minutes"},"schema":{"@context":"https:\/\/schema.org","@graph":[{"@type":"WebPage","@id":"https:\/\/accidentvalues.com\/es\/info\/maryland\/lawyers\/","url":"https:\/\/accidentvalues.com\/es\/info\/maryland\/lawyers\/","name":"Abogados - AccidentValues.com Espa\u00f1ol","isPartOf":{"@id":"https:\/\/accidentvalues.com\/es\/#website"},"datePublished":"2015-06-02T16:09:08+00:00","dateModified":"2019-11-26T21:29:29+00:00","breadcrumb":{"@id":"https:\/\/accidentvalues.com\/es\/info\/maryland\/lawyers\/#breadcrumb"},"inLanguage":"en-US","potentialAction":[{"@type":"ReadAction","target":["https:\/\/accidentvalues.com\/es\/info\/maryland\/lawyers\/"]}]},{"@type":"BreadcrumbList","@id":"https:\/\/accidentvalues.com\/es\/info\/maryland\/lawyers\/#breadcrumb","itemListElement":[{"@type":"ListItem","position":1,"name":"Home","item":"https:\/\/accidentvalues.com\/es\/"},{"@type":"ListItem","position":2,"name":"Informaci\u00f3n","item":"https:\/\/accidentvalues.com\/es\/info\/"},{"@type":"ListItem","position":3,"name":"Maryland","item":"https:\/\/accidentvalues.com\/es\/info\/maryland\/"},{"@type":"ListItem","position":4,"name":"Abogados"}]},{"@type":"WebSite","@id":"https:\/\/accidentvalues.com\/es\/#website","url":"https:\/\/accidentvalues.com\/es\/","name":"AccidentValues.com Espa\u00f1ol","description":"Calculate the Value of a Car or Truck Accident Claim","potentialAction":[{"@type":"SearchAction","target":{"@type":"EntryPoint","urlTemplate":"https:\/\/accidentvalues.com\/es\/?s={search_term_string}"},"query-input":{"@type":"PropertyValueSpecification","valueRequired":true,"valueName":"search_term_string"}}],"inLanguage":"en-US"}]}},"_links":{"self":[{"href":"https:\/\/accidentvalues.com\/es\/wp-json\/wp\/v2\/pages\/438","targetHints":{"allow":["GET"]}}],"collection":[{"href":"https:\/\/accidentvalues.com\/es\/wp-json\/wp\/v2\/pages"}],"about":[{"href":"https:\/\/accidentvalues.com\/es\/wp-json\/wp\/v2\/types\/page"}],"author":[{"embeddable":true,"href":"https:\/\/accidentvalues.com\/es\/wp-json\/wp\/v2\/users\/1"}],"replies":[{"embeddable":true,"href":"https:\/\/accidentvalues.com\/es\/wp-json\/wp\/v2\/comments?post=438"}],"version-history":[{"count":4,"href":"https:\/\/accidentvalues.com\/es\/wp-json\/wp\/v2\/pages\/438\/revisions"}],"predecessor-version":[{"id":583,"href":"https:\/\/accidentvalues.com\/es\/wp-json\/wp\/v2\/pages\/438\/revisions\/583"}],"up":[{"embeddable":true,"href":"https:\/\/accidentvalues.com\/es\/wp-json\/wp\/v2\/pages\/69"}],"wp:attachment":[{"href":"https:\/\/accidentvalues.com\/es\/wp-json\/wp\/v2\/media?parent=438"}],"curies":[{"name":"wp","href":"https:\/\/api.w.org\/{rel}","templated":true}]}}