{"id":56,"date":"2013-02-08T02:51:55","date_gmt":"2013-02-08T02:51:55","guid":{"rendered":"http:\/\/accidentvalues.com\/?page_id=56"},"modified":"2019-11-25T13:43:19","modified_gmt":"2019-11-25T18:43:19","slug":"adjusters-formulas","status":"publish","type":"page","link":"https:\/\/accidentvalues.com\/es\/info\/settlements\/adjusters-formulas\/","title":{"rendered":"F\u00f3rmulas De Ajustadores"},"content":{"rendered":"<p>Ajustadores de las compa\u00f1\u00edas aseguradoras generalmente usan formulas y nosotros determinamos el valor de los casos de accidentes automovil\u00edsticos, pero hay algunos defectos en sus m\u00e9todos.<\/p>\n<h2>Da\u00f1os en Propiedad<\/h2>\n<p>Probablemente el factor m\u00e1s importante para un ajustador de una compa\u00f1\u00eda de seguro en cuanto determinar el valor de un reclamo accidente automovil\u00edstico es el da\u00f1o en la propiedad. Ajustadores de la compa\u00f1\u00eda de seguro est\u00e1n entrenados para ser esc\u00e9ptico en cuestiones de colisiones de bajo impacto\/ bajos danos.<br \/>\nEs m\u00e1s simple argumentar por parte de un caso de un veh\u00edculo con danos extremadamente grandes. La realidad es que las personas se lesionan en una colisi\u00f3n de bajo impacto todos los d\u00edas. Estas lesiones hacen sentido por numerosas razones:<\/p>\n<blockquote><p><strong> 1. Los autos son dise\u00f1ados para soportar impactos:<\/strong> de la manera que los autos est\u00e1n ingeniados, est\u00e1n hechos para absorber impactos (especialmente en lugares como los topes) est\u00e1n hechos para mostrar los peque\u00f1os danos. Esto es porque el material que se usa y la ciencia que va con el examen de colisi\u00f3n. Un ser humano, como sea, no tiene la misma \u201cingenier\u00eda\u201d.<br \/>\n<strong>2. Que ocurre con el exterior de un veh\u00edculo si no se prueba positivamente en lo que le ocurre en el interior:<\/strong> Cuando un autom\u00f3vil le pegan, los ocupantes se remueven a alg\u00fan grado. Cualquier cuaderno b\u00e1sico en f\u00edsica, por ejemplo, te dir\u00e1 que la colisi\u00f3n de la parte trasera causa que los ocupantes se doblen hacia atr\u00e1s, luego hacia al frente con el autom\u00f3vil. Muchas cosas pueden prevenir o causar lesiones- la posici\u00f3n del cintur\u00f3n y la cabecera, que tan cerca el asiento esta del tablero, y la posici\u00f3n de la persona lesionara. Por ejemplo, alguien le pega por la parte trasera el impacto podr\u00eda ocasionar m\u00e1s lesiones si el para completamente y su cuerpo se tuerce al hablar con alguien que se encuentra en el asiento de atr\u00e1s. Porque la espina dorsal estaba fuera del alineamiento al momento del impacto, lesiones son como esto m\u00e1s o menos. (Presione aqu\u00ed para que vea lo que le ocurre a su cuerpo durante un impacto)<br \/>\n<a href=\"http:\/\/www.youtube.com\/watch?v=z83kgv3GXzE\">http:\/\/www.youtube.com\/watch?v=z83kgv3GXzE<\/a>).<\/p><\/blockquote>\n<p>Lo que esto significa es que el acuerdo le ofrece en casos de bajo impacto reflejan la creencia sin apoyo de los ajustadores de las compa\u00f1\u00edas aseguradoras que lesiones no pueden ser significantes si hay un poco o ning\u00fan da\u00f1o al veh\u00edculo. Muchos de estos casos de accidente automovil\u00edstico deben ser sometidos a corte.<\/p>\n<p><strong>Colosos<\/strong><\/p>\n<p>Muchas compa\u00f1\u00edas de seguro (incluyendo Allstate, Ohio Casualty, The Hartford, USAA y otras 30) usan un programa de computadora llamado Colossus para estandarizar ofertas de acuerdos. Estos propietarios de programas est\u00e1n dise\u00f1ados para tratar todos las v\u00edctimas\u00a0 de accidentes de la misma manera. El programa depende de una palabra clave en los archivos m\u00e9dicos y otros documentos para aumentar o disminuir el valor del acuerdo del accidente. Eso por supuesto depende de si esas palabras son utilizadas por proveedores m\u00e9dicos, muchos que simplemente tratan lesiones y no saben el efecto de sus archivos.<\/p>\n<p>Igualmente, rastreado por Colossus es si el abogado del reclamante tiene un rastreo del archivo de llevar casos a juicio, o simplemente acepta acuerdos. Esta es la pieza m\u00e1s importante de informaci\u00f3n para una v\u00edctima de accidente automovil\u00edstico. Ellos consiguen ofertas de acuerdo m\u00e1s latas si contratan un abogado que va a juicio frecuentemente. Abogados que simplemente llegan a acuerdos en todos sus casos no tienen apalancamiento, porque la compa\u00f1\u00eda de seguro sabr\u00e1 que el simplemente llegar\u00e1 a un acuerdo.<\/p>\n<p>Uno de los problemas con Colossus es que no es un factor en casi todas las partes m\u00e1s importantes de un caso: da\u00f1os no econ\u00f3micos. La historia personal de la v\u00edctima es un instrumental- la longitud de incapacidad. Como las lesiones afectan su vida personal y familiar, y,\u00a0 el grado de inconveniencia causada. La informaci\u00f3n b\u00e1sica considerada por Colossus, como el tipo y grado de lesi\u00f3n, es solo una parte de un caso. El abogado debe de estar preparado para persuadir al ajustador, juez y jurado, porque Colossus no considera estos importantes detalles.<\/p>\n<p><strong>Da\u00f1os no Econ\u00f3mico<\/strong><\/p>\n<p>Da\u00f1os no econ\u00f3micos son las p\u00e9rdidas y da\u00f1os que no son susceptibles a calculaciones f\u00e1ciles, como dolor, sufrimiento, angustia mental, desfiguramiento e incapacidad. Los ajustadores de la compa\u00f1\u00eda de seguro rutinariamente descuentan da\u00f1os.<\/p>\n<p>Parte de la raz\u00f3n es que los ajustadores casi siempre no tienen la informaci\u00f3n que ellos necesitan para tomar una decisi\u00f3n sobre los da\u00f1os no econ\u00f3micos. Estos son los da\u00f1os que son \u00fanicos en un caso- el efecto de accidentes id\u00e9nticos y las lesiones serian diferentes en personas diferentes. Parte del trabajo de un abogado es poner una cara humana en cada caso, siendo incluyendo la informaci\u00f3n en una carta de demanda inicial, o inform\u00e1ndole al ajustador durante una discusi\u00f3n telef\u00f3nica.<\/p>\n<p>Adicional, los ajustadores de la compa\u00f1\u00eda de seguro est\u00e1n instruidos para salvar dinero de donde ellos puedan, y por los da\u00f1os no econ\u00f3micos son subjetivos, es un asunto simple ofrecer una cantidad baja. Cuando un ajustador no es razonable, la mejor soluci\u00f3n es someter una demanda.<\/p>\n","protected":false},"excerpt":{"rendered":"<p>Ajustadores de las compa\u00f1\u00edas aseguradoras generalmente usan formulas y nosotros determinamos el valor de los casos de accidentes automovil\u00edsticos, pero hay algunos defectos en sus m\u00e9todos. Da\u00f1os en Propiedad Probablemente el factor m\u00e1s importante para un ajustador de una compa\u00f1\u00eda de seguro en cuanto determinar el valor de un reclamo accidente automovil\u00edstico es el da\u00f1o [&hellip;]<\/p>\n","protected":false},"author":1,"featured_media":0,"parent":52,"menu_order":0,"comment_status":"closed","ping_status":"open","template":"","meta":{"footnotes":""},"class_list":["post-56","page","type-page","status-publish","hentry"],"yoast_head":"<!-- This site is optimized with the Yoast SEO plugin v27.4 - https:\/\/yoast.com\/product\/yoast-seo-wordpress\/ -->\n<title>F\u00f3rmulas De Ajustadores - AccidentValues.com Espa\u00f1ol<\/title>\n<meta name=\"robots\" content=\"index, follow, max-snippet:-1, max-image-preview:large, max-video-preview:-1\" \/>\n<link rel=\"canonical\" href=\"https:\/\/accidentvalues.com\/es\/info\/settlements\/adjusters-formulas\/\" \/>\n<meta property=\"og:locale\" content=\"en_US\" \/>\n<meta property=\"og:type\" content=\"article\" \/>\n<meta property=\"og:title\" content=\"F\u00f3rmulas De Ajustadores - AccidentValues.com Espa\u00f1ol\" \/>\n<meta property=\"og:description\" content=\"Ajustadores de las compa\u00f1\u00edas aseguradoras generalmente usan formulas y nosotros determinamos el valor de los casos de accidentes automovil\u00edsticos, pero hay algunos defectos en sus m\u00e9todos. Da\u00f1os en Propiedad Probablemente el factor m\u00e1s importante para un ajustador de una compa\u00f1\u00eda de seguro en cuanto determinar el valor de un reclamo accidente automovil\u00edstico es el da\u00f1o [&hellip;]\" \/>\n<meta property=\"og:url\" content=\"https:\/\/accidentvalues.com\/es\/info\/settlements\/adjusters-formulas\/\" \/>\n<meta property=\"og:site_name\" content=\"AccidentValues.com Espa\u00f1ol\" \/>\n<meta property=\"article:modified_time\" content=\"2019-11-25T18:43:19+00:00\" \/>\n<meta name=\"twitter:card\" content=\"summary_large_image\" \/>\n<meta name=\"twitter:label1\" content=\"Est. reading time\" \/>\n\t<meta name=\"twitter:data1\" content=\"5 minutes\" \/>\n<script type=\"application\/ld+json\" class=\"yoast-schema-graph\">{\"@context\":\"https:\\\/\\\/schema.org\",\"@graph\":[{\"@type\":\"WebPage\",\"@id\":\"https:\\\/\\\/accidentvalues.com\\\/es\\\/info\\\/settlements\\\/adjusters-formulas\\\/\",\"url\":\"https:\\\/\\\/accidentvalues.com\\\/es\\\/info\\\/settlements\\\/adjusters-formulas\\\/\",\"name\":\"F\u00f3rmulas De Ajustadores - AccidentValues.com Espa\u00f1ol\",\"isPartOf\":{\"@id\":\"https:\\\/\\\/accidentvalues.com\\\/es\\\/#website\"},\"datePublished\":\"2013-02-08T02:51:55+00:00\",\"dateModified\":\"2019-11-25T18:43:19+00:00\",\"breadcrumb\":{\"@id\":\"https:\\\/\\\/accidentvalues.com\\\/es\\\/info\\\/settlements\\\/adjusters-formulas\\\/#breadcrumb\"},\"inLanguage\":\"en-US\",\"potentialAction\":[{\"@type\":\"ReadAction\",\"target\":[\"https:\\\/\\\/accidentvalues.com\\\/es\\\/info\\\/settlements\\\/adjusters-formulas\\\/\"]}]},{\"@type\":\"BreadcrumbList\",\"@id\":\"https:\\\/\\\/accidentvalues.com\\\/es\\\/info\\\/settlements\\\/adjusters-formulas\\\/#breadcrumb\",\"itemListElement\":[{\"@type\":\"ListItem\",\"position\":1,\"name\":\"Home\",\"item\":\"https:\\\/\\\/accidentvalues.com\\\/es\\\/\"},{\"@type\":\"ListItem\",\"position\":2,\"name\":\"Informaci\u00f3n\",\"item\":\"https:\\\/\\\/accidentvalues.com\\\/es\\\/info\\\/\"},{\"@type\":\"ListItem\",\"position\":3,\"name\":\"Acuerdo\",\"item\":\"https:\\\/\\\/accidentvalues.com\\\/es\\\/info\\\/settlements\\\/\"},{\"@type\":\"ListItem\",\"position\":4,\"name\":\"F\u00f3rmulas De Ajustadores\"}]},{\"@type\":\"WebSite\",\"@id\":\"https:\\\/\\\/accidentvalues.com\\\/es\\\/#website\",\"url\":\"https:\\\/\\\/accidentvalues.com\\\/es\\\/\",\"name\":\"AccidentValues.com Espa\u00f1ol\",\"description\":\"Calculate the Value of a Car or Truck Accident Claim\",\"potentialAction\":[{\"@type\":\"SearchAction\",\"target\":{\"@type\":\"EntryPoint\",\"urlTemplate\":\"https:\\\/\\\/accidentvalues.com\\\/es\\\/?s={search_term_string}\"},\"query-input\":{\"@type\":\"PropertyValueSpecification\",\"valueRequired\":true,\"valueName\":\"search_term_string\"}}],\"inLanguage\":\"en-US\"}]}<\/script>\n<!-- \/ Yoast SEO plugin. -->","yoast_head_json":{"title":"F\u00f3rmulas De Ajustadores - AccidentValues.com Espa\u00f1ol","robots":{"index":"index","follow":"follow","max-snippet":"max-snippet:-1","max-image-preview":"max-image-preview:large","max-video-preview":"max-video-preview:-1"},"canonical":"https:\/\/accidentvalues.com\/es\/info\/settlements\/adjusters-formulas\/","og_locale":"en_US","og_type":"article","og_title":"F\u00f3rmulas De Ajustadores - AccidentValues.com Espa\u00f1ol","og_description":"Ajustadores de las compa\u00f1\u00edas aseguradoras generalmente usan formulas y nosotros determinamos el valor de los casos de accidentes automovil\u00edsticos, pero hay algunos defectos en sus m\u00e9todos. Da\u00f1os en Propiedad Probablemente el factor m\u00e1s importante para un ajustador de una compa\u00f1\u00eda de seguro en cuanto determinar el valor de un reclamo accidente automovil\u00edstico es el da\u00f1o [&hellip;]","og_url":"https:\/\/accidentvalues.com\/es\/info\/settlements\/adjusters-formulas\/","og_site_name":"AccidentValues.com Espa\u00f1ol","article_modified_time":"2019-11-25T18:43:19+00:00","twitter_card":"summary_large_image","twitter_misc":{"Est. reading time":"5 minutes"},"schema":{"@context":"https:\/\/schema.org","@graph":[{"@type":"WebPage","@id":"https:\/\/accidentvalues.com\/es\/info\/settlements\/adjusters-formulas\/","url":"https:\/\/accidentvalues.com\/es\/info\/settlements\/adjusters-formulas\/","name":"F\u00f3rmulas De Ajustadores - AccidentValues.com Espa\u00f1ol","isPartOf":{"@id":"https:\/\/accidentvalues.com\/es\/#website"},"datePublished":"2013-02-08T02:51:55+00:00","dateModified":"2019-11-25T18:43:19+00:00","breadcrumb":{"@id":"https:\/\/accidentvalues.com\/es\/info\/settlements\/adjusters-formulas\/#breadcrumb"},"inLanguage":"en-US","potentialAction":[{"@type":"ReadAction","target":["https:\/\/accidentvalues.com\/es\/info\/settlements\/adjusters-formulas\/"]}]},{"@type":"BreadcrumbList","@id":"https:\/\/accidentvalues.com\/es\/info\/settlements\/adjusters-formulas\/#breadcrumb","itemListElement":[{"@type":"ListItem","position":1,"name":"Home","item":"https:\/\/accidentvalues.com\/es\/"},{"@type":"ListItem","position":2,"name":"Informaci\u00f3n","item":"https:\/\/accidentvalues.com\/es\/info\/"},{"@type":"ListItem","position":3,"name":"Acuerdo","item":"https:\/\/accidentvalues.com\/es\/info\/settlements\/"},{"@type":"ListItem","position":4,"name":"F\u00f3rmulas De Ajustadores"}]},{"@type":"WebSite","@id":"https:\/\/accidentvalues.com\/es\/#website","url":"https:\/\/accidentvalues.com\/es\/","name":"AccidentValues.com Espa\u00f1ol","description":"Calculate the Value of a Car or Truck Accident Claim","potentialAction":[{"@type":"SearchAction","target":{"@type":"EntryPoint","urlTemplate":"https:\/\/accidentvalues.com\/es\/?s={search_term_string}"},"query-input":{"@type":"PropertyValueSpecification","valueRequired":true,"valueName":"search_term_string"}}],"inLanguage":"en-US"}]}},"_links":{"self":[{"href":"https:\/\/accidentvalues.com\/es\/wp-json\/wp\/v2\/pages\/56","targetHints":{"allow":["GET"]}}],"collection":[{"href":"https:\/\/accidentvalues.com\/es\/wp-json\/wp\/v2\/pages"}],"about":[{"href":"https:\/\/accidentvalues.com\/es\/wp-json\/wp\/v2\/types\/page"}],"author":[{"embeddable":true,"href":"https:\/\/accidentvalues.com\/es\/wp-json\/wp\/v2\/users\/1"}],"replies":[{"embeddable":true,"href":"https:\/\/accidentvalues.com\/es\/wp-json\/wp\/v2\/comments?post=56"}],"version-history":[{"count":4,"href":"https:\/\/accidentvalues.com\/es\/wp-json\/wp\/v2\/pages\/56\/revisions"}],"predecessor-version":[{"id":533,"href":"https:\/\/accidentvalues.com\/es\/wp-json\/wp\/v2\/pages\/56\/revisions\/533"}],"up":[{"embeddable":true,"href":"https:\/\/accidentvalues.com\/es\/wp-json\/wp\/v2\/pages\/52"}],"wp:attachment":[{"href":"https:\/\/accidentvalues.com\/es\/wp-json\/wp\/v2\/media?parent=56"}],"curies":[{"name":"wp","href":"https:\/\/api.w.org\/{rel}","templated":true}]}}