{"id":64,"date":"2013-02-08T02:59:11","date_gmt":"2013-02-08T02:59:11","guid":{"rendered":"http:\/\/accidentvalues.com\/?page_id=64"},"modified":"2019-11-26T15:13:22","modified_gmt":"2019-11-26T20:13:22","slug":"collateral-source-rule","status":"publish","type":"page","link":"https:\/\/accidentvalues.com\/es\/info\/other-topics\/collateral-source-rule\/","title":{"rendered":"Regla de Fuente Colateral"},"content":{"rendered":"<p><strong>Fuente Colateral: Pagos Dobles<\/strong><\/p>\n<p>Bajo la ley de Maryland, v\u00edctimas de accidentes automovil\u00edsticos est\u00e1n intitulados a recuperarse por un conductor negligente por los gastos m\u00e9dicos y perdida en salario, aunque ya hayan sido pagados por otras fuentes. Esto aumenta los valores en acuerdo y juicio de un reclamo por que al demandante se le permite recuperarse doblemente de algunas perdidas y danos.<\/p>\n<p>Estos son ejemplos t\u00edpicos en donde esto acurre:<\/p>\n<p><strong>Seguro de Protecci\u00f3n de Lesi\u00f3n Personal (PIP)<\/strong><\/p>\n<p>Muchas p\u00f3lizas de compa\u00f1\u00edas de seguro incluyen una provisi\u00f3n de protecci\u00f3n en lesi\u00f3n personal (PIP) y\/o p\u00f3liza de pagos m\u00e9dico. Esto t\u00edpicamente titula ocupantes de un veh\u00edculo ya pagos de no culpabilidad entre $2,500 y $10,000 por algunas lesiones, En muchos casos, se usan para pagar gastos m\u00e9dicos y perdida en salario. Estos pagos t\u00edpicamente ocurren r\u00e1pidamente despu\u00e9s de un accidente- a veces en solo meses.<\/p>\n<p>Cuando se llega a un acuerdo el reclamo de accidente de auto o ir a juicio, la victima est\u00e1 en titulada a la cantidad completa de gastos m\u00e9dicos y perdida en salario, aunque el pago recibido sea por medio de PIP o cubierta de pagos m\u00e9dicos.<\/p>\n<p><strong>Seguro Medico<\/strong><\/p>\n<p>Si la v\u00edctima del accidente automovil\u00edstico est\u00e1 asegurada con un seguro de salud privado, tiene Medicare, o tiene asistencia m\u00e9dica (Medicaid), algunos o todos los gastos m\u00e9dicos deben ser pagos.<\/p>\n<p>La victima de accidente automovil\u00edstico esta supuesta a buscar recuperaci\u00f3n completa por los gastos m\u00e9dicos originales, Sean pagos por la compa\u00f1\u00eda de seguro o escritos por el proveedor. En muchos casos, la victima puede ser que tenga que pagarle a la compa\u00f1\u00eda de seguro o gobierno por todos ellos o algunos de sus gastos, de cualquier manera.<\/p>\n<p><strong>Tiempo de Vacaciones o Enfermedad<\/strong><\/p>\n<p>Un trabajador que usa tiene por de enfermedad, tiempo de vacaciones, o seguro de incapacidad para compensar por el tiempo perdido de trabajo se le permitir\u00e1 buscar el valor completo del salario que se ha perdido por esos d\u00edas perdidos de trabajo (como tiempo de enfermedad y tiempo de vacaciones) que luego ya no tenga disponible.<\/p>\n<p><strong>Razones para la Regla de Fuerte Colateral<\/strong><\/p>\n<p>La regla de fuente colateral es importante por muchas razones. Primero, conductores negligentes no se les debe permitir causar una lesi\u00f3n y luego salirse con la suya \u2013 la ley le llama a eso ganancia, por lo que es desfavorable. Es una p\u00f3liza generalmente mejor por una lesi\u00f3n causada por una persona pagar los danos que han causado.<\/p>\n<p>Segundo, la v\u00edctima del accidente t\u00edpicamente paga algo por estos beneficios. La paga unas cuotas de seguro por PIP, cuotas de seguro por seguros de salud, y uso de vacaciones o tiempo de enfermedad puede que est\u00e9n disponibles, pero para el accidente. La v\u00edctima esta lesionada, y esa p\u00e9rdida debe de ser compensada.<\/p>\n<p>Tercero, muchas compa\u00f1\u00edas de seguro, Medicare and Medicaid procesa un enlace de recuperaci\u00f3n en pagos que ellos hacen. Si la victima lesiona negocia un acuerdo sin ser compensado, puede ser que termine doblemente lesionado por que el sigue teniendo que pagar por gastos m\u00e9dicos.<\/p>\n<p>En peque\u00f1os casos, la regla de fuente colateral tambi\u00e9n le puede ayudar a la v\u00edctima, cuando se contrata a un abogado, casi nunca ellos pueden ser completados. Una porci\u00f3n de su recuperaci\u00f3n puede ser utilizado por fijos de abogados y en los Estados Unidos casi todos los reclamos incorrectos no son permitidos para \u201cperdida en pagos\u201d. Si la victima consigue unos cuantos d\u00f3lares m\u00e1s por la regla de fuente colateral, \u00e9l est\u00e1 m\u00e1s cercano a ser completado.<\/p>\n<p>Muy importante, las compa\u00f1\u00edas de seguro prefieren negociar casos con victimas sin representaci\u00f3n. Algunas v\u00edctimas no saben la ley de fuente colateral, y compa\u00f1\u00edas de seguro casi siempre toman ventaja de esa falta de conocimiento. Algunos ajustadores de la compa\u00f1\u00eda de seguro no conocen la ley, tampoco (particularmente esos que est\u00e1n basados fuera de ese estado).<\/p>\n","protected":false},"excerpt":{"rendered":"<p>Fuente Colateral: Pagos Dobles Bajo la ley de Maryland, v\u00edctimas de accidentes automovil\u00edsticos est\u00e1n intitulados a recuperarse por un conductor negligente por los gastos m\u00e9dicos y perdida en salario, aunque ya hayan sido pagados por otras fuentes. Esto aumenta los valores en acuerdo y juicio de un reclamo por que al demandante se le permite [&hellip;]<\/p>\n","protected":false},"author":1,"featured_media":0,"parent":62,"menu_order":0,"comment_status":"closed","ping_status":"open","template":"","meta":{"footnotes":""},"class_list":["post-64","page","type-page","status-publish","hentry"],"yoast_head":"<!-- This site is optimized with the Yoast SEO plugin v27.4 - https:\/\/yoast.com\/product\/yoast-seo-wordpress\/ -->\n<title>Regla de Fuente Colateral - AccidentValues.com Espa\u00f1ol<\/title>\n<meta name=\"robots\" content=\"index, follow, max-snippet:-1, max-image-preview:large, max-video-preview:-1\" \/>\n<link rel=\"canonical\" href=\"https:\/\/accidentvalues.com\/es\/info\/other-topics\/collateral-source-rule\/\" \/>\n<meta property=\"og:locale\" content=\"en_US\" \/>\n<meta property=\"og:type\" content=\"article\" \/>\n<meta property=\"og:title\" content=\"Regla de Fuente Colateral - AccidentValues.com Espa\u00f1ol\" \/>\n<meta property=\"og:description\" content=\"Fuente Colateral: Pagos Dobles Bajo la ley de Maryland, v\u00edctimas de accidentes automovil\u00edsticos est\u00e1n intitulados a recuperarse por un conductor negligente por los gastos m\u00e9dicos y perdida en salario, aunque ya hayan sido pagados por otras fuentes. Esto aumenta los valores en acuerdo y juicio de un reclamo por que al demandante se le permite [&hellip;]\" \/>\n<meta property=\"og:url\" content=\"https:\/\/accidentvalues.com\/es\/info\/other-topics\/collateral-source-rule\/\" \/>\n<meta property=\"og:site_name\" content=\"AccidentValues.com Espa\u00f1ol\" \/>\n<meta property=\"article:modified_time\" content=\"2019-11-26T20:13:22+00:00\" \/>\n<meta name=\"twitter:card\" content=\"summary_large_image\" \/>\n<meta name=\"twitter:label1\" content=\"Est. reading time\" \/>\n\t<meta name=\"twitter:data1\" content=\"3 minutes\" \/>\n<script type=\"application\/ld+json\" class=\"yoast-schema-graph\">{\"@context\":\"https:\\\/\\\/schema.org\",\"@graph\":[{\"@type\":\"WebPage\",\"@id\":\"https:\\\/\\\/accidentvalues.com\\\/es\\\/info\\\/other-topics\\\/collateral-source-rule\\\/\",\"url\":\"https:\\\/\\\/accidentvalues.com\\\/es\\\/info\\\/other-topics\\\/collateral-source-rule\\\/\",\"name\":\"Regla de Fuente Colateral - AccidentValues.com Espa\u00f1ol\",\"isPartOf\":{\"@id\":\"https:\\\/\\\/accidentvalues.com\\\/es\\\/#website\"},\"datePublished\":\"2013-02-08T02:59:11+00:00\",\"dateModified\":\"2019-11-26T20:13:22+00:00\",\"breadcrumb\":{\"@id\":\"https:\\\/\\\/accidentvalues.com\\\/es\\\/info\\\/other-topics\\\/collateral-source-rule\\\/#breadcrumb\"},\"inLanguage\":\"en-US\",\"potentialAction\":[{\"@type\":\"ReadAction\",\"target\":[\"https:\\\/\\\/accidentvalues.com\\\/es\\\/info\\\/other-topics\\\/collateral-source-rule\\\/\"]}]},{\"@type\":\"BreadcrumbList\",\"@id\":\"https:\\\/\\\/accidentvalues.com\\\/es\\\/info\\\/other-topics\\\/collateral-source-rule\\\/#breadcrumb\",\"itemListElement\":[{\"@type\":\"ListItem\",\"position\":1,\"name\":\"Home\",\"item\":\"https:\\\/\\\/accidentvalues.com\\\/es\\\/\"},{\"@type\":\"ListItem\",\"position\":2,\"name\":\"Informaci\u00f3n\",\"item\":\"https:\\\/\\\/accidentvalues.com\\\/es\\\/info\\\/\"},{\"@type\":\"ListItem\",\"position\":3,\"name\":\"Other Topics\",\"item\":\"https:\\\/\\\/accidentvalues.com\\\/es\\\/info\\\/other-topics\\\/\"},{\"@type\":\"ListItem\",\"position\":4,\"name\":\"Regla de Fuente Colateral\"}]},{\"@type\":\"WebSite\",\"@id\":\"https:\\\/\\\/accidentvalues.com\\\/es\\\/#website\",\"url\":\"https:\\\/\\\/accidentvalues.com\\\/es\\\/\",\"name\":\"AccidentValues.com Espa\u00f1ol\",\"description\":\"Calculate the Value of a Car or Truck Accident Claim\",\"potentialAction\":[{\"@type\":\"SearchAction\",\"target\":{\"@type\":\"EntryPoint\",\"urlTemplate\":\"https:\\\/\\\/accidentvalues.com\\\/es\\\/?s={search_term_string}\"},\"query-input\":{\"@type\":\"PropertyValueSpecification\",\"valueRequired\":true,\"valueName\":\"search_term_string\"}}],\"inLanguage\":\"en-US\"}]}<\/script>\n<!-- \/ Yoast SEO plugin. -->","yoast_head_json":{"title":"Regla de Fuente Colateral - AccidentValues.com Espa\u00f1ol","robots":{"index":"index","follow":"follow","max-snippet":"max-snippet:-1","max-image-preview":"max-image-preview:large","max-video-preview":"max-video-preview:-1"},"canonical":"https:\/\/accidentvalues.com\/es\/info\/other-topics\/collateral-source-rule\/","og_locale":"en_US","og_type":"article","og_title":"Regla de Fuente Colateral - AccidentValues.com Espa\u00f1ol","og_description":"Fuente Colateral: Pagos Dobles Bajo la ley de Maryland, v\u00edctimas de accidentes automovil\u00edsticos est\u00e1n intitulados a recuperarse por un conductor negligente por los gastos m\u00e9dicos y perdida en salario, aunque ya hayan sido pagados por otras fuentes. Esto aumenta los valores en acuerdo y juicio de un reclamo por que al demandante se le permite [&hellip;]","og_url":"https:\/\/accidentvalues.com\/es\/info\/other-topics\/collateral-source-rule\/","og_site_name":"AccidentValues.com Espa\u00f1ol","article_modified_time":"2019-11-26T20:13:22+00:00","twitter_card":"summary_large_image","twitter_misc":{"Est. reading time":"3 minutes"},"schema":{"@context":"https:\/\/schema.org","@graph":[{"@type":"WebPage","@id":"https:\/\/accidentvalues.com\/es\/info\/other-topics\/collateral-source-rule\/","url":"https:\/\/accidentvalues.com\/es\/info\/other-topics\/collateral-source-rule\/","name":"Regla de Fuente Colateral - AccidentValues.com Espa\u00f1ol","isPartOf":{"@id":"https:\/\/accidentvalues.com\/es\/#website"},"datePublished":"2013-02-08T02:59:11+00:00","dateModified":"2019-11-26T20:13:22+00:00","breadcrumb":{"@id":"https:\/\/accidentvalues.com\/es\/info\/other-topics\/collateral-source-rule\/#breadcrumb"},"inLanguage":"en-US","potentialAction":[{"@type":"ReadAction","target":["https:\/\/accidentvalues.com\/es\/info\/other-topics\/collateral-source-rule\/"]}]},{"@type":"BreadcrumbList","@id":"https:\/\/accidentvalues.com\/es\/info\/other-topics\/collateral-source-rule\/#breadcrumb","itemListElement":[{"@type":"ListItem","position":1,"name":"Home","item":"https:\/\/accidentvalues.com\/es\/"},{"@type":"ListItem","position":2,"name":"Informaci\u00f3n","item":"https:\/\/accidentvalues.com\/es\/info\/"},{"@type":"ListItem","position":3,"name":"Other Topics","item":"https:\/\/accidentvalues.com\/es\/info\/other-topics\/"},{"@type":"ListItem","position":4,"name":"Regla de Fuente Colateral"}]},{"@type":"WebSite","@id":"https:\/\/accidentvalues.com\/es\/#website","url":"https:\/\/accidentvalues.com\/es\/","name":"AccidentValues.com Espa\u00f1ol","description":"Calculate the Value of a Car or Truck Accident Claim","potentialAction":[{"@type":"SearchAction","target":{"@type":"EntryPoint","urlTemplate":"https:\/\/accidentvalues.com\/es\/?s={search_term_string}"},"query-input":{"@type":"PropertyValueSpecification","valueRequired":true,"valueName":"search_term_string"}}],"inLanguage":"en-US"}]}},"_links":{"self":[{"href":"https:\/\/accidentvalues.com\/es\/wp-json\/wp\/v2\/pages\/64","targetHints":{"allow":["GET"]}}],"collection":[{"href":"https:\/\/accidentvalues.com\/es\/wp-json\/wp\/v2\/pages"}],"about":[{"href":"https:\/\/accidentvalues.com\/es\/wp-json\/wp\/v2\/types\/page"}],"author":[{"embeddable":true,"href":"https:\/\/accidentvalues.com\/es\/wp-json\/wp\/v2\/users\/1"}],"replies":[{"embeddable":true,"href":"https:\/\/accidentvalues.com\/es\/wp-json\/wp\/v2\/comments?post=64"}],"version-history":[{"count":3,"href":"https:\/\/accidentvalues.com\/es\/wp-json\/wp\/v2\/pages\/64\/revisions"}],"predecessor-version":[{"id":575,"href":"https:\/\/accidentvalues.com\/es\/wp-json\/wp\/v2\/pages\/64\/revisions\/575"}],"up":[{"embeddable":true,"href":"https:\/\/accidentvalues.com\/es\/wp-json\/wp\/v2\/pages\/62"}],"wp:attachment":[{"href":"https:\/\/accidentvalues.com\/es\/wp-json\/wp\/v2\/media?parent=64"}],"curies":[{"name":"wp","href":"https:\/\/api.w.org\/{rel}","templated":true}]}}