{"id":71,"date":"2013-02-08T03:24:36","date_gmt":"2013-02-08T03:24:36","guid":{"rendered":"http:\/\/accidentvalues.com\/?page_id=71"},"modified":"2019-11-26T15:36:39","modified_gmt":"2019-11-26T20:36:39","slug":"other-factors-effecting-value","status":"publish","type":"page","link":"https:\/\/accidentvalues.com\/es\/info\/maryland\/other-factors-effecting-value\/","title":{"rendered":"Otros Factores que Afectan El Valor"},"content":{"rendered":"<p><strong>Factores Miscel\u00e1neos que Afectan el Favor del Caso<\/strong><\/p>\n<p>Determinar el valor del caso no es un ejercicio de memorizaci\u00f3n solo con meramente conectando n\u00fameros en una formula. Si as\u00ed es, habr\u00e1 poca necesidad de drama de una demanda de accidente de auto.<\/p>\n<p>Hay un sin n\u00famero de factores el\u00e1sticos que juegan un papel significante en el valor de caso. Estos factores son la raz\u00f3n que puede ser dificultoso para una persona que no practica abogac\u00eda entender por qu\u00e9 su caso tiene un valor diferente a un caso similar que ellos ya conocen. Esto es casi imposible comparar casos en diferentes estados, por ejemplo, porque las leyes diferentes y estanques de jurado hacen que la comparaci\u00f3n sea de poca ayuda.<\/p>\n<p>Aqu\u00ed hay factores que un abogado con experiencia entender\u00e1 y podr\u00e1 usar para determinar el verdadero valor de su caso de accidente automovil\u00edstico:<\/p>\n<p><strong>Distrito vs. Corte de Circuito<\/strong><\/p>\n<p>La mayor\u00eda de las demandas de accidentes de auto en Maryland se someten en las cortes del estado de Maryland. Hay unas pocas que terminan en el sistema federal, en las Coretes de Distrito de los Estados Unidos por el Distrito de Maryland, que las cortes en Greenbelt y la cuidad de Baltimore y t\u00edpicamente lidia con casos de sobre $75,000.00.<\/p>\n<p>Para las cortes del estado de Maryland, hay cuatro niveles:<\/p>\n<blockquote><p><strong>\u2022 $5,000 o menos (Corte de Distrito):<\/strong> Reconocida como casos de \u201creclamos peque\u00f1os\u201d, esta son demandas de $5,000 o menos en las cortes de Distrito. Estas est\u00e1n dise\u00f1adas para que las personas puedan someter una demanda son la asistencia de un abogado, y porque ellas est\u00e1n limitadas por la cantidad de dinero, muchas reglas de evidencia no se aplican. La infraestructura de un juicio es t\u00edpicamente m\u00e1s relajante. Esto son siempre juicios de sill\u00f3n, que se deciden por un juez.<br \/>\n<strong>\u2022 $5,000.01 a $15,000 (Corte de Distrito):<\/strong> El pr\u00f3ximo nivel es el de cortes de Distrito desde $5,000.01 a $15,000. La importancia de este nivel de corte es que el demandante (v\u00edctima del accidente) el que somete aqu\u00ed puede dejar el caso en la Corte de Distrito- no puede moverse forzadamente por el demandado a la Corte de Distrito. Las reglas de evidencia si aplican, como los est\u00e1ndares formales de la corte. Esto son tambi\u00e9n juicios de sill\u00f3n, que el juez decide.<br \/>\n<strong>\u2022 $15,000.01 a $30,000 (Corte de Distrito 0 Corte de Circuito):<\/strong> Victima de accidentes de auto pueden optar para someter tu demanda en la corte de Distrito por un m\u00e1ximo de $30,000, pero el demandante tendr\u00e1 entonces el derecho de mover el caso r\u00e1pidamente a los casos de la corte de Distrito, y ellos tienden a ser m\u00e1s costosos para los litigantes por que la deposici\u00f3n y costos de un experto. V\u00edctimas de accidentes de auto tambi\u00e9n tiene el derecho de someter casos por $30,000 directamente con la Corte de Circuito, donde ellos pueden solicitar un sill\u00f3n (juez) juicio o corte en jurado.<br \/>\n<strong>\u2022 $30,00.01 + (Corte de Circuito):<\/strong> Los casos sometidos por m\u00e1s de $30,000 deben de ser sometidos en las Cortes de Circuito. Ellos pueden ser sometidos como un juicio de sill\u00f3n, pero el demandante tendr\u00e1 el derecho de solicitar eso y ser\u00e1 evaluado por un jurado.<\/p><\/blockquote>\n<p>La elecci\u00f3n de cortes cuesti\u00f3n de estrategias significantes. Es muy claro a donde muchos casos pertenecen \u2013 si los gastos m\u00e9dicos y perdida en salario es extremadamente alta, el caso debe de ser sometido en la corte de Circuito. Si ellos son m\u00e1s bajos, la victima la abogada (do) debe de escoger si debe de someter $30,000, arriesgando moverse a la corte de Circuito.<\/p>\n<p>&nbsp;<\/p>\n<p><strong>Juzgado<\/strong><\/p>\n<p>El posible juzgado para un juicio debe de ser en el acuerdo y valor del juicio de un caso. Los abogados del demandante rastrean los veredictos en el Distrito y cortes de Circuito, y tienen una buena idea de lo que los jueces y jurados tienden hacer en casi todas las situaciones. Algunos jurados son t\u00edpicamente buenos para los demandantes, mientras jurados en otras ciudades tienden a ser m\u00e1s conservadores cuando se trata de decidir sobre los gastos m\u00e9dicos y danos no econ\u00f3micos.<\/p>\n<p>La elecci\u00f3n de donde se debe de someter una demanda es por eso una muy importante. En casi todos los casos de accidentes de auto, una demanda puede ser sometida en la cuidad donde el accidente ocurri\u00f3, o en la cuidad donde el demandado reside o (en el caso de una corporaci\u00f3n) hace negocios. Algunos ajustadores del seguro est\u00e1n al tanto de la reputaci\u00f3n de algunos jueces de varias ciudades y jurados, mientras otros deben de educarse por parte del abogado durante las negociaciones de un acuerdo.<\/p>\n<p><strong>Seguro<\/strong><\/p>\n<p>Uno de los m\u00e1s importantes factores que limitan a el valor de un acuerdo de auto o demanda es la cantidad de seguro disponible. Tristemente, muchos conductores de Maryland cargan los limites m\u00ednimos de un seguro ($30,000 por persona\/$60,000 por accidente). Si los gastos m\u00e9dicos de una v\u00edctima y otros danos exceden el seguro disponible, la \u00fanica opci\u00f3n es intentar ir detr\u00e1s de los recursos del conductor negligente. Esto usualmente no tiene frutos, porque casi todas las personas no tienen los recursos disponibles para pagar la sentencia significante, y porque muchas personas reclamaran banca rota para evitar estos tipos de sentencias.<\/p>\n<p>Por protecci\u00f3n de a\u00f1adidura, los conductores pueden tomar una p\u00f3liza de sin seguro\/ sub seguro (UM\/UIM) seguro de autom\u00f3vil. En caso de un accidente con un conductor sin asegurado o un conductor con l\u00edmites de seguro bajos, una v\u00edctima puede buscar recuperaci\u00f3n por si propia compa\u00f1\u00eda de seguro.<\/p>\n<p><strong>Los Actores<\/strong><\/p>\n<p>Cada persona en un caso de demanda tiene un impacto en el veredicto. La gente m\u00e1s importante, el demandante, demandado, y abogado del demandante y abogado del demandado, ser\u00e1n la mejor posici\u00f3n para influenciar el juez o jurado.<\/p>\n<p>El caso del demandante es dependiendo grandemente de su testimonio. Esto no quiere decir que el demandante debe de tener la invulnerable recolecci\u00f3n de todo lo que ocurri\u00f3, y las fechas exactas de su tratamiento m\u00e9dico. Es importante para el demandante que toque los puntos para probar el caso, sea cre\u00edble, que sea de gran gusto. El demandante da\u00f1a grandemente el caso cuando lo pillan en un juicio mintiendo, o cuando el juez o jurado percibe que el est\u00e1 mintiendo. Otra trampa frecuente es m\u00e9dicos previos y historial de accidente \u2013 es extremadamente importante que durante la recuperaci\u00f3n que el demandante saque a la luz completamente su historial al abogado. Si no lo hace, o si se le olvida, puede devolverse en juicio y el que toma la decisi\u00f3n puede que crea que el est\u00e1 mintiendo.<\/p>\n<p>El mismo es ciento sobre el demandante, El demandante t\u00edpicamente gasta menos tiempo en el podio del testigo, porque el solo testificara sobre la responsabilidad. Pero, si el demandado viene con actitud arrogante, el juez o jurado le pueden de dar el beneficio de la duda al demandante.<\/p>\n<p>Finalmente, lo mismo es la verdad para un abogado, Los abogados deben de ser civiles, profesionales, y deben de ejecutar sus promesas en corte. Fallar a hacerlo tendr\u00e1 un impacto en el caso de su cliente. Un jurado que le guste un abogado mirara menormente deficiencias en el testimonio del cliente. Por igual, un jurado que no le guste el abogado le dar\u00e1 el beneficio de la duda a la otra posici\u00f3n y quiz\u00e1 representar un da\u00f1o al veredicto m\u00e1s alto del que ellos podr\u00edan proveer ordinariamente.<\/p>\n<p><strong>Responsabilidad<\/strong><\/p>\n<p>Responsabilidad es la determinaci\u00f3n de si el demandante fue negligente, o si esa negligencia causo los danos. A veces a responsabilidad es clara, y a veces esta por debate. Casos con responsabilidad clara, si el demandante admita negligencia. O si el demandado puede no pueda escapar de la responsabilidad, tienen un valor m\u00e1s alto para el demandante. En casos donde la responsabilidad es seriamente en disputa, de cualquier manera, tendr\u00e1 un valor de acuerdo m\u00e1s bajo \u2013 el demandado puede discutir durante la discusi\u00f3n sobre el acuerdo y pueda que gane en el tema de responsabilidad, y por consiguiente no pague nada.<\/p>\n","protected":false},"excerpt":{"rendered":"<p>Factores Miscel\u00e1neos que Afectan el Favor del Caso Determinar el valor del caso no es un ejercicio de memorizaci\u00f3n solo con meramente conectando n\u00fameros en una formula. Si as\u00ed es, habr\u00e1 poca necesidad de drama de una demanda de accidente de auto. Hay un sin n\u00famero de factores el\u00e1sticos que juegan un papel significante en [&hellip;]<\/p>\n","protected":false},"author":1,"featured_media":0,"parent":69,"menu_order":0,"comment_status":"closed","ping_status":"open","template":"","meta":{"footnotes":""},"class_list":["post-71","page","type-page","status-publish","hentry"],"yoast_head":"<!-- This site is optimized with the Yoast SEO plugin v27.3 - https:\/\/yoast.com\/product\/yoast-seo-wordpress\/ -->\n<title>Otros Factores que Afectan El Valor - AccidentValues.com Espa\u00f1ol<\/title>\n<meta name=\"robots\" content=\"index, follow, max-snippet:-1, max-image-preview:large, max-video-preview:-1\" \/>\n<link rel=\"canonical\" href=\"https:\/\/accidentvalues.com\/es\/info\/maryland\/other-factors-effecting-value\/\" \/>\n<meta property=\"og:locale\" content=\"en_US\" \/>\n<meta property=\"og:type\" content=\"article\" \/>\n<meta property=\"og:title\" content=\"Otros Factores que Afectan El Valor - AccidentValues.com Espa\u00f1ol\" \/>\n<meta property=\"og:description\" content=\"Factores Miscel\u00e1neos que Afectan el Favor del Caso Determinar el valor del caso no es un ejercicio de memorizaci\u00f3n solo con meramente conectando n\u00fameros en una formula. Si as\u00ed es, habr\u00e1 poca necesidad de drama de una demanda de accidente de auto. Hay un sin n\u00famero de factores el\u00e1sticos que juegan un papel significante en [&hellip;]\" \/>\n<meta property=\"og:url\" content=\"https:\/\/accidentvalues.com\/es\/info\/maryland\/other-factors-effecting-value\/\" \/>\n<meta property=\"og:site_name\" content=\"AccidentValues.com Espa\u00f1ol\" \/>\n<meta property=\"article:modified_time\" content=\"2019-11-26T20:36:39+00:00\" \/>\n<meta name=\"twitter:card\" content=\"summary_large_image\" \/>\n<meta name=\"twitter:label1\" content=\"Est. reading time\" \/>\n\t<meta name=\"twitter:data1\" content=\"7 minutes\" \/>\n<script type=\"application\/ld+json\" class=\"yoast-schema-graph\">{\"@context\":\"https:\\\/\\\/schema.org\",\"@graph\":[{\"@type\":\"WebPage\",\"@id\":\"https:\\\/\\\/accidentvalues.com\\\/es\\\/info\\\/maryland\\\/other-factors-effecting-value\\\/\",\"url\":\"https:\\\/\\\/accidentvalues.com\\\/es\\\/info\\\/maryland\\\/other-factors-effecting-value\\\/\",\"name\":\"Otros Factores que Afectan El Valor - AccidentValues.com Espa\u00f1ol\",\"isPartOf\":{\"@id\":\"https:\\\/\\\/accidentvalues.com\\\/es\\\/#website\"},\"datePublished\":\"2013-02-08T03:24:36+00:00\",\"dateModified\":\"2019-11-26T20:36:39+00:00\",\"breadcrumb\":{\"@id\":\"https:\\\/\\\/accidentvalues.com\\\/es\\\/info\\\/maryland\\\/other-factors-effecting-value\\\/#breadcrumb\"},\"inLanguage\":\"en-US\",\"potentialAction\":[{\"@type\":\"ReadAction\",\"target\":[\"https:\\\/\\\/accidentvalues.com\\\/es\\\/info\\\/maryland\\\/other-factors-effecting-value\\\/\"]}]},{\"@type\":\"BreadcrumbList\",\"@id\":\"https:\\\/\\\/accidentvalues.com\\\/es\\\/info\\\/maryland\\\/other-factors-effecting-value\\\/#breadcrumb\",\"itemListElement\":[{\"@type\":\"ListItem\",\"position\":1,\"name\":\"Home\",\"item\":\"https:\\\/\\\/accidentvalues.com\\\/es\\\/\"},{\"@type\":\"ListItem\",\"position\":2,\"name\":\"Informaci\u00f3n\",\"item\":\"https:\\\/\\\/accidentvalues.com\\\/es\\\/info\\\/\"},{\"@type\":\"ListItem\",\"position\":3,\"name\":\"Maryland\",\"item\":\"https:\\\/\\\/accidentvalues.com\\\/es\\\/info\\\/maryland\\\/\"},{\"@type\":\"ListItem\",\"position\":4,\"name\":\"Otros Factores que Afectan El Valor\"}]},{\"@type\":\"WebSite\",\"@id\":\"https:\\\/\\\/accidentvalues.com\\\/es\\\/#website\",\"url\":\"https:\\\/\\\/accidentvalues.com\\\/es\\\/\",\"name\":\"AccidentValues.com Espa\u00f1ol\",\"description\":\"Calculate the Value of a Car or Truck Accident Claim\",\"potentialAction\":[{\"@type\":\"SearchAction\",\"target\":{\"@type\":\"EntryPoint\",\"urlTemplate\":\"https:\\\/\\\/accidentvalues.com\\\/es\\\/?s={search_term_string}\"},\"query-input\":{\"@type\":\"PropertyValueSpecification\",\"valueRequired\":true,\"valueName\":\"search_term_string\"}}],\"inLanguage\":\"en-US\"}]}<\/script>\n<!-- \/ Yoast SEO plugin. -->","yoast_head_json":{"title":"Otros Factores que Afectan El Valor - AccidentValues.com Espa\u00f1ol","robots":{"index":"index","follow":"follow","max-snippet":"max-snippet:-1","max-image-preview":"max-image-preview:large","max-video-preview":"max-video-preview:-1"},"canonical":"https:\/\/accidentvalues.com\/es\/info\/maryland\/other-factors-effecting-value\/","og_locale":"en_US","og_type":"article","og_title":"Otros Factores que Afectan El Valor - AccidentValues.com Espa\u00f1ol","og_description":"Factores Miscel\u00e1neos que Afectan el Favor del Caso Determinar el valor del caso no es un ejercicio de memorizaci\u00f3n solo con meramente conectando n\u00fameros en una formula. Si as\u00ed es, habr\u00e1 poca necesidad de drama de una demanda de accidente de auto. Hay un sin n\u00famero de factores el\u00e1sticos que juegan un papel significante en [&hellip;]","og_url":"https:\/\/accidentvalues.com\/es\/info\/maryland\/other-factors-effecting-value\/","og_site_name":"AccidentValues.com Espa\u00f1ol","article_modified_time":"2019-11-26T20:36:39+00:00","twitter_card":"summary_large_image","twitter_misc":{"Est. reading time":"7 minutes"},"schema":{"@context":"https:\/\/schema.org","@graph":[{"@type":"WebPage","@id":"https:\/\/accidentvalues.com\/es\/info\/maryland\/other-factors-effecting-value\/","url":"https:\/\/accidentvalues.com\/es\/info\/maryland\/other-factors-effecting-value\/","name":"Otros Factores que Afectan El Valor - AccidentValues.com Espa\u00f1ol","isPartOf":{"@id":"https:\/\/accidentvalues.com\/es\/#website"},"datePublished":"2013-02-08T03:24:36+00:00","dateModified":"2019-11-26T20:36:39+00:00","breadcrumb":{"@id":"https:\/\/accidentvalues.com\/es\/info\/maryland\/other-factors-effecting-value\/#breadcrumb"},"inLanguage":"en-US","potentialAction":[{"@type":"ReadAction","target":["https:\/\/accidentvalues.com\/es\/info\/maryland\/other-factors-effecting-value\/"]}]},{"@type":"BreadcrumbList","@id":"https:\/\/accidentvalues.com\/es\/info\/maryland\/other-factors-effecting-value\/#breadcrumb","itemListElement":[{"@type":"ListItem","position":1,"name":"Home","item":"https:\/\/accidentvalues.com\/es\/"},{"@type":"ListItem","position":2,"name":"Informaci\u00f3n","item":"https:\/\/accidentvalues.com\/es\/info\/"},{"@type":"ListItem","position":3,"name":"Maryland","item":"https:\/\/accidentvalues.com\/es\/info\/maryland\/"},{"@type":"ListItem","position":4,"name":"Otros Factores que Afectan El Valor"}]},{"@type":"WebSite","@id":"https:\/\/accidentvalues.com\/es\/#website","url":"https:\/\/accidentvalues.com\/es\/","name":"AccidentValues.com Espa\u00f1ol","description":"Calculate the Value of a Car or Truck Accident Claim","potentialAction":[{"@type":"SearchAction","target":{"@type":"EntryPoint","urlTemplate":"https:\/\/accidentvalues.com\/es\/?s={search_term_string}"},"query-input":{"@type":"PropertyValueSpecification","valueRequired":true,"valueName":"search_term_string"}}],"inLanguage":"en-US"}]}},"_links":{"self":[{"href":"https:\/\/accidentvalues.com\/es\/wp-json\/wp\/v2\/pages\/71","targetHints":{"allow":["GET"]}}],"collection":[{"href":"https:\/\/accidentvalues.com\/es\/wp-json\/wp\/v2\/pages"}],"about":[{"href":"https:\/\/accidentvalues.com\/es\/wp-json\/wp\/v2\/types\/page"}],"author":[{"embeddable":true,"href":"https:\/\/accidentvalues.com\/es\/wp-json\/wp\/v2\/users\/1"}],"replies":[{"embeddable":true,"href":"https:\/\/accidentvalues.com\/es\/wp-json\/wp\/v2\/comments?post=71"}],"version-history":[{"count":4,"href":"https:\/\/accidentvalues.com\/es\/wp-json\/wp\/v2\/pages\/71\/revisions"}],"predecessor-version":[{"id":579,"href":"https:\/\/accidentvalues.com\/es\/wp-json\/wp\/v2\/pages\/71\/revisions\/579"}],"up":[{"embeddable":true,"href":"https:\/\/accidentvalues.com\/es\/wp-json\/wp\/v2\/pages\/69"}],"wp:attachment":[{"href":"https:\/\/accidentvalues.com\/es\/wp-json\/wp\/v2\/media?parent=71"}],"curies":[{"name":"wp","href":"https:\/\/api.w.org\/{rel}","templated":true}]}}