{"id":75,"date":"2013-02-08T03:32:27","date_gmt":"2013-02-08T03:32:27","guid":{"rendered":"http:\/\/accidentvalues.com\/?page_id=75"},"modified":"2019-11-25T12:51:59","modified_gmt":"2019-11-25T17:51:59","slug":"non-economic-damages","status":"publish","type":"page","link":"https:\/\/accidentvalues.com\/es\/info\/calculate\/non-economic-damages\/","title":{"rendered":"Da\u00f1os No Econ\u00f3micos"},"content":{"rendered":"<p><strong>Da\u00f1os No Econ\u00f3micos<\/strong><\/p>\n<p>Da\u00f1os no econ\u00f3micos son aquellos danos y perdidas que no son f\u00e1ciles de calcular. Usualmente gen\u00e9ricamente cuando se refieren a \u201cda\u00f1o y sufrimiento\u201d, ellos incluyen mucho m\u00e1s. Estos da\u00f1os son subjetivos, y dependen de la experiencia del juez o jurados.<\/p>\n<p><strong>Tipos de Da\u00f1os No Econ\u00f3micos<\/strong><\/p>\n<p>En Maryland, t\u00edpicamente a los jurados se les da unas instrucciones en cuanto a los da\u00f1os no econ\u00f3micos que ellos incluyen en sus veredictos:<br \/>\nLos \u201cDa\u00f1os No Econ\u00f3micos\u201d sostenidos en el pasado y razonablemente probables que sean sostenidos en el futuro. Todos los danos que usted tenga por dolor, sufrimientos inconvenientes, discapacidad f\u00edsica, desfiguramiento, perdida de consorcio, y otras lesiones pecuniarias son \u201cDa\u00f1os No Econ\u00f3micos\u201d.<\/p>\n<p>Una descripci\u00f3n de todos estos da\u00f1os debe de ser de gran ayuda:<\/p>\n<blockquote><p><strong>\u2022 Dolor y Sufrimiento:<\/strong> describe malestar f\u00edsico y angustia, igualmente traumas mentales y emocionales.<br \/>\n\u2022 Inconveniente: Causar interrupci\u00f3n a los a asuntos ya con fecha o asuntos que est\u00e1n por suceder (por ejemplo, tener que asistir a citas m\u00e9dicas)<br \/>\n<strong>\u2022 Discapacidad f\u00edsica:<\/strong> limitaciones en habilidades f\u00edsicas, sean permanentes o temporeras (por ejemplo, inhabilidad de caminar sin muletas)<br \/>\n<strong>\u2022 Desfiguramiento:<\/strong> aparici\u00f3n de cambios o deformaciones (casi siempre se usa en quemaduras, cicatrices y otras marcas obvias)<br \/>\n<strong>\u2022 Perdida de Consorcio:<\/strong> Compa\u00f1erismo entre marido y esposa, incluyendo servicios materiales, sociedad, direcci\u00f3n, compa\u00f1\u00eda y relaciones sexuales.<\/p><\/blockquote>\n<p><strong>Limites en Da\u00f1os No Econ\u00f3micos<\/strong><\/p>\n<p>Semejante a da\u00f1os econ\u00f3micos como da\u00f1os en la propiedad, gastos m\u00e9dicos y perdida en salarios, da\u00f1os no econ\u00f3micos se limitan en el estado de Maryland por una tapa. La capa que se aplica depende del a\u00f1o de la lesi\u00f3n y el tipo de caso. Casos de mal pr\u00e1ctica m\u00e9dica tienen una capa diferente a otros tipos de lesi\u00f3n personal (incluyendo casos de accidentes automovil\u00edstico) Adicional, muerte injusta tiene una capa m\u00e1s alta.<\/p>\n<p>Para casos de accidente automovil\u00edstico, la capa para lesiones entre el 1 de octubre de 2012 y 30 de septiembre de 2013 es $770,000.00 por un reclamo por la persona lesionada (sin importar si la persona a\u00fan sigue viva) y $1,550,000.00 por muerte injusta con dos o m\u00e1s beneficiarios.<\/p>\n<p>Esto significa que (por este periodo de tiempo), $770,000 es lo m\u00e1s que una v\u00edctima de un accidente automovil\u00edstico puede recaudar, sin importar lo horrible que sean sus lesiones. Si las lesiones eventualmente causan la muerte, casi todo sus patrimonios y beneficiarios pueden recuperarse (asumiendo dos o m\u00e1s beneficiarios) en un total de $1,925.00.<\/p>\n<p>La capa individual aumenta por un $15,000.00 cada ano, y la capa de muerte injusta est\u00e1 calculada multiplicando la capa individual por 1.5.<\/p>\n<p><strong>Aumento en Acuerdos y Veredicto de Da\u00f1os No Econ\u00f3micos<\/strong><\/p>\n<p>Cada accidente automovil\u00edstico es una historia, y cada v\u00edctima de un accidente tiene su propia y \u00fanica historia. A menos que el accidente y las cosas que ocurran luego sean claramente horribles, puede ser dificultoso como conveniente para un ajustador de una compa\u00f1\u00eda de seguro sobre el valor de los da\u00f1os econ\u00f3micos que tenga la v\u00edctima en su reclamo. Una carta de demanda clara es vital, y el abogado verdaderamente debe de entender lo que el cliente ha tenido que pasar.<\/p>\n<p>En muchos casos, si las v\u00edctimas de accidentes automovil\u00edsticos en Maryland tienen particularmente unos danos no econ\u00f3micos muy altos (y la compa\u00f1\u00eda de seguro disponible es bastante alta), es mejor someter una demanda y permitir el abogado de la defensa tomar la posici\u00f3n de la v\u00edctima. El ajustador de la compa\u00f1\u00eda de seguro se presenta a una deposici\u00f3n, y puede ser que pueda ver si el mismo est\u00e1 siendo grabado. El abogado de la defensa hablara con el ajustador sobre la impresi\u00f3n que dio la v\u00edctima. Esas impresiones, si la victima testifica bien, puede tener un impacto significante en el acuerdo y el valor del juicio en el caso.<\/p>\n<p>En el juicio, hay una cosa que abogados buenos hacen para aumentar el valor de los da\u00f1os no econ\u00f3micos en un veredicto. Es usualmente dificultoso para una v\u00edctima hablar de ellos y lo que ellos han tenido que pasar- ambos ya que puede ser muy personal, y porque ellos tienen miedo de ser percibidos como d\u00e9biles o una persona que suele quejarse. Es importante que alguien allegado a la v\u00edctima, un miembro de la familia o empleado testifique por su parte. Esto le ayudara al juez o jurado que realmente entienda la terrible experiencia.<\/p>\n<p>Una nota final \u2013 el juicio, el jurado t\u00edpicamente no sabe sobre la capa de da\u00f1os no econ\u00f3micos. Las noticias frecuentemente reportan en veredictos altos \u201cpremiados\u201d por jurados, pero fallan en notar eso, bajo la ley de Maryland, esos veredictos rutinariamente se caen frente al juez despu\u00e9s que el jurado sea despedido.<\/p>\n<p>&nbsp;<\/p>\n","protected":false},"excerpt":{"rendered":"<p>Da\u00f1os No Econ\u00f3micos Da\u00f1os no econ\u00f3micos son aquellos danos y perdidas que no son f\u00e1ciles de calcular. Usualmente gen\u00e9ricamente cuando se refieren a \u201cda\u00f1o y sufrimiento\u201d, ellos incluyen mucho m\u00e1s. Estos da\u00f1os son subjetivos, y dependen de la experiencia del juez o jurados. Tipos de Da\u00f1os No Econ\u00f3micos En Maryland, t\u00edpicamente a los jurados se [&hellip;]<\/p>\n","protected":false},"author":1,"featured_media":0,"parent":26,"menu_order":0,"comment_status":"closed","ping_status":"open","template":"","meta":{"footnotes":""},"class_list":["post-75","page","type-page","status-publish","hentry"],"yoast_head":"<!-- This site is optimized with the Yoast SEO plugin v27.3 - https:\/\/yoast.com\/product\/yoast-seo-wordpress\/ -->\n<title>Da\u00f1os No Econ\u00f3micos - AccidentValues.com Espa\u00f1ol<\/title>\n<meta name=\"robots\" content=\"index, follow, max-snippet:-1, max-image-preview:large, max-video-preview:-1\" \/>\n<link rel=\"canonical\" href=\"https:\/\/accidentvalues.com\/es\/info\/calculate\/non-economic-damages\/\" \/>\n<meta property=\"og:locale\" content=\"en_US\" \/>\n<meta property=\"og:type\" content=\"article\" \/>\n<meta property=\"og:title\" content=\"Da\u00f1os No Econ\u00f3micos - AccidentValues.com Espa\u00f1ol\" \/>\n<meta property=\"og:description\" content=\"Da\u00f1os No Econ\u00f3micos Da\u00f1os no econ\u00f3micos son aquellos danos y perdidas que no son f\u00e1ciles de calcular. Usualmente gen\u00e9ricamente cuando se refieren a \u201cda\u00f1o y sufrimiento\u201d, ellos incluyen mucho m\u00e1s. Estos da\u00f1os son subjetivos, y dependen de la experiencia del juez o jurados. Tipos de Da\u00f1os No Econ\u00f3micos En Maryland, t\u00edpicamente a los jurados se [&hellip;]\" \/>\n<meta property=\"og:url\" content=\"https:\/\/accidentvalues.com\/es\/info\/calculate\/non-economic-damages\/\" \/>\n<meta property=\"og:site_name\" content=\"AccidentValues.com Espa\u00f1ol\" \/>\n<meta property=\"article:modified_time\" content=\"2019-11-25T17:51:59+00:00\" \/>\n<meta name=\"twitter:card\" content=\"summary_large_image\" \/>\n<meta name=\"twitter:label1\" content=\"Est. reading time\" \/>\n\t<meta name=\"twitter:data1\" content=\"4 minutes\" \/>\n<script type=\"application\/ld+json\" class=\"yoast-schema-graph\">{\"@context\":\"https:\\\/\\\/schema.org\",\"@graph\":[{\"@type\":\"WebPage\",\"@id\":\"https:\\\/\\\/accidentvalues.com\\\/es\\\/info\\\/calculate\\\/non-economic-damages\\\/\",\"url\":\"https:\\\/\\\/accidentvalues.com\\\/es\\\/info\\\/calculate\\\/non-economic-damages\\\/\",\"name\":\"Da\u00f1os No Econ\u00f3micos - AccidentValues.com Espa\u00f1ol\",\"isPartOf\":{\"@id\":\"https:\\\/\\\/accidentvalues.com\\\/es\\\/#website\"},\"datePublished\":\"2013-02-08T03:32:27+00:00\",\"dateModified\":\"2019-11-25T17:51:59+00:00\",\"breadcrumb\":{\"@id\":\"https:\\\/\\\/accidentvalues.com\\\/es\\\/info\\\/calculate\\\/non-economic-damages\\\/#breadcrumb\"},\"inLanguage\":\"en-US\",\"potentialAction\":[{\"@type\":\"ReadAction\",\"target\":[\"https:\\\/\\\/accidentvalues.com\\\/es\\\/info\\\/calculate\\\/non-economic-damages\\\/\"]}]},{\"@type\":\"BreadcrumbList\",\"@id\":\"https:\\\/\\\/accidentvalues.com\\\/es\\\/info\\\/calculate\\\/non-economic-damages\\\/#breadcrumb\",\"itemListElement\":[{\"@type\":\"ListItem\",\"position\":1,\"name\":\"Home\",\"item\":\"https:\\\/\\\/accidentvalues.com\\\/es\\\/\"},{\"@type\":\"ListItem\",\"position\":2,\"name\":\"Informaci\u00f3n\",\"item\":\"https:\\\/\\\/accidentvalues.com\\\/es\\\/info\\\/\"},{\"@type\":\"ListItem\",\"position\":3,\"name\":\"Calcule\",\"item\":\"https:\\\/\\\/accidentvalues.com\\\/es\\\/info\\\/calculate\\\/\"},{\"@type\":\"ListItem\",\"position\":4,\"name\":\"Da\u00f1os No Econ\u00f3micos\"}]},{\"@type\":\"WebSite\",\"@id\":\"https:\\\/\\\/accidentvalues.com\\\/es\\\/#website\",\"url\":\"https:\\\/\\\/accidentvalues.com\\\/es\\\/\",\"name\":\"AccidentValues.com Espa\u00f1ol\",\"description\":\"Calculate the Value of a Car or Truck Accident Claim\",\"potentialAction\":[{\"@type\":\"SearchAction\",\"target\":{\"@type\":\"EntryPoint\",\"urlTemplate\":\"https:\\\/\\\/accidentvalues.com\\\/es\\\/?s={search_term_string}\"},\"query-input\":{\"@type\":\"PropertyValueSpecification\",\"valueRequired\":true,\"valueName\":\"search_term_string\"}}],\"inLanguage\":\"en-US\"}]}<\/script>\n<!-- \/ Yoast SEO plugin. -->","yoast_head_json":{"title":"Da\u00f1os No Econ\u00f3micos - AccidentValues.com Espa\u00f1ol","robots":{"index":"index","follow":"follow","max-snippet":"max-snippet:-1","max-image-preview":"max-image-preview:large","max-video-preview":"max-video-preview:-1"},"canonical":"https:\/\/accidentvalues.com\/es\/info\/calculate\/non-economic-damages\/","og_locale":"en_US","og_type":"article","og_title":"Da\u00f1os No Econ\u00f3micos - AccidentValues.com Espa\u00f1ol","og_description":"Da\u00f1os No Econ\u00f3micos Da\u00f1os no econ\u00f3micos son aquellos danos y perdidas que no son f\u00e1ciles de calcular. Usualmente gen\u00e9ricamente cuando se refieren a \u201cda\u00f1o y sufrimiento\u201d, ellos incluyen mucho m\u00e1s. Estos da\u00f1os son subjetivos, y dependen de la experiencia del juez o jurados. Tipos de Da\u00f1os No Econ\u00f3micos En Maryland, t\u00edpicamente a los jurados se [&hellip;]","og_url":"https:\/\/accidentvalues.com\/es\/info\/calculate\/non-economic-damages\/","og_site_name":"AccidentValues.com Espa\u00f1ol","article_modified_time":"2019-11-25T17:51:59+00:00","twitter_card":"summary_large_image","twitter_misc":{"Est. reading time":"4 minutes"},"schema":{"@context":"https:\/\/schema.org","@graph":[{"@type":"WebPage","@id":"https:\/\/accidentvalues.com\/es\/info\/calculate\/non-economic-damages\/","url":"https:\/\/accidentvalues.com\/es\/info\/calculate\/non-economic-damages\/","name":"Da\u00f1os No Econ\u00f3micos - AccidentValues.com Espa\u00f1ol","isPartOf":{"@id":"https:\/\/accidentvalues.com\/es\/#website"},"datePublished":"2013-02-08T03:32:27+00:00","dateModified":"2019-11-25T17:51:59+00:00","breadcrumb":{"@id":"https:\/\/accidentvalues.com\/es\/info\/calculate\/non-economic-damages\/#breadcrumb"},"inLanguage":"en-US","potentialAction":[{"@type":"ReadAction","target":["https:\/\/accidentvalues.com\/es\/info\/calculate\/non-economic-damages\/"]}]},{"@type":"BreadcrumbList","@id":"https:\/\/accidentvalues.com\/es\/info\/calculate\/non-economic-damages\/#breadcrumb","itemListElement":[{"@type":"ListItem","position":1,"name":"Home","item":"https:\/\/accidentvalues.com\/es\/"},{"@type":"ListItem","position":2,"name":"Informaci\u00f3n","item":"https:\/\/accidentvalues.com\/es\/info\/"},{"@type":"ListItem","position":3,"name":"Calcule","item":"https:\/\/accidentvalues.com\/es\/info\/calculate\/"},{"@type":"ListItem","position":4,"name":"Da\u00f1os No Econ\u00f3micos"}]},{"@type":"WebSite","@id":"https:\/\/accidentvalues.com\/es\/#website","url":"https:\/\/accidentvalues.com\/es\/","name":"AccidentValues.com Espa\u00f1ol","description":"Calculate the Value of a Car or Truck Accident Claim","potentialAction":[{"@type":"SearchAction","target":{"@type":"EntryPoint","urlTemplate":"https:\/\/accidentvalues.com\/es\/?s={search_term_string}"},"query-input":{"@type":"PropertyValueSpecification","valueRequired":true,"valueName":"search_term_string"}}],"inLanguage":"en-US"}]}},"_links":{"self":[{"href":"https:\/\/accidentvalues.com\/es\/wp-json\/wp\/v2\/pages\/75","targetHints":{"allow":["GET"]}}],"collection":[{"href":"https:\/\/accidentvalues.com\/es\/wp-json\/wp\/v2\/pages"}],"about":[{"href":"https:\/\/accidentvalues.com\/es\/wp-json\/wp\/v2\/types\/page"}],"author":[{"embeddable":true,"href":"https:\/\/accidentvalues.com\/es\/wp-json\/wp\/v2\/users\/1"}],"replies":[{"embeddable":true,"href":"https:\/\/accidentvalues.com\/es\/wp-json\/wp\/v2\/comments?post=75"}],"version-history":[{"count":3,"href":"https:\/\/accidentvalues.com\/es\/wp-json\/wp\/v2\/pages\/75\/revisions"}],"predecessor-version":[{"id":524,"href":"https:\/\/accidentvalues.com\/es\/wp-json\/wp\/v2\/pages\/75\/revisions\/524"}],"up":[{"embeddable":true,"href":"https:\/\/accidentvalues.com\/es\/wp-json\/wp\/v2\/pages\/26"}],"wp:attachment":[{"href":"https:\/\/accidentvalues.com\/es\/wp-json\/wp\/v2\/media?parent=75"}],"curies":[{"name":"wp","href":"https:\/\/api.w.org\/{rel}","templated":true}]}}