{"id":79,"date":"2013-06-06T17:52:20","date_gmt":"2013-06-06T17:52:20","guid":{"rendered":"http:\/\/accidentvalues.com\/?page_id=79"},"modified":"2019-11-21T15:57:55","modified_gmt":"2019-11-21T20:57:55","slug":"home","status":"publish","type":"page","link":"https:\/\/accidentvalues.com\/es\/","title":{"rendered":"AccidentValues.com"},"content":{"rendered":"<h2><\/h2>\n<h2>Calculadora De Acuerdo De Accidente<\/h2>\n<p>Nuestra meta es darle un estimado del valor de su reclamo de accidente. Esto generalmente incluye accidentes de auto y de cami\u00f3n. Tambi\u00e9n incluye accidentes que envuelvan camioneras comerciales, motocicletas, y casi cualquier otro veh\u00edculo en movimiento. La calculadora de acuerdo de lesi\u00f3n personal tambi\u00e9n se puede aplicar a otro tipo de accidentes.<\/p>\n<p>La calculadora de acuerdo no ser\u00e1 exacta. La meta solo ser\u00e1 proveer un estimado. La informaci\u00f3n que usted someta es una gran parte de las cosas b\u00e1sicas un abogado de accidente usa para determinar el valor del caso. Cuando usted llama a un abogado y describe lo ocurrido con su accidente, el abogado le hace un estimado espero del valor de su caso, si solo est\u00e1 en su cabeza. El anota todo lo que usted va a completar en la calculadora y lo a\u00f1ade todo y tiene un estimado. Como esta calculadora, el estimado es aproximado.<\/p>\n<h3>Da\u00f1os<\/h3>\n<p>El agravio del caso como un accidente de auto, los elementos son un deber, brecha, causa y da\u00f1os. \u00bfLa otra parte tiene alg\u00fan deber con usted, que han causado una infracci\u00f3n, que le causado alguna lesi\u00f3n? Si esto puede ser probado, usted se mueve a los\u00a0 da\u00f1os. \u00bfCu\u00e1n lastimado usted esta? Esto consiste en da\u00f1os econ\u00f3micos y danos que no son econ\u00f3micos. Econom\u00eda son cosas que usted u otra persona extiende dinero. Algunos ejemplos incluyen cuentas m\u00e9dicas y da\u00f1os a la propiedad. Ejemplos no econ\u00f3micos incluyen dolor y sufrimiento.<\/p>\n<h3>Lesi\u00f3n<\/h3>\n<p>Probablemente usted piense que su lesi\u00f3n como la enfermera f\u00edsica como huesos rotos, espalda o lesi\u00f3n en la cabeza, etc. Como sea, lesi\u00f3n puede ser un t\u00e9rmino usado para abarcar todo sus &#8220;da\u00f1os&#8221;. Asumiendo la responsabilidad pueda ser probada, usted ha sido lesionado por la otra parte. Nosotros estamos aqu\u00ed para usar la calculadora de acuerdo para ver el valor aproximado, en d\u00f3lares, para esa lesi\u00f3n.<\/p>\n<h3><strong>Determinando culpa<\/strong><\/h3>\n<p>Es posible que usted no obtenga nada. En estados contributarios negligentes, en el cual actualmente Maryland es uno de ellos, si usted obtuvo un poco de culpa, usted no puede recuperar de la otra parte. En comparaci\u00f3n con estados negligentes, se usan f\u00f3rmulas para prorratear culpa. Entonces, se determina quien paga que. Es importante que usted sepa sobre eso, dependiendo de problemas de culpabilidad. La calculadora asume que la culpabilidad de la otra parte sea comprobada. Eso es una gran asunci\u00f3n.<\/p>\n<h2>Abogados de Accidentes<\/h2>\n<p>Valores de accidente fue creado por abogados de accidentes. La calculadora est\u00e1 basada en experiencias reales. La calculadora viene con una f\u00f3rmula que nosotros tenemos en nuestra cabeza basada en experiencias pasadas por trabajos de casos de lesi\u00f3n, incluyendo los danos en propiedad, perdida de salario, y cuentas m\u00e9dicas. \u00bfA veces nos preguntan, \u201centonces cual es el estimado real, que usted piensa que realmente debo recibir?&#8221; \u00a1Nuestra \u00fanica respuesta es nosotros le dejamos saber lo m\u00e1s que sabemos- la calculadora lo dice todo!<\/p>\n<h3>La Calculadora de Accidente<\/h3>\n<p>De cualquier manera, usar nuestra calculadora de acuerdo no forma una relaci\u00f3n entre el abogado y cliente. Y aun que nos fijamos en la calidad del estimado, usted no puede esperar que lo que la calculadora diga es lo que usted recibir\u00e1. Todo caso es diferente. Todo caso tiene sus variables. Es tan f\u00e1cil como introducir unos cuantos n\u00fameros y conseguir un cheque, no se requiere un abogado de accidente. Tan siquiera necesitar\u00edamos un adjuntados de la compa\u00f1\u00eda de seguro. Desear\u00eda que fuese as\u00ed de f\u00e1cil. Eso ser\u00eda en un mundo mejor. Pero no es f\u00e1cil, y por eso es que la calculadora solo puede proveer un estimado crudo del valor de su acuerdo en su caso.<\/p>\n","protected":false},"excerpt":{"rendered":"<p>Calculadora De Acuerdo De Accidente Nuestra meta es darle un estimado del valor de su reclamo de accidente. Esto generalmente incluye accidentes de auto y de cami\u00f3n. Tambi\u00e9n incluye accidentes que envuelvan camioneras comerciales, motocicletas, y casi cualquier otro veh\u00edculo en movimiento. La calculadora de acuerdo de lesi\u00f3n personal tambi\u00e9n se puede aplicar a otro [&hellip;]<\/p>\n","protected":false},"author":3,"featured_media":0,"parent":0,"menu_order":0,"comment_status":"closed","ping_status":"open","template":"page-home.php","meta":{"footnotes":""},"class_list":["post-79","page","type-page","status-publish","hentry"],"yoast_head":"<!-- This site is optimized with the Yoast SEO plugin v27.4 - https:\/\/yoast.com\/product\/yoast-seo-wordpress\/ -->\n<title>Accident Settlement Calculator<\/title>\n<meta name=\"description\" content=\"This free accident settlement calculator gives an estimate of the value of your car or truck accident claim. From accident lawyers who know the system\" \/>\n<meta name=\"robots\" content=\"index, follow, max-snippet:-1, max-image-preview:large, max-video-preview:-1\" \/>\n<link rel=\"canonical\" href=\"https:\/\/accidentvalues.com\/es\/\" \/>\n<meta property=\"og:locale\" content=\"en_US\" \/>\n<meta property=\"og:type\" content=\"article\" \/>\n<meta property=\"og:title\" content=\"Accident Settlement Calculator\" \/>\n<meta property=\"og:description\" content=\"This free accident settlement calculator gives an estimate of the value of your car or truck accident claim. From accident lawyers who know the system\" \/>\n<meta property=\"og:url\" content=\"https:\/\/accidentvalues.com\/es\/\" \/>\n<meta property=\"og:site_name\" content=\"AccidentValues.com Espa\u00f1ol\" \/>\n<meta property=\"article:modified_time\" content=\"2019-11-21T20:57:55+00:00\" \/>\n<meta name=\"twitter:card\" content=\"summary_large_image\" \/>\n<meta name=\"twitter:label1\" content=\"Est. reading time\" \/>\n\t<meta name=\"twitter:data1\" content=\"3 minutes\" \/>\n<script type=\"application\/ld+json\" class=\"yoast-schema-graph\">{\"@context\":\"https:\\\/\\\/schema.org\",\"@graph\":[{\"@type\":\"WebPage\",\"@id\":\"https:\\\/\\\/accidentvalues.com\\\/es\\\/\",\"url\":\"https:\\\/\\\/accidentvalues.com\\\/es\\\/\",\"name\":\"Accident Settlement Calculator\",\"isPartOf\":{\"@id\":\"https:\\\/\\\/accidentvalues.com\\\/es\\\/#website\"},\"datePublished\":\"2013-06-06T17:52:20+00:00\",\"dateModified\":\"2019-11-21T20:57:55+00:00\",\"description\":\"This free accident settlement calculator gives an estimate of the value of your car or truck accident claim. From accident lawyers who know the system\",\"breadcrumb\":{\"@id\":\"https:\\\/\\\/accidentvalues.com\\\/es\\\/#breadcrumb\"},\"inLanguage\":\"en-US\",\"potentialAction\":[{\"@type\":\"ReadAction\",\"target\":[\"https:\\\/\\\/accidentvalues.com\\\/es\\\/\"]}]},{\"@type\":\"BreadcrumbList\",\"@id\":\"https:\\\/\\\/accidentvalues.com\\\/es\\\/#breadcrumb\",\"itemListElement\":[{\"@type\":\"ListItem\",\"position\":1,\"name\":\"Home\",\"item\":\"https:\\\/\\\/accidentvalues.com\\\/es\\\/\"},{\"@type\":\"ListItem\",\"position\":2,\"name\":\"AccidentValues.com\"}]},{\"@type\":\"WebSite\",\"@id\":\"https:\\\/\\\/accidentvalues.com\\\/es\\\/#website\",\"url\":\"https:\\\/\\\/accidentvalues.com\\\/es\\\/\",\"name\":\"AccidentValues.com Espa\u00f1ol\",\"description\":\"Calculate the Value of a Car or Truck Accident Claim\",\"potentialAction\":[{\"@type\":\"SearchAction\",\"target\":{\"@type\":\"EntryPoint\",\"urlTemplate\":\"https:\\\/\\\/accidentvalues.com\\\/es\\\/?s={search_term_string}\"},\"query-input\":{\"@type\":\"PropertyValueSpecification\",\"valueRequired\":true,\"valueName\":\"search_term_string\"}}],\"inLanguage\":\"en-US\"}]}<\/script>\n<!-- \/ Yoast SEO plugin. -->","yoast_head_json":{"title":"Accident Settlement Calculator","description":"This free accident settlement calculator gives an estimate of the value of your car or truck accident claim. From accident lawyers who know the system","robots":{"index":"index","follow":"follow","max-snippet":"max-snippet:-1","max-image-preview":"max-image-preview:large","max-video-preview":"max-video-preview:-1"},"canonical":"https:\/\/accidentvalues.com\/es\/","og_locale":"en_US","og_type":"article","og_title":"Accident Settlement Calculator","og_description":"This free accident settlement calculator gives an estimate of the value of your car or truck accident claim. From accident lawyers who know the system","og_url":"https:\/\/accidentvalues.com\/es\/","og_site_name":"AccidentValues.com Espa\u00f1ol","article_modified_time":"2019-11-21T20:57:55+00:00","twitter_card":"summary_large_image","twitter_misc":{"Est. reading time":"3 minutes"},"schema":{"@context":"https:\/\/schema.org","@graph":[{"@type":"WebPage","@id":"https:\/\/accidentvalues.com\/es\/","url":"https:\/\/accidentvalues.com\/es\/","name":"Accident Settlement Calculator","isPartOf":{"@id":"https:\/\/accidentvalues.com\/es\/#website"},"datePublished":"2013-06-06T17:52:20+00:00","dateModified":"2019-11-21T20:57:55+00:00","description":"This free accident settlement calculator gives an estimate of the value of your car or truck accident claim. From accident lawyers who know the system","breadcrumb":{"@id":"https:\/\/accidentvalues.com\/es\/#breadcrumb"},"inLanguage":"en-US","potentialAction":[{"@type":"ReadAction","target":["https:\/\/accidentvalues.com\/es\/"]}]},{"@type":"BreadcrumbList","@id":"https:\/\/accidentvalues.com\/es\/#breadcrumb","itemListElement":[{"@type":"ListItem","position":1,"name":"Home","item":"https:\/\/accidentvalues.com\/es\/"},{"@type":"ListItem","position":2,"name":"AccidentValues.com"}]},{"@type":"WebSite","@id":"https:\/\/accidentvalues.com\/es\/#website","url":"https:\/\/accidentvalues.com\/es\/","name":"AccidentValues.com Espa\u00f1ol","description":"Calculate the Value of a Car or Truck Accident Claim","potentialAction":[{"@type":"SearchAction","target":{"@type":"EntryPoint","urlTemplate":"https:\/\/accidentvalues.com\/es\/?s={search_term_string}"},"query-input":{"@type":"PropertyValueSpecification","valueRequired":true,"valueName":"search_term_string"}}],"inLanguage":"en-US"}]}},"_links":{"self":[{"href":"https:\/\/accidentvalues.com\/es\/wp-json\/wp\/v2\/pages\/79","targetHints":{"allow":["GET"]}}],"collection":[{"href":"https:\/\/accidentvalues.com\/es\/wp-json\/wp\/v2\/pages"}],"about":[{"href":"https:\/\/accidentvalues.com\/es\/wp-json\/wp\/v2\/types\/page"}],"author":[{"embeddable":true,"href":"https:\/\/accidentvalues.com\/es\/wp-json\/wp\/v2\/users\/3"}],"replies":[{"embeddable":true,"href":"https:\/\/accidentvalues.com\/es\/wp-json\/wp\/v2\/comments?post=79"}],"version-history":[{"count":15,"href":"https:\/\/accidentvalues.com\/es\/wp-json\/wp\/v2\/pages\/79\/revisions"}],"predecessor-version":[{"id":508,"href":"https:\/\/accidentvalues.com\/es\/wp-json\/wp\/v2\/pages\/79\/revisions\/508"}],"wp:attachment":[{"href":"https:\/\/accidentvalues.com\/es\/wp-json\/wp\/v2\/media?parent=79"}],"curies":[{"name":"wp","href":"https:\/\/api.w.org\/{rel}","templated":true}]}}