{"id":83,"date":"2013-06-06T17:53:21","date_gmt":"2013-06-06T17:53:21","guid":{"rendered":"http:\/\/accidentvalues.com\/?page_id=83"},"modified":"2019-12-03T11:52:54","modified_gmt":"2019-12-03T16:52:54","slug":"calculator","status":"publish","type":"page","link":"https:\/\/accidentvalues.com\/es\/calculator\/","title":{"rendered":"Calculadora de Reclamo de Accidente de Auto"},"content":{"rendered":"<h2>Usted esta a solo pasos de tener un estimado gratis en su reclamo de accidente.<\/h2>\n<h2 class=\"result-status intro\">Su estimado ser\u00e1 inmediato despu\u00e9s de estos cortos documentos.<\/h2>\n","protected":false},"excerpt":{"rendered":"<p>Usted esta a solo pasos de tener un estimado gratis en su reclamo de accidente. Su estimado ser\u00e1 inmediato despu\u00e9s de estos cortos documentos.<\/p>\n","protected":false},"author":3,"featured_media":0,"parent":0,"menu_order":0,"comment_status":"closed","ping_status":"open","template":"page-calc.php","meta":{"footnotes":""},"class_list":["post-83","page","type-page","status-publish","hentry"],"yoast_head":"<!-- This site is optimized with the Yoast SEO plugin v27.3 - https:\/\/yoast.com\/product\/yoast-seo-wordpress\/ -->\n<title>Calculadora de Reclamo de Accidente de Auto - AccidentValues.com Espa\u00f1ol<\/title>\n<meta name=\"robots\" content=\"index, follow, max-snippet:-1, max-image-preview:large, max-video-preview:-1\" \/>\n<link rel=\"canonical\" href=\"https:\/\/accidentvalues.com\/es\/calculator\/\" \/>\n<meta property=\"og:locale\" content=\"en_US\" \/>\n<meta property=\"og:type\" content=\"article\" \/>\n<meta property=\"og:title\" content=\"Calculadora de Reclamo de Accidente de Auto - AccidentValues.com Espa\u00f1ol\" \/>\n<meta property=\"og:description\" content=\"Usted esta a solo pasos de tener un estimado gratis en su reclamo de accidente. Su estimado ser\u00e1 inmediato despu\u00e9s de estos cortos documentos.\" \/>\n<meta property=\"og:url\" content=\"https:\/\/accidentvalues.com\/es\/calculator\/\" \/>\n<meta property=\"og:site_name\" content=\"AccidentValues.com Espa\u00f1ol\" \/>\n<meta property=\"article:modified_time\" content=\"2019-12-03T16:52:54+00:00\" \/>\n<meta name=\"twitter:card\" content=\"summary_large_image\" \/>\n<script type=\"application\/ld+json\" class=\"yoast-schema-graph\">{\"@context\":\"https:\\\/\\\/schema.org\",\"@graph\":[{\"@type\":\"WebPage\",\"@id\":\"https:\\\/\\\/accidentvalues.com\\\/es\\\/calculator\\\/\",\"url\":\"https:\\\/\\\/accidentvalues.com\\\/es\\\/calculator\\\/\",\"name\":\"Calculadora de Reclamo de Accidente de Auto - AccidentValues.com Espa\u00f1ol\",\"isPartOf\":{\"@id\":\"https:\\\/\\\/accidentvalues.com\\\/es\\\/#website\"},\"datePublished\":\"2013-06-06T17:53:21+00:00\",\"dateModified\":\"2019-12-03T16:52:54+00:00\",\"breadcrumb\":{\"@id\":\"https:\\\/\\\/accidentvalues.com\\\/es\\\/calculator\\\/#breadcrumb\"},\"inLanguage\":\"en-US\",\"potentialAction\":[{\"@type\":\"ReadAction\",\"target\":[\"https:\\\/\\\/accidentvalues.com\\\/es\\\/calculator\\\/\"]}]},{\"@type\":\"BreadcrumbList\",\"@id\":\"https:\\\/\\\/accidentvalues.com\\\/es\\\/calculator\\\/#breadcrumb\",\"itemListElement\":[{\"@type\":\"ListItem\",\"position\":1,\"name\":\"Home\",\"item\":\"https:\\\/\\\/accidentvalues.com\\\/es\\\/\"},{\"@type\":\"ListItem\",\"position\":2,\"name\":\"Calculadora de Reclamo de Accidente de Auto\"}]},{\"@type\":\"WebSite\",\"@id\":\"https:\\\/\\\/accidentvalues.com\\\/es\\\/#website\",\"url\":\"https:\\\/\\\/accidentvalues.com\\\/es\\\/\",\"name\":\"AccidentValues.com Espa\u00f1ol\",\"description\":\"Calculate the Value of a Car or Truck Accident Claim\",\"potentialAction\":[{\"@type\":\"SearchAction\",\"target\":{\"@type\":\"EntryPoint\",\"urlTemplate\":\"https:\\\/\\\/accidentvalues.com\\\/es\\\/?s={search_term_string}\"},\"query-input\":{\"@type\":\"PropertyValueSpecification\",\"valueRequired\":true,\"valueName\":\"search_term_string\"}}],\"inLanguage\":\"en-US\"}]}<\/script>\n<!-- \/ Yoast SEO plugin. -->","yoast_head_json":{"title":"Calculadora de Reclamo de Accidente de Auto - AccidentValues.com Espa\u00f1ol","robots":{"index":"index","follow":"follow","max-snippet":"max-snippet:-1","max-image-preview":"max-image-preview:large","max-video-preview":"max-video-preview:-1"},"canonical":"https:\/\/accidentvalues.com\/es\/calculator\/","og_locale":"en_US","og_type":"article","og_title":"Calculadora de Reclamo de Accidente de Auto - AccidentValues.com Espa\u00f1ol","og_description":"Usted esta a solo pasos de tener un estimado gratis en su reclamo de accidente. Su estimado ser\u00e1 inmediato despu\u00e9s de estos cortos documentos.","og_url":"https:\/\/accidentvalues.com\/es\/calculator\/","og_site_name":"AccidentValues.com Espa\u00f1ol","article_modified_time":"2019-12-03T16:52:54+00:00","twitter_card":"summary_large_image","schema":{"@context":"https:\/\/schema.org","@graph":[{"@type":"WebPage","@id":"https:\/\/accidentvalues.com\/es\/calculator\/","url":"https:\/\/accidentvalues.com\/es\/calculator\/","name":"Calculadora de Reclamo de Accidente de Auto - AccidentValues.com Espa\u00f1ol","isPartOf":{"@id":"https:\/\/accidentvalues.com\/es\/#website"},"datePublished":"2013-06-06T17:53:21+00:00","dateModified":"2019-12-03T16:52:54+00:00","breadcrumb":{"@id":"https:\/\/accidentvalues.com\/es\/calculator\/#breadcrumb"},"inLanguage":"en-US","potentialAction":[{"@type":"ReadAction","target":["https:\/\/accidentvalues.com\/es\/calculator\/"]}]},{"@type":"BreadcrumbList","@id":"https:\/\/accidentvalues.com\/es\/calculator\/#breadcrumb","itemListElement":[{"@type":"ListItem","position":1,"name":"Home","item":"https:\/\/accidentvalues.com\/es\/"},{"@type":"ListItem","position":2,"name":"Calculadora de Reclamo de Accidente de Auto"}]},{"@type":"WebSite","@id":"https:\/\/accidentvalues.com\/es\/#website","url":"https:\/\/accidentvalues.com\/es\/","name":"AccidentValues.com Espa\u00f1ol","description":"Calculate the Value of a Car or Truck Accident Claim","potentialAction":[{"@type":"SearchAction","target":{"@type":"EntryPoint","urlTemplate":"https:\/\/accidentvalues.com\/es\/?s={search_term_string}"},"query-input":{"@type":"PropertyValueSpecification","valueRequired":true,"valueName":"search_term_string"}}],"inLanguage":"en-US"}]}},"_links":{"self":[{"href":"https:\/\/accidentvalues.com\/es\/wp-json\/wp\/v2\/pages\/83","targetHints":{"allow":["GET"]}}],"collection":[{"href":"https:\/\/accidentvalues.com\/es\/wp-json\/wp\/v2\/pages"}],"about":[{"href":"https:\/\/accidentvalues.com\/es\/wp-json\/wp\/v2\/types\/page"}],"author":[{"embeddable":true,"href":"https:\/\/accidentvalues.com\/es\/wp-json\/wp\/v2\/users\/3"}],"replies":[{"embeddable":true,"href":"https:\/\/accidentvalues.com\/es\/wp-json\/wp\/v2\/comments?post=83"}],"version-history":[{"count":9,"href":"https:\/\/accidentvalues.com\/es\/wp-json\/wp\/v2\/pages\/83\/revisions"}],"predecessor-version":[{"id":649,"href":"https:\/\/accidentvalues.com\/es\/wp-json\/wp\/v2\/pages\/83\/revisions\/649"}],"wp:attachment":[{"href":"https:\/\/accidentvalues.com\/es\/wp-json\/wp\/v2\/media?parent=83"}],"curies":[{"name":"wp","href":"https:\/\/api.w.org\/{rel}","templated":true}]}}