{"id":86,"date":"2013-06-06T17:54:14","date_gmt":"2013-06-06T17:54:14","guid":{"rendered":"http:\/\/accidentvalues.com\/?page_id=86"},"modified":"2019-12-03T11:48:22","modified_gmt":"2019-12-03T16:48:22","slug":"faqs","status":"publish","type":"page","link":"https:\/\/accidentvalues.com\/es\/faqs\/","title":{"rendered":"Preguntas Frecuentes"},"content":{"rendered":"<section id=\"szbl-questions-custom-list\">\n\t<article class=\"szbl-question\">\n\n\t\t<h3>\n\t\t\t<a href=\"https:\/\/accidentvalues.com\/es\/questions\/do-i-have-to-speak-with-the-insurance-adjuster\/\" class=\"szbl-question-permalink\">\n\t\t\t\tPregunta Frecuente: \u00bfTendr\u00eda yo que hablar con un ajustador de una compa\u00f1\u00eda de seguro?\t\t\t<\/a>\n\t\t<\/h3>\n\t\t<p>Usted no tiene que hablar con un ajustador de una compa\u00f1\u00eda de seguro. Es el trabajo del ajustador resolver el reclamo. Como sea, es tambi\u00e9n trabajo del ajustador no pagar demasiado por su reclamo. La compa\u00f1\u00eda de seguro se beneficia por maximizar las cuotas que ellos toman y minimizar la cantidad que ellos pagan. Es [&hellip;] <a href=\"https:\/\/accidentvalues.com\/es\/questions\/do-i-have-to-speak-with-the-insurance-adjuster\/\">Read More...<\/a><\/p>\n\n\t<\/article>\n\n\t<article class=\"szbl-question\">\n\n\t\t<h3>\n\t\t\t<a href=\"https:\/\/accidentvalues.com\/es\/questions\/affects-value-case\/\" class=\"szbl-question-permalink\">\n\t\t\t\tPregunta Frecuente: \u00bfQue afectara el favor de mi caso?\t\t\t<\/a>\n\t\t<\/h3>\n\t\t<p>Sabiendo el valor estimado de su accidente es muy importante cuando de trata de llegar aun acuerdo o tratar su reclamo. Claro, hay pl\u00e9tora de variable que pueden determinar el valor de un reclamo; como sea, hay 5 factores principales para considerar cuando se trata de decidir si es m\u00e1s inteligente llegara un acuerdo o [&hellip;] <a href=\"https:\/\/accidentvalues.com\/es\/questions\/affects-value-case\/\">Read More...<\/a><\/p>\n\n\t<\/article>\n\n\t<article class=\"szbl-question\">\n\n\t\t<h3>\n\t\t\t<a href=\"https:\/\/accidentvalues.com\/es\/questions\/colossus\/\" class=\"szbl-question-permalink\">\n\t\t\t\tPregunta Frecuente: \u00bfQue es Colossus?\t\t\t<\/a>\n\t\t<\/h3>\n\t\t<p>Colossus es un programa de computadora que unas de las mas grandes que las compa\u00f1\u00edas de seguro est\u00e1n usando para estimar reclamos de lesi\u00f3n personal de accidentes de auto. Aunque estos reclamos de compa\u00f1\u00eda de seguro que usan este programa solo como una herramienta de evaluaci\u00f3n inicial, Colossus se ha utilizado para bajar el reclamo [&hellip;] <a href=\"https:\/\/accidentvalues.com\/es\/questions\/colossus\/\">Read More...<\/a><\/p>\n\n\t<\/article>\n\n\n<\/section>\n\n\n","protected":false},"excerpt":{"rendered":"","protected":false},"author":3,"featured_media":0,"parent":0,"menu_order":0,"comment_status":"closed","ping_status":"open","template":"","meta":{"footnotes":""},"class_list":["post-86","page","type-page","status-publish","hentry"],"yoast_head":"<!-- This site is optimized with the Yoast SEO plugin v27.3 - https:\/\/yoast.com\/product\/yoast-seo-wordpress\/ -->\n<title>Preguntas Frecuentes - AccidentValues.com Espa\u00f1ol<\/title>\n<meta name=\"robots\" content=\"index, follow, max-snippet:-1, max-image-preview:large, max-video-preview:-1\" \/>\n<link rel=\"canonical\" href=\"https:\/\/accidentvalues.com\/es\/faqs\/\" \/>\n<meta property=\"og:locale\" content=\"en_US\" \/>\n<meta property=\"og:type\" content=\"article\" \/>\n<meta property=\"og:title\" content=\"Preguntas Frecuentes - AccidentValues.com Espa\u00f1ol\" \/>\n<meta property=\"og:url\" content=\"https:\/\/accidentvalues.com\/es\/faqs\/\" \/>\n<meta property=\"og:site_name\" content=\"AccidentValues.com Espa\u00f1ol\" \/>\n<meta property=\"article:modified_time\" content=\"2019-12-03T16:48:22+00:00\" \/>\n<meta name=\"twitter:card\" content=\"summary_large_image\" \/>\n<script type=\"application\/ld+json\" class=\"yoast-schema-graph\">{\"@context\":\"https:\\\/\\\/schema.org\",\"@graph\":[{\"@type\":\"WebPage\",\"@id\":\"https:\\\/\\\/accidentvalues.com\\\/es\\\/faqs\\\/\",\"url\":\"https:\\\/\\\/accidentvalues.com\\\/es\\\/faqs\\\/\",\"name\":\"Preguntas Frecuentes - AccidentValues.com Espa\u00f1ol\",\"isPartOf\":{\"@id\":\"https:\\\/\\\/accidentvalues.com\\\/es\\\/#website\"},\"datePublished\":\"2013-06-06T17:54:14+00:00\",\"dateModified\":\"2019-12-03T16:48:22+00:00\",\"breadcrumb\":{\"@id\":\"https:\\\/\\\/accidentvalues.com\\\/es\\\/faqs\\\/#breadcrumb\"},\"inLanguage\":\"en-US\",\"potentialAction\":[{\"@type\":\"ReadAction\",\"target\":[\"https:\\\/\\\/accidentvalues.com\\\/es\\\/faqs\\\/\"]}]},{\"@type\":\"BreadcrumbList\",\"@id\":\"https:\\\/\\\/accidentvalues.com\\\/es\\\/faqs\\\/#breadcrumb\",\"itemListElement\":[{\"@type\":\"ListItem\",\"position\":1,\"name\":\"Home\",\"item\":\"https:\\\/\\\/accidentvalues.com\\\/es\\\/\"},{\"@type\":\"ListItem\",\"position\":2,\"name\":\"Preguntas Frecuentes\"}]},{\"@type\":\"WebSite\",\"@id\":\"https:\\\/\\\/accidentvalues.com\\\/es\\\/#website\",\"url\":\"https:\\\/\\\/accidentvalues.com\\\/es\\\/\",\"name\":\"AccidentValues.com Espa\u00f1ol\",\"description\":\"Calculate the Value of a Car or Truck Accident Claim\",\"potentialAction\":[{\"@type\":\"SearchAction\",\"target\":{\"@type\":\"EntryPoint\",\"urlTemplate\":\"https:\\\/\\\/accidentvalues.com\\\/es\\\/?s={search_term_string}\"},\"query-input\":{\"@type\":\"PropertyValueSpecification\",\"valueRequired\":true,\"valueName\":\"search_term_string\"}}],\"inLanguage\":\"en-US\"}]}<\/script>\n<!-- \/ Yoast SEO plugin. -->","yoast_head_json":{"title":"Preguntas Frecuentes - AccidentValues.com Espa\u00f1ol","robots":{"index":"index","follow":"follow","max-snippet":"max-snippet:-1","max-image-preview":"max-image-preview:large","max-video-preview":"max-video-preview:-1"},"canonical":"https:\/\/accidentvalues.com\/es\/faqs\/","og_locale":"en_US","og_type":"article","og_title":"Preguntas Frecuentes - AccidentValues.com Espa\u00f1ol","og_url":"https:\/\/accidentvalues.com\/es\/faqs\/","og_site_name":"AccidentValues.com Espa\u00f1ol","article_modified_time":"2019-12-03T16:48:22+00:00","twitter_card":"summary_large_image","schema":{"@context":"https:\/\/schema.org","@graph":[{"@type":"WebPage","@id":"https:\/\/accidentvalues.com\/es\/faqs\/","url":"https:\/\/accidentvalues.com\/es\/faqs\/","name":"Preguntas Frecuentes - AccidentValues.com Espa\u00f1ol","isPartOf":{"@id":"https:\/\/accidentvalues.com\/es\/#website"},"datePublished":"2013-06-06T17:54:14+00:00","dateModified":"2019-12-03T16:48:22+00:00","breadcrumb":{"@id":"https:\/\/accidentvalues.com\/es\/faqs\/#breadcrumb"},"inLanguage":"en-US","potentialAction":[{"@type":"ReadAction","target":["https:\/\/accidentvalues.com\/es\/faqs\/"]}]},{"@type":"BreadcrumbList","@id":"https:\/\/accidentvalues.com\/es\/faqs\/#breadcrumb","itemListElement":[{"@type":"ListItem","position":1,"name":"Home","item":"https:\/\/accidentvalues.com\/es\/"},{"@type":"ListItem","position":2,"name":"Preguntas Frecuentes"}]},{"@type":"WebSite","@id":"https:\/\/accidentvalues.com\/es\/#website","url":"https:\/\/accidentvalues.com\/es\/","name":"AccidentValues.com Espa\u00f1ol","description":"Calculate the Value of a Car or Truck Accident Claim","potentialAction":[{"@type":"SearchAction","target":{"@type":"EntryPoint","urlTemplate":"https:\/\/accidentvalues.com\/es\/?s={search_term_string}"},"query-input":{"@type":"PropertyValueSpecification","valueRequired":true,"valueName":"search_term_string"}}],"inLanguage":"en-US"}]}},"_links":{"self":[{"href":"https:\/\/accidentvalues.com\/es\/wp-json\/wp\/v2\/pages\/86","targetHints":{"allow":["GET"]}}],"collection":[{"href":"https:\/\/accidentvalues.com\/es\/wp-json\/wp\/v2\/pages"}],"about":[{"href":"https:\/\/accidentvalues.com\/es\/wp-json\/wp\/v2\/types\/page"}],"author":[{"embeddable":true,"href":"https:\/\/accidentvalues.com\/es\/wp-json\/wp\/v2\/users\/3"}],"replies":[{"embeddable":true,"href":"https:\/\/accidentvalues.com\/es\/wp-json\/wp\/v2\/comments?post=86"}],"version-history":[{"count":5,"href":"https:\/\/accidentvalues.com\/es\/wp-json\/wp\/v2\/pages\/86\/revisions"}],"predecessor-version":[{"id":653,"href":"https:\/\/accidentvalues.com\/es\/wp-json\/wp\/v2\/pages\/86\/revisions\/653"}],"wp:attachment":[{"href":"https:\/\/accidentvalues.com\/es\/wp-json\/wp\/v2\/media?parent=86"}],"curies":[{"name":"wp","href":"https:\/\/api.w.org\/{rel}","templated":true}]}}